{"id":108,"date":"2023-04-20T14:45:09","date_gmt":"2023-04-20T12:45:09","guid":{"rendered":"https:\/\/multi-mam.com\/es\/?page_id=108"},"modified":"2025-04-28T14:48:16","modified_gmt":"2025-04-28T12:48:16","slug":"signos-de-los-primeros-dientes","status":"publish","type":"page","link":"https:\/\/multi-mam.com\/es\/articulos\/denticion\/signos-de-los-primeros-dientes\/","title":{"rendered":"Signos de los primeros dientes"},"content":{"rendered":"\n<div class=\"wp-block-karopharma-free-text pt-large pb-large bg-center bg-cover bg-no-repeat  is-style-primary\" style=\"background-image:url()\"><div class=\"free-text-wrapper container max-w-medium text-left\">\n<h1 class=\"wp-block-heading\">Signos de los primeros dientes<\/h1>\n\n\n\n<p class=\"is-style-paragraph-preamble\">La aparici\u00f3n de los primeros dientes puede ser un periodo muy estresante tanto para el ni\u00f1o como para los padres. Los primeros signos de la dentici\u00f3n aparecen normalmente sobre los 6 meses, pero a veces pueden aparecer antes. El proceso de dentici\u00f3n normalmente finaliza a los 3 a\u00f1os, cuando se han desarrollado todos los dientes de leche. Pero sobre los 6 a\u00f1os todo el proceso empieza de nuevo, esta vez con los dientes permanentes que reemplazan los de leche.<\/p>\n<\/div><\/div>\n\n\n\n<div class=\"wp-block-karopharma-free-text pt-large pb-large bg-center bg-cover bg-no-repeat\" style=\"background-image:url()\"><div class=\"free-text-wrapper container max-w-medium text-left\">\n<p>El proceso de dentici\u00f3n suele venir acompa\u00f1ado de una amplia variedad de s\u00edntomas que se inicial unos cuatro d\u00edas antes de que aparezca el diente y duran otros tres d\u00edas m\u00e1s. Los dientes normalmente crecen en parejas, y en la mayor\u00eda de ni\u00f1os los primeros dientes que aparecen son los incisivos centrales inferiores, o los dos dientes frontales inferiores. El espacio de tiempo entre la aparici\u00f3n de los dientes depende de cada indiviuo y difiere de un ni\u00f1o a otro. Sin embargo, hay un calendario general que le puede ayudar a saber qu\u00e9 esperar en lo relacionado con el proceso de dentici\u00f3n.<\/p>\n\n\n\n<h2 class=\"is-style-heading-h2 wp-block-heading\">S\u00edntomas de dentici\u00f3n<\/h2>\n\n\n\n<p>Los s\u00edntomas de la dentici\u00f3n var\u00edan mucho entre ni\u00f1os, mientas que para algunos puede ser s\u00f3lo un proceso ligeramente molesto que dura un par de d\u00edas, para otros puede ser muy molesto y durar m\u00e1s tiempo.<\/p>\n\n\n\n<p><strong>Los s\u00edntomas y signos comunes incluyen:<\/strong><\/p>\n\n\n\n<ul class=\"is-style-default wp-block-list\"><li>Enc\u00edas rojas y hinchadas.<\/li><li>Babeo (m\u00e1s de lo habitual).<\/li><li>Frotarse las enc\u00edas.<\/li><li>Morder, masticar o chupar cualquier cosa que puedan alcanzar; juguetes, dedos, art\u00edculos para el hogar, etc.<\/li><li>Enrojecimiento de la cara y las mejillas, a veces incluso mejillas calientes.<\/li><li>Frotarse la oreja del lado en el que se espera que salga el diente.<\/li><li>Apetito reducido, especialmente para alimentos s\u00f3lidos, ya que masticar es inc\u00f3modo.<\/li><li>Problemas para dormir y despertarse m\u00e1s durante la noche. Algunos padres afirman que los s\u00edntomas empeoran durante la noche. La raz\u00f3n es probablemente que el ni\u00f1o est\u00e1 so\u00f1oliento y cansado, por lo tanto m\u00e1s nervioso, por lo que todo se intensifica m\u00e1s de lo que ser\u00eda durante el d\u00eda.<\/li><li>Irritabilidad.<\/li><li>Llorar m\u00e1s de lo habitual.<\/li><li>Reflejo de la tos, la baba excesiva puede hacer que su hijo tosa. A menos que su hijo tenga otros problemas, como un resfriado o alergias, esto no debe causar problemas con la respiraci\u00f3n.<\/li><\/ul>\n\n\n\n<h2 class=\"is-style-heading-h2 wp-block-heading\">Qu\u00e9 puede hacer para ayudar a su beb\u00e9<\/h2>\n\n\n\n<p>Sabemos que es dif\u00edcil escuchar a su beb\u00e9 llorar inconsolablemente, mientras siente que no hay nada que puede hacer. Un poco de cari\u00f1o y atenci\u00f3n ayudar\u00e1, por lo que no dude en dar a su beb\u00e9 muchas caricias.<\/p>\n\n\n\n<p>Hay algunas acciones adicionales que puede poner en pr\u00e1ctica para hacer que el proceso de dentici\u00f3n sea m\u00e1s f\u00e1cil. Conozca m\u00e1s acerca de algunos remedios que pueden ayudar a reducir los s\u00edntomas, como geles fr\u00edos para enc\u00edas con dolor. Adem\u00e1s, ofrezca a su hijo numerosos juguetes seguros que pueda morder y utilizar para masajear sus enc\u00edas.<\/p>\n\n\n\n<p>El babeo excesivo puede ocasionar dolor e irritaci\u00f3n en la barbilla de su ni\u00f1o, limpie la barbilla con una toalla suave tan a menudo como sea posible. Tambi\u00e9n puede proteger la piel de la barbilla con una crema oleosa (la crema para los pezones puede servir).<\/p>\n\n\n\n<h2 class=\"is-style-heading-h2 wp-block-heading\">Una nota importante<\/h2>\n\n\n\n<p>Algunos expertos relacionan la diarrea y fiebre con s\u00edntomas de la dentici\u00f3n, sin embargo, tenga en cuenta que cualquier fiebre mayor de 102\u00baF o 38.9\u00baC no deber\u00eda ser considerada un signo del proceso de dentici\u00f3n, sino una causa para consultar con su m\u00e9dico. Una diarrea leve puede estar causada por el excesivo babeo que su hijo produce durante la dentici\u00f3n, sin embargo, una diarrea grave no es normal. Si nota alguno de estos dos s\u00edntomas, consulte con su m\u00e9dico para determinar la causa real de estos problemas.<\/p>\n<\/div><\/div>\n","protected":false},"excerpt":{"rendered":"","protected":false},"author":2,"featured_media":0,"parent":68,"menu_order":10,"comment_status":"closed","ping_status":"closed","template":"","meta":{"_acf_changed":false,"footnotes":""},"from-article-database":[],"class_list":["post-108","page","type-page","status-publish","hentry"],"acf":[],"yoast_head":"<!-- This site is optimized with the Yoast SEO plugin v26.6 - https:\/\/yoast.com\/wordpress\/plugins\/seo\/ -->\n<title>Signos de los primeros dientes - Multi-Mam<\/title>\n<meta name=\"description\" content=\"Sobre los 6 a\u00f1os todo el proceso empieza de nuevo, esta vez con los dientes permanentes que reemplazan los de leche.\" \/>\n<meta name=\"robots\" content=\"index, follow, max-snippet:-1, max-image-preview:large, max-video-preview:-1\" \/>\n<link rel=\"canonical\" href=\"https:\/\/multi-mam.com\/es\/articulos\/denticion\/signos-de-los-primeros-dientes\/\" \/>\n<meta property=\"og:locale\" content=\"es_ES\" \/>\n<meta property=\"og:type\" content=\"article\" \/>\n<meta property=\"og:title\" content=\"Signos de los primeros dientes - Multi-Mam\" \/>\n<meta property=\"og:description\" content=\"Sobre los 6 a\u00f1os todo el proceso empieza de nuevo, esta vez con los dientes permanentes que reemplazan los de leche.\" \/>\n<meta property=\"og:url\" content=\"https:\/\/multi-mam.com\/es\/articulos\/denticion\/signos-de-los-primeros-dientes\/\" \/>\n<meta property=\"og:site_name\" content=\"Multi-Mam\" \/>\n<meta property=\"article:modified_time\" content=\"2025-04-28T12:48:16+00:00\" \/>\n<meta name=\"twitter:card\" content=\"summary_large_image\" \/>\n<meta name=\"twitter:label1\" content=\"Tiempo de lectura\" \/>\n\t<meta name=\"twitter:data1\" content=\"3 minutos\" \/>\n<script type=\"application\/ld+json\" class=\"yoast-schema-graph\">{\"@context\":\"https:\/\/schema.org\",\"@graph\":[{\"@type\":\"WebPage\",\"@id\":\"https:\/\/multi-mam.com\/es\/articulos\/denticion\/signos-de-los-primeros-dientes\/\",\"url\":\"https:\/\/multi-mam.com\/es\/articulos\/denticion\/signos-de-los-primeros-dientes\/\",\"name\":\"Signos de los primeros dientes - Multi-Mam\",\"isPartOf\":{\"@id\":\"https:\/\/multi-mam.com\/es\/#website\"},\"datePublished\":\"2023-04-20T12:45:09+00:00\",\"dateModified\":\"2025-04-28T12:48:16+00:00\",\"description\":\"Sobre los 6 a\u00f1os todo el proceso empieza de nuevo, esta vez con los dientes permanentes que reemplazan los de leche.\",\"breadcrumb\":{\"@id\":\"https:\/\/multi-mam.com\/es\/articulos\/denticion\/signos-de-los-primeros-dientes\/#breadcrumb\"},\"inLanguage\":\"es\",\"potentialAction\":[{\"@type\":\"ReadAction\",\"target\":[\"https:\/\/multi-mam.com\/es\/articulos\/denticion\/signos-de-los-primeros-dientes\/\"]}]},{\"@type\":\"BreadcrumbList\",\"@id\":\"https:\/\/multi-mam.com\/es\/articulos\/denticion\/signos-de-los-primeros-dientes\/#breadcrumb\",\"itemListElement\":[{\"@type\":\"ListItem\",\"position\":1,\"name\":\"Home\",\"item\":\"https:\/\/multi-mam.com\/es\/\"},{\"@type\":\"ListItem\",\"position\":2,\"name\":\"Art\u00edculos\",\"item\":\"https:\/\/multi-mam.com\/es\/articulos\/\"},{\"@type\":\"ListItem\",\"position\":3,\"name\":\"Dentici\u00f3n\",\"item\":\"https:\/\/multi-mam.com\/es\/articulos\/denticion\/\"},{\"@type\":\"ListItem\",\"position\":4,\"name\":\"Signos de los primeros dientes\"}]},{\"@type\":\"WebSite\",\"@id\":\"https:\/\/multi-mam.com\/es\/#website\",\"url\":\"https:\/\/multi-mam.com\/es\/\",\"name\":\"Multi-Mam\",\"description\":\"\",\"publisher\":{\"@id\":\"https:\/\/multi-mam.com\/es\/#organization\"},\"potentialAction\":[{\"@type\":\"SearchAction\",\"target\":{\"@type\":\"EntryPoint\",\"urlTemplate\":\"https:\/\/multi-mam.com\/es\/?s={search_term_string}\"},\"query-input\":{\"@type\":\"PropertyValueSpecification\",\"valueRequired\":true,\"valueName\":\"search_term_string\"}}],\"inLanguage\":\"es\"},{\"@type\":\"Organization\",\"@id\":\"https:\/\/multi-mam.com\/es\/#organization\",\"name\":\"Multi-Mam\",\"url\":\"https:\/\/multi-mam.com\/es\/\",\"logo\":{\"@type\":\"ImageObject\",\"inLanguage\":\"es\",\"@id\":\"https:\/\/multi-mam.com\/es\/#\/schema\/logo\/image\/\",\"url\":\"https:\/\/multi-mam.com\/app\/uploads\/sites\/27\/2023\/04\/multi-mam-logotype.png\",\"contentUrl\":\"https:\/\/multi-mam.com\/app\/uploads\/sites\/27\/2023\/04\/multi-mam-logotype.png\",\"width\":70,\"height\":96,\"caption\":\"Multi-Mam\"},\"image\":{\"@id\":\"https:\/\/multi-mam.com\/es\/#\/schema\/logo\/image\/\"}}]}<\/script>\n<!-- \/ Yoast SEO plugin. -->","yoast_head_json":{"title":"Signos de los primeros dientes - Multi-Mam","description":"Sobre los 6 a\u00f1os todo el proceso empieza de nuevo, esta vez con los dientes permanentes que reemplazan los de leche.","robots":{"index":"index","follow":"follow","max-snippet":"max-snippet:-1","max-image-preview":"max-image-preview:large","max-video-preview":"max-video-preview:-1"},"canonical":"https:\/\/multi-mam.com\/es\/articulos\/denticion\/signos-de-los-primeros-dientes\/","og_locale":"es_ES","og_type":"article","og_title":"Signos de los primeros dientes - Multi-Mam","og_description":"Sobre los 6 a\u00f1os todo el proceso empieza de nuevo, esta vez con los dientes permanentes que reemplazan los de leche.","og_url":"https:\/\/multi-mam.com\/es\/articulos\/denticion\/signos-de-los-primeros-dientes\/","og_site_name":"Multi-Mam","article_modified_time":"2025-04-28T12:48:16+00:00","twitter_card":"summary_large_image","twitter_misc":{"Tiempo de lectura":"3 minutos"},"schema":{"@context":"https:\/\/schema.org","@graph":[{"@type":"WebPage","@id":"https:\/\/multi-mam.com\/es\/articulos\/denticion\/signos-de-los-primeros-dientes\/","url":"https:\/\/multi-mam.com\/es\/articulos\/denticion\/signos-de-los-primeros-dientes\/","name":"Signos de los primeros dientes - Multi-Mam","isPartOf":{"@id":"https:\/\/multi-mam.com\/es\/#website"},"datePublished":"2023-04-20T12:45:09+00:00","dateModified":"2025-04-28T12:48:16+00:00","description":"Sobre los 6 a\u00f1os todo el proceso empieza de nuevo, esta vez con los dientes permanentes que reemplazan los de leche.","breadcrumb":{"@id":"https:\/\/multi-mam.com\/es\/articulos\/denticion\/signos-de-los-primeros-dientes\/#breadcrumb"},"inLanguage":"es","potentialAction":[{"@type":"ReadAction","target":["https:\/\/multi-mam.com\/es\/articulos\/denticion\/signos-de-los-primeros-dientes\/"]}]},{"@type":"BreadcrumbList","@id":"https:\/\/multi-mam.com\/es\/articulos\/denticion\/signos-de-los-primeros-dientes\/#breadcrumb","itemListElement":[{"@type":"ListItem","position":1,"name":"Home","item":"https:\/\/multi-mam.com\/es\/"},{"@type":"ListItem","position":2,"name":"Art\u00edculos","item":"https:\/\/multi-mam.com\/es\/articulos\/"},{"@type":"ListItem","position":3,"name":"Dentici\u00f3n","item":"https:\/\/multi-mam.com\/es\/articulos\/denticion\/"},{"@type":"ListItem","position":4,"name":"Signos de los primeros dientes"}]},{"@type":"WebSite","@id":"https:\/\/multi-mam.com\/es\/#website","url":"https:\/\/multi-mam.com\/es\/","name":"Multi-Mam","description":"","publisher":{"@id":"https:\/\/multi-mam.com\/es\/#organization"},"potentialAction":[{"@type":"SearchAction","target":{"@type":"EntryPoint","urlTemplate":"https:\/\/multi-mam.com\/es\/?s={search_term_string}"},"query-input":{"@type":"PropertyValueSpecification","valueRequired":true,"valueName":"search_term_string"}}],"inLanguage":"es"},{"@type":"Organization","@id":"https:\/\/multi-mam.com\/es\/#organization","name":"Multi-Mam","url":"https:\/\/multi-mam.com\/es\/","logo":{"@type":"ImageObject","inLanguage":"es","@id":"https:\/\/multi-mam.com\/es\/#\/schema\/logo\/image\/","url":"https:\/\/multi-mam.com\/app\/uploads\/sites\/27\/2023\/04\/multi-mam-logotype.png","contentUrl":"https:\/\/multi-mam.com\/app\/uploads\/sites\/27\/2023\/04\/multi-mam-logotype.png","width":70,"height":96,"caption":"Multi-Mam"},"image":{"@id":"https:\/\/multi-mam.com\/es\/#\/schema\/logo\/image\/"}}]}},"_links":{"self":[{"href":"https:\/\/multi-mam.com\/es\/wp-json\/wp\/v2\/pages\/108","targetHints":{"allow":["GET"]}}],"collection":[{"href":"https:\/\/multi-mam.com\/es\/wp-json\/wp\/v2\/pages"}],"about":[{"href":"https:\/\/multi-mam.com\/es\/wp-json\/wp\/v2\/types\/page"}],"author":[{"embeddable":true,"href":"https:\/\/multi-mam.com\/es\/wp-json\/wp\/v2\/users\/2"}],"replies":[{"embeddable":true,"href":"https:\/\/multi-mam.com\/es\/wp-json\/wp\/v2\/comments?post=108"}],"version-history":[{"count":3,"href":"https:\/\/multi-mam.com\/es\/wp-json\/wp\/v2\/pages\/108\/revisions"}],"predecessor-version":[{"id":274,"href":"https:\/\/multi-mam.com\/es\/wp-json\/wp\/v2\/pages\/108\/revisions\/274"}],"up":[{"embeddable":true,"href":"https:\/\/multi-mam.com\/es\/wp-json\/wp\/v2\/pages\/68"}],"wp:attachment":[{"href":"https:\/\/multi-mam.com\/es\/wp-json\/wp\/v2\/media?parent=108"}],"wp:term":[{"taxonomy":"from-article-database","embeddable":true,"href":"https:\/\/multi-mam.com\/es\/wp-json\/wp\/v2\/from-article-database?post=108"}],"curies":[{"name":"wp","href":"https:\/\/api.w.org\/{rel}","templated":true}]}}