{"id":106,"date":"2023-04-20T14:44:44","date_gmt":"2023-04-20T12:44:44","guid":{"rendered":"https:\/\/multi-mam.com\/es\/?page_id=106"},"modified":"2025-04-28T14:48:18","modified_gmt":"2025-04-28T12:48:18","slug":"problemas-en-la-denticion","status":"publish","type":"page","link":"https:\/\/multi-mam.com\/es\/articulos\/denticion\/problemas-en-la-denticion\/","title":{"rendered":"Problemas en la dentici\u00f3n"},"content":{"rendered":"\n<div class=\"wp-block-karopharma-free-text pt-large pb-large bg-center bg-cover bg-no-repeat  is-style-primary\" style=\"background-image:url()\"><div class=\"free-text-wrapper container max-w-medium text-left\">\n<h1 class=\"wp-block-heading\">Problemas en la dentici\u00f3n<\/h1>\n\n\n\n<p class=\"is-style-paragraph-preamble\">Cuando los dientes empiezan a crecer y salen a trav\u00e9s de las enc\u00edas, esto puede causar muchos problemas a ni\u00f1os y padres. El proceso de dentici\u00f3n sucede normalmente a los 6 meses, pero no ser\u00eda raro que el proceso empezar\u00e1 entre los 3 y 12 meses. Hasta los 3 a\u00f1os de edad, su beb\u00e9 tendr\u00e1 20 dientes de leche que ser\u00e1n reemplazados por los dientes permanentes entre los 6 y 21 a\u00f1os.<\/p>\n<\/div><\/div>\n\n\n\n<div class=\"wp-block-karopharma-free-text pt-large pb-large bg-center bg-cover bg-no-repeat\" style=\"background-image:url()\"><div class=\"free-text-wrapper container max-w-medium text-left\">\n<p>El proceso de dentici\u00f3n es individual y las molestias y su intensidad var\u00edan significativamente entre ni\u00f1os. Algunos beb\u00e9s muestran solo uno o dos signos, mientras que otros experimentan una gran cantidad de s\u00edntomas molestos. Sin embargo, casi todos los ni\u00f1os experimentan uno de los siguientes problemas cuando aparecen sus primeros dientes, y le ofrecemos algunas soluciones.<\/p>\n\n\n\n<h2 class=\"is-style-heading-h2 wp-block-heading\">Babear<\/h2>\n\n\n\n<p>La dentici\u00f3n causa con frecuencia un babeo excesivo que puede dar lugar a irritaci\u00f3n de la barbilla o mejillas. Limpie la baba con una toalla limpia y suave y aplique una crema protectora (si est\u00e1 dando el pecho, su crema para el pez\u00f3n puede ser una buena opci\u00f3n).<\/p>\n\n\n\n<h2 class=\"is-style-heading-h2 wp-block-heading\">Masticar constantemente todo lo que caiga en sus manos<\/h2>\n\n\n\n<p>Los ni\u00f1os hacen esto para aliviar la presi\u00f3n ocasionada por los dientes que empujan bajo las enc\u00edas. Notar\u00e1 que su hijo mastica la s\u00e1bana, ropa, juguetes, art\u00edculos del hogar, su propia mano, sus manos o cualquier cosa que tenga cerca.<\/p>\n\n\n\n<p>Puede darle a su hijo algun juguete limpio y fr\u00edo para que muerda, un objeto seguro que pueda masticar y le proporcione un sentimiento de frescor. Puede masajear las enc\u00edas de su hijo con sus dedos o frotarlas con una toalla h\u00fameda fr\u00eda. Tenga tambi\u00e9n en cuenta que algunos trucos antiguos que haya escuchado alguna vez pueden no ser una buena idea. Una zanahoria fr\u00eda puede ser un riesgo de asfixia para su beb\u00e9, mientras que las galletas de dentici\u00f3n que contienen az\u00facar pondr\u00e1 los dientes de su hijo en peligro de caries.<\/p>\n\n\n\n<p>Otra forma de aliviar el dolor en las enc\u00edas es usar geles de dentici\u00f3n, que pueden ofrecer un alivio calmante. Si mantiene estos geles en la nevera, proporcionar\u00e1n tambi\u00e9n un efecto de fr\u00edo. Otro truco es aplicar el gel de dentici\u00f3n a un juguete para morder, en zonas que est\u00e1n en contacto directo con las enc\u00edas.<\/p>\n\n\n\n<h2 class=\"is-style-heading-h2 wp-block-heading\">Tirarse de las orejas y frotarse las mejillas<\/h2>\n\n\n\n<p>Este es un signo de que su hijo experimenta dolor en las enc\u00edas. De nuevo, un juguete para morder, una toalla fr\u00eda y un gel de dentici\u00f3n pueden ayudar a aliviar la presi\u00f3n y reducir el dolor que su ni\u00f1o est\u00e1 experimentando. Si esto no ayuda, el uso de paracetamol para ni\u00f1os puede ofrecer el alivio deseado, especialmente por la noche, cuando los s\u00edntomas son m\u00e1s molestos.<\/p>\n\n\n\n<p>Tirarse de las orejas tambi\u00e9n puede ser un signo de infecci\u00f3n de o\u00eddo, compruebe eso primero.<\/p>\n\n\n\n<h2 class=\"is-style-heading-h2 wp-block-heading\">Mejillas rojas<\/h2>\n\n\n\n<p>Puede observar que la cara de su beb\u00e9 se est\u00e1 volviendo roja. Una mejilla roja es normalmente un signo de dentici\u00f3n, apareciendo en el lado de la cara d\u00f3nde se supone que sale el diente. Sin embargo, si las dos mejillas est\u00e1n rojas, puede ser un signo de fiebre, el cual no se relaciona con la dentici\u00f3n, y puede ser un s\u00edntoma de infecci\u00f3n. Compruebe la temperatura de su beb\u00e9, si es mayor de 102\u00baF o 38.9\u00baC, consulte con su m\u00e9dico.<\/p>\n\n\n\n<h2 class=\"is-style-heading-h2 wp-block-heading\">P\u00e9rdida del apetito<\/h2>\n\n\n\n<p>Su beb\u00e9 puede encontrar muy molesto masticar s\u00f3lidos. Comidas blandas y fr\u00edas le pueden ofrecer algo de alivio. Puede ofrecer a su hijo alimentos como compota de manzana, zumos, fruta triturada, pl\u00e1tanos fr\u00edos o yogur de frutas.<\/p>\n\n\n\n<h2 class=\"is-style-heading-h2 wp-block-heading\">Comportamiento nervioso<\/h2>\n\n\n\n<p>Aunque algunos beb\u00e9s pasan por la dentici\u00f3n sin mucho alboroto, para otros la dentici\u00f3n puede ser muy estresante debido a la incomodidad que sienten en su boca. Esto puede manifestarse como un comportamiento agitado, llorar a menudo sin raz\u00f3n aparente, tener problemas para dormir y estar inquieto. Adem\u00e1s de algunos remedios habituales que pueden ayudar con dolores de dentici\u00f3n, el amor y el apoyo de mam\u00e1 y pap\u00e1 puede ser uno de los factores m\u00e1s importantes para calmar a un beb\u00e9 inquieto. Durante este per\u00edodo, ofrecer a\u00fan m\u00e1s abrazos y besos de lo habitual, y su beb\u00e9 puede encontrar algo de comodidad y descanso en sus brazos.<\/p>\n\n\n\n<h2 class=\"is-style-heading-h2 wp-block-heading\">Sangrado de enc\u00edas<\/h2>\n\n\n\n<p>Aunque pueda asustar, no hay raz\u00f3n para preocuparse. A veces, cuando el diente sale, puede ocasionar una ligera ampolla llena de sangre o un hematoma, un \u00e1rea dura con una peque\u00f1a cantidad de sangre atrapada debajo de las enc\u00edas. No se sorprensa si la ampolla se rompe y nota una peque\u00f1a cantidad de sangre en la boca de su beb\u00e9. Puede pedir a su m\u00e9dico que la drene si le preocupa, pero normalmente la sangre que se ha formado desaparece cuando sale el diente.<\/p>\n<\/div><\/div>\n","protected":false},"excerpt":{"rendered":"","protected":false},"author":2,"featured_media":0,"parent":68,"menu_order":9,"comment_status":"closed","ping_status":"closed","template":"","meta":{"_acf_changed":false,"footnotes":""},"from-article-database":[],"class_list":["post-106","page","type-page","status-publish","hentry"],"acf":[],"yoast_head":"<!-- This site is optimized with the Yoast SEO plugin v26.6 - https:\/\/yoast.com\/wordpress\/plugins\/seo\/ -->\n<title>Problemas en la dentici\u00f3n - Multi-Mam<\/title>\n<meta name=\"description\" content=\"Cuando los dientes empiezan a crecer y salen a trav\u00e9s de las enc\u00edas, esto puede causar muchos problemas a ni\u00f1os y padres.\" \/>\n<meta name=\"robots\" content=\"index, follow, max-snippet:-1, max-image-preview:large, max-video-preview:-1\" \/>\n<link rel=\"canonical\" href=\"https:\/\/multi-mam.com\/es\/articulos\/denticion\/problemas-en-la-denticion\/\" \/>\n<meta property=\"og:locale\" content=\"es_ES\" \/>\n<meta property=\"og:type\" content=\"article\" \/>\n<meta property=\"og:title\" content=\"Problemas en la dentici\u00f3n - Multi-Mam\" \/>\n<meta property=\"og:description\" content=\"Cuando los dientes empiezan a crecer y salen a trav\u00e9s de las enc\u00edas, esto puede causar muchos problemas a ni\u00f1os y padres.\" \/>\n<meta property=\"og:url\" content=\"https:\/\/multi-mam.com\/es\/articulos\/denticion\/problemas-en-la-denticion\/\" \/>\n<meta property=\"og:site_name\" content=\"Multi-Mam\" \/>\n<meta property=\"article:modified_time\" content=\"2025-04-28T12:48:18+00:00\" \/>\n<meta name=\"twitter:card\" content=\"summary_large_image\" \/>\n<meta name=\"twitter:label1\" content=\"Tiempo de lectura\" \/>\n\t<meta name=\"twitter:data1\" content=\"4 minutos\" \/>\n<script type=\"application\/ld+json\" class=\"yoast-schema-graph\">{\"@context\":\"https:\/\/schema.org\",\"@graph\":[{\"@type\":\"WebPage\",\"@id\":\"https:\/\/multi-mam.com\/es\/articulos\/denticion\/problemas-en-la-denticion\/\",\"url\":\"https:\/\/multi-mam.com\/es\/articulos\/denticion\/problemas-en-la-denticion\/\",\"name\":\"Problemas en la dentici\u00f3n - Multi-Mam\",\"isPartOf\":{\"@id\":\"https:\/\/multi-mam.com\/es\/#website\"},\"datePublished\":\"2023-04-20T12:44:44+00:00\",\"dateModified\":\"2025-04-28T12:48:18+00:00\",\"description\":\"Cuando los dientes empiezan a crecer y salen a trav\u00e9s de las enc\u00edas, esto puede causar muchos problemas a ni\u00f1os y padres.\",\"breadcrumb\":{\"@id\":\"https:\/\/multi-mam.com\/es\/articulos\/denticion\/problemas-en-la-denticion\/#breadcrumb\"},\"inLanguage\":\"es\",\"potentialAction\":[{\"@type\":\"ReadAction\",\"target\":[\"https:\/\/multi-mam.com\/es\/articulos\/denticion\/problemas-en-la-denticion\/\"]}]},{\"@type\":\"BreadcrumbList\",\"@id\":\"https:\/\/multi-mam.com\/es\/articulos\/denticion\/problemas-en-la-denticion\/#breadcrumb\",\"itemListElement\":[{\"@type\":\"ListItem\",\"position\":1,\"name\":\"Home\",\"item\":\"https:\/\/multi-mam.com\/es\/\"},{\"@type\":\"ListItem\",\"position\":2,\"name\":\"Art\u00edculos\",\"item\":\"https:\/\/multi-mam.com\/es\/articulos\/\"},{\"@type\":\"ListItem\",\"position\":3,\"name\":\"Dentici\u00f3n\",\"item\":\"https:\/\/multi-mam.com\/es\/articulos\/denticion\/\"},{\"@type\":\"ListItem\",\"position\":4,\"name\":\"Problemas en la dentici\u00f3n\"}]},{\"@type\":\"WebSite\",\"@id\":\"https:\/\/multi-mam.com\/es\/#website\",\"url\":\"https:\/\/multi-mam.com\/es\/\",\"name\":\"Multi-Mam\",\"description\":\"\",\"publisher\":{\"@id\":\"https:\/\/multi-mam.com\/es\/#organization\"},\"potentialAction\":[{\"@type\":\"SearchAction\",\"target\":{\"@type\":\"EntryPoint\",\"urlTemplate\":\"https:\/\/multi-mam.com\/es\/?s={search_term_string}\"},\"query-input\":{\"@type\":\"PropertyValueSpecification\",\"valueRequired\":true,\"valueName\":\"search_term_string\"}}],\"inLanguage\":\"es\"},{\"@type\":\"Organization\",\"@id\":\"https:\/\/multi-mam.com\/es\/#organization\",\"name\":\"Multi-Mam\",\"url\":\"https:\/\/multi-mam.com\/es\/\",\"logo\":{\"@type\":\"ImageObject\",\"inLanguage\":\"es\",\"@id\":\"https:\/\/multi-mam.com\/es\/#\/schema\/logo\/image\/\",\"url\":\"https:\/\/multi-mam.com\/app\/uploads\/sites\/27\/2023\/04\/multi-mam-logotype.png\",\"contentUrl\":\"https:\/\/multi-mam.com\/app\/uploads\/sites\/27\/2023\/04\/multi-mam-logotype.png\",\"width\":70,\"height\":96,\"caption\":\"Multi-Mam\"},\"image\":{\"@id\":\"https:\/\/multi-mam.com\/es\/#\/schema\/logo\/image\/\"}}]}<\/script>\n<!-- \/ Yoast SEO plugin. -->","yoast_head_json":{"title":"Problemas en la dentici\u00f3n - Multi-Mam","description":"Cuando los dientes empiezan a crecer y salen a trav\u00e9s de las enc\u00edas, esto puede causar muchos problemas a ni\u00f1os y padres.","robots":{"index":"index","follow":"follow","max-snippet":"max-snippet:-1","max-image-preview":"max-image-preview:large","max-video-preview":"max-video-preview:-1"},"canonical":"https:\/\/multi-mam.com\/es\/articulos\/denticion\/problemas-en-la-denticion\/","og_locale":"es_ES","og_type":"article","og_title":"Problemas en la dentici\u00f3n - Multi-Mam","og_description":"Cuando los dientes empiezan a crecer y salen a trav\u00e9s de las enc\u00edas, esto puede causar muchos problemas a ni\u00f1os y padres.","og_url":"https:\/\/multi-mam.com\/es\/articulos\/denticion\/problemas-en-la-denticion\/","og_site_name":"Multi-Mam","article_modified_time":"2025-04-28T12:48:18+00:00","twitter_card":"summary_large_image","twitter_misc":{"Tiempo de lectura":"4 minutos"},"schema":{"@context":"https:\/\/schema.org","@graph":[{"@type":"WebPage","@id":"https:\/\/multi-mam.com\/es\/articulos\/denticion\/problemas-en-la-denticion\/","url":"https:\/\/multi-mam.com\/es\/articulos\/denticion\/problemas-en-la-denticion\/","name":"Problemas en la dentici\u00f3n - Multi-Mam","isPartOf":{"@id":"https:\/\/multi-mam.com\/es\/#website"},"datePublished":"2023-04-20T12:44:44+00:00","dateModified":"2025-04-28T12:48:18+00:00","description":"Cuando los dientes empiezan a crecer y salen a trav\u00e9s de las enc\u00edas, esto puede causar muchos problemas a ni\u00f1os y padres.","breadcrumb":{"@id":"https:\/\/multi-mam.com\/es\/articulos\/denticion\/problemas-en-la-denticion\/#breadcrumb"},"inLanguage":"es","potentialAction":[{"@type":"ReadAction","target":["https:\/\/multi-mam.com\/es\/articulos\/denticion\/problemas-en-la-denticion\/"]}]},{"@type":"BreadcrumbList","@id":"https:\/\/multi-mam.com\/es\/articulos\/denticion\/problemas-en-la-denticion\/#breadcrumb","itemListElement":[{"@type":"ListItem","position":1,"name":"Home","item":"https:\/\/multi-mam.com\/es\/"},{"@type":"ListItem","position":2,"name":"Art\u00edculos","item":"https:\/\/multi-mam.com\/es\/articulos\/"},{"@type":"ListItem","position":3,"name":"Dentici\u00f3n","item":"https:\/\/multi-mam.com\/es\/articulos\/denticion\/"},{"@type":"ListItem","position":4,"name":"Problemas en la dentici\u00f3n"}]},{"@type":"WebSite","@id":"https:\/\/multi-mam.com\/es\/#website","url":"https:\/\/multi-mam.com\/es\/","name":"Multi-Mam","description":"","publisher":{"@id":"https:\/\/multi-mam.com\/es\/#organization"},"potentialAction":[{"@type":"SearchAction","target":{"@type":"EntryPoint","urlTemplate":"https:\/\/multi-mam.com\/es\/?s={search_term_string}"},"query-input":{"@type":"PropertyValueSpecification","valueRequired":true,"valueName":"search_term_string"}}],"inLanguage":"es"},{"@type":"Organization","@id":"https:\/\/multi-mam.com\/es\/#organization","name":"Multi-Mam","url":"https:\/\/multi-mam.com\/es\/","logo":{"@type":"ImageObject","inLanguage":"es","@id":"https:\/\/multi-mam.com\/es\/#\/schema\/logo\/image\/","url":"https:\/\/multi-mam.com\/app\/uploads\/sites\/27\/2023\/04\/multi-mam-logotype.png","contentUrl":"https:\/\/multi-mam.com\/app\/uploads\/sites\/27\/2023\/04\/multi-mam-logotype.png","width":70,"height":96,"caption":"Multi-Mam"},"image":{"@id":"https:\/\/multi-mam.com\/es\/#\/schema\/logo\/image\/"}}]}},"_links":{"self":[{"href":"https:\/\/multi-mam.com\/es\/wp-json\/wp\/v2\/pages\/106","targetHints":{"allow":["GET"]}}],"collection":[{"href":"https:\/\/multi-mam.com\/es\/wp-json\/wp\/v2\/pages"}],"about":[{"href":"https:\/\/multi-mam.com\/es\/wp-json\/wp\/v2\/types\/page"}],"author":[{"embeddable":true,"href":"https:\/\/multi-mam.com\/es\/wp-json\/wp\/v2\/users\/2"}],"replies":[{"embeddable":true,"href":"https:\/\/multi-mam.com\/es\/wp-json\/wp\/v2\/comments?post=106"}],"version-history":[{"count":2,"href":"https:\/\/multi-mam.com\/es\/wp-json\/wp\/v2\/pages\/106\/revisions"}],"predecessor-version":[{"id":272,"href":"https:\/\/multi-mam.com\/es\/wp-json\/wp\/v2\/pages\/106\/revisions\/272"}],"up":[{"embeddable":true,"href":"https:\/\/multi-mam.com\/es\/wp-json\/wp\/v2\/pages\/68"}],"wp:attachment":[{"href":"https:\/\/multi-mam.com\/es\/wp-json\/wp\/v2\/media?parent=106"}],"wp:term":[{"taxonomy":"from-article-database","embeddable":true,"href":"https:\/\/multi-mam.com\/es\/wp-json\/wp\/v2\/from-article-database?post=106"}],"curies":[{"name":"wp","href":"https:\/\/api.w.org\/{rel}","templated":true}]}}