{"id":104,"date":"2023-04-20T14:44:24","date_gmt":"2023-04-20T12:44:24","guid":{"rendered":"https:\/\/multi-mam.com\/es\/?page_id=104"},"modified":"2025-04-28T14:48:20","modified_gmt":"2025-04-28T12:48:20","slug":"remedios-para-la-denticion","status":"publish","type":"page","link":"https:\/\/multi-mam.com\/es\/articulos\/denticion\/remedios-para-la-denticion\/","title":{"rendered":"Remedios para la dentici\u00f3n"},"content":{"rendered":"\n<div class=\"wp-block-karopharma-free-text pt-large pb-large bg-center bg-cover bg-no-repeat  is-style-primary\" style=\"background-image:url()\"><div class=\"free-text-wrapper container max-w-medium text-left\">\n<h1 class=\"wp-block-heading\">Remedios para la dentici\u00f3n<\/h1>\n\n\n\n<p class=\"is-style-paragraph-preamble\">Si a su beb\u00e9 le est\u00e1n apareciendo los primeros dientes, usted probablemente est\u00e9 familiarizado con el estr\u00e9s que esto provoca a toda la familia. Aunque el n\u00famero e intensidad de los s\u00edntomas depende de cada persona y difiere entre ni\u00f1osm la mayor\u00eda de los beb\u00e9s padecen al menos uno de estos signos de dentici\u00f3n habituales; babear, masticar, irritabilidad y nerviosismo, p\u00e9rdida de apetito, sue\u00f1o inquieto, frotarse las mejillas y orejas. Los s\u00edntomas empiezan unos cuatro d\u00edas antes de la erupci\u00f3n del diente y duran normalmente unos tres d\u00edas despu\u00e9s. Para ayudar a su hijo a pasar por el proceso de dentici\u00f3n con el m\u00ednimo dolor posible, hemos recopilado una lista de posibles remedios que puede intentar.<\/p>\n<\/div><\/div>\n\n\n\n<div class=\"wp-block-karopharma-free-text pt-large pb-large bg-center bg-cover bg-no-repeat\" style=\"background-image:url()\"><div class=\"free-text-wrapper container max-w-medium text-left\">\n<h2 class=\"is-style-heading-h2 wp-block-heading\">Suave masaje de las enc\u00edas<\/h2>\n\n\n\n<p>Aplicar una suave presi\u00f3n a las enc\u00edas de su beb\u00e9 le alivia los s\u00edntomas. Puede usar su propio dedo o una toallita h\u00fameda, por supuesto asegure que sea lo que sea que introduzca en la boca de su beb\u00e9 est\u00e9 limpio para evitar causar una infecci\u00f3n.<\/p>\n\n\n\n<h2 class=\"is-style-heading-h2 wp-block-heading\">Mordedores<\/h2>\n\n\n\n<p>Los mordedores son juguetes para masticar que distraer\u00e1n con \u00e9xito a su beb\u00e9 de masticar art\u00edculos del hogar, s\u00e1banas y mantas o sus joyas. Est\u00e1n dise\u00f1ados para ser seguros cuando se mastican, sin partes delicadas que puedan romperse y presentar un riesgo para su hijo. Sin embargo, si nota un da\u00f1o excesivo en el juguete despu\u00e9s de d\u00edas en los que su beb\u00e9 lo haya mordido, aseg\u00farese de reemplazarlo antes de que se convierta en un riesgo para la salud.<\/p>\n\n\n\n<p>Hay una gran variedad de mordedores en el mercado, goma, madera, dientes vibradores, juguetes de peluche, etc. Incluso puede encontrar \u00abjoyas mordedoras\u00bb, colgantes con un bonito dise\u00f1o que puede usar como parte de su propio estilo, mientras que al mismo tiempo son un juguete de morder seguro para su beb\u00e9.<\/p>\n\n\n\n<h2 class=\"is-style-heading-h2 wp-block-heading\">Sensaci\u00f3n de fr\u00edo<\/h2>\n\n\n\n<p>CEl fr\u00edo act\u00faa como analg\u00e9sico local, entumeciendo la zona y reduciendo la molestia. Por ello, una toalla mojada fr\u00eda o un mordedor que se haya enfriado pueden hacer maravillas a un beb\u00e9 que le salen los dientes. Aseg\u00farese que el art\u00edculo no est\u00e1 congelado, ya que el contacto directo con el hielo puede da\u00f1ar las enc\u00edas.<\/p>\n\n\n\n<p>Para un efecto muy calmante, sumerja la toalla limpia en una infusi\u00f3n de manzanilla y enfr\u00edelo luego en el frigor\u00edfico. La manzanilla es conocida por su efecto relajante en los ni\u00f1os por lo que ayudar\u00e1 a mantener a su beb\u00e9 tranquilo.<\/p>\n\n\n\n<p>Ya que muchos beb\u00e9s pierden el apetito debido al dolor que sienten al masticar s\u00f3lidos, un zumo de manzana fr\u00edo, yogur o fruta triturada pueden ser snacks sanos que le ofrecen cierto alivio a la vez.<\/p>\n\n\n\n<h2 class=\"is-style-heading-h2 wp-block-heading\">Proteger la piel de la irritaci\u00f3n<\/h2>\n\n\n\n<p>Un s\u00edntoma com\u00fan de la dentici\u00f3n es el excesivo babeo, que puede resultar en irritaci\u00f3n de la piel. Limpie la cara de su beb\u00e9 a menudo con una toalla suave (palmotee, no frote) y aplique una crema protectora en la zona de la barbilla.<\/p>\n\n\n\n<h2 class=\"is-style-heading-h2 wp-block-heading\">Geles de dentici\u00f3n<\/h2>\n\n\n\n<p>Los geles que est\u00e1n especialmente dise\u00f1ados para los primeros dientes del beb\u00e9 pueden ofrecer un efecto calmante. Hay muchas cosas a considerar cuando se elige un gel de dentici\u00f3n para asegurar que es completamente seguro para su hijo. No debe contener medicamentos anest\u00e9sicos, ya que pueden causar da\u00f1o si se ingieren al anestesiar la garganta e incrementar el riesgo de asfixia. El gel no debe contener azucar que aumenta el riesgo de caries, pero debe tener un sabor agradable.<\/p>\n\n\n\n<p>Puede aplicar el gel directamente en las enc\u00edas del ni\u00f1o con su dedo o puede extenderlo en un jueguete mordedor.<\/p>\n\n\n\n<h2 class=\"is-style-heading-h2 wp-block-heading\">Medicamentos<\/h2>\n\n\n\n<p>Si nada de lo que se ha mencionado ayuda, puede consultar con su m\u00e9dico sobre el analg\u00e9sico m\u00e1s adecuado para su ni\u00f1o, como puede ser el paracetamol.<\/p>\n<\/div><\/div>\n","protected":false},"excerpt":{"rendered":"","protected":false},"author":2,"featured_media":0,"parent":68,"menu_order":8,"comment_status":"closed","ping_status":"closed","template":"","meta":{"_acf_changed":false,"footnotes":""},"from-article-database":[],"class_list":["post-104","page","type-page","status-publish","hentry"],"acf":[],"yoast_head":"<!-- This site is optimized with the Yoast SEO plugin v26.6 - https:\/\/yoast.com\/wordpress\/plugins\/seo\/ -->\n<title>Remedios para la dentici\u00f3n - Multi-Mam<\/title>\n<meta name=\"description\" content=\"Para ayudar a su hijo a pasar por el proceso de dentici\u00f3n con el m\u00ednimo dolor posible, hemos recopilado una lista de posibles remedios que puede intentar.\" \/>\n<meta name=\"robots\" content=\"index, follow, max-snippet:-1, max-image-preview:large, max-video-preview:-1\" \/>\n<link rel=\"canonical\" href=\"https:\/\/multi-mam.com\/es\/articulos\/denticion\/remedios-para-la-denticion\/\" \/>\n<meta property=\"og:locale\" content=\"es_ES\" \/>\n<meta property=\"og:type\" content=\"article\" \/>\n<meta property=\"og:title\" content=\"Remedios para la dentici\u00f3n - Multi-Mam\" \/>\n<meta property=\"og:description\" content=\"Para ayudar a su hijo a pasar por el proceso de dentici\u00f3n con el m\u00ednimo dolor posible, hemos recopilado una lista de posibles remedios que puede intentar.\" \/>\n<meta property=\"og:url\" content=\"https:\/\/multi-mam.com\/es\/articulos\/denticion\/remedios-para-la-denticion\/\" \/>\n<meta property=\"og:site_name\" content=\"Multi-Mam\" \/>\n<meta property=\"article:modified_time\" content=\"2025-04-28T12:48:20+00:00\" \/>\n<meta name=\"twitter:card\" content=\"summary_large_image\" \/>\n<meta name=\"twitter:label1\" content=\"Tiempo de lectura\" \/>\n\t<meta name=\"twitter:data1\" content=\"3 minutos\" \/>\n<script type=\"application\/ld+json\" class=\"yoast-schema-graph\">{\"@context\":\"https:\/\/schema.org\",\"@graph\":[{\"@type\":\"WebPage\",\"@id\":\"https:\/\/multi-mam.com\/es\/articulos\/denticion\/remedios-para-la-denticion\/\",\"url\":\"https:\/\/multi-mam.com\/es\/articulos\/denticion\/remedios-para-la-denticion\/\",\"name\":\"Remedios para la dentici\u00f3n - Multi-Mam\",\"isPartOf\":{\"@id\":\"https:\/\/multi-mam.com\/es\/#website\"},\"datePublished\":\"2023-04-20T12:44:24+00:00\",\"dateModified\":\"2025-04-28T12:48:20+00:00\",\"description\":\"Para ayudar a su hijo a pasar por el proceso de dentici\u00f3n con el m\u00ednimo dolor posible, hemos recopilado una lista de posibles remedios que puede intentar.\",\"breadcrumb\":{\"@id\":\"https:\/\/multi-mam.com\/es\/articulos\/denticion\/remedios-para-la-denticion\/#breadcrumb\"},\"inLanguage\":\"es\",\"potentialAction\":[{\"@type\":\"ReadAction\",\"target\":[\"https:\/\/multi-mam.com\/es\/articulos\/denticion\/remedios-para-la-denticion\/\"]}]},{\"@type\":\"BreadcrumbList\",\"@id\":\"https:\/\/multi-mam.com\/es\/articulos\/denticion\/remedios-para-la-denticion\/#breadcrumb\",\"itemListElement\":[{\"@type\":\"ListItem\",\"position\":1,\"name\":\"Home\",\"item\":\"https:\/\/multi-mam.com\/es\/\"},{\"@type\":\"ListItem\",\"position\":2,\"name\":\"Art\u00edculos\",\"item\":\"https:\/\/multi-mam.com\/es\/articulos\/\"},{\"@type\":\"ListItem\",\"position\":3,\"name\":\"Dentici\u00f3n\",\"item\":\"https:\/\/multi-mam.com\/es\/articulos\/denticion\/\"},{\"@type\":\"ListItem\",\"position\":4,\"name\":\"Remedios para la dentici\u00f3n\"}]},{\"@type\":\"WebSite\",\"@id\":\"https:\/\/multi-mam.com\/es\/#website\",\"url\":\"https:\/\/multi-mam.com\/es\/\",\"name\":\"Multi-Mam\",\"description\":\"\",\"publisher\":{\"@id\":\"https:\/\/multi-mam.com\/es\/#organization\"},\"potentialAction\":[{\"@type\":\"SearchAction\",\"target\":{\"@type\":\"EntryPoint\",\"urlTemplate\":\"https:\/\/multi-mam.com\/es\/?s={search_term_string}\"},\"query-input\":{\"@type\":\"PropertyValueSpecification\",\"valueRequired\":true,\"valueName\":\"search_term_string\"}}],\"inLanguage\":\"es\"},{\"@type\":\"Organization\",\"@id\":\"https:\/\/multi-mam.com\/es\/#organization\",\"name\":\"Multi-Mam\",\"url\":\"https:\/\/multi-mam.com\/es\/\",\"logo\":{\"@type\":\"ImageObject\",\"inLanguage\":\"es\",\"@id\":\"https:\/\/multi-mam.com\/es\/#\/schema\/logo\/image\/\",\"url\":\"https:\/\/multi-mam.com\/app\/uploads\/sites\/27\/2023\/04\/multi-mam-logotype.png\",\"contentUrl\":\"https:\/\/multi-mam.com\/app\/uploads\/sites\/27\/2023\/04\/multi-mam-logotype.png\",\"width\":70,\"height\":96,\"caption\":\"Multi-Mam\"},\"image\":{\"@id\":\"https:\/\/multi-mam.com\/es\/#\/schema\/logo\/image\/\"}}]}<\/script>\n<!-- \/ Yoast SEO plugin. -->","yoast_head_json":{"title":"Remedios para la dentici\u00f3n - Multi-Mam","description":"Para ayudar a su hijo a pasar por el proceso de dentici\u00f3n con el m\u00ednimo dolor posible, hemos recopilado una lista de posibles remedios que puede intentar.","robots":{"index":"index","follow":"follow","max-snippet":"max-snippet:-1","max-image-preview":"max-image-preview:large","max-video-preview":"max-video-preview:-1"},"canonical":"https:\/\/multi-mam.com\/es\/articulos\/denticion\/remedios-para-la-denticion\/","og_locale":"es_ES","og_type":"article","og_title":"Remedios para la dentici\u00f3n - Multi-Mam","og_description":"Para ayudar a su hijo a pasar por el proceso de dentici\u00f3n con el m\u00ednimo dolor posible, hemos recopilado una lista de posibles remedios que puede intentar.","og_url":"https:\/\/multi-mam.com\/es\/articulos\/denticion\/remedios-para-la-denticion\/","og_site_name":"Multi-Mam","article_modified_time":"2025-04-28T12:48:20+00:00","twitter_card":"summary_large_image","twitter_misc":{"Tiempo de lectura":"3 minutos"},"schema":{"@context":"https:\/\/schema.org","@graph":[{"@type":"WebPage","@id":"https:\/\/multi-mam.com\/es\/articulos\/denticion\/remedios-para-la-denticion\/","url":"https:\/\/multi-mam.com\/es\/articulos\/denticion\/remedios-para-la-denticion\/","name":"Remedios para la dentici\u00f3n - Multi-Mam","isPartOf":{"@id":"https:\/\/multi-mam.com\/es\/#website"},"datePublished":"2023-04-20T12:44:24+00:00","dateModified":"2025-04-28T12:48:20+00:00","description":"Para ayudar a su hijo a pasar por el proceso de dentici\u00f3n con el m\u00ednimo dolor posible, hemos recopilado una lista de posibles remedios que puede intentar.","breadcrumb":{"@id":"https:\/\/multi-mam.com\/es\/articulos\/denticion\/remedios-para-la-denticion\/#breadcrumb"},"inLanguage":"es","potentialAction":[{"@type":"ReadAction","target":["https:\/\/multi-mam.com\/es\/articulos\/denticion\/remedios-para-la-denticion\/"]}]},{"@type":"BreadcrumbList","@id":"https:\/\/multi-mam.com\/es\/articulos\/denticion\/remedios-para-la-denticion\/#breadcrumb","itemListElement":[{"@type":"ListItem","position":1,"name":"Home","item":"https:\/\/multi-mam.com\/es\/"},{"@type":"ListItem","position":2,"name":"Art\u00edculos","item":"https:\/\/multi-mam.com\/es\/articulos\/"},{"@type":"ListItem","position":3,"name":"Dentici\u00f3n","item":"https:\/\/multi-mam.com\/es\/articulos\/denticion\/"},{"@type":"ListItem","position":4,"name":"Remedios para la dentici\u00f3n"}]},{"@type":"WebSite","@id":"https:\/\/multi-mam.com\/es\/#website","url":"https:\/\/multi-mam.com\/es\/","name":"Multi-Mam","description":"","publisher":{"@id":"https:\/\/multi-mam.com\/es\/#organization"},"potentialAction":[{"@type":"SearchAction","target":{"@type":"EntryPoint","urlTemplate":"https:\/\/multi-mam.com\/es\/?s={search_term_string}"},"query-input":{"@type":"PropertyValueSpecification","valueRequired":true,"valueName":"search_term_string"}}],"inLanguage":"es"},{"@type":"Organization","@id":"https:\/\/multi-mam.com\/es\/#organization","name":"Multi-Mam","url":"https:\/\/multi-mam.com\/es\/","logo":{"@type":"ImageObject","inLanguage":"es","@id":"https:\/\/multi-mam.com\/es\/#\/schema\/logo\/image\/","url":"https:\/\/multi-mam.com\/app\/uploads\/sites\/27\/2023\/04\/multi-mam-logotype.png","contentUrl":"https:\/\/multi-mam.com\/app\/uploads\/sites\/27\/2023\/04\/multi-mam-logotype.png","width":70,"height":96,"caption":"Multi-Mam"},"image":{"@id":"https:\/\/multi-mam.com\/es\/#\/schema\/logo\/image\/"}}]}},"_links":{"self":[{"href":"https:\/\/multi-mam.com\/es\/wp-json\/wp\/v2\/pages\/104","targetHints":{"allow":["GET"]}}],"collection":[{"href":"https:\/\/multi-mam.com\/es\/wp-json\/wp\/v2\/pages"}],"about":[{"href":"https:\/\/multi-mam.com\/es\/wp-json\/wp\/v2\/types\/page"}],"author":[{"embeddable":true,"href":"https:\/\/multi-mam.com\/es\/wp-json\/wp\/v2\/users\/2"}],"replies":[{"embeddable":true,"href":"https:\/\/multi-mam.com\/es\/wp-json\/wp\/v2\/comments?post=104"}],"version-history":[{"count":3,"href":"https:\/\/multi-mam.com\/es\/wp-json\/wp\/v2\/pages\/104\/revisions"}],"predecessor-version":[{"id":270,"href":"https:\/\/multi-mam.com\/es\/wp-json\/wp\/v2\/pages\/104\/revisions\/270"}],"up":[{"embeddable":true,"href":"https:\/\/multi-mam.com\/es\/wp-json\/wp\/v2\/pages\/68"}],"wp:attachment":[{"href":"https:\/\/multi-mam.com\/es\/wp-json\/wp\/v2\/media?parent=104"}],"wp:term":[{"taxonomy":"from-article-database","embeddable":true,"href":"https:\/\/multi-mam.com\/es\/wp-json\/wp\/v2\/from-article-database?post=104"}],"curies":[{"name":"wp","href":"https:\/\/api.w.org\/{rel}","templated":true}]}}