{"id":100,"date":"2023-04-20T14:43:41","date_gmt":"2023-04-20T12:43:41","guid":{"rendered":"https:\/\/multi-mam.com\/es\/?page_id=100"},"modified":"2025-04-28T14:48:23","modified_gmt":"2025-04-28T12:48:23","slug":"juguetes-mordedores","status":"publish","type":"page","link":"https:\/\/multi-mam.com\/es\/articulos\/denticion\/juguetes-mordedores\/","title":{"rendered":"Juguetes mordedores"},"content":{"rendered":"\n<div class=\"wp-block-karopharma-free-text pt-large pb-large bg-center bg-cover bg-no-repeat  is-style-primary\" style=\"background-image:url()\"><div class=\"free-text-wrapper container max-w-medium text-left\">\n<h1 class=\"wp-block-heading\">Juguetes mordedores<\/h1>\n\n\n\n<p class=\"is-style-paragraph-preamble\">Al elegir los juguetes mordedores para su beb\u00e9, hay algunas reglas importantes a tener en cuenta. Por supuesto, uno de los principales factores es si el mordedor es adecuado para su hijo y si realmente ayudar\u00e1 a aliviar los s\u00edntomas de la dentici\u00f3n. Sin embargo, por encima de todo, la seguridad siempre debe ser siempre lo primero &#8211; por lo que hemos recogido una lista de cosas que debe comprobar al buscar entre los muchos juguetes mordedores disponibles en el mercado.<\/p>\n<\/div><\/div>\n\n\n\n<div class=\"wp-block-karopharma-free-text pt-large pb-large bg-center bg-cover bg-no-repeat\" style=\"background-image:url()\"><div class=\"free-text-wrapper container max-w-medium text-left\">\n<h2 class=\"is-style-heading-h2 wp-block-heading\">Tenga cuidado con los siguientes materiales<\/h2>\n\n\n\n<ul class=\"is-style-default wp-block-list\"><li>Dientes de pl\u00e1stico, especialmente si contienen BPA, PVC o ftalatos.<\/li><li>Los dientes pintados fabricados en China pueden contener plomo, por lo que es mejor evitarlos.<\/li><li>Cualquier mordedor que no parezca bien hecho o que tenga partes que podr\u00edan romperse y presentar un posible riesgo de asfixia para su beb\u00e9.<\/li><\/ul>\n\n\n\n<p>Es mejor tambi\u00e9n evitar galletas para dentici\u00f3n. La mayor\u00eda de estas galletas contienen az\u00facar y pueden aumentar el riesgo de su beb\u00e9 a padecer caries.<\/p>\n\n\n\n<h2 class=\"is-style-heading-h2 wp-block-heading\">Materiales seguros para los mordedores<\/h2>\n\n\n\n<p>Los mejores materiales para un mordedor son los materiales naturales, como caucho natural 100% o algod\u00f3n. Los juguetes de peluche o un simple pa\u00f1o de algod\u00f3n suave pueden ofrecer alivio y disfrute a su peque\u00f1o. La silicona de grado m\u00e9dico tambi\u00e9n es seguroa y probablemente la m\u00e1s resistente a los da\u00f1os f\u00edsicos, y la m\u00e1s f\u00e1cil de limpiar entre los materiales mencionados.<\/p>\n\n\n\n<p>Al elegir un mordedor, piense en el comportamiento de su hijo hasta ahora. Si su beb\u00e9 prefiere masticar mantas y ropa, entonces un mordedor de algod\u00f3n probablemente ser\u00e1 lo m\u00e1s apropiado. Por otro lado, si su peque\u00f1o prefiere las superficies duras y art\u00edculos del hogar, entonces tal vez deba considerar el caucho duro o un juguete de madera.<\/p>\n\n\n\n<p><strong>Otras caracter\u00edsticas adicionales que puede buscar en un juguete mordedor son:<\/strong><\/p>\n\n\n\n<ul class=\"is-style-default wp-block-list\"><li>\u00bfEs f\u00e1cil de limpiar?<\/li><li>\u00bfOfrece beneficios adicionales para su beb\u00e9, como el desarrollo de habilidades motoras?<\/li><li>\u00bfProporciona diferentes tipos de estimulaci\u00f3n, tales como chirrido, dise\u00f1o colorido o varias texturas?<\/li><li>\u00bfPuede enfriarse en la nevera?<\/li><\/ul>\n\n\n\n<p>Para un alivio adicional, puede enfriar el mordedor en el frigor\u00edfico. El fr\u00edo ayudar\u00e1 a adormecer las enc\u00edas y reducir el dolor. Simplemente no lo congele, ya que el contacto directo con superficies heladas puede causar da\u00f1os en las enc\u00edas. Tambi\u00e9n se puede aplicar un gel de dentici\u00f3n a los puntos de contacto del mordedor con las enc\u00edas.<\/p>\n\n\n\n<h2 class=\"is-style-heading-h2 wp-block-heading\">C\u00f3mo cuidar los juguetes mordedores<\/h2>\n\n\n\n<p>Limpie el juguete despu\u00e9s de cada uso. Dependiendo del mordedor, puede lavarlo en el lavavajillas o en la lavadora, compruebe las instrucciones primero.<\/p>\n\n\n\n<p>Compruebe regularmente si el mordedor tiene alg\u00fan da\u00f1o. A medida que los dientes de su beb\u00e9 crecen, es posible que el juguete tenga ara\u00f1azos, por lo que si nota alguna parte que puede romperse y ser tragada por su beb\u00e9, reemplace el juguete de inmediato.<\/p>\n<\/div><\/div>\n","protected":false},"excerpt":{"rendered":"","protected":false},"author":2,"featured_media":0,"parent":68,"menu_order":6,"comment_status":"closed","ping_status":"closed","template":"","meta":{"_acf_changed":false,"footnotes":""},"from-article-database":[],"class_list":["post-100","page","type-page","status-publish","hentry"],"acf":[],"yoast_head":"<!-- This site is optimized with the Yoast SEO plugin v26.6 - https:\/\/yoast.com\/wordpress\/plugins\/seo\/ -->\n<title>Juguetes mordedores - Multi-Mam<\/title>\n<meta name=\"description\" content=\"Al elegir los juguetes mordedores para su beb\u00e9, hay algunas reglas importantes a tener en cuenta.\" \/>\n<meta name=\"robots\" content=\"index, follow, max-snippet:-1, max-image-preview:large, max-video-preview:-1\" \/>\n<link rel=\"canonical\" href=\"https:\/\/multi-mam.com\/es\/articulos\/denticion\/juguetes-mordedores\/\" \/>\n<meta property=\"og:locale\" content=\"es_ES\" \/>\n<meta property=\"og:type\" content=\"article\" \/>\n<meta property=\"og:title\" content=\"Juguetes mordedores - Multi-Mam\" \/>\n<meta property=\"og:description\" content=\"Al elegir los juguetes mordedores para su beb\u00e9, hay algunas reglas importantes a tener en cuenta.\" \/>\n<meta property=\"og:url\" content=\"https:\/\/multi-mam.com\/es\/articulos\/denticion\/juguetes-mordedores\/\" \/>\n<meta property=\"og:site_name\" content=\"Multi-Mam\" \/>\n<meta property=\"article:modified_time\" content=\"2025-04-28T12:48:23+00:00\" \/>\n<meta name=\"twitter:card\" content=\"summary_large_image\" \/>\n<meta name=\"twitter:label1\" content=\"Tiempo de lectura\" \/>\n\t<meta name=\"twitter:data1\" content=\"3 minutos\" \/>\n<script type=\"application\/ld+json\" class=\"yoast-schema-graph\">{\"@context\":\"https:\/\/schema.org\",\"@graph\":[{\"@type\":\"WebPage\",\"@id\":\"https:\/\/multi-mam.com\/es\/articulos\/denticion\/juguetes-mordedores\/\",\"url\":\"https:\/\/multi-mam.com\/es\/articulos\/denticion\/juguetes-mordedores\/\",\"name\":\"Juguetes mordedores - Multi-Mam\",\"isPartOf\":{\"@id\":\"https:\/\/multi-mam.com\/es\/#website\"},\"datePublished\":\"2023-04-20T12:43:41+00:00\",\"dateModified\":\"2025-04-28T12:48:23+00:00\",\"description\":\"Al elegir los juguetes mordedores para su beb\u00e9, hay algunas reglas importantes a tener en cuenta.\",\"breadcrumb\":{\"@id\":\"https:\/\/multi-mam.com\/es\/articulos\/denticion\/juguetes-mordedores\/#breadcrumb\"},\"inLanguage\":\"es\",\"potentialAction\":[{\"@type\":\"ReadAction\",\"target\":[\"https:\/\/multi-mam.com\/es\/articulos\/denticion\/juguetes-mordedores\/\"]}]},{\"@type\":\"BreadcrumbList\",\"@id\":\"https:\/\/multi-mam.com\/es\/articulos\/denticion\/juguetes-mordedores\/#breadcrumb\",\"itemListElement\":[{\"@type\":\"ListItem\",\"position\":1,\"name\":\"Home\",\"item\":\"https:\/\/multi-mam.com\/es\/\"},{\"@type\":\"ListItem\",\"position\":2,\"name\":\"Art\u00edculos\",\"item\":\"https:\/\/multi-mam.com\/es\/articulos\/\"},{\"@type\":\"ListItem\",\"position\":3,\"name\":\"Dentici\u00f3n\",\"item\":\"https:\/\/multi-mam.com\/es\/articulos\/denticion\/\"},{\"@type\":\"ListItem\",\"position\":4,\"name\":\"Juguetes mordedores\"}]},{\"@type\":\"WebSite\",\"@id\":\"https:\/\/multi-mam.com\/es\/#website\",\"url\":\"https:\/\/multi-mam.com\/es\/\",\"name\":\"Multi-Mam\",\"description\":\"\",\"publisher\":{\"@id\":\"https:\/\/multi-mam.com\/es\/#organization\"},\"potentialAction\":[{\"@type\":\"SearchAction\",\"target\":{\"@type\":\"EntryPoint\",\"urlTemplate\":\"https:\/\/multi-mam.com\/es\/?s={search_term_string}\"},\"query-input\":{\"@type\":\"PropertyValueSpecification\",\"valueRequired\":true,\"valueName\":\"search_term_string\"}}],\"inLanguage\":\"es\"},{\"@type\":\"Organization\",\"@id\":\"https:\/\/multi-mam.com\/es\/#organization\",\"name\":\"Multi-Mam\",\"url\":\"https:\/\/multi-mam.com\/es\/\",\"logo\":{\"@type\":\"ImageObject\",\"inLanguage\":\"es\",\"@id\":\"https:\/\/multi-mam.com\/es\/#\/schema\/logo\/image\/\",\"url\":\"https:\/\/multi-mam.com\/app\/uploads\/sites\/27\/2023\/04\/multi-mam-logotype.png\",\"contentUrl\":\"https:\/\/multi-mam.com\/app\/uploads\/sites\/27\/2023\/04\/multi-mam-logotype.png\",\"width\":70,\"height\":96,\"caption\":\"Multi-Mam\"},\"image\":{\"@id\":\"https:\/\/multi-mam.com\/es\/#\/schema\/logo\/image\/\"}}]}<\/script>\n<!-- \/ Yoast SEO plugin. -->","yoast_head_json":{"title":"Juguetes mordedores - Multi-Mam","description":"Al elegir los juguetes mordedores para su beb\u00e9, hay algunas reglas importantes a tener en cuenta.","robots":{"index":"index","follow":"follow","max-snippet":"max-snippet:-1","max-image-preview":"max-image-preview:large","max-video-preview":"max-video-preview:-1"},"canonical":"https:\/\/multi-mam.com\/es\/articulos\/denticion\/juguetes-mordedores\/","og_locale":"es_ES","og_type":"article","og_title":"Juguetes mordedores - Multi-Mam","og_description":"Al elegir los juguetes mordedores para su beb\u00e9, hay algunas reglas importantes a tener en cuenta.","og_url":"https:\/\/multi-mam.com\/es\/articulos\/denticion\/juguetes-mordedores\/","og_site_name":"Multi-Mam","article_modified_time":"2025-04-28T12:48:23+00:00","twitter_card":"summary_large_image","twitter_misc":{"Tiempo de lectura":"3 minutos"},"schema":{"@context":"https:\/\/schema.org","@graph":[{"@type":"WebPage","@id":"https:\/\/multi-mam.com\/es\/articulos\/denticion\/juguetes-mordedores\/","url":"https:\/\/multi-mam.com\/es\/articulos\/denticion\/juguetes-mordedores\/","name":"Juguetes mordedores - Multi-Mam","isPartOf":{"@id":"https:\/\/multi-mam.com\/es\/#website"},"datePublished":"2023-04-20T12:43:41+00:00","dateModified":"2025-04-28T12:48:23+00:00","description":"Al elegir los juguetes mordedores para su beb\u00e9, hay algunas reglas importantes a tener en cuenta.","breadcrumb":{"@id":"https:\/\/multi-mam.com\/es\/articulos\/denticion\/juguetes-mordedores\/#breadcrumb"},"inLanguage":"es","potentialAction":[{"@type":"ReadAction","target":["https:\/\/multi-mam.com\/es\/articulos\/denticion\/juguetes-mordedores\/"]}]},{"@type":"BreadcrumbList","@id":"https:\/\/multi-mam.com\/es\/articulos\/denticion\/juguetes-mordedores\/#breadcrumb","itemListElement":[{"@type":"ListItem","position":1,"name":"Home","item":"https:\/\/multi-mam.com\/es\/"},{"@type":"ListItem","position":2,"name":"Art\u00edculos","item":"https:\/\/multi-mam.com\/es\/articulos\/"},{"@type":"ListItem","position":3,"name":"Dentici\u00f3n","item":"https:\/\/multi-mam.com\/es\/articulos\/denticion\/"},{"@type":"ListItem","position":4,"name":"Juguetes mordedores"}]},{"@type":"WebSite","@id":"https:\/\/multi-mam.com\/es\/#website","url":"https:\/\/multi-mam.com\/es\/","name":"Multi-Mam","description":"","publisher":{"@id":"https:\/\/multi-mam.com\/es\/#organization"},"potentialAction":[{"@type":"SearchAction","target":{"@type":"EntryPoint","urlTemplate":"https:\/\/multi-mam.com\/es\/?s={search_term_string}"},"query-input":{"@type":"PropertyValueSpecification","valueRequired":true,"valueName":"search_term_string"}}],"inLanguage":"es"},{"@type":"Organization","@id":"https:\/\/multi-mam.com\/es\/#organization","name":"Multi-Mam","url":"https:\/\/multi-mam.com\/es\/","logo":{"@type":"ImageObject","inLanguage":"es","@id":"https:\/\/multi-mam.com\/es\/#\/schema\/logo\/image\/","url":"https:\/\/multi-mam.com\/app\/uploads\/sites\/27\/2023\/04\/multi-mam-logotype.png","contentUrl":"https:\/\/multi-mam.com\/app\/uploads\/sites\/27\/2023\/04\/multi-mam-logotype.png","width":70,"height":96,"caption":"Multi-Mam"},"image":{"@id":"https:\/\/multi-mam.com\/es\/#\/schema\/logo\/image\/"}}]}},"_links":{"self":[{"href":"https:\/\/multi-mam.com\/es\/wp-json\/wp\/v2\/pages\/100","targetHints":{"allow":["GET"]}}],"collection":[{"href":"https:\/\/multi-mam.com\/es\/wp-json\/wp\/v2\/pages"}],"about":[{"href":"https:\/\/multi-mam.com\/es\/wp-json\/wp\/v2\/types\/page"}],"author":[{"embeddable":true,"href":"https:\/\/multi-mam.com\/es\/wp-json\/wp\/v2\/users\/2"}],"replies":[{"embeddable":true,"href":"https:\/\/multi-mam.com\/es\/wp-json\/wp\/v2\/comments?post=100"}],"version-history":[{"count":2,"href":"https:\/\/multi-mam.com\/es\/wp-json\/wp\/v2\/pages\/100\/revisions"}],"predecessor-version":[{"id":266,"href":"https:\/\/multi-mam.com\/es\/wp-json\/wp\/v2\/pages\/100\/revisions\/266"}],"up":[{"embeddable":true,"href":"https:\/\/multi-mam.com\/es\/wp-json\/wp\/v2\/pages\/68"}],"wp:attachment":[{"href":"https:\/\/multi-mam.com\/es\/wp-json\/wp\/v2\/media?parent=100"}],"wp:term":[{"taxonomy":"from-article-database","embeddable":true,"href":"https:\/\/multi-mam.com\/es\/wp-json\/wp\/v2\/from-article-database?post=100"}],"curies":[{"name":"wp","href":"https:\/\/api.w.org\/{rel}","templated":true}]}}