{"id":75,"date":"2022-07-13T14:19:39","date_gmt":"2022-07-13T11:19:39","guid":{"rendered":"https:\/\/multi-mam.com\/ee\/?post_type=product&#038;p=75"},"modified":"2025-04-16T10:45:35","modified_gmt":"2025-04-16T07:45:35","slug":"multi-mam-after-birth","status":"publish","type":"product","link":"https:\/\/multi-mam.com\/ee\/toote\/multi-mam-after-birth\/","title":{"rendered":"Multi-Mam After-Birth"},"content":{"rendered":"\n<div class=\"wp-block-karopharma-accordions is-style-secondary\"><div class=\"container\">\n<details class=\"wp-block-karopharma-accordion\"><summary><h2 class=\"accordion-title\">Kuidas Multi-Mam After-Birth spreid kasutada?<\/h2><\/summary><div class=\"accordion-content\">\n<p>Enne kasutamist loksutada korralikult. Pihustage otse intiimpiirkonnale millal iganes soovite rahustamist. V\u00f5ib kasutada \u00f5mblustel ja koheselt p\u00e4rast s\u00fcnnitust*.<br>*Ainult v\u00e4lispidiseks kasutamiseks. Mitte kasutada lahtistel haavadel. <\/p>\n<\/div><\/details>\n\n\n\n<details class=\"wp-block-karopharma-accordion\"><summary><h2 class=\"accordion-title\">Kui sageli pean ma Multi-Mam After-Birth spreid kasutama?<\/h2><\/summary><div class=\"accordion-content\">\n<p>See s\u00f5ltub teie ebamugavustunde tasemest. V\u00f5ite Multi-Mam After-Birth spreid kasutada alati, kui soovite naha rahustamist. V\u00f5ite pihustada seda intiimpiirkonna naha kaitsmiseks iga kord, kui k\u00fclastate WC-d.<\/p>\n<\/div><\/details>\n\n\n\n<details class=\"wp-block-karopharma-accordion\"><summary><h2 class=\"accordion-title\">Kas ma v\u00f5in Multi-Mam After-Birth spreid kasutada s\u00fcnnitusj\u00e4rgsel h\u00fcgieenisidemel?<\/h2><\/summary><div class=\"accordion-content\">\n<p>Jah, v\u00f5ite pihustada Multi-Mam After-Birth spreid s\u00fcnnitusj\u00e4rgsele h\u00fcgieenisidemele v\u00f5i otse nahale vastavalt isiklikule eelistusele.<\/p>\n<\/div><\/details>\n<\/div><\/div>\n","protected":false},"excerpt":{"rendered":"<p>Leevendav toime intiimpiirkonnas<\/p>\n","protected":false},"featured_media":63,"comment_status":"closed","ping_status":"closed","template":"","meta":{"_acf_changed":false,"footnotes":""},"product_brand":[],"product_cat":[16],"product_tag":[],"class_list":{"0":"post-75","1":"product","2":"type-product","3":"status-publish","4":"has-post-thumbnail","6":"product_cat-uncategorized","8":"first","9":"instock","10":"shipping-taxable","11":"product-type-simple"},"acf":[],"yoast_head":"<!-- This site is optimized with the Yoast SEO plugin v26.6 - https:\/\/yoast.com\/wordpress\/plugins\/seo\/ -->\n<title>Multi-Mam After-Birth - Multi-Mam<\/title>\n<meta name=\"description\" content=\"Multi-Mam After-Birth sprei kaitseb ja niisutab v\u00e4lise intiimpiirkonna tundlikku nahka, mis v\u00f5ib sageli p\u00e4rast s\u00fcnnitust tundlik olla.\" \/>\n<meta name=\"robots\" content=\"index, follow, max-snippet:-1, max-image-preview:large, max-video-preview:-1\" \/>\n<link rel=\"canonical\" href=\"https:\/\/multi-mam.com\/ee\/toote\/multi-mam-after-birth\/\" \/>\n<meta property=\"og:locale\" content=\"et_EE\" \/>\n<meta property=\"og:type\" content=\"article\" \/>\n<meta property=\"og:title\" content=\"Multi-Mam After-Birth - Multi-Mam\" \/>\n<meta property=\"og:description\" content=\"Multi-Mam After-Birth sprei kaitseb ja niisutab v\u00e4lise intiimpiirkonna tundlikku nahka, mis v\u00f5ib sageli p\u00e4rast s\u00fcnnitust tundlik olla.\" \/>\n<meta property=\"og:url\" content=\"https:\/\/multi-mam.com\/ee\/toote\/multi-mam-after-birth\/\" \/>\n<meta property=\"og:site_name\" content=\"Multi-Mam\" \/>\n<meta property=\"article:modified_time\" content=\"2025-04-16T07:45:35+00:00\" \/>\n<meta property=\"og:image\" content=\"https:\/\/multi-mam.com\/app\/uploads\/sites\/13\/2022\/07\/MultiMamAfterBirthSprayUnpackagedINTA03croppedv.png\" \/>\n\t<meta property=\"og:image:width\" content=\"800\" \/>\n\t<meta property=\"og:image:height\" content=\"800\" \/>\n\t<meta property=\"og:image:type\" content=\"image\/png\" \/>\n<meta name=\"twitter:card\" content=\"summary_large_image\" \/>\n<meta name=\"twitter:label1\" content=\"Est. reading time\" \/>\n\t<meta name=\"twitter:data1\" content=\"1 minute\" \/>\n<script type=\"application\/ld+json\" class=\"yoast-schema-graph\">{\"@context\":\"https:\/\/schema.org\",\"@graph\":[{\"@type\":\"WebPage\",\"@id\":\"https:\/\/multi-mam.com\/ee\/toote\/multi-mam-after-birth\/\",\"url\":\"https:\/\/multi-mam.com\/ee\/toote\/multi-mam-after-birth\/\",\"name\":\"Multi-Mam After-Birth - Multi-Mam\",\"isPartOf\":{\"@id\":\"https:\/\/multi-mam.com\/ee\/#website\"},\"primaryImageOfPage\":{\"@id\":\"https:\/\/multi-mam.com\/ee\/toote\/multi-mam-after-birth\/#primaryimage\"},\"image\":{\"@id\":\"https:\/\/multi-mam.com\/ee\/toote\/multi-mam-after-birth\/#primaryimage\"},\"thumbnailUrl\":\"https:\/\/multi-mam.com\/app\/uploads\/sites\/13\/2022\/07\/MultiMamAfterBirthSprayUnpackagedINTA03croppedv.png\",\"datePublished\":\"2022-07-13T11:19:39+00:00\",\"dateModified\":\"2025-04-16T07:45:35+00:00\",\"description\":\"Multi-Mam After-Birth sprei kaitseb ja niisutab v\u00e4lise intiimpiirkonna tundlikku nahka, mis v\u00f5ib sageli p\u00e4rast s\u00fcnnitust tundlik olla.\",\"breadcrumb\":{\"@id\":\"https:\/\/multi-mam.com\/ee\/toote\/multi-mam-after-birth\/#breadcrumb\"},\"inLanguage\":\"et-EE\",\"potentialAction\":[{\"@type\":\"ReadAction\",\"target\":[\"https:\/\/multi-mam.com\/ee\/toote\/multi-mam-after-birth\/\"]}]},{\"@type\":\"ImageObject\",\"inLanguage\":\"et-EE\",\"@id\":\"https:\/\/multi-mam.com\/ee\/toote\/multi-mam-after-birth\/#primaryimage\",\"url\":\"https:\/\/multi-mam.com\/app\/uploads\/sites\/13\/2022\/07\/MultiMamAfterBirthSprayUnpackagedINTA03croppedv.png\",\"contentUrl\":\"https:\/\/multi-mam.com\/app\/uploads\/sites\/13\/2022\/07\/MultiMamAfterBirthSprayUnpackagedINTA03croppedv.png\",\"width\":800,\"height\":800,\"caption\":\"Multi-Mam After Birth Spray\"},{\"@type\":\"BreadcrumbList\",\"@id\":\"https:\/\/multi-mam.com\/ee\/toote\/multi-mam-after-birth\/#breadcrumb\",\"itemListElement\":[{\"@type\":\"ListItem\",\"position\":1,\"name\":\"Home\",\"item\":\"https:\/\/multi-mam.com\/ee\/\"},{\"@type\":\"ListItem\",\"position\":2,\"name\":\"Tooted\",\"item\":\"https:\/\/multi-mam.com\/ee\/tooted\/\"},{\"@type\":\"ListItem\",\"position\":3,\"name\":\"Multi-Mam After-Birth\"}]},{\"@type\":\"WebSite\",\"@id\":\"https:\/\/multi-mam.com\/ee\/#website\",\"url\":\"https:\/\/multi-mam.com\/ee\/\",\"name\":\"Multi-Mam\",\"description\":\"\",\"publisher\":{\"@id\":\"https:\/\/multi-mam.com\/ee\/#organization\"},\"potentialAction\":[{\"@type\":\"SearchAction\",\"target\":{\"@type\":\"EntryPoint\",\"urlTemplate\":\"https:\/\/multi-mam.com\/ee\/?s={search_term_string}\"},\"query-input\":{\"@type\":\"PropertyValueSpecification\",\"valueRequired\":true,\"valueName\":\"search_term_string\"}}],\"inLanguage\":\"et-EE\"},{\"@type\":\"Organization\",\"@id\":\"https:\/\/multi-mam.com\/ee\/#organization\",\"name\":\"Multi-Mam\",\"url\":\"https:\/\/multi-mam.com\/ee\/\",\"logo\":{\"@type\":\"ImageObject\",\"inLanguage\":\"et-EE\",\"@id\":\"https:\/\/multi-mam.com\/ee\/#\/schema\/logo\/image\/\",\"url\":\"https:\/\/multi-mam.com\/app\/uploads\/sites\/13\/2022\/07\/multi-mam-logotype.png\",\"contentUrl\":\"https:\/\/multi-mam.com\/app\/uploads\/sites\/13\/2022\/07\/multi-mam-logotype.png\",\"width\":70,\"height\":96,\"caption\":\"Multi-Mam\"},\"image\":{\"@id\":\"https:\/\/multi-mam.com\/ee\/#\/schema\/logo\/image\/\"}}]}<\/script>\n<!-- \/ Yoast SEO plugin. -->","yoast_head_json":{"title":"Multi-Mam After-Birth - Multi-Mam","description":"Multi-Mam After-Birth sprei kaitseb ja niisutab v\u00e4lise intiimpiirkonna tundlikku nahka, mis v\u00f5ib sageli p\u00e4rast s\u00fcnnitust tundlik olla.","robots":{"index":"index","follow":"follow","max-snippet":"max-snippet:-1","max-image-preview":"max-image-preview:large","max-video-preview":"max-video-preview:-1"},"canonical":"https:\/\/multi-mam.com\/ee\/toote\/multi-mam-after-birth\/","og_locale":"et_EE","og_type":"article","og_title":"Multi-Mam After-Birth - Multi-Mam","og_description":"Multi-Mam After-Birth sprei kaitseb ja niisutab v\u00e4lise intiimpiirkonna tundlikku nahka, mis v\u00f5ib sageli p\u00e4rast s\u00fcnnitust tundlik olla.","og_url":"https:\/\/multi-mam.com\/ee\/toote\/multi-mam-after-birth\/","og_site_name":"Multi-Mam","article_modified_time":"2025-04-16T07:45:35+00:00","og_image":[{"width":800,"height":800,"url":"https:\/\/multi-mam.com\/app\/uploads\/sites\/13\/2022\/07\/MultiMamAfterBirthSprayUnpackagedINTA03croppedv.png","type":"image\/png"}],"twitter_card":"summary_large_image","twitter_misc":{"Est. reading time":"1 minute"},"schema":{"@context":"https:\/\/schema.org","@graph":[{"@type":"WebPage","@id":"https:\/\/multi-mam.com\/ee\/toote\/multi-mam-after-birth\/","url":"https:\/\/multi-mam.com\/ee\/toote\/multi-mam-after-birth\/","name":"Multi-Mam After-Birth - Multi-Mam","isPartOf":{"@id":"https:\/\/multi-mam.com\/ee\/#website"},"primaryImageOfPage":{"@id":"https:\/\/multi-mam.com\/ee\/toote\/multi-mam-after-birth\/#primaryimage"},"image":{"@id":"https:\/\/multi-mam.com\/ee\/toote\/multi-mam-after-birth\/#primaryimage"},"thumbnailUrl":"https:\/\/multi-mam.com\/app\/uploads\/sites\/13\/2022\/07\/MultiMamAfterBirthSprayUnpackagedINTA03croppedv.png","datePublished":"2022-07-13T11:19:39+00:00","dateModified":"2025-04-16T07:45:35+00:00","description":"Multi-Mam After-Birth sprei kaitseb ja niisutab v\u00e4lise intiimpiirkonna tundlikku nahka, mis v\u00f5ib sageli p\u00e4rast s\u00fcnnitust tundlik olla.","breadcrumb":{"@id":"https:\/\/multi-mam.com\/ee\/toote\/multi-mam-after-birth\/#breadcrumb"},"inLanguage":"et-EE","potentialAction":[{"@type":"ReadAction","target":["https:\/\/multi-mam.com\/ee\/toote\/multi-mam-after-birth\/"]}]},{"@type":"ImageObject","inLanguage":"et-EE","@id":"https:\/\/multi-mam.com\/ee\/toote\/multi-mam-after-birth\/#primaryimage","url":"https:\/\/multi-mam.com\/app\/uploads\/sites\/13\/2022\/07\/MultiMamAfterBirthSprayUnpackagedINTA03croppedv.png","contentUrl":"https:\/\/multi-mam.com\/app\/uploads\/sites\/13\/2022\/07\/MultiMamAfterBirthSprayUnpackagedINTA03croppedv.png","width":800,"height":800,"caption":"Multi-Mam After Birth Spray"},{"@type":"BreadcrumbList","@id":"https:\/\/multi-mam.com\/ee\/toote\/multi-mam-after-birth\/#breadcrumb","itemListElement":[{"@type":"ListItem","position":1,"name":"Home","item":"https:\/\/multi-mam.com\/ee\/"},{"@type":"ListItem","position":2,"name":"Tooted","item":"https:\/\/multi-mam.com\/ee\/tooted\/"},{"@type":"ListItem","position":3,"name":"Multi-Mam After-Birth"}]},{"@type":"WebSite","@id":"https:\/\/multi-mam.com\/ee\/#website","url":"https:\/\/multi-mam.com\/ee\/","name":"Multi-Mam","description":"","publisher":{"@id":"https:\/\/multi-mam.com\/ee\/#organization"},"potentialAction":[{"@type":"SearchAction","target":{"@type":"EntryPoint","urlTemplate":"https:\/\/multi-mam.com\/ee\/?s={search_term_string}"},"query-input":{"@type":"PropertyValueSpecification","valueRequired":true,"valueName":"search_term_string"}}],"inLanguage":"et-EE"},{"@type":"Organization","@id":"https:\/\/multi-mam.com\/ee\/#organization","name":"Multi-Mam","url":"https:\/\/multi-mam.com\/ee\/","logo":{"@type":"ImageObject","inLanguage":"et-EE","@id":"https:\/\/multi-mam.com\/ee\/#\/schema\/logo\/image\/","url":"https:\/\/multi-mam.com\/app\/uploads\/sites\/13\/2022\/07\/multi-mam-logotype.png","contentUrl":"https:\/\/multi-mam.com\/app\/uploads\/sites\/13\/2022\/07\/multi-mam-logotype.png","width":70,"height":96,"caption":"Multi-Mam"},"image":{"@id":"https:\/\/multi-mam.com\/ee\/#\/schema\/logo\/image\/"}}]}},"_links":{"self":[{"href":"https:\/\/multi-mam.com\/ee\/wp-json\/wp\/v2\/product\/75","targetHints":{"allow":["GET"]}}],"collection":[{"href":"https:\/\/multi-mam.com\/ee\/wp-json\/wp\/v2\/product"}],"about":[{"href":"https:\/\/multi-mam.com\/ee\/wp-json\/wp\/v2\/types\/product"}],"replies":[{"embeddable":true,"href":"https:\/\/multi-mam.com\/ee\/wp-json\/wp\/v2\/comments?post=75"}],"version-history":[{"count":4,"href":"https:\/\/multi-mam.com\/ee\/wp-json\/wp\/v2\/product\/75\/revisions"}],"predecessor-version":[{"id":117,"href":"https:\/\/multi-mam.com\/ee\/wp-json\/wp\/v2\/product\/75\/revisions\/117"}],"wp:featuredmedia":[{"embeddable":true,"href":"https:\/\/multi-mam.com\/ee\/wp-json\/wp\/v2\/media\/63"}],"wp:attachment":[{"href":"https:\/\/multi-mam.com\/ee\/wp-json\/wp\/v2\/media?parent=75"}],"wp:term":[{"taxonomy":"product_brand","embeddable":true,"href":"https:\/\/multi-mam.com\/ee\/wp-json\/wp\/v2\/product_brand?post=75"},{"taxonomy":"product_cat","embeddable":true,"href":"https:\/\/multi-mam.com\/ee\/wp-json\/wp\/v2\/product_cat?post=75"},{"taxonomy":"product_tag","embeddable":true,"href":"https:\/\/multi-mam.com\/ee\/wp-json\/wp\/v2\/product_tag?post=75"}],"curies":[{"name":"wp","href":"https:\/\/api.w.org\/{rel}","templated":true}]}}