{"id":62,"date":"2022-07-13T12:52:38","date_gmt":"2022-07-13T09:52:38","guid":{"rendered":"https:\/\/multi-mam.com\/ee\/?post_type=product&#038;p=62"},"modified":"2025-04-16T10:45:59","modified_gmt":"2025-04-16T07:45:59","slug":"multi-mam-protect","status":"publish","type":"product","link":"https:\/\/multi-mam.com\/ee\/toote\/multi-mam-protect\/","title":{"rendered":"Multi-Mam Protect"},"content":{"rendered":"\n<div class=\"wp-block-karopharma-accordions is-style-secondary\"><div class=\"container\">\n<details class=\"wp-block-karopharma-accordion\"><summary><h2 class=\"accordion-title\">Kas ma pean Multi-Mam Protect palsami enne rinnaga toitmist eemaldama?<\/h2><\/summary><div class=\"accordion-content\">\n<p>Ei see on allaneelamisel kahjutu ja sellel on neutraalne maitse ning l\u00f5hn. Eriti soovitatav on kasutada palsamit kohe p\u00e4rast imetamist. Kui kasutate palsamit vahetult enne rinnaga toitmist, v\u00f5ib see imikule rinna haaramise raskemaks muuta.<\/p>\n<\/div><\/details>\n\n\n\n<details class=\"wp-block-karopharma-accordion\"><summary><h2 class=\"accordion-title\">Kui sageli ma pean Multi-Mam Protect palsamit kasutama?<\/h2><\/summary><div class=\"accordion-content\">\n<p>V\u00f5ite kasutada nii sageli, kui soovite. Eriti soovitatav on kasutada palsamit kohe p\u00e4rast imetamist<\/p>\n<\/div><\/details>\n\n\n\n<details class=\"wp-block-karopharma-accordion\"><summary><h2 class=\"accordion-title\">Mind vaevavad j\u00e4tkuvalt rinnanibude l\u00f5hed, mis on v\u00e4ga valulikud. Mida ma saan teha?<\/h2><\/summary><div class=\"accordion-content\">\n<p>Kasuta kreemi, mis pehmendab ja taastab nahakudet ning mida pole vaja enne imetamist eemaldada. Multi-Mam Protect on veganlik palsam, mis kaitseb nibusid kuivamise ja pragunemise eest. See palsam taastab naha barj\u00e4\u00e4rifunktsiooni, aitab hoida nahka pehme ja elastsena ning seda ei ole vaja enne imetamist eemaldada. Otse loomulikult ei sisalda Multi-Mam Protect parf\u00fc\u00fcme ega s\u00e4ilitusaineid. Valulike nibude korral proovige ka kompresse&nbsp;<a href=\"https:\/\/multi-mam.ee\/tooted\/multi-mam-compresses\/\">Multi-Mam Compresses<\/a>.<\/p>\n<\/div><\/details>\n\n\n\n<details class=\"wp-block-karopharma-accordion\"><summary><h2 class=\"accordion-title\">Mis p\u00f5hjustab nibuprobleeme?<\/h2><\/summary><div class=\"accordion-content\">\n<p>Enamik nibuprobleeme tuleneb kehvast rinna haaramisest; on oluline, et k\u00f5ige tundlikum osa nibu kudedest t\u00f5mmatakse s\u00fcgavalt beebi suhu. Naha looduslikku kaitset v\u00e4hendavate toodete, n\u00e4iteks seepide ja \u0161ampoonide kasutamine v\u00f5ib p\u00f5hjustada ka nibude l\u00f5henemist. Lisaks v\u00f5ivad ka seeninfektsioonid, ekseem v\u00f5i kalduvus kuivale nahale p\u00f5hjustada nibuprobleeme.<\/p>\n<\/div><\/details>\n<\/div><\/div>\n","protected":false},"excerpt":{"rendered":"<p>Rahustab ja kaitseb kuivi rinnanibusid.<\/p>\n","protected":false},"featured_media":64,"comment_status":"closed","ping_status":"closed","template":"","meta":{"_acf_changed":false,"footnotes":""},"product_brand":[],"product_cat":[16],"product_tag":[],"class_list":{"0":"post-62","1":"product","2":"type-product","3":"status-publish","4":"has-post-thumbnail","6":"product_cat-uncategorized","8":"first","9":"instock","10":"shipping-taxable","11":"product-type-simple"},"acf":[],"yoast_head":"<!-- This site is optimized with the Yoast SEO plugin v26.6 - https:\/\/yoast.com\/wordpress\/plugins\/seo\/ -->\n<title>Multi-Mam Protect - Multi-Mam<\/title>\n<meta name=\"description\" content=\"Multi-Mam Protect on peamiselt taimsetel \u00f5lidel ja rasvadel p\u00f5hinev veganlik nibupalsam, mis kaitseb nibusid kuivamise ja pragunemise eest imetamise ajal.\" \/>\n<meta name=\"robots\" content=\"index, follow, max-snippet:-1, max-image-preview:large, max-video-preview:-1\" \/>\n<link rel=\"canonical\" href=\"https:\/\/multi-mam.com\/ee\/toote\/multi-mam-protect\/\" \/>\n<meta property=\"og:locale\" content=\"et_EE\" \/>\n<meta property=\"og:type\" content=\"article\" \/>\n<meta property=\"og:title\" content=\"Multi-Mam Protect - Multi-Mam\" \/>\n<meta property=\"og:description\" content=\"Multi-Mam Protect on peamiselt taimsetel \u00f5lidel ja rasvadel p\u00f5hinev veganlik nibupalsam, mis kaitseb nibusid kuivamise ja pragunemise eest imetamise ajal.\" \/>\n<meta property=\"og:url\" content=\"https:\/\/multi-mam.com\/ee\/toote\/multi-mam-protect\/\" \/>\n<meta property=\"og:site_name\" content=\"Multi-Mam\" \/>\n<meta property=\"article:modified_time\" content=\"2025-04-16T07:45:59+00:00\" \/>\n<meta property=\"og:image\" content=\"https:\/\/multi-mam.com\/app\/uploads\/sites\/13\/2022\/07\/MMprotect-1400x1400-1.png\" \/>\n\t<meta property=\"og:image:width\" content=\"1400\" \/>\n\t<meta property=\"og:image:height\" content=\"1400\" \/>\n\t<meta property=\"og:image:type\" content=\"image\/png\" \/>\n<meta name=\"twitter:card\" content=\"summary_large_image\" \/>\n<meta name=\"twitter:label1\" content=\"Est. reading time\" \/>\n\t<meta name=\"twitter:data1\" content=\"2 minutes\" \/>\n<script type=\"application\/ld+json\" class=\"yoast-schema-graph\">{\"@context\":\"https:\/\/schema.org\",\"@graph\":[{\"@type\":\"WebPage\",\"@id\":\"https:\/\/multi-mam.com\/ee\/toote\/multi-mam-protect\/\",\"url\":\"https:\/\/multi-mam.com\/ee\/toote\/multi-mam-protect\/\",\"name\":\"Multi-Mam Protect - Multi-Mam\",\"isPartOf\":{\"@id\":\"https:\/\/multi-mam.com\/ee\/#website\"},\"primaryImageOfPage\":{\"@id\":\"https:\/\/multi-mam.com\/ee\/toote\/multi-mam-protect\/#primaryimage\"},\"image\":{\"@id\":\"https:\/\/multi-mam.com\/ee\/toote\/multi-mam-protect\/#primaryimage\"},\"thumbnailUrl\":\"https:\/\/multi-mam.com\/app\/uploads\/sites\/13\/2022\/07\/MMprotect-1400x1400-1.png\",\"datePublished\":\"2022-07-13T09:52:38+00:00\",\"dateModified\":\"2025-04-16T07:45:59+00:00\",\"description\":\"Multi-Mam Protect on peamiselt taimsetel \u00f5lidel ja rasvadel p\u00f5hinev veganlik nibupalsam, mis kaitseb nibusid kuivamise ja pragunemise eest imetamise ajal.\",\"breadcrumb\":{\"@id\":\"https:\/\/multi-mam.com\/ee\/toote\/multi-mam-protect\/#breadcrumb\"},\"inLanguage\":\"et-EE\",\"potentialAction\":[{\"@type\":\"ReadAction\",\"target\":[\"https:\/\/multi-mam.com\/ee\/toote\/multi-mam-protect\/\"]}]},{\"@type\":\"ImageObject\",\"inLanguage\":\"et-EE\",\"@id\":\"https:\/\/multi-mam.com\/ee\/toote\/multi-mam-protect\/#primaryimage\",\"url\":\"https:\/\/multi-mam.com\/app\/uploads\/sites\/13\/2022\/07\/MMprotect-1400x1400-1.png\",\"contentUrl\":\"https:\/\/multi-mam.com\/app\/uploads\/sites\/13\/2022\/07\/MMprotect-1400x1400-1.png\",\"width\":1400,\"height\":1400,\"caption\":\"Multi-Mam Protect\"},{\"@type\":\"BreadcrumbList\",\"@id\":\"https:\/\/multi-mam.com\/ee\/toote\/multi-mam-protect\/#breadcrumb\",\"itemListElement\":[{\"@type\":\"ListItem\",\"position\":1,\"name\":\"Home\",\"item\":\"https:\/\/multi-mam.com\/ee\/\"},{\"@type\":\"ListItem\",\"position\":2,\"name\":\"Tooted\",\"item\":\"https:\/\/multi-mam.com\/ee\/tooted\/\"},{\"@type\":\"ListItem\",\"position\":3,\"name\":\"Multi-Mam Protect\"}]},{\"@type\":\"WebSite\",\"@id\":\"https:\/\/multi-mam.com\/ee\/#website\",\"url\":\"https:\/\/multi-mam.com\/ee\/\",\"name\":\"Multi-Mam\",\"description\":\"\",\"publisher\":{\"@id\":\"https:\/\/multi-mam.com\/ee\/#organization\"},\"potentialAction\":[{\"@type\":\"SearchAction\",\"target\":{\"@type\":\"EntryPoint\",\"urlTemplate\":\"https:\/\/multi-mam.com\/ee\/?s={search_term_string}\"},\"query-input\":{\"@type\":\"PropertyValueSpecification\",\"valueRequired\":true,\"valueName\":\"search_term_string\"}}],\"inLanguage\":\"et-EE\"},{\"@type\":\"Organization\",\"@id\":\"https:\/\/multi-mam.com\/ee\/#organization\",\"name\":\"Multi-Mam\",\"url\":\"https:\/\/multi-mam.com\/ee\/\",\"logo\":{\"@type\":\"ImageObject\",\"inLanguage\":\"et-EE\",\"@id\":\"https:\/\/multi-mam.com\/ee\/#\/schema\/logo\/image\/\",\"url\":\"https:\/\/multi-mam.com\/app\/uploads\/sites\/13\/2022\/07\/multi-mam-logotype.png\",\"contentUrl\":\"https:\/\/multi-mam.com\/app\/uploads\/sites\/13\/2022\/07\/multi-mam-logotype.png\",\"width\":70,\"height\":96,\"caption\":\"Multi-Mam\"},\"image\":{\"@id\":\"https:\/\/multi-mam.com\/ee\/#\/schema\/logo\/image\/\"}}]}<\/script>\n<!-- \/ Yoast SEO plugin. -->","yoast_head_json":{"title":"Multi-Mam Protect - Multi-Mam","description":"Multi-Mam Protect on peamiselt taimsetel \u00f5lidel ja rasvadel p\u00f5hinev veganlik nibupalsam, mis kaitseb nibusid kuivamise ja pragunemise eest imetamise ajal.","robots":{"index":"index","follow":"follow","max-snippet":"max-snippet:-1","max-image-preview":"max-image-preview:large","max-video-preview":"max-video-preview:-1"},"canonical":"https:\/\/multi-mam.com\/ee\/toote\/multi-mam-protect\/","og_locale":"et_EE","og_type":"article","og_title":"Multi-Mam Protect - Multi-Mam","og_description":"Multi-Mam Protect on peamiselt taimsetel \u00f5lidel ja rasvadel p\u00f5hinev veganlik nibupalsam, mis kaitseb nibusid kuivamise ja pragunemise eest imetamise ajal.","og_url":"https:\/\/multi-mam.com\/ee\/toote\/multi-mam-protect\/","og_site_name":"Multi-Mam","article_modified_time":"2025-04-16T07:45:59+00:00","og_image":[{"width":1400,"height":1400,"url":"https:\/\/multi-mam.com\/app\/uploads\/sites\/13\/2022\/07\/MMprotect-1400x1400-1.png","type":"image\/png"}],"twitter_card":"summary_large_image","twitter_misc":{"Est. reading time":"2 minutes"},"schema":{"@context":"https:\/\/schema.org","@graph":[{"@type":"WebPage","@id":"https:\/\/multi-mam.com\/ee\/toote\/multi-mam-protect\/","url":"https:\/\/multi-mam.com\/ee\/toote\/multi-mam-protect\/","name":"Multi-Mam Protect - Multi-Mam","isPartOf":{"@id":"https:\/\/multi-mam.com\/ee\/#website"},"primaryImageOfPage":{"@id":"https:\/\/multi-mam.com\/ee\/toote\/multi-mam-protect\/#primaryimage"},"image":{"@id":"https:\/\/multi-mam.com\/ee\/toote\/multi-mam-protect\/#primaryimage"},"thumbnailUrl":"https:\/\/multi-mam.com\/app\/uploads\/sites\/13\/2022\/07\/MMprotect-1400x1400-1.png","datePublished":"2022-07-13T09:52:38+00:00","dateModified":"2025-04-16T07:45:59+00:00","description":"Multi-Mam Protect on peamiselt taimsetel \u00f5lidel ja rasvadel p\u00f5hinev veganlik nibupalsam, mis kaitseb nibusid kuivamise ja pragunemise eest imetamise ajal.","breadcrumb":{"@id":"https:\/\/multi-mam.com\/ee\/toote\/multi-mam-protect\/#breadcrumb"},"inLanguage":"et-EE","potentialAction":[{"@type":"ReadAction","target":["https:\/\/multi-mam.com\/ee\/toote\/multi-mam-protect\/"]}]},{"@type":"ImageObject","inLanguage":"et-EE","@id":"https:\/\/multi-mam.com\/ee\/toote\/multi-mam-protect\/#primaryimage","url":"https:\/\/multi-mam.com\/app\/uploads\/sites\/13\/2022\/07\/MMprotect-1400x1400-1.png","contentUrl":"https:\/\/multi-mam.com\/app\/uploads\/sites\/13\/2022\/07\/MMprotect-1400x1400-1.png","width":1400,"height":1400,"caption":"Multi-Mam Protect"},{"@type":"BreadcrumbList","@id":"https:\/\/multi-mam.com\/ee\/toote\/multi-mam-protect\/#breadcrumb","itemListElement":[{"@type":"ListItem","position":1,"name":"Home","item":"https:\/\/multi-mam.com\/ee\/"},{"@type":"ListItem","position":2,"name":"Tooted","item":"https:\/\/multi-mam.com\/ee\/tooted\/"},{"@type":"ListItem","position":3,"name":"Multi-Mam Protect"}]},{"@type":"WebSite","@id":"https:\/\/multi-mam.com\/ee\/#website","url":"https:\/\/multi-mam.com\/ee\/","name":"Multi-Mam","description":"","publisher":{"@id":"https:\/\/multi-mam.com\/ee\/#organization"},"potentialAction":[{"@type":"SearchAction","target":{"@type":"EntryPoint","urlTemplate":"https:\/\/multi-mam.com\/ee\/?s={search_term_string}"},"query-input":{"@type":"PropertyValueSpecification","valueRequired":true,"valueName":"search_term_string"}}],"inLanguage":"et-EE"},{"@type":"Organization","@id":"https:\/\/multi-mam.com\/ee\/#organization","name":"Multi-Mam","url":"https:\/\/multi-mam.com\/ee\/","logo":{"@type":"ImageObject","inLanguage":"et-EE","@id":"https:\/\/multi-mam.com\/ee\/#\/schema\/logo\/image\/","url":"https:\/\/multi-mam.com\/app\/uploads\/sites\/13\/2022\/07\/multi-mam-logotype.png","contentUrl":"https:\/\/multi-mam.com\/app\/uploads\/sites\/13\/2022\/07\/multi-mam-logotype.png","width":70,"height":96,"caption":"Multi-Mam"},"image":{"@id":"https:\/\/multi-mam.com\/ee\/#\/schema\/logo\/image\/"}}]}},"_links":{"self":[{"href":"https:\/\/multi-mam.com\/ee\/wp-json\/wp\/v2\/product\/62","targetHints":{"allow":["GET"]}}],"collection":[{"href":"https:\/\/multi-mam.com\/ee\/wp-json\/wp\/v2\/product"}],"about":[{"href":"https:\/\/multi-mam.com\/ee\/wp-json\/wp\/v2\/types\/product"}],"replies":[{"embeddable":true,"href":"https:\/\/multi-mam.com\/ee\/wp-json\/wp\/v2\/comments?post=62"}],"version-history":[{"count":6,"href":"https:\/\/multi-mam.com\/ee\/wp-json\/wp\/v2\/product\/62\/revisions"}],"predecessor-version":[{"id":120,"href":"https:\/\/multi-mam.com\/ee\/wp-json\/wp\/v2\/product\/62\/revisions\/120"}],"wp:featuredmedia":[{"embeddable":true,"href":"https:\/\/multi-mam.com\/ee\/wp-json\/wp\/v2\/media\/64"}],"wp:attachment":[{"href":"https:\/\/multi-mam.com\/ee\/wp-json\/wp\/v2\/media?parent=62"}],"wp:term":[{"taxonomy":"product_brand","embeddable":true,"href":"https:\/\/multi-mam.com\/ee\/wp-json\/wp\/v2\/product_brand?post=62"},{"taxonomy":"product_cat","embeddable":true,"href":"https:\/\/multi-mam.com\/ee\/wp-json\/wp\/v2\/product_cat?post=62"},{"taxonomy":"product_tag","embeddable":true,"href":"https:\/\/multi-mam.com\/ee\/wp-json\/wp\/v2\/product_tag?post=62"}],"curies":[{"name":"wp","href":"https:\/\/api.w.org\/{rel}","templated":true}]}}