{"id":121,"date":"2025-04-16T10:48:28","date_gmt":"2025-04-16T07:48:28","guid":{"rendered":"https:\/\/multi-mam.com\/ee\/?post_type=product&#038;p=121"},"modified":"2025-04-16T10:48:34","modified_gmt":"2025-04-16T07:48:34","slug":"multi-mam-sunnitusjargsed-sidemed","status":"publish","type":"product","link":"https:\/\/multi-mam.com\/ee\/toote\/multi-mam-sunnitusjargsed-sidemed\/","title":{"rendered":"Multi-Mam s\u00fcnnitusj\u00e4rgsed sidemed"},"content":{"rendered":"\n<div class=\"wp-block-karopharma-accordions is-style-secondary\"><div class=\"container\">\n<details class=\"wp-block-karopharma-accordion\"><summary><h2 class=\"accordion-title\">Koostis<\/h2><\/summary><div class=\"accordion-content\">\n<p>Multi-mam s\u00fcnnitusj\u00e4rgsed sidemed on niiskust mittel\u00e4bilaskvad ja niisutatud geeliga. Geel on valmistatud naturaalse patenteeritud 2QR kompleksi baasil. Sidemed ei sisalda l\u00f5hnaaineid, hormoone ega loomset p\u00e4ritolu aineid.<\/p>\n\n\n\n<p>Peamine koostisosa 2QR kompleks: patenteeritud koostisosa on saadud aaloest (Aloe barbadensis).<\/p>\n<\/div><\/details>\n\n\n\n<details class=\"wp-block-karopharma-accordion\"><summary><h2 class=\"accordion-title\">Kasutamine<\/h2><\/summary><div class=\"accordion-content\">\n<p>Asetage kaks korda p\u00e4evas kahjustatud kohale \u00fcks uus side, geeliga immutatud pool allpool ja hoidke seal 10 minutit v\u00f5i kauem. Ainult \u00fchekordseks kasutamiseks. Enne kasutamist lugege pakendi infolehte.<\/p>\n\n\n\n<p>Hoida temperatuuril 10 \u00b0C \u202625 \u00b0C, originaalpakendis lastele k\u00e4ttesaamatus kohas.<\/p>\n<\/div><\/details>\n<\/div><\/div>\n","protected":false},"excerpt":{"rendered":"<p>Intiimhoolduseks p\u00e4rast s\u00fcnnitust<\/p>\n","protected":false},"featured_media":122,"comment_status":"closed","ping_status":"closed","template":"","meta":{"_acf_changed":false,"footnotes":""},"product_brand":[],"product_cat":[],"product_tag":[],"class_list":{"0":"post-121","1":"product","2":"type-product","3":"status-publish","4":"has-post-thumbnail","7":"first","8":"instock","9":"shipping-taxable","10":"product-type-simple"},"acf":[],"yoast_head":"<!-- This site is optimized with the Yoast SEO plugin v26.6 - https:\/\/yoast.com\/wordpress\/plugins\/seo\/ -->\n<title>Multi-Mam s\u00fcnnitusj\u00e4rgsed sidemed - Multi-Mam<\/title>\n<meta name=\"description\" content=\"P\u00e4rast s\u00fcnnitust on nahk tihti v\u00e4ga tundlik. Pehmed sidemed sobivad ideaalselt kasutamiseks intiimpiirkonnas.\" \/>\n<meta name=\"robots\" content=\"index, follow, max-snippet:-1, max-image-preview:large, max-video-preview:-1\" \/>\n<link rel=\"canonical\" href=\"https:\/\/multi-mam.com\/ee\/toote\/multi-mam-sunnitusjargsed-sidemed\/\" \/>\n<meta property=\"og:locale\" content=\"et_EE\" \/>\n<meta property=\"og:type\" content=\"article\" \/>\n<meta property=\"og:title\" content=\"Multi-Mam s\u00fcnnitusj\u00e4rgsed sidemed - Multi-Mam\" \/>\n<meta property=\"og:description\" content=\"P\u00e4rast s\u00fcnnitust on nahk tihti v\u00e4ga tundlik. Pehmed sidemed sobivad ideaalselt kasutamiseks intiimpiirkonnas.\" \/>\n<meta property=\"og:url\" content=\"https:\/\/multi-mam.com\/ee\/toote\/multi-mam-sunnitusjargsed-sidemed\/\" \/>\n<meta property=\"og:site_name\" content=\"Multi-Mam\" \/>\n<meta property=\"article:modified_time\" content=\"2025-04-16T07:48:34+00:00\" \/>\n<meta property=\"og:image\" content=\"https:\/\/multi-mam.com\/app\/uploads\/sites\/13\/2025\/04\/Multi-Mam-Wochenbett-Pads-2.png\" \/>\n\t<meta property=\"og:image:width\" content=\"1400\" \/>\n\t<meta property=\"og:image:height\" content=\"1400\" \/>\n\t<meta property=\"og:image:type\" content=\"image\/png\" \/>\n<meta name=\"twitter:card\" content=\"summary_large_image\" \/>\n<meta name=\"twitter:label1\" content=\"Est. reading time\" \/>\n\t<meta name=\"twitter:data1\" content=\"1 minute\" \/>\n<script type=\"application\/ld+json\" class=\"yoast-schema-graph\">{\"@context\":\"https:\/\/schema.org\",\"@graph\":[{\"@type\":\"WebPage\",\"@id\":\"https:\/\/multi-mam.com\/ee\/toote\/multi-mam-sunnitusjargsed-sidemed\/\",\"url\":\"https:\/\/multi-mam.com\/ee\/toote\/multi-mam-sunnitusjargsed-sidemed\/\",\"name\":\"Multi-Mam s\u00fcnnitusj\u00e4rgsed sidemed - Multi-Mam\",\"isPartOf\":{\"@id\":\"https:\/\/multi-mam.com\/ee\/#website\"},\"primaryImageOfPage\":{\"@id\":\"https:\/\/multi-mam.com\/ee\/toote\/multi-mam-sunnitusjargsed-sidemed\/#primaryimage\"},\"image\":{\"@id\":\"https:\/\/multi-mam.com\/ee\/toote\/multi-mam-sunnitusjargsed-sidemed\/#primaryimage\"},\"thumbnailUrl\":\"https:\/\/multi-mam.com\/app\/uploads\/sites\/13\/2025\/04\/Multi-Mam-Wochenbett-Pads-2.png\",\"datePublished\":\"2025-04-16T07:48:28+00:00\",\"dateModified\":\"2025-04-16T07:48:34+00:00\",\"description\":\"P\u00e4rast s\u00fcnnitust on nahk tihti v\u00e4ga tundlik. Pehmed sidemed sobivad ideaalselt kasutamiseks intiimpiirkonnas.\",\"breadcrumb\":{\"@id\":\"https:\/\/multi-mam.com\/ee\/toote\/multi-mam-sunnitusjargsed-sidemed\/#breadcrumb\"},\"inLanguage\":\"et-EE\",\"potentialAction\":[{\"@type\":\"ReadAction\",\"target\":[\"https:\/\/multi-mam.com\/ee\/toote\/multi-mam-sunnitusjargsed-sidemed\/\"]}]},{\"@type\":\"ImageObject\",\"inLanguage\":\"et-EE\",\"@id\":\"https:\/\/multi-mam.com\/ee\/toote\/multi-mam-sunnitusjargsed-sidemed\/#primaryimage\",\"url\":\"https:\/\/multi-mam.com\/app\/uploads\/sites\/13\/2025\/04\/Multi-Mam-Wochenbett-Pads-2.png\",\"contentUrl\":\"https:\/\/multi-mam.com\/app\/uploads\/sites\/13\/2025\/04\/Multi-Mam-Wochenbett-Pads-2.png\",\"width\":1400,\"height\":1400,\"caption\":\"Multi-Mam s\u00fcnnitusj\u00e4rgsed sidemed\"},{\"@type\":\"BreadcrumbList\",\"@id\":\"https:\/\/multi-mam.com\/ee\/toote\/multi-mam-sunnitusjargsed-sidemed\/#breadcrumb\",\"itemListElement\":[{\"@type\":\"ListItem\",\"position\":1,\"name\":\"Home\",\"item\":\"https:\/\/multi-mam.com\/ee\/\"},{\"@type\":\"ListItem\",\"position\":2,\"name\":\"Tooted\",\"item\":\"https:\/\/multi-mam.com\/ee\/tooted\/\"},{\"@type\":\"ListItem\",\"position\":3,\"name\":\"Multi-Mam s\u00fcnnitusj\u00e4rgsed sidemed\"}]},{\"@type\":\"WebSite\",\"@id\":\"https:\/\/multi-mam.com\/ee\/#website\",\"url\":\"https:\/\/multi-mam.com\/ee\/\",\"name\":\"Multi-Mam\",\"description\":\"\",\"publisher\":{\"@id\":\"https:\/\/multi-mam.com\/ee\/#organization\"},\"potentialAction\":[{\"@type\":\"SearchAction\",\"target\":{\"@type\":\"EntryPoint\",\"urlTemplate\":\"https:\/\/multi-mam.com\/ee\/?s={search_term_string}\"},\"query-input\":{\"@type\":\"PropertyValueSpecification\",\"valueRequired\":true,\"valueName\":\"search_term_string\"}}],\"inLanguage\":\"et-EE\"},{\"@type\":\"Organization\",\"@id\":\"https:\/\/multi-mam.com\/ee\/#organization\",\"name\":\"Multi-Mam\",\"url\":\"https:\/\/multi-mam.com\/ee\/\",\"logo\":{\"@type\":\"ImageObject\",\"inLanguage\":\"et-EE\",\"@id\":\"https:\/\/multi-mam.com\/ee\/#\/schema\/logo\/image\/\",\"url\":\"https:\/\/multi-mam.com\/app\/uploads\/sites\/13\/2022\/07\/multi-mam-logotype.png\",\"contentUrl\":\"https:\/\/multi-mam.com\/app\/uploads\/sites\/13\/2022\/07\/multi-mam-logotype.png\",\"width\":70,\"height\":96,\"caption\":\"Multi-Mam\"},\"image\":{\"@id\":\"https:\/\/multi-mam.com\/ee\/#\/schema\/logo\/image\/\"}}]}<\/script>\n<!-- \/ Yoast SEO plugin. -->","yoast_head_json":{"title":"Multi-Mam s\u00fcnnitusj\u00e4rgsed sidemed - Multi-Mam","description":"P\u00e4rast s\u00fcnnitust on nahk tihti v\u00e4ga tundlik. Pehmed sidemed sobivad ideaalselt kasutamiseks intiimpiirkonnas.","robots":{"index":"index","follow":"follow","max-snippet":"max-snippet:-1","max-image-preview":"max-image-preview:large","max-video-preview":"max-video-preview:-1"},"canonical":"https:\/\/multi-mam.com\/ee\/toote\/multi-mam-sunnitusjargsed-sidemed\/","og_locale":"et_EE","og_type":"article","og_title":"Multi-Mam s\u00fcnnitusj\u00e4rgsed sidemed - Multi-Mam","og_description":"P\u00e4rast s\u00fcnnitust on nahk tihti v\u00e4ga tundlik. Pehmed sidemed sobivad ideaalselt kasutamiseks intiimpiirkonnas.","og_url":"https:\/\/multi-mam.com\/ee\/toote\/multi-mam-sunnitusjargsed-sidemed\/","og_site_name":"Multi-Mam","article_modified_time":"2025-04-16T07:48:34+00:00","og_image":[{"width":1400,"height":1400,"url":"https:\/\/multi-mam.com\/app\/uploads\/sites\/13\/2025\/04\/Multi-Mam-Wochenbett-Pads-2.png","type":"image\/png"}],"twitter_card":"summary_large_image","twitter_misc":{"Est. reading time":"1 minute"},"schema":{"@context":"https:\/\/schema.org","@graph":[{"@type":"WebPage","@id":"https:\/\/multi-mam.com\/ee\/toote\/multi-mam-sunnitusjargsed-sidemed\/","url":"https:\/\/multi-mam.com\/ee\/toote\/multi-mam-sunnitusjargsed-sidemed\/","name":"Multi-Mam s\u00fcnnitusj\u00e4rgsed sidemed - Multi-Mam","isPartOf":{"@id":"https:\/\/multi-mam.com\/ee\/#website"},"primaryImageOfPage":{"@id":"https:\/\/multi-mam.com\/ee\/toote\/multi-mam-sunnitusjargsed-sidemed\/#primaryimage"},"image":{"@id":"https:\/\/multi-mam.com\/ee\/toote\/multi-mam-sunnitusjargsed-sidemed\/#primaryimage"},"thumbnailUrl":"https:\/\/multi-mam.com\/app\/uploads\/sites\/13\/2025\/04\/Multi-Mam-Wochenbett-Pads-2.png","datePublished":"2025-04-16T07:48:28+00:00","dateModified":"2025-04-16T07:48:34+00:00","description":"P\u00e4rast s\u00fcnnitust on nahk tihti v\u00e4ga tundlik. Pehmed sidemed sobivad ideaalselt kasutamiseks intiimpiirkonnas.","breadcrumb":{"@id":"https:\/\/multi-mam.com\/ee\/toote\/multi-mam-sunnitusjargsed-sidemed\/#breadcrumb"},"inLanguage":"et-EE","potentialAction":[{"@type":"ReadAction","target":["https:\/\/multi-mam.com\/ee\/toote\/multi-mam-sunnitusjargsed-sidemed\/"]}]},{"@type":"ImageObject","inLanguage":"et-EE","@id":"https:\/\/multi-mam.com\/ee\/toote\/multi-mam-sunnitusjargsed-sidemed\/#primaryimage","url":"https:\/\/multi-mam.com\/app\/uploads\/sites\/13\/2025\/04\/Multi-Mam-Wochenbett-Pads-2.png","contentUrl":"https:\/\/multi-mam.com\/app\/uploads\/sites\/13\/2025\/04\/Multi-Mam-Wochenbett-Pads-2.png","width":1400,"height":1400,"caption":"Multi-Mam s\u00fcnnitusj\u00e4rgsed sidemed"},{"@type":"BreadcrumbList","@id":"https:\/\/multi-mam.com\/ee\/toote\/multi-mam-sunnitusjargsed-sidemed\/#breadcrumb","itemListElement":[{"@type":"ListItem","position":1,"name":"Home","item":"https:\/\/multi-mam.com\/ee\/"},{"@type":"ListItem","position":2,"name":"Tooted","item":"https:\/\/multi-mam.com\/ee\/tooted\/"},{"@type":"ListItem","position":3,"name":"Multi-Mam s\u00fcnnitusj\u00e4rgsed sidemed"}]},{"@type":"WebSite","@id":"https:\/\/multi-mam.com\/ee\/#website","url":"https:\/\/multi-mam.com\/ee\/","name":"Multi-Mam","description":"","publisher":{"@id":"https:\/\/multi-mam.com\/ee\/#organization"},"potentialAction":[{"@type":"SearchAction","target":{"@type":"EntryPoint","urlTemplate":"https:\/\/multi-mam.com\/ee\/?s={search_term_string}"},"query-input":{"@type":"PropertyValueSpecification","valueRequired":true,"valueName":"search_term_string"}}],"inLanguage":"et-EE"},{"@type":"Organization","@id":"https:\/\/multi-mam.com\/ee\/#organization","name":"Multi-Mam","url":"https:\/\/multi-mam.com\/ee\/","logo":{"@type":"ImageObject","inLanguage":"et-EE","@id":"https:\/\/multi-mam.com\/ee\/#\/schema\/logo\/image\/","url":"https:\/\/multi-mam.com\/app\/uploads\/sites\/13\/2022\/07\/multi-mam-logotype.png","contentUrl":"https:\/\/multi-mam.com\/app\/uploads\/sites\/13\/2022\/07\/multi-mam-logotype.png","width":70,"height":96,"caption":"Multi-Mam"},"image":{"@id":"https:\/\/multi-mam.com\/ee\/#\/schema\/logo\/image\/"}}]}},"_links":{"self":[{"href":"https:\/\/multi-mam.com\/ee\/wp-json\/wp\/v2\/product\/121","targetHints":{"allow":["GET"]}}],"collection":[{"href":"https:\/\/multi-mam.com\/ee\/wp-json\/wp\/v2\/product"}],"about":[{"href":"https:\/\/multi-mam.com\/ee\/wp-json\/wp\/v2\/types\/product"}],"replies":[{"embeddable":true,"href":"https:\/\/multi-mam.com\/ee\/wp-json\/wp\/v2\/comments?post=121"}],"version-history":[{"count":1,"href":"https:\/\/multi-mam.com\/ee\/wp-json\/wp\/v2\/product\/121\/revisions"}],"predecessor-version":[{"id":123,"href":"https:\/\/multi-mam.com\/ee\/wp-json\/wp\/v2\/product\/121\/revisions\/123"}],"wp:featuredmedia":[{"embeddable":true,"href":"https:\/\/multi-mam.com\/ee\/wp-json\/wp\/v2\/media\/122"}],"wp:attachment":[{"href":"https:\/\/multi-mam.com\/ee\/wp-json\/wp\/v2\/media?parent=121"}],"wp:term":[{"taxonomy":"product_brand","embeddable":true,"href":"https:\/\/multi-mam.com\/ee\/wp-json\/wp\/v2\/product_brand?post=121"},{"taxonomy":"product_cat","embeddable":true,"href":"https:\/\/multi-mam.com\/ee\/wp-json\/wp\/v2\/product_cat?post=121"},{"taxonomy":"product_tag","embeddable":true,"href":"https:\/\/multi-mam.com\/ee\/wp-json\/wp\/v2\/product_tag?post=121"}],"curies":[{"name":"wp","href":"https:\/\/api.w.org\/{rel}","templated":true}]}}