{"id":50,"date":"2022-07-13T12:26:59","date_gmt":"2022-07-13T09:26:59","guid":{"rendered":"https:\/\/multi-mam.com\/ee\/?page_id=50"},"modified":"2023-10-25T10:22:22","modified_gmt":"2023-10-25T07:22:22","slug":"faq","status":"publish","type":"page","link":"https:\/\/multi-mam.com\/ee\/faq\/","title":{"rendered":"FAQ"},"content":{"rendered":"\n<div class=\"wp-block-karopharma-background-image-with-text-v2 background-image-with-text-v2 undefined content-position-center fixed-height-layout\" datatest=\"root\"><div class=\"background-image-with-text-wrapper\"><picture class=\"background-image-with-text-image\"><source media=\"(max-width: 560px)\" srcset=\"https:\/\/multi-mam.com\/cdn-cgi\/image\/format=auto,width=560\/app\/uploads\/sites\/13\/2022\/07\/Hintergrund-faq.jpeg\"\/><source media=\"(max-width: 800px)\" srcset=\"https:\/\/multi-mam.com\/cdn-cgi\/image\/format=auto,width=800\/app\/uploads\/sites\/13\/2022\/07\/Hintergrund-faq.jpeg\"\/><source media=\"(max-width: 1920px)\" srcset=\"https:\/\/multi-mam.com\/cdn-cgi\/image\/format=auto,width=1920\/app\/uploads\/sites\/13\/2022\/07\/Hintergrund-faq.jpeg\"\/><img decoding=\"async\" width=\"1400\" height=\"933\" datatest=\"background-image\" loading=\"lazy\" class=\"object-center object-cover\" src=\"https:\/\/multi-mam.com\/cdn-cgi\/image\/format=auto\/app\/uploads\/sites\/13\/2022\/07\/Hintergrund-faq.jpeg\" alt=\"FAQ\"\/><\/picture><div datatest=\"content-wrapper\" class=\"background-image-with-text-content-wrapper container max-w-medium text-alignment-left  pt-large pb-large\"><div class=\"content\"><h1 datatest=\"heading\" class=\"\">FAQ<\/h1>\n<div class=\"wp-block-buttons is-layout-flex wp-block-buttons-is-layout-flex\"><\/div>\n<\/div><\/div><\/div><\/div>\n\n\n\n<div class=\"wp-block-karopharma-accordions\"><div class=\"container\">\n<details class=\"wp-block-karopharma-accordion\"><summary><h2 class=\"accordion-title\">Kas ma pean Multi-Mam Protect palsami enne rinnaga toitmist eemaldama?<\/h2><\/summary><div class=\"accordion-content\">\n<p>Ei, see on allaneelamisel kahjutu ja sellel on neutraalne maitse ning l\u00f5hn. Eriti soovitatav on kasutada palsamit kohe p\u00e4rast imetamist. Kui kasutate palsamit vahetult enne rinnaga toitmist, v\u00f5ib see imikule rinna haaramise raskemaks muuta.<\/p>\n<\/div><\/details>\n\n\n\n<details class=\"wp-block-karopharma-accordion\"><summary><h2 class=\"accordion-title\">Kui sageli ma pean Multi-Mam Protect palsamit kasutama?<\/h2><\/summary><div class=\"accordion-content\">\n<p><br>V\u00f5ite kasutada nii sageli, kui soovite. Eriti soovitatav on kasutada palsamit kohe p\u00e4rast imetamist<\/p>\n<\/div><\/details>\n\n\n\n<details class=\"wp-block-karopharma-accordion\"><summary><h2 class=\"accordion-title\">Mind vaevavad j\u00e4tkuvalt rinnanibude l\u00f5hed, mis on v\u00e4ga valulikud. Mida ma saan teha?<\/h2><\/summary><div class=\"accordion-content\">\n<p>Kasuta kreemi, mis pehmendab ja taastab nahakudet ning mida pole vaja enne imetamist eemaldada. Multi-Mam Protect on veganlik palsam, mis kaitseb nibusid kuivamise ja pragunemise eest. See palsam taastab naha barj\u00e4\u00e4rifunktsiooni, aitab hoida nahka pehme ja elastsena ning seda ei ole vaja enne imetamist eemaldada. Otse loomulikult ei sisalda Multi-Mam Protect parf\u00fc\u00fcme ega s\u00e4ilitusaineid. Valulike nibude korral proovige ka kompresse Multi-Mam Compresses.<\/p>\n<\/div><\/details>\n\n\n\n<details class=\"wp-block-karopharma-accordion\"><summary><h2 class=\"accordion-title\">Mis p\u00f5hjustab nibuprobleeme?<\/h2><\/summary><div class=\"accordion-content\">\n<p>Enamik nibuprobleeme tuleneb kehvast rinna haaramisest; on oluline, et k\u00f5ige tundlikum osa nibu kudedest t\u00f5mmatakse s\u00fcgavalt beebi suhu. Naha looduslikku kaitset v\u00e4hendavate toodete, n\u00e4iteks seepide ja \u0161ampoonide kasutamine v\u00f5ib p\u00f5hjustada ka nibude l\u00f5henemist. Lisaks v\u00f5ivad ka seeninfektsioonid, ekseem v\u00f5i kalduvus kuivale nahale p\u00f5hjustada nibuprobleeme.<\/p>\n<\/div><\/details>\n\n\n\n<details class=\"wp-block-karopharma-accordion\"><summary><h2 class=\"accordion-title\">Kuidas Multi-Mam kompresse kasutada?<\/h2><\/summary><div class=\"accordion-content\">\n<p>Ava kotike, voldi kompress lahti ja aseta geeliga immutatud pool valusale nibule. J\u00e4ta kompress peale nii kaua kui vaja. Vaata soovitatud aegu allpool.<\/p>\n<\/div><\/details>\n\n\n\n<details class=\"wp-block-karopharma-accordion\"><summary><h2 class=\"accordion-title\">Millal ma peaksin neid kompresse kasutama \u2013 enne v\u00f5i p\u00e4rast imetamist?<\/h2><\/summary><div class=\"accordion-content\">\n<p>Soovitame teil kasutada Multi-Mam Compress`i kohe p\u00e4rast s\u00f6\u00f6tmist, sest kui seda kasutatakse vahetult enne s\u00f6\u00f6tmist, v\u00f5ib niiskus reskendada beebil rinna korralikku haaramist.<\/p>\n<\/div><\/details>\n\n\n\n<details class=\"wp-block-karopharma-accordion\"><summary><h2 class=\"accordion-title\">Kui kaua peaksin Multi-Mam kompressi oma rinnal hoidma?<\/h2><\/summary><div class=\"accordion-content\">\n<p>Ideaalis 30 minutit; kuid v\u00e4hemalt 10 minutit ja maksimaalselt \u00fcks tund.<\/p>\n<\/div><\/details>\n\n\n\n<details class=\"wp-block-karopharma-accordion\"><summary><h2 class=\"accordion-title\">Mitu korda v\u00f5in kasutada \u00fchte Multi-Mam kompressi?<\/h2><\/summary><div class=\"accordion-content\">\n<p>Iga kompress on m\u00f5eldud ainult \u00fchekordseks kasutamiseks. P\u00e4rast kasutamist tuleb see h\u00fcgieenilistel p\u00f5hjustel \u00e4ra visata.<\/p>\n<\/div><\/details>\n\n\n\n<details class=\"wp-block-karopharma-accordion\"><summary><h2 class=\"accordion-title\">Mul ei ole siiani mingeid probleeme. Kas Multi-Mam kompresse on hea kasutada ka ettevaatusabin\u00f5una?<\/h2><\/summary><div class=\"accordion-content\">\n<p>Ettevaatusabin\u00f5una soovitame Multi-Mam Protecti. See kaitseb nibusid kuivamise ja l\u00f5henemise eest.<\/p>\n<\/div><\/details>\n\n\n\n<details class=\"wp-block-karopharma-accordion\"><summary><h2 class=\"accordion-title\">Kui mu beebi neelab pisut Multi-Mam kompressilt p\u00e4rinevat geeli, kas see v\u00f5ib olla kahjulik?&nbsp;<\/h2><\/summary><div class=\"accordion-content\">\n<p>Ei, geel on lapsele ohutu. Enne imetamist ei pea \u00fcleliigset geeli eemaldama.<\/p>\n<\/div><\/details>\n\n\n\n<details class=\"wp-block-karopharma-accordion\"><summary><h2 class=\"accordion-title\">&nbsp;Kui sageli ma v\u00f5in seda geeli oma beebil kasutada?&nbsp;<\/h2><\/summary><div class=\"accordion-content\">\n<p>Nii tihti kui soovid ehk alati, kui on vaja rahustavat toimet.<\/p>\n<\/div><\/details>\n\n\n\n<details class=\"wp-block-karopharma-accordion\"><summary><h2 class=\"accordion-title\">Mu beebi on alla neelanud k\u00fcllaltki suure hulga seda geeli, kas see on kahjulik?<\/h2><\/summary><div class=\"accordion-content\">\n<p>Ei, see pole probleem, kui laps neelab geeli alla.<\/p>\n<\/div><\/details>\n\n\n\n<details class=\"wp-block-karopharma-accordion\"><summary><h2 class=\"accordion-title\">Geel voolab mu s\u00f5rmelt maha, kuidas ma peaksin seda oma lapse igemetele m\u00e4\u00e4rima?<\/h2><\/summary><div class=\"accordion-content\">\n<p>Pane geeli otse lutile v\u00f5i n\u00e4rimisr\u00f5ngale-kohtadele, kus see igemetega kokku puutub.<\/p>\n<\/div><\/details>\n\n\n\n<details class=\"wp-block-karopharma-accordion\"><summary><h2 class=\"accordion-title\">Kuidas Multi-Mam After-Birth spreid kasutada?<\/h2><\/summary><div class=\"accordion-content\">\n<p>Enne kasutamist loksutada korralikult. Pihustage otse intiimpiirkonnale millal iganes soovite rahustamist. V\u00f5ib kasutada \u00f5mblustel ja koheselt p\u00e4rast s\u00fcnnitust*.<br>*Ainult v\u00e4lispidiseks kasutamiseks. Mitte kasutada lahtistel haavadel.<\/p>\n<\/div><\/details>\n\n\n\n<details class=\"wp-block-karopharma-accordion\"><summary><h2 class=\"accordion-title\">Kui sageli pean ma Multi-Mam After-Birth spreid kasutama?<\/h2><\/summary><div class=\"accordion-content\">\n<p>See s\u00f5ltub teie ebamugavustunde tasemest. V\u00f5ite Multi-Mam After-Birth spreid kasutada alati, kui soovite naha rahustamist. V\u00f5ite pihustada seda intiimpiirkonna naha kaitsmiseks iga kord, kui k\u00fclastate WC-d.<\/p>\n<\/div><\/details>\n\n\n\n<details class=\"wp-block-karopharma-accordion\"><summary><h2 class=\"accordion-title\">Kas ma v\u00f5in Multi-Mam After-Birth spreid kasutada s\u00fcnnitusj\u00e4rgsel h\u00fcgieenisidemel?<\/h2><\/summary><div class=\"accordion-content\">\n<p>Jah, v\u00f5ite pihustada Multi-Mam After-Birth spreid s\u00fcnnitusj\u00e4rgsele h\u00fcgieenisidemele v\u00f5i otse nahale vastavalt isiklikule eelistusele.<\/p>\n<\/div><\/details>\n<\/div><\/div>\n","protected":false},"excerpt":{"rendered":"","protected":false},"author":2,"featured_media":0,"parent":0,"menu_order":0,"comment_status":"closed","ping_status":"closed","template":"","meta":{"_acf_changed":false,"footnotes":""},"from-article-database":[],"class_list":["post-50","page","type-page","status-publish","hentry"],"acf":[],"yoast_head":"<!-- This site is optimized with the Yoast SEO plugin v26.6 - https:\/\/yoast.com\/wordpress\/plugins\/seo\/ -->\n<title>FAQ - Multi-Mam<\/title>\n<meta name=\"description\" content=\"Kas ma pean Multi-Mam Protect palsami enne rinnaga toitmist eemaldama? Mitu korda v\u00f5in kasutada \u00fchte Multi-Mam kompressi?\" \/>\n<meta name=\"robots\" content=\"index, follow, max-snippet:-1, max-image-preview:large, max-video-preview:-1\" \/>\n<link rel=\"canonical\" href=\"https:\/\/multi-mam.com\/ee\/faq\/\" \/>\n<meta property=\"og:locale\" content=\"et_EE\" \/>\n<meta property=\"og:type\" content=\"article\" \/>\n<meta property=\"og:title\" content=\"FAQ - Multi-Mam\" \/>\n<meta property=\"og:description\" content=\"Kas ma pean Multi-Mam Protect palsami enne rinnaga toitmist eemaldama? Mitu korda v\u00f5in kasutada \u00fchte Multi-Mam kompressi?\" \/>\n<meta property=\"og:url\" content=\"https:\/\/multi-mam.com\/ee\/faq\/\" \/>\n<meta property=\"og:site_name\" content=\"Multi-Mam\" \/>\n<meta property=\"article:modified_time\" content=\"2023-10-25T07:22:22+00:00\" \/>\n<meta property=\"og:image\" content=\"https:\/\/multi-mam.com\/cdn-cgi\/image\/format=auto\/app\/uploads\/sites\/13\/2022\/07\/Hintergrund-faq.jpeg\" \/>\n<meta name=\"twitter:card\" content=\"summary_large_image\" \/>\n<meta name=\"twitter:label1\" content=\"Est. reading time\" \/>\n\t<meta name=\"twitter:data1\" content=\"3 minutes\" \/>\n<script type=\"application\/ld+json\" class=\"yoast-schema-graph\">{\"@context\":\"https:\/\/schema.org\",\"@graph\":[{\"@type\":\"WebPage\",\"@id\":\"https:\/\/multi-mam.com\/ee\/faq\/\",\"url\":\"https:\/\/multi-mam.com\/ee\/faq\/\",\"name\":\"FAQ - Multi-Mam\",\"isPartOf\":{\"@id\":\"https:\/\/multi-mam.com\/ee\/#website\"},\"primaryImageOfPage\":{\"@id\":\"https:\/\/multi-mam.com\/ee\/faq\/#primaryimage\"},\"image\":{\"@id\":\"https:\/\/multi-mam.com\/ee\/faq\/#primaryimage\"},\"thumbnailUrl\":\"https:\/\/multi-mam.com\/cdn-cgi\/image\/format=auto\/app\/uploads\/sites\/13\/2022\/07\/Hintergrund-faq.jpeg\",\"datePublished\":\"2022-07-13T09:26:59+00:00\",\"dateModified\":\"2023-10-25T07:22:22+00:00\",\"description\":\"Kas ma pean Multi-Mam Protect palsami enne rinnaga toitmist eemaldama? Mitu korda v\u00f5in kasutada \u00fchte Multi-Mam kompressi?\",\"breadcrumb\":{\"@id\":\"https:\/\/multi-mam.com\/ee\/faq\/#breadcrumb\"},\"inLanguage\":\"et-EE\",\"potentialAction\":[{\"@type\":\"ReadAction\",\"target\":[\"https:\/\/multi-mam.com\/ee\/faq\/\"]}]},{\"@type\":\"ImageObject\",\"inLanguage\":\"et-EE\",\"@id\":\"https:\/\/multi-mam.com\/ee\/faq\/#primaryimage\",\"url\":\"https:\/\/multi-mam.com\/cdn-cgi\/image\/format=auto\/app\/uploads\/sites\/13\/2022\/07\/Hintergrund-faq.jpeg\",\"contentUrl\":\"https:\/\/multi-mam.com\/cdn-cgi\/image\/format=auto\/app\/uploads\/sites\/13\/2022\/07\/Hintergrund-faq.jpeg\"},{\"@type\":\"BreadcrumbList\",\"@id\":\"https:\/\/multi-mam.com\/ee\/faq\/#breadcrumb\",\"itemListElement\":[{\"@type\":\"ListItem\",\"position\":1,\"name\":\"Home\",\"item\":\"https:\/\/multi-mam.com\/ee\/\"},{\"@type\":\"ListItem\",\"position\":2,\"name\":\"FAQ\"}]},{\"@type\":\"WebSite\",\"@id\":\"https:\/\/multi-mam.com\/ee\/#website\",\"url\":\"https:\/\/multi-mam.com\/ee\/\",\"name\":\"Multi-Mam\",\"description\":\"\",\"publisher\":{\"@id\":\"https:\/\/multi-mam.com\/ee\/#organization\"},\"potentialAction\":[{\"@type\":\"SearchAction\",\"target\":{\"@type\":\"EntryPoint\",\"urlTemplate\":\"https:\/\/multi-mam.com\/ee\/?s={search_term_string}\"},\"query-input\":{\"@type\":\"PropertyValueSpecification\",\"valueRequired\":true,\"valueName\":\"search_term_string\"}}],\"inLanguage\":\"et-EE\"},{\"@type\":\"Organization\",\"@id\":\"https:\/\/multi-mam.com\/ee\/#organization\",\"name\":\"Multi-Mam\",\"url\":\"https:\/\/multi-mam.com\/ee\/\",\"logo\":{\"@type\":\"ImageObject\",\"inLanguage\":\"et-EE\",\"@id\":\"https:\/\/multi-mam.com\/ee\/#\/schema\/logo\/image\/\",\"url\":\"https:\/\/multi-mam.com\/app\/uploads\/sites\/13\/2022\/07\/multi-mam-logotype.png\",\"contentUrl\":\"https:\/\/multi-mam.com\/app\/uploads\/sites\/13\/2022\/07\/multi-mam-logotype.png\",\"width\":70,\"height\":96,\"caption\":\"Multi-Mam\"},\"image\":{\"@id\":\"https:\/\/multi-mam.com\/ee\/#\/schema\/logo\/image\/\"}}]}<\/script>\n<!-- \/ Yoast SEO plugin. -->","yoast_head_json":{"title":"FAQ - Multi-Mam","description":"Kas ma pean Multi-Mam Protect palsami enne rinnaga toitmist eemaldama? Mitu korda v\u00f5in kasutada \u00fchte Multi-Mam kompressi?","robots":{"index":"index","follow":"follow","max-snippet":"max-snippet:-1","max-image-preview":"max-image-preview:large","max-video-preview":"max-video-preview:-1"},"canonical":"https:\/\/multi-mam.com\/ee\/faq\/","og_locale":"et_EE","og_type":"article","og_title":"FAQ - Multi-Mam","og_description":"Kas ma pean Multi-Mam Protect palsami enne rinnaga toitmist eemaldama? Mitu korda v\u00f5in kasutada \u00fchte Multi-Mam kompressi?","og_url":"https:\/\/multi-mam.com\/ee\/faq\/","og_site_name":"Multi-Mam","article_modified_time":"2023-10-25T07:22:22+00:00","og_image":[{"url":"https:\/\/multi-mam.com\/cdn-cgi\/image\/format=auto\/app\/uploads\/sites\/13\/2022\/07\/Hintergrund-faq.jpeg","type":"","width":"","height":""}],"twitter_card":"summary_large_image","twitter_misc":{"Est. reading time":"3 minutes"},"schema":{"@context":"https:\/\/schema.org","@graph":[{"@type":"WebPage","@id":"https:\/\/multi-mam.com\/ee\/faq\/","url":"https:\/\/multi-mam.com\/ee\/faq\/","name":"FAQ - Multi-Mam","isPartOf":{"@id":"https:\/\/multi-mam.com\/ee\/#website"},"primaryImageOfPage":{"@id":"https:\/\/multi-mam.com\/ee\/faq\/#primaryimage"},"image":{"@id":"https:\/\/multi-mam.com\/ee\/faq\/#primaryimage"},"thumbnailUrl":"https:\/\/multi-mam.com\/cdn-cgi\/image\/format=auto\/app\/uploads\/sites\/13\/2022\/07\/Hintergrund-faq.jpeg","datePublished":"2022-07-13T09:26:59+00:00","dateModified":"2023-10-25T07:22:22+00:00","description":"Kas ma pean Multi-Mam Protect palsami enne rinnaga toitmist eemaldama? Mitu korda v\u00f5in kasutada \u00fchte Multi-Mam kompressi?","breadcrumb":{"@id":"https:\/\/multi-mam.com\/ee\/faq\/#breadcrumb"},"inLanguage":"et-EE","potentialAction":[{"@type":"ReadAction","target":["https:\/\/multi-mam.com\/ee\/faq\/"]}]},{"@type":"ImageObject","inLanguage":"et-EE","@id":"https:\/\/multi-mam.com\/ee\/faq\/#primaryimage","url":"https:\/\/multi-mam.com\/cdn-cgi\/image\/format=auto\/app\/uploads\/sites\/13\/2022\/07\/Hintergrund-faq.jpeg","contentUrl":"https:\/\/multi-mam.com\/cdn-cgi\/image\/format=auto\/app\/uploads\/sites\/13\/2022\/07\/Hintergrund-faq.jpeg"},{"@type":"BreadcrumbList","@id":"https:\/\/multi-mam.com\/ee\/faq\/#breadcrumb","itemListElement":[{"@type":"ListItem","position":1,"name":"Home","item":"https:\/\/multi-mam.com\/ee\/"},{"@type":"ListItem","position":2,"name":"FAQ"}]},{"@type":"WebSite","@id":"https:\/\/multi-mam.com\/ee\/#website","url":"https:\/\/multi-mam.com\/ee\/","name":"Multi-Mam","description":"","publisher":{"@id":"https:\/\/multi-mam.com\/ee\/#organization"},"potentialAction":[{"@type":"SearchAction","target":{"@type":"EntryPoint","urlTemplate":"https:\/\/multi-mam.com\/ee\/?s={search_term_string}"},"query-input":{"@type":"PropertyValueSpecification","valueRequired":true,"valueName":"search_term_string"}}],"inLanguage":"et-EE"},{"@type":"Organization","@id":"https:\/\/multi-mam.com\/ee\/#organization","name":"Multi-Mam","url":"https:\/\/multi-mam.com\/ee\/","logo":{"@type":"ImageObject","inLanguage":"et-EE","@id":"https:\/\/multi-mam.com\/ee\/#\/schema\/logo\/image\/","url":"https:\/\/multi-mam.com\/app\/uploads\/sites\/13\/2022\/07\/multi-mam-logotype.png","contentUrl":"https:\/\/multi-mam.com\/app\/uploads\/sites\/13\/2022\/07\/multi-mam-logotype.png","width":70,"height":96,"caption":"Multi-Mam"},"image":{"@id":"https:\/\/multi-mam.com\/ee\/#\/schema\/logo\/image\/"}}]}},"_links":{"self":[{"href":"https:\/\/multi-mam.com\/ee\/wp-json\/wp\/v2\/pages\/50","targetHints":{"allow":["GET"]}}],"collection":[{"href":"https:\/\/multi-mam.com\/ee\/wp-json\/wp\/v2\/pages"}],"about":[{"href":"https:\/\/multi-mam.com\/ee\/wp-json\/wp\/v2\/types\/page"}],"author":[{"embeddable":true,"href":"https:\/\/multi-mam.com\/ee\/wp-json\/wp\/v2\/users\/2"}],"replies":[{"embeddable":true,"href":"https:\/\/multi-mam.com\/ee\/wp-json\/wp\/v2\/comments?post=50"}],"version-history":[{"count":3,"href":"https:\/\/multi-mam.com\/ee\/wp-json\/wp\/v2\/pages\/50\/revisions"}],"predecessor-version":[{"id":107,"href":"https:\/\/multi-mam.com\/ee\/wp-json\/wp\/v2\/pages\/50\/revisions\/107"}],"wp:attachment":[{"href":"https:\/\/multi-mam.com\/ee\/wp-json\/wp\/v2\/media?parent=50"}],"wp:term":[{"taxonomy":"from-article-database","embeddable":true,"href":"https:\/\/multi-mam.com\/ee\/wp-json\/wp\/v2\/from-article-database?post=50"}],"curies":[{"name":"wp","href":"https:\/\/api.w.org\/{rel}","templated":true}]}}