{"id":82,"date":"2022-06-22T08:41:47","date_gmt":"2022-06-22T06:41:47","guid":{"rendered":"https:\/\/multi-mam.com\/dk\/?post_type=product&#038;p=82"},"modified":"2026-02-17T11:08:32","modified_gmt":"2026-02-17T10:08:32","slug":"multi-mam-kompresser","status":"publish","type":"product","link":"https:\/\/multi-mam.com\/dk\/vare\/multi-mam-kompresser\/","title":{"rendered":"Multi-Mam\u00ae Kompresser"},"content":{"rendered":"\n<div class=\"wp-block-karopharma-accordions is-style-secondary\"><div class=\"container\">\n<details class=\"wp-block-karopharma-accordion\"><summary><h2 class=\"accordion-title\">Hvordan bruger jeg Multi-Mam Kompresser?<\/h2><\/summary><div class=\"accordion-content\">\n<p>\u00c5bn posen, fold kompresset ud, og anbring den gelimpr\u00e6gnerede side p\u00e5 den \u00f8mme brystvorte. Lad kompresset sidde p\u00e5 s\u00e5 l\u00e6nge, det er n\u00f8dvendigt. Se anbefalede tider nedenfor.<\/p>\n<\/div><\/details>\n\n\n\n<details class=\"wp-block-karopharma-accordion\"><summary><h2 class=\"accordion-title\">Hvor l\u00e6nge skal jeg lade et Multi-Mam-kompres sidde p\u00e5 mit bryst?<\/h2><\/summary><div class=\"accordion-content\">\n<p>Ideelt i 30 minutter, men mindst 10 minutter og h\u00f8jst 1 time.<\/p>\n<\/div><\/details>\n\n\n\n<details class=\"wp-block-karopharma-accordion\"><summary><h2 class=\"accordion-title\">Hvor mange gange kan jeg bruge et Multi-Mam-kompres?<\/h2><\/summary><div class=\"accordion-content\">\n<p>Hvert kompres er kun til engangsbrug. Af hygiejniske \u00e5rsager skal det bortskaffes efter brug.<\/p>\n<\/div><\/details>\n\n\n\n<details class=\"wp-block-karopharma-accordion\"><summary><h2 class=\"accordion-title\">Kan det v\u00e6re skadeligt, hvis mit barn sluger noget af gelen fra Multi-Mam Kompresser?<\/h2><\/summary><div class=\"accordion-content\">\n<p>Nej, gelen er sikker for dit barn. Du beh\u00f8ver ikke fjerne overskydende gel f\u00f8r amning.<\/p>\n<\/div><\/details>\n<\/div><\/div>\n","protected":false},"excerpt":{"rendered":"<p>Sk\u00e5nsom pleje for komfortabel amning<\/p>\n","protected":false},"featured_media":154,"comment_status":"closed","ping_status":"closed","template":"","meta":{"_acf_changed":false,"footnotes":""},"product_brand":[],"product_cat":[17],"product_tag":[],"class_list":{"0":"post-82","1":"product","2":"type-product","3":"status-publish","4":"has-post-thumbnail","6":"product_cat-amning","8":"first","9":"instock","10":"shipping-taxable","11":"product-type-simple"},"acf":[],"yoast_head":"<!-- This site is optimized with the Yoast SEO plugin v26.6 - https:\/\/yoast.com\/wordpress\/plugins\/seo\/ -->\n<title>Multi-Mam\u00ae Kompresser - Multi-Mam<\/title>\n<meta name=\"description\" content=\"Multi-Mam-kompresser er specielt udviklet til at st\u00f8tte ammende m\u00f8dre ved at give \u00f8jeblikkelig afk\u00f8ling og lindrende komfort til f\u00f8lsom hud.\" \/>\n<meta name=\"robots\" content=\"index, follow, max-snippet:-1, max-image-preview:large, max-video-preview:-1\" \/>\n<link rel=\"canonical\" href=\"https:\/\/multi-mam.com\/dk\/vare\/multi-mam-kompresser\/\" \/>\n<meta property=\"og:locale\" content=\"da_DK\" \/>\n<meta property=\"og:type\" content=\"article\" \/>\n<meta property=\"og:title\" content=\"Multi-Mam\u00ae Kompresser - Multi-Mam\" \/>\n<meta property=\"og:description\" content=\"Multi-Mam-kompresser er specielt udviklet til at st\u00f8tte ammende m\u00f8dre ved at give \u00f8jeblikkelig afk\u00f8ling og lindrende komfort til f\u00f8lsom hud.\" \/>\n<meta property=\"og:url\" content=\"https:\/\/multi-mam.com\/dk\/vare\/multi-mam-kompresser\/\" \/>\n<meta property=\"og:site_name\" content=\"Multi-Mam\" \/>\n<meta property=\"article:modified_time\" content=\"2026-02-17T10:08:32+00:00\" \/>\n<meta property=\"og:image\" content=\"https:\/\/multi-mam.com\/app\/uploads\/sites\/3\/2022\/06\/MultiMam_Compresses1.png\" \/>\n\t<meta property=\"og:image:width\" content=\"800\" \/>\n\t<meta property=\"og:image:height\" content=\"800\" \/>\n\t<meta property=\"og:image:type\" content=\"image\/png\" \/>\n<meta name=\"twitter:card\" content=\"summary_large_image\" \/>\n<meta name=\"twitter:label1\" content=\"Estimeret l\u00e6setid\" \/>\n\t<meta name=\"twitter:data1\" content=\"1 minut\" \/>\n<script type=\"application\/ld+json\" class=\"yoast-schema-graph\">{\"@context\":\"https:\/\/schema.org\",\"@graph\":[{\"@type\":\"WebPage\",\"@id\":\"https:\/\/multi-mam.com\/dk\/vare\/multi-mam-kompresser\/\",\"url\":\"https:\/\/multi-mam.com\/dk\/vare\/multi-mam-kompresser\/\",\"name\":\"Multi-Mam\u00ae Kompresser - Multi-Mam\",\"isPartOf\":{\"@id\":\"https:\/\/multi-mam.com\/dk\/#website\"},\"primaryImageOfPage\":{\"@id\":\"https:\/\/multi-mam.com\/dk\/vare\/multi-mam-kompresser\/#primaryimage\"},\"image\":{\"@id\":\"https:\/\/multi-mam.com\/dk\/vare\/multi-mam-kompresser\/#primaryimage\"},\"thumbnailUrl\":\"https:\/\/multi-mam.com\/app\/uploads\/sites\/3\/2022\/06\/MultiMam_Compresses1.png\",\"datePublished\":\"2022-06-22T06:41:47+00:00\",\"dateModified\":\"2026-02-17T10:08:32+00:00\",\"description\":\"Multi-Mam-kompresser er specielt udviklet til at st\u00f8tte ammende m\u00f8dre ved at give \u00f8jeblikkelig afk\u00f8ling og lindrende komfort til f\u00f8lsom hud.\",\"breadcrumb\":{\"@id\":\"https:\/\/multi-mam.com\/dk\/vare\/multi-mam-kompresser\/#breadcrumb\"},\"inLanguage\":\"da-DK\",\"potentialAction\":[{\"@type\":\"ReadAction\",\"target\":[\"https:\/\/multi-mam.com\/dk\/vare\/multi-mam-kompresser\/\"]}]},{\"@type\":\"ImageObject\",\"inLanguage\":\"da-DK\",\"@id\":\"https:\/\/multi-mam.com\/dk\/vare\/multi-mam-kompresser\/#primaryimage\",\"url\":\"https:\/\/multi-mam.com\/app\/uploads\/sites\/3\/2022\/06\/MultiMam_Compresses1.png\",\"contentUrl\":\"https:\/\/multi-mam.com\/app\/uploads\/sites\/3\/2022\/06\/MultiMam_Compresses1.png\",\"width\":800,\"height\":800,\"caption\":\"Multi-Mam Kompresser\"},{\"@type\":\"BreadcrumbList\",\"@id\":\"https:\/\/multi-mam.com\/dk\/vare\/multi-mam-kompresser\/#breadcrumb\",\"itemListElement\":[{\"@type\":\"ListItem\",\"position\":1,\"name\":\"Home\",\"item\":\"https:\/\/multi-mam.com\/dk\/\"},{\"@type\":\"ListItem\",\"position\":2,\"name\":\"Produkter\",\"item\":\"https:\/\/multi-mam.com\/dk\/produkter\/\"},{\"@type\":\"ListItem\",\"position\":3,\"name\":\"Multi-Mam\u00ae Kompresser\"}]},{\"@type\":\"WebSite\",\"@id\":\"https:\/\/multi-mam.com\/dk\/#website\",\"url\":\"https:\/\/multi-mam.com\/dk\/\",\"name\":\"Multi-Mam\",\"description\":\"\",\"publisher\":{\"@id\":\"https:\/\/multi-mam.com\/dk\/#organization\"},\"potentialAction\":[{\"@type\":\"SearchAction\",\"target\":{\"@type\":\"EntryPoint\",\"urlTemplate\":\"https:\/\/multi-mam.com\/dk\/?s={search_term_string}\"},\"query-input\":{\"@type\":\"PropertyValueSpecification\",\"valueRequired\":true,\"valueName\":\"search_term_string\"}}],\"inLanguage\":\"da-DK\"},{\"@type\":\"Organization\",\"@id\":\"https:\/\/multi-mam.com\/dk\/#organization\",\"name\":\"Multi-Mam\",\"url\":\"https:\/\/multi-mam.com\/dk\/\",\"logo\":{\"@type\":\"ImageObject\",\"inLanguage\":\"da-DK\",\"@id\":\"https:\/\/multi-mam.com\/dk\/#\/schema\/logo\/image\/\",\"url\":\"https:\/\/multi-mam.com\/app\/uploads\/sites\/3\/2022\/06\/multi-mam-logotype.png\",\"contentUrl\":\"https:\/\/multi-mam.com\/app\/uploads\/sites\/3\/2022\/06\/multi-mam-logotype.png\",\"width\":70,\"height\":96,\"caption\":\"Multi-Mam\"},\"image\":{\"@id\":\"https:\/\/multi-mam.com\/dk\/#\/schema\/logo\/image\/\"}}]}<\/script>\n<!-- \/ Yoast SEO plugin. -->","yoast_head_json":{"title":"Multi-Mam\u00ae Kompresser - Multi-Mam","description":"Multi-Mam-kompresser er specielt udviklet til at st\u00f8tte ammende m\u00f8dre ved at give \u00f8jeblikkelig afk\u00f8ling og lindrende komfort til f\u00f8lsom hud.","robots":{"index":"index","follow":"follow","max-snippet":"max-snippet:-1","max-image-preview":"max-image-preview:large","max-video-preview":"max-video-preview:-1"},"canonical":"https:\/\/multi-mam.com\/dk\/vare\/multi-mam-kompresser\/","og_locale":"da_DK","og_type":"article","og_title":"Multi-Mam\u00ae Kompresser - Multi-Mam","og_description":"Multi-Mam-kompresser er specielt udviklet til at st\u00f8tte ammende m\u00f8dre ved at give \u00f8jeblikkelig afk\u00f8ling og lindrende komfort til f\u00f8lsom hud.","og_url":"https:\/\/multi-mam.com\/dk\/vare\/multi-mam-kompresser\/","og_site_name":"Multi-Mam","article_modified_time":"2026-02-17T10:08:32+00:00","og_image":[{"width":800,"height":800,"url":"https:\/\/multi-mam.com\/app\/uploads\/sites\/3\/2022\/06\/MultiMam_Compresses1.png","type":"image\/png"}],"twitter_card":"summary_large_image","twitter_misc":{"Estimeret l\u00e6setid":"1 minut"},"schema":{"@context":"https:\/\/schema.org","@graph":[{"@type":"WebPage","@id":"https:\/\/multi-mam.com\/dk\/vare\/multi-mam-kompresser\/","url":"https:\/\/multi-mam.com\/dk\/vare\/multi-mam-kompresser\/","name":"Multi-Mam\u00ae Kompresser - Multi-Mam","isPartOf":{"@id":"https:\/\/multi-mam.com\/dk\/#website"},"primaryImageOfPage":{"@id":"https:\/\/multi-mam.com\/dk\/vare\/multi-mam-kompresser\/#primaryimage"},"image":{"@id":"https:\/\/multi-mam.com\/dk\/vare\/multi-mam-kompresser\/#primaryimage"},"thumbnailUrl":"https:\/\/multi-mam.com\/app\/uploads\/sites\/3\/2022\/06\/MultiMam_Compresses1.png","datePublished":"2022-06-22T06:41:47+00:00","dateModified":"2026-02-17T10:08:32+00:00","description":"Multi-Mam-kompresser er specielt udviklet til at st\u00f8tte ammende m\u00f8dre ved at give \u00f8jeblikkelig afk\u00f8ling og lindrende komfort til f\u00f8lsom hud.","breadcrumb":{"@id":"https:\/\/multi-mam.com\/dk\/vare\/multi-mam-kompresser\/#breadcrumb"},"inLanguage":"da-DK","potentialAction":[{"@type":"ReadAction","target":["https:\/\/multi-mam.com\/dk\/vare\/multi-mam-kompresser\/"]}]},{"@type":"ImageObject","inLanguage":"da-DK","@id":"https:\/\/multi-mam.com\/dk\/vare\/multi-mam-kompresser\/#primaryimage","url":"https:\/\/multi-mam.com\/app\/uploads\/sites\/3\/2022\/06\/MultiMam_Compresses1.png","contentUrl":"https:\/\/multi-mam.com\/app\/uploads\/sites\/3\/2022\/06\/MultiMam_Compresses1.png","width":800,"height":800,"caption":"Multi-Mam Kompresser"},{"@type":"BreadcrumbList","@id":"https:\/\/multi-mam.com\/dk\/vare\/multi-mam-kompresser\/#breadcrumb","itemListElement":[{"@type":"ListItem","position":1,"name":"Home","item":"https:\/\/multi-mam.com\/dk\/"},{"@type":"ListItem","position":2,"name":"Produkter","item":"https:\/\/multi-mam.com\/dk\/produkter\/"},{"@type":"ListItem","position":3,"name":"Multi-Mam\u00ae Kompresser"}]},{"@type":"WebSite","@id":"https:\/\/multi-mam.com\/dk\/#website","url":"https:\/\/multi-mam.com\/dk\/","name":"Multi-Mam","description":"","publisher":{"@id":"https:\/\/multi-mam.com\/dk\/#organization"},"potentialAction":[{"@type":"SearchAction","target":{"@type":"EntryPoint","urlTemplate":"https:\/\/multi-mam.com\/dk\/?s={search_term_string}"},"query-input":{"@type":"PropertyValueSpecification","valueRequired":true,"valueName":"search_term_string"}}],"inLanguage":"da-DK"},{"@type":"Organization","@id":"https:\/\/multi-mam.com\/dk\/#organization","name":"Multi-Mam","url":"https:\/\/multi-mam.com\/dk\/","logo":{"@type":"ImageObject","inLanguage":"da-DK","@id":"https:\/\/multi-mam.com\/dk\/#\/schema\/logo\/image\/","url":"https:\/\/multi-mam.com\/app\/uploads\/sites\/3\/2022\/06\/multi-mam-logotype.png","contentUrl":"https:\/\/multi-mam.com\/app\/uploads\/sites\/3\/2022\/06\/multi-mam-logotype.png","width":70,"height":96,"caption":"Multi-Mam"},"image":{"@id":"https:\/\/multi-mam.com\/dk\/#\/schema\/logo\/image\/"}}]}},"_links":{"self":[{"href":"https:\/\/multi-mam.com\/dk\/wp-json\/wp\/v2\/product\/82","targetHints":{"allow":["GET"]}}],"collection":[{"href":"https:\/\/multi-mam.com\/dk\/wp-json\/wp\/v2\/product"}],"about":[{"href":"https:\/\/multi-mam.com\/dk\/wp-json\/wp\/v2\/types\/product"}],"replies":[{"embeddable":true,"href":"https:\/\/multi-mam.com\/dk\/wp-json\/wp\/v2\/comments?post=82"}],"version-history":[{"count":9,"href":"https:\/\/multi-mam.com\/dk\/wp-json\/wp\/v2\/product\/82\/revisions"}],"predecessor-version":[{"id":199,"href":"https:\/\/multi-mam.com\/dk\/wp-json\/wp\/v2\/product\/82\/revisions\/199"}],"wp:featuredmedia":[{"embeddable":true,"href":"https:\/\/multi-mam.com\/dk\/wp-json\/wp\/v2\/media\/154"}],"wp:attachment":[{"href":"https:\/\/multi-mam.com\/dk\/wp-json\/wp\/v2\/media?parent=82"}],"wp:term":[{"taxonomy":"product_brand","embeddable":true,"href":"https:\/\/multi-mam.com\/dk\/wp-json\/wp\/v2\/product_brand?post=82"},{"taxonomy":"product_cat","embeddable":true,"href":"https:\/\/multi-mam.com\/dk\/wp-json\/wp\/v2\/product_cat?post=82"},{"taxonomy":"product_tag","embeddable":true,"href":"https:\/\/multi-mam.com\/dk\/wp-json\/wp\/v2\/product_tag?post=82"}],"curies":[{"name":"wp","href":"https:\/\/api.w.org\/{rel}","templated":true}]}}