{"id":68,"date":"2022-06-22T08:30:01","date_gmt":"2022-06-22T06:30:01","guid":{"rendered":"https:\/\/multi-mam.com\/dk\/?post_type=product&#038;p=68"},"modified":"2025-09-24T15:07:21","modified_gmt":"2025-09-24T13:07:21","slug":"multi-mam-protect","status":"publish","type":"product","link":"https:\/\/multi-mam.com\/dk\/vare\/multi-mam-protect\/","title":{"rendered":"Multi-Mam\u00ae Protect"},"content":{"rendered":"\n<div class=\"wp-block-karopharma-accordions is-style-secondary\"><div class=\"container\">\n<details class=\"wp-block-karopharma-accordion\"><summary><h2 class=\"accordion-title\">Skal jeg fjerne Multi-Mam Protect f\u00f8r amning?<\/h2><\/summary><div class=\"accordion-content\">\n<p>Nej, Multi-Mam Protect er ikke skadelig ved indtagelse og har en neutral smag og lugt. Det anbefales is\u00e6r at p\u00e5f\u00f8re balmen lige efter amning \u2013 hvis den p\u00e5f\u00f8res lige f\u00f8r amning, kan det v\u00e6re lidt sv\u00e6rere for din baby at f\u00e5 fat.<\/p>\n<\/div><\/details>\n\n\n\n<details class=\"wp-block-karopharma-accordion\"><summary><h2 class=\"accordion-title\">Hvor ofte skal jeg bruge Multi-Mam Protect?<\/h2><\/summary><div class=\"accordion-content\">\n<p>Du kan bruge Multi-Mam Protect s\u00e5 ofte som du har lyst. Det er s\u00e6rligt anbefalet at p\u00e5f\u00f8re balmen lige efter amning.<\/p>\n<\/div><\/details>\n\n\n\n<details class=\"wp-block-karopharma-accordion\"><summary><h2 class=\"accordion-title\">Hvad er forskellen p\u00e5 MultiMam Protect og Multi-Mam Balm?<\/h2><\/summary><div class=\"accordion-content\">\n<p>Multi-Mam Protect er 100% vegansk balm med en mild formulering hovedsageligt baseret p\u00e5 vegetabilske olier og fedtstoffer. Teksturen er glat, bl\u00f8d og sk\u00e5nsom, hvilket g\u00f8r den nem at p\u00e5f\u00f8re, selv p\u00e5 f\u00f8lsom hud. Multi-Mam Balm er ogs\u00e5 en balm baseret p\u00e5 naturlige indgredienser, men er ikke 100% vegansk, da den indeholder bivoks.<\/p>\n<\/div><\/details>\n<\/div><\/div>\n","protected":false},"excerpt":{"rendered":"<p>Beroliger brystvorterne<\/p>\n","protected":false},"featured_media":71,"comment_status":"closed","ping_status":"closed","template":"","meta":{"_acf_changed":false,"footnotes":""},"product_brand":[],"product_cat":[17],"product_tag":[],"class_list":{"0":"post-68","1":"product","2":"type-product","3":"status-publish","4":"has-post-thumbnail","6":"product_cat-amning","8":"first","9":"instock","10":"shipping-taxable","11":"product-type-simple"},"acf":[],"yoast_head":"<!-- This site is optimized with the Yoast SEO plugin v26.6 - https:\/\/yoast.com\/wordpress\/plugins\/seo\/ -->\n<title>Multi-Mam\u00ae Protect - Multi-Mam<\/title>\n<meta name=\"description\" content=\"Multi-Mam Protect er en vegansk brystvortebalm, hovedsageligt baseret p\u00e5 vegetabilske olier og fedtstoffer, der beskytter brystvorterne mod udt\u00f8rring og revner under amning.\" \/>\n<meta name=\"robots\" content=\"index, follow, max-snippet:-1, max-image-preview:large, max-video-preview:-1\" \/>\n<link rel=\"canonical\" href=\"https:\/\/multi-mam.com\/dk\/vare\/multi-mam-protect\/\" \/>\n<meta property=\"og:locale\" content=\"da_DK\" \/>\n<meta property=\"og:type\" content=\"article\" \/>\n<meta property=\"og:title\" content=\"Multi-Mam\u00ae Protect - Multi-Mam\" \/>\n<meta property=\"og:description\" content=\"Multi-Mam Protect er en vegansk brystvortebalm, hovedsageligt baseret p\u00e5 vegetabilske olier og fedtstoffer, der beskytter brystvorterne mod udt\u00f8rring og revner under amning.\" \/>\n<meta property=\"og:url\" content=\"https:\/\/multi-mam.com\/dk\/vare\/multi-mam-protect\/\" \/>\n<meta property=\"og:site_name\" content=\"Multi-Mam\" \/>\n<meta property=\"article:modified_time\" content=\"2025-09-24T13:07:21+00:00\" \/>\n<meta property=\"og:image\" content=\"https:\/\/multi-mam.com\/app\/uploads\/sites\/3\/2022\/06\/MultiMamProtect-1400x1400-1.png\" \/>\n\t<meta property=\"og:image:width\" content=\"1400\" \/>\n\t<meta property=\"og:image:height\" content=\"1400\" \/>\n\t<meta property=\"og:image:type\" content=\"image\/png\" \/>\n<meta name=\"twitter:card\" content=\"summary_large_image\" \/>\n<meta name=\"twitter:label1\" content=\"Estimeret l\u00e6setid\" \/>\n\t<meta name=\"twitter:data1\" content=\"1 minut\" \/>\n<script type=\"application\/ld+json\" class=\"yoast-schema-graph\">{\"@context\":\"https:\/\/schema.org\",\"@graph\":[{\"@type\":\"WebPage\",\"@id\":\"https:\/\/multi-mam.com\/dk\/vare\/multi-mam-protect\/\",\"url\":\"https:\/\/multi-mam.com\/dk\/vare\/multi-mam-protect\/\",\"name\":\"Multi-Mam\u00ae Protect - Multi-Mam\",\"isPartOf\":{\"@id\":\"https:\/\/multi-mam.com\/dk\/#website\"},\"primaryImageOfPage\":{\"@id\":\"https:\/\/multi-mam.com\/dk\/vare\/multi-mam-protect\/#primaryimage\"},\"image\":{\"@id\":\"https:\/\/multi-mam.com\/dk\/vare\/multi-mam-protect\/#primaryimage\"},\"thumbnailUrl\":\"https:\/\/multi-mam.com\/app\/uploads\/sites\/3\/2022\/06\/MultiMamProtect-1400x1400-1.png\",\"datePublished\":\"2022-06-22T06:30:01+00:00\",\"dateModified\":\"2025-09-24T13:07:21+00:00\",\"description\":\"Multi-Mam Protect er en vegansk brystvortebalm, hovedsageligt baseret p\u00e5 vegetabilske olier og fedtstoffer, der beskytter brystvorterne mod udt\u00f8rring og revner under amning.\",\"breadcrumb\":{\"@id\":\"https:\/\/multi-mam.com\/dk\/vare\/multi-mam-protect\/#breadcrumb\"},\"inLanguage\":\"da-DK\",\"potentialAction\":[{\"@type\":\"ReadAction\",\"target\":[\"https:\/\/multi-mam.com\/dk\/vare\/multi-mam-protect\/\"]}]},{\"@type\":\"ImageObject\",\"inLanguage\":\"da-DK\",\"@id\":\"https:\/\/multi-mam.com\/dk\/vare\/multi-mam-protect\/#primaryimage\",\"url\":\"https:\/\/multi-mam.com\/app\/uploads\/sites\/3\/2022\/06\/MultiMamProtect-1400x1400-1.png\",\"contentUrl\":\"https:\/\/multi-mam.com\/app\/uploads\/sites\/3\/2022\/06\/MultiMamProtect-1400x1400-1.png\",\"width\":1400,\"height\":1400,\"caption\":\"MultiMamProtect-1400x1400-1\"},{\"@type\":\"BreadcrumbList\",\"@id\":\"https:\/\/multi-mam.com\/dk\/vare\/multi-mam-protect\/#breadcrumb\",\"itemListElement\":[{\"@type\":\"ListItem\",\"position\":1,\"name\":\"Home\",\"item\":\"https:\/\/multi-mam.com\/dk\/\"},{\"@type\":\"ListItem\",\"position\":2,\"name\":\"Produkter\",\"item\":\"https:\/\/multi-mam.com\/dk\/produkter\/\"},{\"@type\":\"ListItem\",\"position\":3,\"name\":\"Multi-Mam\u00ae Protect\"}]},{\"@type\":\"WebSite\",\"@id\":\"https:\/\/multi-mam.com\/dk\/#website\",\"url\":\"https:\/\/multi-mam.com\/dk\/\",\"name\":\"Multi-Mam\",\"description\":\"\",\"publisher\":{\"@id\":\"https:\/\/multi-mam.com\/dk\/#organization\"},\"potentialAction\":[{\"@type\":\"SearchAction\",\"target\":{\"@type\":\"EntryPoint\",\"urlTemplate\":\"https:\/\/multi-mam.com\/dk\/?s={search_term_string}\"},\"query-input\":{\"@type\":\"PropertyValueSpecification\",\"valueRequired\":true,\"valueName\":\"search_term_string\"}}],\"inLanguage\":\"da-DK\"},{\"@type\":\"Organization\",\"@id\":\"https:\/\/multi-mam.com\/dk\/#organization\",\"name\":\"Multi-Mam\",\"url\":\"https:\/\/multi-mam.com\/dk\/\",\"logo\":{\"@type\":\"ImageObject\",\"inLanguage\":\"da-DK\",\"@id\":\"https:\/\/multi-mam.com\/dk\/#\/schema\/logo\/image\/\",\"url\":\"https:\/\/multi-mam.com\/app\/uploads\/sites\/3\/2022\/06\/multi-mam-logotype.png\",\"contentUrl\":\"https:\/\/multi-mam.com\/app\/uploads\/sites\/3\/2022\/06\/multi-mam-logotype.png\",\"width\":70,\"height\":96,\"caption\":\"Multi-Mam\"},\"image\":{\"@id\":\"https:\/\/multi-mam.com\/dk\/#\/schema\/logo\/image\/\"}}]}<\/script>\n<!-- \/ Yoast SEO plugin. -->","yoast_head_json":{"title":"Multi-Mam\u00ae Protect - Multi-Mam","description":"Multi-Mam Protect er en vegansk brystvortebalm, hovedsageligt baseret p\u00e5 vegetabilske olier og fedtstoffer, der beskytter brystvorterne mod udt\u00f8rring og revner under amning.","robots":{"index":"index","follow":"follow","max-snippet":"max-snippet:-1","max-image-preview":"max-image-preview:large","max-video-preview":"max-video-preview:-1"},"canonical":"https:\/\/multi-mam.com\/dk\/vare\/multi-mam-protect\/","og_locale":"da_DK","og_type":"article","og_title":"Multi-Mam\u00ae Protect - Multi-Mam","og_description":"Multi-Mam Protect er en vegansk brystvortebalm, hovedsageligt baseret p\u00e5 vegetabilske olier og fedtstoffer, der beskytter brystvorterne mod udt\u00f8rring og revner under amning.","og_url":"https:\/\/multi-mam.com\/dk\/vare\/multi-mam-protect\/","og_site_name":"Multi-Mam","article_modified_time":"2025-09-24T13:07:21+00:00","og_image":[{"width":1400,"height":1400,"url":"https:\/\/multi-mam.com\/app\/uploads\/sites\/3\/2022\/06\/MultiMamProtect-1400x1400-1.png","type":"image\/png"}],"twitter_card":"summary_large_image","twitter_misc":{"Estimeret l\u00e6setid":"1 minut"},"schema":{"@context":"https:\/\/schema.org","@graph":[{"@type":"WebPage","@id":"https:\/\/multi-mam.com\/dk\/vare\/multi-mam-protect\/","url":"https:\/\/multi-mam.com\/dk\/vare\/multi-mam-protect\/","name":"Multi-Mam\u00ae Protect - Multi-Mam","isPartOf":{"@id":"https:\/\/multi-mam.com\/dk\/#website"},"primaryImageOfPage":{"@id":"https:\/\/multi-mam.com\/dk\/vare\/multi-mam-protect\/#primaryimage"},"image":{"@id":"https:\/\/multi-mam.com\/dk\/vare\/multi-mam-protect\/#primaryimage"},"thumbnailUrl":"https:\/\/multi-mam.com\/app\/uploads\/sites\/3\/2022\/06\/MultiMamProtect-1400x1400-1.png","datePublished":"2022-06-22T06:30:01+00:00","dateModified":"2025-09-24T13:07:21+00:00","description":"Multi-Mam Protect er en vegansk brystvortebalm, hovedsageligt baseret p\u00e5 vegetabilske olier og fedtstoffer, der beskytter brystvorterne mod udt\u00f8rring og revner under amning.","breadcrumb":{"@id":"https:\/\/multi-mam.com\/dk\/vare\/multi-mam-protect\/#breadcrumb"},"inLanguage":"da-DK","potentialAction":[{"@type":"ReadAction","target":["https:\/\/multi-mam.com\/dk\/vare\/multi-mam-protect\/"]}]},{"@type":"ImageObject","inLanguage":"da-DK","@id":"https:\/\/multi-mam.com\/dk\/vare\/multi-mam-protect\/#primaryimage","url":"https:\/\/multi-mam.com\/app\/uploads\/sites\/3\/2022\/06\/MultiMamProtect-1400x1400-1.png","contentUrl":"https:\/\/multi-mam.com\/app\/uploads\/sites\/3\/2022\/06\/MultiMamProtect-1400x1400-1.png","width":1400,"height":1400,"caption":"MultiMamProtect-1400x1400-1"},{"@type":"BreadcrumbList","@id":"https:\/\/multi-mam.com\/dk\/vare\/multi-mam-protect\/#breadcrumb","itemListElement":[{"@type":"ListItem","position":1,"name":"Home","item":"https:\/\/multi-mam.com\/dk\/"},{"@type":"ListItem","position":2,"name":"Produkter","item":"https:\/\/multi-mam.com\/dk\/produkter\/"},{"@type":"ListItem","position":3,"name":"Multi-Mam\u00ae Protect"}]},{"@type":"WebSite","@id":"https:\/\/multi-mam.com\/dk\/#website","url":"https:\/\/multi-mam.com\/dk\/","name":"Multi-Mam","description":"","publisher":{"@id":"https:\/\/multi-mam.com\/dk\/#organization"},"potentialAction":[{"@type":"SearchAction","target":{"@type":"EntryPoint","urlTemplate":"https:\/\/multi-mam.com\/dk\/?s={search_term_string}"},"query-input":{"@type":"PropertyValueSpecification","valueRequired":true,"valueName":"search_term_string"}}],"inLanguage":"da-DK"},{"@type":"Organization","@id":"https:\/\/multi-mam.com\/dk\/#organization","name":"Multi-Mam","url":"https:\/\/multi-mam.com\/dk\/","logo":{"@type":"ImageObject","inLanguage":"da-DK","@id":"https:\/\/multi-mam.com\/dk\/#\/schema\/logo\/image\/","url":"https:\/\/multi-mam.com\/app\/uploads\/sites\/3\/2022\/06\/multi-mam-logotype.png","contentUrl":"https:\/\/multi-mam.com\/app\/uploads\/sites\/3\/2022\/06\/multi-mam-logotype.png","width":70,"height":96,"caption":"Multi-Mam"},"image":{"@id":"https:\/\/multi-mam.com\/dk\/#\/schema\/logo\/image\/"}}]}},"_links":{"self":[{"href":"https:\/\/multi-mam.com\/dk\/wp-json\/wp\/v2\/product\/68","targetHints":{"allow":["GET"]}}],"collection":[{"href":"https:\/\/multi-mam.com\/dk\/wp-json\/wp\/v2\/product"}],"about":[{"href":"https:\/\/multi-mam.com\/dk\/wp-json\/wp\/v2\/types\/product"}],"replies":[{"embeddable":true,"href":"https:\/\/multi-mam.com\/dk\/wp-json\/wp\/v2\/comments?post=68"}],"version-history":[{"count":6,"href":"https:\/\/multi-mam.com\/dk\/wp-json\/wp\/v2\/product\/68\/revisions"}],"predecessor-version":[{"id":192,"href":"https:\/\/multi-mam.com\/dk\/wp-json\/wp\/v2\/product\/68\/revisions\/192"}],"wp:featuredmedia":[{"embeddable":true,"href":"https:\/\/multi-mam.com\/dk\/wp-json\/wp\/v2\/media\/71"}],"wp:attachment":[{"href":"https:\/\/multi-mam.com\/dk\/wp-json\/wp\/v2\/media?parent=68"}],"wp:term":[{"taxonomy":"product_brand","embeddable":true,"href":"https:\/\/multi-mam.com\/dk\/wp-json\/wp\/v2\/product_brand?post=68"},{"taxonomy":"product_cat","embeddable":true,"href":"https:\/\/multi-mam.com\/dk\/wp-json\/wp\/v2\/product_cat?post=68"},{"taxonomy":"product_tag","embeddable":true,"href":"https:\/\/multi-mam.com\/dk\/wp-json\/wp\/v2\/product_tag?post=68"}],"curies":[{"name":"wp","href":"https:\/\/api.w.org\/{rel}","templated":true}]}}