{"id":38,"date":"2022-06-22T08:24:44","date_gmt":"2022-06-22T06:24:44","guid":{"rendered":"https:\/\/multi-mam.com\/dk\/?page_id=38"},"modified":"2024-05-10T11:37:00","modified_gmt":"2024-05-10T09:37:00","slug":"faq","status":"publish","type":"page","link":"https:\/\/multi-mam.com\/dk\/faq\/","title":{"rendered":"FAQ"},"content":{"rendered":"\n<div class=\"wp-block-karopharma-background-image-with-text-v2 background-image-with-text-v2 undefined content-position-center fixed-height-layout\" datatest=\"root\"><div class=\"background-image-with-text-wrapper\"><picture class=\"background-image-with-text-image\"><source media=\"(max-width: 560px)\" srcset=\"https:\/\/multi-mam.com\/cdn-cgi\/image\/format=auto,width=560\/app\/uploads\/sites\/3\/2022\/06\/Hintergrund-faq.jpeg\"\/><source media=\"(max-width: 800px)\" srcset=\"https:\/\/multi-mam.com\/cdn-cgi\/image\/format=auto,width=800\/app\/uploads\/sites\/3\/2022\/06\/Hintergrund-faq.jpeg\"\/><source media=\"(max-width: 1920px)\" srcset=\"https:\/\/multi-mam.com\/cdn-cgi\/image\/format=auto,width=1920\/app\/uploads\/sites\/3\/2022\/06\/Hintergrund-faq.jpeg\"\/><img decoding=\"async\" width=\"1400\" height=\"933\" datatest=\"background-image\" loading=\"lazy\" class=\"object-center object-cover\" src=\"https:\/\/multi-mam.com\/cdn-cgi\/image\/format=auto\/app\/uploads\/sites\/3\/2022\/06\/Hintergrund-faq.jpeg\" alt=\"faq\"\/><\/picture><div datatest=\"content-wrapper\" class=\"background-image-with-text-content-wrapper container max-w-medium text-alignment-center  pt-large pb-large\"><div class=\"content\"><h1 datatest=\"heading\" class=\"\">FAQ<\/h1>\n<div class=\"wp-block-buttons is-layout-flex wp-block-buttons-is-layout-flex\"><\/div>\n<\/div><\/div><\/div><\/div>\n\n\n\n<div class=\"wp-block-karopharma-accordions\"><div class=\"container\">\n<details class=\"wp-block-karopharma-accordion\"><summary><h2 class=\"accordion-title\">Hvorfor er amning s\u00e5 vigtig for min baby?<\/h2><\/summary><div class=\"accordion-content\">\n<p>Brystm\u00e6lk er ikke alene den ideelle mad til sp\u00e6db\u00f8rn, men amning har ogs\u00e5 en r\u00e6kke f\u00f8lelsesm\u00e6ssige og sundhedsm\u00e6ssige fordele for b\u00e5de mor og barn. Nogle af de sundhedsm\u00e6ssige fordele ved amning varer endda hele livet. Da der er s\u00e5 mange fordele ved amning, anbefaler Verdenssundhedsorganisationen at m\u00f8dre udelukkende ammer deres b\u00f8rn i de f\u00f8rste seks m\u00e5neder. Desv\u00e6rre ammes kun 40 % af alle sp\u00e6db\u00f8rn i verden ud fra denne anbefaling i dag.<\/p>\n<\/div><\/details>\n\n\n\n<details class=\"wp-block-karopharma-accordion\"><summary><h2 class=\"accordion-title\">Hvad er fordelene ved amning for barnet?<\/h2><\/summary><div class=\"accordion-content\">\n<p>Fordelene ved amning for barnet er betydelige og kan ikke genskabes med moderm\u00e6lkserstatning. Ud over n\u00e6ringsstoffer er din brystm\u00e6lk sp\u00e6kket med antioxidanter, enzymer og levende antistoffer, der er klar til at beskytte dit barn mod sygdom. Ved udelukkende at amme dit barn giver du barnet den bedste chance for at trives og overleve. Husk p\u00e5 at en hvilken som helst m\u00e6ngde brystm\u00e6lk vil \u00f8ge dit barns sundhed! Mange af fordelene ved amning forts\u00e6tter i barndommen og endda i voksenalderen. For eksempel er der mindre sandsynlighed for, at b\u00f8rn der ammes, lider af astma, eksem og allergi, n\u00e5r de bliver \u00e6ldre. De har ogs\u00e5 en lavere risiko for diabetes og fedme og har generelt et st\u00e6rkere immunsystem.<\/p>\n<\/div><\/details>\n\n\n\n<details class=\"wp-block-karopharma-accordion\"><summary><h2 class=\"accordion-title\">Hvad er fordelene ved amning for moderen?<\/h2><\/summary><div class=\"accordion-content\">\n<p>Dit barn er ikke den eneste, der h\u00f8ster fordelene ved amning. Der er ogs\u00e5 masser af fordele ved amning for moderen, b\u00e5de umiddelbart efter f\u00f8dslen og p\u00e5 lang sigt.<\/p>\n<\/div><\/details>\n\n\n\n<details class=\"wp-block-karopharma-accordion\"><summary><h2 class=\"accordion-title\">Hvad er r\u00e5m\u00e6lk? Hvordan gavner det mit barn?<\/h2><\/summary><div class=\"accordion-content\">\n<p>R\u00e5m\u00e6lk er den tykke, gule v\u00e6ske, som din krop producerer de f\u00f8rste par dage efter f\u00f8dslen, indtil din brystm\u00e6lk l\u00f8ber til. R\u00e5m\u00e6lk har en h\u00f8j koncentration af n\u00e6ringsstoffer og har et s\u00e6rligt h\u00f8jt indhold af antistoffer, der hj\u00e6lper med at opbygge dit barns umodne immunsystem fra bunden. Faktisk er antistofferne i r\u00e5m\u00e6lken s\u00e5 virkningsfulde, at v\u00e6sken blev brugt til at bek\u00e6mpe bakterieinfektioner, f\u00f8r penicillin blev opfundet.<\/p>\n<\/div><\/details>\n\n\n\n<details class=\"wp-block-karopharma-accordion\"><summary><h2 class=\"accordion-title\">Det er meget sv\u00e6rt at amme min baby p\u00e5 grund af brystvorter. Jeg kan ikke nyde at amme. Hvad kan jeg g\u00f8re for at l\u00f8se dette problem?<\/h2><\/summary><div class=\"accordion-content\">\n<p>Der er mange grunde til, at dine brystvorter g\u00f8r ondt eller bliver \u00f8mme p\u00e5 grund af amning, men den mest almindelige er d\u00e5rlig teknik. Hvis du lider af \u00f8mme brystvorter, skal du kontakte en ammer\u00e5dgiver \u2013 og jo f\u00f8r jo bedre! De kan hj\u00e6lpe dig med at finjustere dit barns stilling og teknik. I mellemtiden kan du lindre dine smerter og beskytte brystvorterne mod revner ved at p\u00e5f\u00f8re balsam mellem amningerne. Undertiden skyldes \u00f8mme brystvorter svampeinfektion i brystet.<\/p>\n\n\n\n<p>Hvis det er tilf\u00e6ldet, skal du kontakte din l\u00e6ge med henblik p\u00e5 behandling.<\/p>\n<\/div><\/details>\n\n\n\n<details class=\"wp-block-karopharma-accordion\"><summary><h2 class=\"accordion-title\">Jeg d\u00f8jer ofte med sprukne brystvorter. Hvad kan jeg g\u00f8re?<\/h2><\/summary><div class=\"accordion-content\">\n<p>Det anbefales at bruge en creme, der bl\u00f8dg\u00f8r og genopretter hudv\u00e6vet, og som ikke beh\u00f8ver blive fjernet f\u00f8r amning. Multi-Mam Protect beskytter brystvorterne mod udt\u00f8rring og revner under amning. Balmen beroliger huden og holder huden bl\u00f8d og smidig. Den skal ikke fjernes f\u00f8r amning. Og selvf\u00f8lgelig er Multi-Mam Protect  uden parfume og konserveringsmidler. Du kan ogs\u00e5 pr\u00f8ve Multi-Mam Kompresser mod \u00f8mme brystvorter.<\/p>\n<\/div><\/details>\n\n\n\n<details class=\"wp-block-karopharma-accordion\"><summary><h2 class=\"accordion-title\">Hvordan bek\u00e6mper du tr\u00e6thed, mens du ammer?<\/h2><\/summary><div class=\"accordion-content\">\n<p>Bed din partner om hj\u00e6lp om natten. Din partner kan ikke amme barnet, men kan l\u00e6gge barnet ved dit bryst, skifte bleen og hj\u00e6lpe med at f\u00e5 barnet til at sove igen. Sov, n\u00e5r din baby sover. Pr\u00f8v at modst\u00e5 barnets lur til at lave pligter, og fork\u00e6l i stedet dig selv med lidt hvile \u2013 en lur kan g\u00f8re underv\u00e6rker for dit velbefindende. Og derudover fortjener du det! F\u00e5 frisk luft og motion. Du beh\u00f8ver ikke at g\u00e5 i fitnesscenter eller begynde at tr\u00e6ne til et maraton for at f\u00e5 gavn af motion. Bare det at tage din baby med ud at g\u00e5 hver dag kan hj\u00e6lpe dig med at f\u00f8le dig mere energisk og mindre tr\u00e6t. Fokuser p\u00e5 din kost og ern\u00e6ring. N\u00e5r du ammer, skal du spise flere kalorier \u2013 men f\u00e5 alle kalorier til at t\u00e6lle. En balanceret kost sp\u00e6kket med protein og andre n\u00e6ringsstoffer vil hj\u00e6lpe dig med at holde trit med barnet og booste din m\u00e6lkeproduktion. I nogle tilf\u00e6lde skyldes tr\u00e6thed for meget m\u00e6lk i m\u00e6lkegangene. Det kaldes brystbet\u00e6ndelse og kan resultere i h\u00e6vede, bet\u00e6ndte bryster. Hvis du mener, at brystbet\u00e6ndelse eller en anden sygdom kan v\u00e6re skyld i din tr\u00e6thed, skal du kontakte en l\u00e6ge, s\u00e5 du kan f\u00e5 en korrekt diagnose og behandling.<\/p>\n<\/div><\/details>\n\n\n\n<details class=\"wp-block-karopharma-accordion\"><summary><h2 class=\"accordion-title\">Hvorfor f\u00e5r man problemer med brystvorterne?<\/h2><\/summary><div class=\"accordion-content\">\n<p>De fleste problemer med brystvorterne skyldes at din baby ikke f\u00e5r ordentligt fast i brystvorten og ikke skaber en god l\u00e5s; det er vigtigt, at den mest f\u00f8lsomme del af brystvortens v\u00e6v tr\u00e6kkes dybt ind i dit babys mund. Derudover kan brug af produkter, der mindsker hudens naturlige beskyttelse i form af hudfedt, s\u00e5som s\u00e6ber og shampoo, ogs\u00e5 for\u00e5rsage revnede og irriterede brystvorter. Svamp, eksem eller en tendens til t\u00f8r hud kan ogs\u00e5 v\u00e6re potentielle \u00e5rsager til problemer med brystvorten. Det anbefales derfor altid at beskytte sine brystvorter med Multi-Mam Balm.<\/p>\n<\/div><\/details>\n\n\n\n<details class=\"wp-block-karopharma-accordion\"><summary><h2 class=\"accordion-title\">Kan jeg forts\u00e6tte med at amme, hvis jeg er syg?<\/h2><\/summary><div class=\"accordion-content\">\n<p>Hvis du har en almindelig sygdom som fork\u00f8lelse, influenza eller maveinfluenza, vil amning ikke overf\u00f8re infektionen til dit barn. Tv\u00e6rtimod indeholder din brystm\u00e6lk antistoffer, som din krop har produceret for at bek\u00e6mpe infektionen, og de vil ogs\u00e5 hj\u00e6lpe med at beskytte dit barn. Der er ingen grund til at v\u00e6re adskilt fra dit barn, n\u00e5r du er syg, da du h\u00f8jst sandsynligt allerede har udsat det for virus eller bakterier, f\u00f8r du overhovedet vidste, at du er smittet. H\u00e5ndvask og andre almindelige hygiejneforanstaltninger hj\u00e6lper med at beskytte dit barn mod infektioner.<\/p>\n<\/div><\/details>\n\n\n\n<details class=\"wp-block-karopharma-accordion\"><summary><h2 class=\"accordion-title\">Hvorfor g\u00f8r amning dig tr\u00e6t?<\/h2><\/summary><div class=\"accordion-content\">\n<p>Faktisk f\u00f8ler de fleste nybagte m\u00f8dre sig tr\u00e6tte, uanset om de ammer eller ej. Og hvem ville ikke g\u00f8re det i betragtning af de s\u00f8vnl\u00f8se n\u00e6tter og barnets konstante behov for opm\u00e6rksomhed? Men n\u00e5r du ammer, er der en anden synder, der kan f\u00e5 dig til at gabe \u2013 hormoner. N\u00e5r du ammer dit barn, frigiver din hjerne hormonet oxytocin, der fort\u00e6ller musklerne og m\u00e6lkegangene i dine bryster, at det er tid til at udskille m\u00e6lken. Oxytocin f\u00e5r ogs\u00e5 din livmoder til at tr\u00e6kke sig sammen efter f\u00f8dslen, begr\u00e6nser blodtab og fremmer helingen. Det reducerer endda stress og s\u00e6nker blodtrykket. Ulempen er, at oxytocin kan g\u00f8re dig s\u00e5 afslappet, at du f\u00f8ler dig d\u00f8sig og tr\u00e6t under amningen. S\u00e5 hvis du begynder at d\u00f8se hen, mens barnet spiser, ved du, at oxytocinen g\u00f8r sit arbejde.<\/p>\n<\/div><\/details>\n<\/div><\/div>\n","protected":false},"excerpt":{"rendered":"","protected":false},"author":2,"featured_media":0,"parent":0,"menu_order":0,"comment_status":"closed","ping_status":"closed","template":"","meta":{"_acf_changed":false,"footnotes":""},"from-article-database":[],"class_list":["post-38","page","type-page","status-publish","hentry"],"acf":[],"yoast_head":"<!-- This site is optimized with the Yoast SEO plugin v26.6 - https:\/\/yoast.com\/wordpress\/plugins\/seo\/ -->\n<title>FAQ - Multi-Mam<\/title>\n<meta name=\"robots\" content=\"index, follow, max-snippet:-1, max-image-preview:large, max-video-preview:-1\" \/>\n<link rel=\"canonical\" href=\"https:\/\/multi-mam.com\/dk\/faq\/\" \/>\n<meta property=\"og:locale\" content=\"da_DK\" \/>\n<meta property=\"og:type\" content=\"article\" \/>\n<meta property=\"og:title\" content=\"FAQ - Multi-Mam\" \/>\n<meta property=\"og:url\" content=\"https:\/\/multi-mam.com\/dk\/faq\/\" \/>\n<meta property=\"og:site_name\" content=\"Multi-Mam\" \/>\n<meta property=\"article:modified_time\" content=\"2024-05-10T09:37:00+00:00\" \/>\n<meta property=\"og:image\" content=\"https:\/\/multi-mam.com\/cdn-cgi\/image\/format=auto\/app\/uploads\/sites\/3\/2022\/06\/Hintergrund-faq.jpeg\" \/>\n<meta name=\"twitter:card\" content=\"summary_large_image\" \/>\n<meta name=\"twitter:label1\" content=\"Estimeret l\u00e6setid\" \/>\n\t<meta name=\"twitter:data1\" content=\"6 minutter\" \/>\n<script type=\"application\/ld+json\" class=\"yoast-schema-graph\">{\"@context\":\"https:\/\/schema.org\",\"@graph\":[{\"@type\":\"WebPage\",\"@id\":\"https:\/\/multi-mam.com\/dk\/faq\/\",\"url\":\"https:\/\/multi-mam.com\/dk\/faq\/\",\"name\":\"FAQ - Multi-Mam\",\"isPartOf\":{\"@id\":\"https:\/\/multi-mam.com\/dk\/#website\"},\"primaryImageOfPage\":{\"@id\":\"https:\/\/multi-mam.com\/dk\/faq\/#primaryimage\"},\"image\":{\"@id\":\"https:\/\/multi-mam.com\/dk\/faq\/#primaryimage\"},\"thumbnailUrl\":\"https:\/\/multi-mam.com\/cdn-cgi\/image\/format=auto\/app\/uploads\/sites\/3\/2022\/06\/Hintergrund-faq.jpeg\",\"datePublished\":\"2022-06-22T06:24:44+00:00\",\"dateModified\":\"2024-05-10T09:37:00+00:00\",\"breadcrumb\":{\"@id\":\"https:\/\/multi-mam.com\/dk\/faq\/#breadcrumb\"},\"inLanguage\":\"da-DK\",\"potentialAction\":[{\"@type\":\"ReadAction\",\"target\":[\"https:\/\/multi-mam.com\/dk\/faq\/\"]}]},{\"@type\":\"ImageObject\",\"inLanguage\":\"da-DK\",\"@id\":\"https:\/\/multi-mam.com\/dk\/faq\/#primaryimage\",\"url\":\"https:\/\/multi-mam.com\/cdn-cgi\/image\/format=auto\/app\/uploads\/sites\/3\/2022\/06\/Hintergrund-faq.jpeg\",\"contentUrl\":\"https:\/\/multi-mam.com\/cdn-cgi\/image\/format=auto\/app\/uploads\/sites\/3\/2022\/06\/Hintergrund-faq.jpeg\"},{\"@type\":\"BreadcrumbList\",\"@id\":\"https:\/\/multi-mam.com\/dk\/faq\/#breadcrumb\",\"itemListElement\":[{\"@type\":\"ListItem\",\"position\":1,\"name\":\"Home\",\"item\":\"https:\/\/multi-mam.com\/dk\/\"},{\"@type\":\"ListItem\",\"position\":2,\"name\":\"FAQ\"}]},{\"@type\":\"WebSite\",\"@id\":\"https:\/\/multi-mam.com\/dk\/#website\",\"url\":\"https:\/\/multi-mam.com\/dk\/\",\"name\":\"Multi-Mam\",\"description\":\"\",\"publisher\":{\"@id\":\"https:\/\/multi-mam.com\/dk\/#organization\"},\"potentialAction\":[{\"@type\":\"SearchAction\",\"target\":{\"@type\":\"EntryPoint\",\"urlTemplate\":\"https:\/\/multi-mam.com\/dk\/?s={search_term_string}\"},\"query-input\":{\"@type\":\"PropertyValueSpecification\",\"valueRequired\":true,\"valueName\":\"search_term_string\"}}],\"inLanguage\":\"da-DK\"},{\"@type\":\"Organization\",\"@id\":\"https:\/\/multi-mam.com\/dk\/#organization\",\"name\":\"Multi-Mam\",\"url\":\"https:\/\/multi-mam.com\/dk\/\",\"logo\":{\"@type\":\"ImageObject\",\"inLanguage\":\"da-DK\",\"@id\":\"https:\/\/multi-mam.com\/dk\/#\/schema\/logo\/image\/\",\"url\":\"https:\/\/multi-mam.com\/app\/uploads\/sites\/3\/2022\/06\/multi-mam-logotype.png\",\"contentUrl\":\"https:\/\/multi-mam.com\/app\/uploads\/sites\/3\/2022\/06\/multi-mam-logotype.png\",\"width\":70,\"height\":96,\"caption\":\"Multi-Mam\"},\"image\":{\"@id\":\"https:\/\/multi-mam.com\/dk\/#\/schema\/logo\/image\/\"}}]}<\/script>\n<!-- \/ Yoast SEO plugin. -->","yoast_head_json":{"title":"FAQ - Multi-Mam","robots":{"index":"index","follow":"follow","max-snippet":"max-snippet:-1","max-image-preview":"max-image-preview:large","max-video-preview":"max-video-preview:-1"},"canonical":"https:\/\/multi-mam.com\/dk\/faq\/","og_locale":"da_DK","og_type":"article","og_title":"FAQ - Multi-Mam","og_url":"https:\/\/multi-mam.com\/dk\/faq\/","og_site_name":"Multi-Mam","article_modified_time":"2024-05-10T09:37:00+00:00","og_image":[{"url":"https:\/\/multi-mam.com\/cdn-cgi\/image\/format=auto\/app\/uploads\/sites\/3\/2022\/06\/Hintergrund-faq.jpeg","type":"","width":"","height":""}],"twitter_card":"summary_large_image","twitter_misc":{"Estimeret l\u00e6setid":"6 minutter"},"schema":{"@context":"https:\/\/schema.org","@graph":[{"@type":"WebPage","@id":"https:\/\/multi-mam.com\/dk\/faq\/","url":"https:\/\/multi-mam.com\/dk\/faq\/","name":"FAQ - Multi-Mam","isPartOf":{"@id":"https:\/\/multi-mam.com\/dk\/#website"},"primaryImageOfPage":{"@id":"https:\/\/multi-mam.com\/dk\/faq\/#primaryimage"},"image":{"@id":"https:\/\/multi-mam.com\/dk\/faq\/#primaryimage"},"thumbnailUrl":"https:\/\/multi-mam.com\/cdn-cgi\/image\/format=auto\/app\/uploads\/sites\/3\/2022\/06\/Hintergrund-faq.jpeg","datePublished":"2022-06-22T06:24:44+00:00","dateModified":"2024-05-10T09:37:00+00:00","breadcrumb":{"@id":"https:\/\/multi-mam.com\/dk\/faq\/#breadcrumb"},"inLanguage":"da-DK","potentialAction":[{"@type":"ReadAction","target":["https:\/\/multi-mam.com\/dk\/faq\/"]}]},{"@type":"ImageObject","inLanguage":"da-DK","@id":"https:\/\/multi-mam.com\/dk\/faq\/#primaryimage","url":"https:\/\/multi-mam.com\/cdn-cgi\/image\/format=auto\/app\/uploads\/sites\/3\/2022\/06\/Hintergrund-faq.jpeg","contentUrl":"https:\/\/multi-mam.com\/cdn-cgi\/image\/format=auto\/app\/uploads\/sites\/3\/2022\/06\/Hintergrund-faq.jpeg"},{"@type":"BreadcrumbList","@id":"https:\/\/multi-mam.com\/dk\/faq\/#breadcrumb","itemListElement":[{"@type":"ListItem","position":1,"name":"Home","item":"https:\/\/multi-mam.com\/dk\/"},{"@type":"ListItem","position":2,"name":"FAQ"}]},{"@type":"WebSite","@id":"https:\/\/multi-mam.com\/dk\/#website","url":"https:\/\/multi-mam.com\/dk\/","name":"Multi-Mam","description":"","publisher":{"@id":"https:\/\/multi-mam.com\/dk\/#organization"},"potentialAction":[{"@type":"SearchAction","target":{"@type":"EntryPoint","urlTemplate":"https:\/\/multi-mam.com\/dk\/?s={search_term_string}"},"query-input":{"@type":"PropertyValueSpecification","valueRequired":true,"valueName":"search_term_string"}}],"inLanguage":"da-DK"},{"@type":"Organization","@id":"https:\/\/multi-mam.com\/dk\/#organization","name":"Multi-Mam","url":"https:\/\/multi-mam.com\/dk\/","logo":{"@type":"ImageObject","inLanguage":"da-DK","@id":"https:\/\/multi-mam.com\/dk\/#\/schema\/logo\/image\/","url":"https:\/\/multi-mam.com\/app\/uploads\/sites\/3\/2022\/06\/multi-mam-logotype.png","contentUrl":"https:\/\/multi-mam.com\/app\/uploads\/sites\/3\/2022\/06\/multi-mam-logotype.png","width":70,"height":96,"caption":"Multi-Mam"},"image":{"@id":"https:\/\/multi-mam.com\/dk\/#\/schema\/logo\/image\/"}}]}},"_links":{"self":[{"href":"https:\/\/multi-mam.com\/dk\/wp-json\/wp\/v2\/pages\/38","targetHints":{"allow":["GET"]}}],"collection":[{"href":"https:\/\/multi-mam.com\/dk\/wp-json\/wp\/v2\/pages"}],"about":[{"href":"https:\/\/multi-mam.com\/dk\/wp-json\/wp\/v2\/types\/page"}],"author":[{"embeddable":true,"href":"https:\/\/multi-mam.com\/dk\/wp-json\/wp\/v2\/users\/2"}],"replies":[{"embeddable":true,"href":"https:\/\/multi-mam.com\/dk\/wp-json\/wp\/v2\/comments?post=38"}],"version-history":[{"count":6,"href":"https:\/\/multi-mam.com\/dk\/wp-json\/wp\/v2\/pages\/38\/revisions"}],"predecessor-version":[{"id":177,"href":"https:\/\/multi-mam.com\/dk\/wp-json\/wp\/v2\/pages\/38\/revisions\/177"}],"wp:attachment":[{"href":"https:\/\/multi-mam.com\/dk\/wp-json\/wp\/v2\/media?parent=38"}],"wp:term":[{"taxonomy":"from-article-database","embeddable":true,"href":"https:\/\/multi-mam.com\/dk\/wp-json\/wp\/v2\/from-article-database?post=38"}],"curies":[{"name":"wp","href":"https:\/\/api.w.org\/{rel}","templated":true}]}}