{"id":75,"date":"2022-06-21T10:11:57","date_gmt":"2022-06-21T08:11:57","guid":{"rendered":"https:\/\/multi-mam.com\/de\/?post_type=product&#038;p=75"},"modified":"2026-04-17T14:22:48","modified_gmt":"2026-04-17T12:22:48","slug":"multi-mam-wochenbett-pads","status":"publish","type":"product","link":"https:\/\/multi-mam.com\/de\/produkt\/multi-mam-wochenbett-pads\/","title":{"rendered":"Multi-Mam Wochenbett Pads"},"content":{"rendered":"\n<div class=\"wp-block-karopharma-free-text undefined bg-center bg-contain bg-no-repeat  pt-large pb-small is-style-secondary\" style=\"background-image:url()\"><div class=\"free-text-wrapper container max-w-medium text-center\">\n<div class=\"wp-block-karopharma-video\"><div class=\"video-wrapper\"><iframe loading=\"lazy\" frameborder=\"0\" allowfullscreen allow=\"accelerometer; encrypted-media; gyroscope; picture-in-picture\" data-src=\"https:\/\/www.youtube.com\/embed\/JC_95B6-cGk?autoplay=1\"><\/iframe><picture><source media=\"(max-width: 550px)\" srcset=\"https:\/\/img.youtube.com\/vi\/JC_95B6-cGk\/mqdefault.jpg\"\/><source media=\"(max-width: 800px)\" srcset=\"https:\/\/img.youtube.com\/vi\/JC_95B6-cGk\/hqdefault.jpg\"\/><img decoding=\"async\" width=\"1280\" height=\"720\" loading=\"lazy\" src=\"https:\/\/img.youtube.com\/vi\/JC_95B6-cGk\/maxresdefault.jpg\" alt=\"Embedded YouTube video player thumbnail\"\/><\/picture><div class=\"video-trigger group\"><div class=\"video-trigger__circle group-hover:opacity-[85%]\"><svg width=\"14\" height=\"16\" viewBox=\"0 0 14 16\" fill=\"none\" xmlns=\"http:\/\/www.w3.org\/2000\/svg\"><path d=\"M13.2625 6.70935L2.2625 0.206225C1.36875 -0.3219 0 0.1906 0 1.49685V14.5C0 15.6719 1.27188 16.3781 2.2625 15.7906L13.2625 9.2906C14.2437 8.71248 14.2469 7.28748 13.2625 6.70935V6.70935Z\" fill=\"white\"><\/path><\/svg><\/div><\/div><\/div><\/div>\n<\/div><\/div>\n\n\n\n<div class=\"wp-block-karopharma-accordions is-style-secondary\"><div class=\"container\">\n<details class=\"wp-block-karopharma-accordion\"><summary><h2 class=\"accordion-title\">Wie lang sollte ich die Multi-Mam Wochenbett Pads auf der geschlossenen Wunde lassen?<\/h2><\/summary><div class=\"accordion-content\">\n<p>Idealerweise f\u00fcr 30 Minuten, mindestens jedoch f\u00fcr 10 Minuten und maximal f\u00fcr eine Stunde.<\/p>\n<\/div><\/details>\n\n\n\n<details class=\"wp-block-karopharma-accordion\"><summary><h2 class=\"accordion-title\">Wie oft sollte ich die Multi-Mam Wochenbett Pads verwenden?<\/h2><\/summary><div class=\"accordion-content\">\n<p>Verwenden Sie zweimal t\u00e4glich jeweils ein frisches Pad, so lange bis Du Erleichterung versp\u00fcrst.<\/p>\n<\/div><\/details>\n\n\n\n<details class=\"wp-block-karopharma-accordion\"><summary><h2 class=\"accordion-title\">Wie oft kann ich die Wochenbett Pads anwenden?<\/h2><\/summary><div class=\"accordion-content\">\n<p>Jedes Multi-Mam Wochenbett Pad ist nur zum einmaligen Gebrauch bestimmt und sollte nach jedem Gebrauch aus hygienischen Gr\u00fcnden entsortgt werden.<\/p>\n<\/div><\/details>\n<\/div><\/div>\n","protected":false},"excerpt":{"rendered":"<p>Gewebepflege nach der Geburt<\/p>\n","protected":false},"featured_media":168,"comment_status":"closed","ping_status":"closed","template":"","meta":{"_acf_changed":false,"footnotes":""},"product_brand":[],"product_cat":[19],"product_tag":[],"class_list":{"0":"post-75","1":"product","2":"type-product","3":"status-publish","4":"has-post-thumbnail","6":"product_cat-pflege-nach-der-geburt","8":"first","9":"instock","10":"shipping-taxable","11":"product-type-simple"},"acf":[],"yoast_head":"<!-- This site is optimized with the Yoast SEO plugin v26.6 - https:\/\/yoast.com\/wordpress\/plugins\/seo\/ -->\n<title>Multi-Mam Wochenbett Pads - Multi-Mam<\/title>\n<meta name=\"description\" content=\"Multi-Mam Wochenbett Pads sind ideal zur Anwendung auf dem strapazierten Gewebe nach der Entbindung.\" \/>\n<meta name=\"robots\" content=\"index, follow, max-snippet:-1, max-image-preview:large, max-video-preview:-1\" \/>\n<link rel=\"canonical\" href=\"https:\/\/multi-mam.com\/de\/produkt\/multi-mam-wochenbett-pads\/\" \/>\n<meta property=\"og:locale\" content=\"de_DE\" \/>\n<meta property=\"og:type\" content=\"article\" \/>\n<meta property=\"og:title\" content=\"Multi-Mam Wochenbett Pads - Multi-Mam\" \/>\n<meta property=\"og:description\" content=\"Multi-Mam Wochenbett Pads sind ideal zur Anwendung auf dem strapazierten Gewebe nach der Entbindung.\" \/>\n<meta property=\"og:url\" content=\"https:\/\/multi-mam.com\/de\/produkt\/multi-mam-wochenbett-pads\/\" \/>\n<meta property=\"og:site_name\" content=\"Multi-Mam\" \/>\n<meta property=\"article:modified_time\" content=\"2026-04-17T12:22:48+00:00\" \/>\n<meta property=\"og:image\" content=\"https:\/\/multi-mam.com\/app\/uploads\/sites\/4\/2022\/06\/Multi-Mam-Wochenbett-Pads-2.png\" \/>\n\t<meta property=\"og:image:width\" content=\"1400\" \/>\n\t<meta property=\"og:image:height\" content=\"1400\" \/>\n\t<meta property=\"og:image:type\" content=\"image\/png\" \/>\n<meta name=\"twitter:card\" content=\"summary_large_image\" \/>\n<meta name=\"twitter:label1\" content=\"Gesch\u00e4tzte Lesezeit\" \/>\n\t<meta name=\"twitter:data1\" content=\"1\u00a0Minute\" \/>\n<script type=\"application\/ld+json\" class=\"yoast-schema-graph\">{\"@context\":\"https:\/\/schema.org\",\"@graph\":[{\"@type\":\"WebPage\",\"@id\":\"https:\/\/multi-mam.com\/de\/produkt\/multi-mam-wochenbett-pads\/\",\"url\":\"https:\/\/multi-mam.com\/de\/produkt\/multi-mam-wochenbett-pads\/\",\"name\":\"Multi-Mam Wochenbett Pads - Multi-Mam\",\"isPartOf\":{\"@id\":\"https:\/\/multi-mam.com\/de\/#website\"},\"primaryImageOfPage\":{\"@id\":\"https:\/\/multi-mam.com\/de\/produkt\/multi-mam-wochenbett-pads\/#primaryimage\"},\"image\":{\"@id\":\"https:\/\/multi-mam.com\/de\/produkt\/multi-mam-wochenbett-pads\/#primaryimage\"},\"thumbnailUrl\":\"https:\/\/multi-mam.com\/app\/uploads\/sites\/4\/2022\/06\/Multi-Mam-Wochenbett-Pads-2.png\",\"datePublished\":\"2022-06-21T08:11:57+00:00\",\"dateModified\":\"2026-04-17T12:22:48+00:00\",\"description\":\"Multi-Mam Wochenbett Pads sind ideal zur Anwendung auf dem strapazierten Gewebe nach der Entbindung.\",\"breadcrumb\":{\"@id\":\"https:\/\/multi-mam.com\/de\/produkt\/multi-mam-wochenbett-pads\/#breadcrumb\"},\"inLanguage\":\"de\",\"potentialAction\":[{\"@type\":\"ReadAction\",\"target\":[\"https:\/\/multi-mam.com\/de\/produkt\/multi-mam-wochenbett-pads\/\"]}]},{\"@type\":\"ImageObject\",\"inLanguage\":\"de\",\"@id\":\"https:\/\/multi-mam.com\/de\/produkt\/multi-mam-wochenbett-pads\/#primaryimage\",\"url\":\"https:\/\/multi-mam.com\/app\/uploads\/sites\/4\/2022\/06\/Multi-Mam-Wochenbett-Pads-2.png\",\"contentUrl\":\"https:\/\/multi-mam.com\/app\/uploads\/sites\/4\/2022\/06\/Multi-Mam-Wochenbett-Pads-2.png\",\"width\":1400,\"height\":1400,\"caption\":\"Multi-Mam Wochenbett Pads\"},{\"@type\":\"BreadcrumbList\",\"@id\":\"https:\/\/multi-mam.com\/de\/produkt\/multi-mam-wochenbett-pads\/#breadcrumb\",\"itemListElement\":[{\"@type\":\"ListItem\",\"position\":1,\"name\":\"Home\",\"item\":\"https:\/\/multi-mam.com\/de\/\"},{\"@type\":\"ListItem\",\"position\":2,\"name\":\"Produkte\",\"item\":\"https:\/\/multi-mam.com\/de\/produkte\/\"},{\"@type\":\"ListItem\",\"position\":3,\"name\":\"Multi-Mam Wochenbett Pads\"}]},{\"@type\":\"WebSite\",\"@id\":\"https:\/\/multi-mam.com\/de\/#website\",\"url\":\"https:\/\/multi-mam.com\/de\/\",\"name\":\"Multi-Mam\",\"description\":\"\",\"publisher\":{\"@id\":\"https:\/\/multi-mam.com\/de\/#organization\"},\"potentialAction\":[{\"@type\":\"SearchAction\",\"target\":{\"@type\":\"EntryPoint\",\"urlTemplate\":\"https:\/\/multi-mam.com\/de\/?s={search_term_string}\"},\"query-input\":{\"@type\":\"PropertyValueSpecification\",\"valueRequired\":true,\"valueName\":\"search_term_string\"}}],\"inLanguage\":\"de\"},{\"@type\":\"Organization\",\"@id\":\"https:\/\/multi-mam.com\/de\/#organization\",\"name\":\"Multi-Mam\",\"url\":\"https:\/\/multi-mam.com\/de\/\",\"logo\":{\"@type\":\"ImageObject\",\"inLanguage\":\"de\",\"@id\":\"https:\/\/multi-mam.com\/de\/#\/schema\/logo\/image\/\",\"url\":\"https:\/\/multi-mam.com\/app\/uploads\/sites\/4\/2022\/06\/multi-mam-logotype.png\",\"contentUrl\":\"https:\/\/multi-mam.com\/app\/uploads\/sites\/4\/2022\/06\/multi-mam-logotype.png\",\"width\":70,\"height\":96,\"caption\":\"Multi-Mam\"},\"image\":{\"@id\":\"https:\/\/multi-mam.com\/de\/#\/schema\/logo\/image\/\"}}]}<\/script>\n<!-- \/ Yoast SEO plugin. -->","yoast_head_json":{"title":"Multi-Mam Wochenbett Pads - Multi-Mam","description":"Multi-Mam Wochenbett Pads sind ideal zur Anwendung auf dem strapazierten Gewebe nach der Entbindung.","robots":{"index":"index","follow":"follow","max-snippet":"max-snippet:-1","max-image-preview":"max-image-preview:large","max-video-preview":"max-video-preview:-1"},"canonical":"https:\/\/multi-mam.com\/de\/produkt\/multi-mam-wochenbett-pads\/","og_locale":"de_DE","og_type":"article","og_title":"Multi-Mam Wochenbett Pads - Multi-Mam","og_description":"Multi-Mam Wochenbett Pads sind ideal zur Anwendung auf dem strapazierten Gewebe nach der Entbindung.","og_url":"https:\/\/multi-mam.com\/de\/produkt\/multi-mam-wochenbett-pads\/","og_site_name":"Multi-Mam","article_modified_time":"2026-04-17T12:22:48+00:00","og_image":[{"width":1400,"height":1400,"url":"https:\/\/multi-mam.com\/app\/uploads\/sites\/4\/2022\/06\/Multi-Mam-Wochenbett-Pads-2.png","type":"image\/png"}],"twitter_card":"summary_large_image","twitter_misc":{"Gesch\u00e4tzte Lesezeit":"1\u00a0Minute"},"schema":{"@context":"https:\/\/schema.org","@graph":[{"@type":"WebPage","@id":"https:\/\/multi-mam.com\/de\/produkt\/multi-mam-wochenbett-pads\/","url":"https:\/\/multi-mam.com\/de\/produkt\/multi-mam-wochenbett-pads\/","name":"Multi-Mam Wochenbett Pads - Multi-Mam","isPartOf":{"@id":"https:\/\/multi-mam.com\/de\/#website"},"primaryImageOfPage":{"@id":"https:\/\/multi-mam.com\/de\/produkt\/multi-mam-wochenbett-pads\/#primaryimage"},"image":{"@id":"https:\/\/multi-mam.com\/de\/produkt\/multi-mam-wochenbett-pads\/#primaryimage"},"thumbnailUrl":"https:\/\/multi-mam.com\/app\/uploads\/sites\/4\/2022\/06\/Multi-Mam-Wochenbett-Pads-2.png","datePublished":"2022-06-21T08:11:57+00:00","dateModified":"2026-04-17T12:22:48+00:00","description":"Multi-Mam Wochenbett Pads sind ideal zur Anwendung auf dem strapazierten Gewebe nach der Entbindung.","breadcrumb":{"@id":"https:\/\/multi-mam.com\/de\/produkt\/multi-mam-wochenbett-pads\/#breadcrumb"},"inLanguage":"de","potentialAction":[{"@type":"ReadAction","target":["https:\/\/multi-mam.com\/de\/produkt\/multi-mam-wochenbett-pads\/"]}]},{"@type":"ImageObject","inLanguage":"de","@id":"https:\/\/multi-mam.com\/de\/produkt\/multi-mam-wochenbett-pads\/#primaryimage","url":"https:\/\/multi-mam.com\/app\/uploads\/sites\/4\/2022\/06\/Multi-Mam-Wochenbett-Pads-2.png","contentUrl":"https:\/\/multi-mam.com\/app\/uploads\/sites\/4\/2022\/06\/Multi-Mam-Wochenbett-Pads-2.png","width":1400,"height":1400,"caption":"Multi-Mam Wochenbett Pads"},{"@type":"BreadcrumbList","@id":"https:\/\/multi-mam.com\/de\/produkt\/multi-mam-wochenbett-pads\/#breadcrumb","itemListElement":[{"@type":"ListItem","position":1,"name":"Home","item":"https:\/\/multi-mam.com\/de\/"},{"@type":"ListItem","position":2,"name":"Produkte","item":"https:\/\/multi-mam.com\/de\/produkte\/"},{"@type":"ListItem","position":3,"name":"Multi-Mam Wochenbett Pads"}]},{"@type":"WebSite","@id":"https:\/\/multi-mam.com\/de\/#website","url":"https:\/\/multi-mam.com\/de\/","name":"Multi-Mam","description":"","publisher":{"@id":"https:\/\/multi-mam.com\/de\/#organization"},"potentialAction":[{"@type":"SearchAction","target":{"@type":"EntryPoint","urlTemplate":"https:\/\/multi-mam.com\/de\/?s={search_term_string}"},"query-input":{"@type":"PropertyValueSpecification","valueRequired":true,"valueName":"search_term_string"}}],"inLanguage":"de"},{"@type":"Organization","@id":"https:\/\/multi-mam.com\/de\/#organization","name":"Multi-Mam","url":"https:\/\/multi-mam.com\/de\/","logo":{"@type":"ImageObject","inLanguage":"de","@id":"https:\/\/multi-mam.com\/de\/#\/schema\/logo\/image\/","url":"https:\/\/multi-mam.com\/app\/uploads\/sites\/4\/2022\/06\/multi-mam-logotype.png","contentUrl":"https:\/\/multi-mam.com\/app\/uploads\/sites\/4\/2022\/06\/multi-mam-logotype.png","width":70,"height":96,"caption":"Multi-Mam"},"image":{"@id":"https:\/\/multi-mam.com\/de\/#\/schema\/logo\/image\/"}}]}},"_links":{"self":[{"href":"https:\/\/multi-mam.com\/de\/wp-json\/wp\/v2\/product\/75","targetHints":{"allow":["GET"]}}],"collection":[{"href":"https:\/\/multi-mam.com\/de\/wp-json\/wp\/v2\/product"}],"about":[{"href":"https:\/\/multi-mam.com\/de\/wp-json\/wp\/v2\/types\/product"}],"replies":[{"embeddable":true,"href":"https:\/\/multi-mam.com\/de\/wp-json\/wp\/v2\/comments?post=75"}],"version-history":[{"count":10,"href":"https:\/\/multi-mam.com\/de\/wp-json\/wp\/v2\/product\/75\/revisions"}],"predecessor-version":[{"id":357,"href":"https:\/\/multi-mam.com\/de\/wp-json\/wp\/v2\/product\/75\/revisions\/357"}],"wp:featuredmedia":[{"embeddable":true,"href":"https:\/\/multi-mam.com\/de\/wp-json\/wp\/v2\/media\/168"}],"wp:attachment":[{"href":"https:\/\/multi-mam.com\/de\/wp-json\/wp\/v2\/media?parent=75"}],"wp:term":[{"taxonomy":"product_brand","embeddable":true,"href":"https:\/\/multi-mam.com\/de\/wp-json\/wp\/v2\/product_brand?post=75"},{"taxonomy":"product_cat","embeddable":true,"href":"https:\/\/multi-mam.com\/de\/wp-json\/wp\/v2\/product_cat?post=75"},{"taxonomy":"product_tag","embeddable":true,"href":"https:\/\/multi-mam.com\/de\/wp-json\/wp\/v2\/product_tag?post=75"}],"curies":[{"name":"wp","href":"https:\/\/api.w.org\/{rel}","templated":true}]}}