{"id":70,"date":"2022-06-21T10:07:03","date_gmt":"2022-06-21T08:07:03","guid":{"rendered":"https:\/\/multi-mam.com\/de\/?post_type=product&#038;p=70"},"modified":"2026-04-17T14:22:43","modified_gmt":"2026-04-17T12:22:43","slug":"multi-mam-balsam-protect","status":"publish","type":"product","link":"https:\/\/multi-mam.com\/de\/produkt\/multi-mam-balsam-protect\/","title":{"rendered":"Multi-Mam Balsam Protect"},"content":{"rendered":"\n<div class=\"wp-block-karopharma-accordions is-style-secondary\"><div class=\"container\">\n<details class=\"wp-block-karopharma-accordion\"><summary><h2 class=\"accordion-title\">Muss ich Multi-Mam Balsam Protect vor dem Stillen entfernen?<\/h2><\/summary><div class=\"accordion-content\">\n<p>Nein, der Multi Mam Balsam Protect ist beim Verschlucken unbedenklich und hat einen neutralen Geschmack und Geruch. Es wird insbesondere empfohlen, den Balsam direkt nach dem Stillen aufzutragen. Wenn er kurz vor dem Stillen aufgetragen wird, kann er das Anlegen f\u00fcr Ihr Baby erschweren.<\/p>\n<\/div><\/details>\n\n\n\n<details class=\"wp-block-karopharma-accordion\"><summary><h2 class=\"accordion-title\">Wie oft sollte ich Multi-Mam Balsam Protect anwenden?<\/h2><\/summary><div class=\"accordion-content\">\n<p>So oft du m\u00f6chtest. Wir empfehlen, den Balsam direkt nach dem Stillen aufzutragen.<\/p>\n<\/div><\/details>\n\n\n\n<details class=\"wp-block-karopharma-accordion\"><summary><h2 class=\"accordion-title\">Was ist der Unterschied zwischen Multi-Mam Balsam Protect und Multi-Mam Lanolin?<\/h2><\/summary><div class=\"accordion-content\">\n<p>Multi-Mam Balsam Protect ist ein sanfter veganer Balsam, der haupts\u00e4chlich auf pflanzlichen \u00d6len und Fetten basiert. Dank der geschmeidigen, sanften Textur l\u00e4sst er sich selbst auf empfindlicher Haut besonders leicht auftragen. Multi-Mam Lanolin basiert auf nat\u00fcrlichem Wollfett.<\/p>\n<\/div><\/details>\n<\/div><\/div>\n","protected":false},"excerpt":{"rendered":"<p>Beruhigt die Brustwarzen<\/p>\n","protected":false},"featured_media":216,"comment_status":"closed","ping_status":"closed","template":"","meta":{"_acf_changed":false,"footnotes":""},"product_brand":[],"product_cat":[18],"product_tag":[],"class_list":{"0":"post-70","1":"product","2":"type-product","3":"status-publish","4":"has-post-thumbnail","6":"product_cat-stillen","8":"first","9":"instock","10":"shipping-taxable","11":"product-type-simple"},"acf":[],"yoast_head":"<!-- This site is optimized with the Yoast SEO plugin v26.6 - https:\/\/yoast.com\/wordpress\/plugins\/seo\/ -->\n<title>Multi-Mam Balsam Protect - Multi-Mam<\/title>\n<meta name=\"description\" content=\"Multi-Mam Balsam Protect ist ein veganer Brustwarzen-Balsam, der haupts\u00e4chlich auf pflanzlichen \u00d6len und Fetten basiert und die Brustwarzen w\u00e4hrend des Stillens vor Trockenheit und Rissen sch\u00fctzt.\" \/>\n<meta name=\"robots\" content=\"index, follow, max-snippet:-1, max-image-preview:large, max-video-preview:-1\" \/>\n<link rel=\"canonical\" href=\"https:\/\/multi-mam.com\/de\/produkt\/multi-mam-balsam-protect\/\" \/>\n<meta property=\"og:locale\" content=\"de_DE\" \/>\n<meta property=\"og:type\" content=\"article\" \/>\n<meta property=\"og:title\" content=\"Multi-Mam Balsam Protect - Multi-Mam\" \/>\n<meta property=\"og:description\" content=\"Multi-Mam Balsam Protect ist ein veganer Brustwarzen-Balsam, der haupts\u00e4chlich auf pflanzlichen \u00d6len und Fetten basiert und die Brustwarzen w\u00e4hrend des Stillens vor Trockenheit und Rissen sch\u00fctzt.\" \/>\n<meta property=\"og:url\" content=\"https:\/\/multi-mam.com\/de\/produkt\/multi-mam-balsam-protect\/\" \/>\n<meta property=\"og:site_name\" content=\"Multi-Mam\" \/>\n<meta property=\"article:modified_time\" content=\"2026-04-17T12:22:43+00:00\" \/>\n<meta property=\"og:image\" content=\"https:\/\/multi-mam.com\/app\/uploads\/sites\/4\/2022\/06\/Multi-Mam-BalsamProtect_a02-1.png\" \/>\n\t<meta property=\"og:image:width\" content=\"800\" \/>\n\t<meta property=\"og:image:height\" content=\"800\" \/>\n\t<meta property=\"og:image:type\" content=\"image\/png\" \/>\n<meta name=\"twitter:card\" content=\"summary_large_image\" \/>\n<meta name=\"twitter:label1\" content=\"Gesch\u00e4tzte Lesezeit\" \/>\n\t<meta name=\"twitter:data1\" content=\"1\u00a0Minute\" \/>\n<script type=\"application\/ld+json\" class=\"yoast-schema-graph\">{\"@context\":\"https:\/\/schema.org\",\"@graph\":[{\"@type\":\"WebPage\",\"@id\":\"https:\/\/multi-mam.com\/de\/produkt\/multi-mam-balsam-protect\/\",\"url\":\"https:\/\/multi-mam.com\/de\/produkt\/multi-mam-balsam-protect\/\",\"name\":\"Multi-Mam Balsam Protect - Multi-Mam\",\"isPartOf\":{\"@id\":\"https:\/\/multi-mam.com\/de\/#website\"},\"primaryImageOfPage\":{\"@id\":\"https:\/\/multi-mam.com\/de\/produkt\/multi-mam-balsam-protect\/#primaryimage\"},\"image\":{\"@id\":\"https:\/\/multi-mam.com\/de\/produkt\/multi-mam-balsam-protect\/#primaryimage\"},\"thumbnailUrl\":\"https:\/\/multi-mam.com\/app\/uploads\/sites\/4\/2022\/06\/Multi-Mam-BalsamProtect_a02-1.png\",\"datePublished\":\"2022-06-21T08:07:03+00:00\",\"dateModified\":\"2026-04-17T12:22:43+00:00\",\"description\":\"Multi-Mam Balsam Protect ist ein veganer Brustwarzen-Balsam, der haupts\u00e4chlich auf pflanzlichen \u00d6len und Fetten basiert und die Brustwarzen w\u00e4hrend des Stillens vor Trockenheit und Rissen sch\u00fctzt.\",\"breadcrumb\":{\"@id\":\"https:\/\/multi-mam.com\/de\/produkt\/multi-mam-balsam-protect\/#breadcrumb\"},\"inLanguage\":\"de\",\"potentialAction\":[{\"@type\":\"ReadAction\",\"target\":[\"https:\/\/multi-mam.com\/de\/produkt\/multi-mam-balsam-protect\/\"]}]},{\"@type\":\"ImageObject\",\"inLanguage\":\"de\",\"@id\":\"https:\/\/multi-mam.com\/de\/produkt\/multi-mam-balsam-protect\/#primaryimage\",\"url\":\"https:\/\/multi-mam.com\/app\/uploads\/sites\/4\/2022\/06\/Multi-Mam-BalsamProtect_a02-1.png\",\"contentUrl\":\"https:\/\/multi-mam.com\/app\/uploads\/sites\/4\/2022\/06\/Multi-Mam-BalsamProtect_a02-1.png\",\"width\":800,\"height\":800,\"caption\":\"Multi-Mam Balsam Protect\"},{\"@type\":\"BreadcrumbList\",\"@id\":\"https:\/\/multi-mam.com\/de\/produkt\/multi-mam-balsam-protect\/#breadcrumb\",\"itemListElement\":[{\"@type\":\"ListItem\",\"position\":1,\"name\":\"Home\",\"item\":\"https:\/\/multi-mam.com\/de\/\"},{\"@type\":\"ListItem\",\"position\":2,\"name\":\"Produkte\",\"item\":\"https:\/\/multi-mam.com\/de\/produkte\/\"},{\"@type\":\"ListItem\",\"position\":3,\"name\":\"Multi-Mam Balsam Protect\"}]},{\"@type\":\"WebSite\",\"@id\":\"https:\/\/multi-mam.com\/de\/#website\",\"url\":\"https:\/\/multi-mam.com\/de\/\",\"name\":\"Multi-Mam\",\"description\":\"\",\"publisher\":{\"@id\":\"https:\/\/multi-mam.com\/de\/#organization\"},\"potentialAction\":[{\"@type\":\"SearchAction\",\"target\":{\"@type\":\"EntryPoint\",\"urlTemplate\":\"https:\/\/multi-mam.com\/de\/?s={search_term_string}\"},\"query-input\":{\"@type\":\"PropertyValueSpecification\",\"valueRequired\":true,\"valueName\":\"search_term_string\"}}],\"inLanguage\":\"de\"},{\"@type\":\"Organization\",\"@id\":\"https:\/\/multi-mam.com\/de\/#organization\",\"name\":\"Multi-Mam\",\"url\":\"https:\/\/multi-mam.com\/de\/\",\"logo\":{\"@type\":\"ImageObject\",\"inLanguage\":\"de\",\"@id\":\"https:\/\/multi-mam.com\/de\/#\/schema\/logo\/image\/\",\"url\":\"https:\/\/multi-mam.com\/app\/uploads\/sites\/4\/2022\/06\/multi-mam-logotype.png\",\"contentUrl\":\"https:\/\/multi-mam.com\/app\/uploads\/sites\/4\/2022\/06\/multi-mam-logotype.png\",\"width\":70,\"height\":96,\"caption\":\"Multi-Mam\"},\"image\":{\"@id\":\"https:\/\/multi-mam.com\/de\/#\/schema\/logo\/image\/\"}}]}<\/script>\n<!-- \/ Yoast SEO plugin. -->","yoast_head_json":{"title":"Multi-Mam Balsam Protect - Multi-Mam","description":"Multi-Mam Balsam Protect ist ein veganer Brustwarzen-Balsam, der haupts\u00e4chlich auf pflanzlichen \u00d6len und Fetten basiert und die Brustwarzen w\u00e4hrend des Stillens vor Trockenheit und Rissen sch\u00fctzt.","robots":{"index":"index","follow":"follow","max-snippet":"max-snippet:-1","max-image-preview":"max-image-preview:large","max-video-preview":"max-video-preview:-1"},"canonical":"https:\/\/multi-mam.com\/de\/produkt\/multi-mam-balsam-protect\/","og_locale":"de_DE","og_type":"article","og_title":"Multi-Mam Balsam Protect - Multi-Mam","og_description":"Multi-Mam Balsam Protect ist ein veganer Brustwarzen-Balsam, der haupts\u00e4chlich auf pflanzlichen \u00d6len und Fetten basiert und die Brustwarzen w\u00e4hrend des Stillens vor Trockenheit und Rissen sch\u00fctzt.","og_url":"https:\/\/multi-mam.com\/de\/produkt\/multi-mam-balsam-protect\/","og_site_name":"Multi-Mam","article_modified_time":"2026-04-17T12:22:43+00:00","og_image":[{"width":800,"height":800,"url":"https:\/\/multi-mam.com\/app\/uploads\/sites\/4\/2022\/06\/Multi-Mam-BalsamProtect_a02-1.png","type":"image\/png"}],"twitter_card":"summary_large_image","twitter_misc":{"Gesch\u00e4tzte Lesezeit":"1\u00a0Minute"},"schema":{"@context":"https:\/\/schema.org","@graph":[{"@type":"WebPage","@id":"https:\/\/multi-mam.com\/de\/produkt\/multi-mam-balsam-protect\/","url":"https:\/\/multi-mam.com\/de\/produkt\/multi-mam-balsam-protect\/","name":"Multi-Mam Balsam Protect - Multi-Mam","isPartOf":{"@id":"https:\/\/multi-mam.com\/de\/#website"},"primaryImageOfPage":{"@id":"https:\/\/multi-mam.com\/de\/produkt\/multi-mam-balsam-protect\/#primaryimage"},"image":{"@id":"https:\/\/multi-mam.com\/de\/produkt\/multi-mam-balsam-protect\/#primaryimage"},"thumbnailUrl":"https:\/\/multi-mam.com\/app\/uploads\/sites\/4\/2022\/06\/Multi-Mam-BalsamProtect_a02-1.png","datePublished":"2022-06-21T08:07:03+00:00","dateModified":"2026-04-17T12:22:43+00:00","description":"Multi-Mam Balsam Protect ist ein veganer Brustwarzen-Balsam, der haupts\u00e4chlich auf pflanzlichen \u00d6len und Fetten basiert und die Brustwarzen w\u00e4hrend des Stillens vor Trockenheit und Rissen sch\u00fctzt.","breadcrumb":{"@id":"https:\/\/multi-mam.com\/de\/produkt\/multi-mam-balsam-protect\/#breadcrumb"},"inLanguage":"de","potentialAction":[{"@type":"ReadAction","target":["https:\/\/multi-mam.com\/de\/produkt\/multi-mam-balsam-protect\/"]}]},{"@type":"ImageObject","inLanguage":"de","@id":"https:\/\/multi-mam.com\/de\/produkt\/multi-mam-balsam-protect\/#primaryimage","url":"https:\/\/multi-mam.com\/app\/uploads\/sites\/4\/2022\/06\/Multi-Mam-BalsamProtect_a02-1.png","contentUrl":"https:\/\/multi-mam.com\/app\/uploads\/sites\/4\/2022\/06\/Multi-Mam-BalsamProtect_a02-1.png","width":800,"height":800,"caption":"Multi-Mam Balsam Protect"},{"@type":"BreadcrumbList","@id":"https:\/\/multi-mam.com\/de\/produkt\/multi-mam-balsam-protect\/#breadcrumb","itemListElement":[{"@type":"ListItem","position":1,"name":"Home","item":"https:\/\/multi-mam.com\/de\/"},{"@type":"ListItem","position":2,"name":"Produkte","item":"https:\/\/multi-mam.com\/de\/produkte\/"},{"@type":"ListItem","position":3,"name":"Multi-Mam Balsam Protect"}]},{"@type":"WebSite","@id":"https:\/\/multi-mam.com\/de\/#website","url":"https:\/\/multi-mam.com\/de\/","name":"Multi-Mam","description":"","publisher":{"@id":"https:\/\/multi-mam.com\/de\/#organization"},"potentialAction":[{"@type":"SearchAction","target":{"@type":"EntryPoint","urlTemplate":"https:\/\/multi-mam.com\/de\/?s={search_term_string}"},"query-input":{"@type":"PropertyValueSpecification","valueRequired":true,"valueName":"search_term_string"}}],"inLanguage":"de"},{"@type":"Organization","@id":"https:\/\/multi-mam.com\/de\/#organization","name":"Multi-Mam","url":"https:\/\/multi-mam.com\/de\/","logo":{"@type":"ImageObject","inLanguage":"de","@id":"https:\/\/multi-mam.com\/de\/#\/schema\/logo\/image\/","url":"https:\/\/multi-mam.com\/app\/uploads\/sites\/4\/2022\/06\/multi-mam-logotype.png","contentUrl":"https:\/\/multi-mam.com\/app\/uploads\/sites\/4\/2022\/06\/multi-mam-logotype.png","width":70,"height":96,"caption":"Multi-Mam"},"image":{"@id":"https:\/\/multi-mam.com\/de\/#\/schema\/logo\/image\/"}}]}},"_links":{"self":[{"href":"https:\/\/multi-mam.com\/de\/wp-json\/wp\/v2\/product\/70","targetHints":{"allow":["GET"]}}],"collection":[{"href":"https:\/\/multi-mam.com\/de\/wp-json\/wp\/v2\/product"}],"about":[{"href":"https:\/\/multi-mam.com\/de\/wp-json\/wp\/v2\/types\/product"}],"replies":[{"embeddable":true,"href":"https:\/\/multi-mam.com\/de\/wp-json\/wp\/v2\/comments?post=70"}],"version-history":[{"count":8,"href":"https:\/\/multi-mam.com\/de\/wp-json\/wp\/v2\/product\/70\/revisions"}],"predecessor-version":[{"id":356,"href":"https:\/\/multi-mam.com\/de\/wp-json\/wp\/v2\/product\/70\/revisions\/356"}],"wp:featuredmedia":[{"embeddable":true,"href":"https:\/\/multi-mam.com\/de\/wp-json\/wp\/v2\/media\/216"}],"wp:attachment":[{"href":"https:\/\/multi-mam.com\/de\/wp-json\/wp\/v2\/media?parent=70"}],"wp:term":[{"taxonomy":"product_brand","embeddable":true,"href":"https:\/\/multi-mam.com\/de\/wp-json\/wp\/v2\/product_brand?post=70"},{"taxonomy":"product_cat","embeddable":true,"href":"https:\/\/multi-mam.com\/de\/wp-json\/wp\/v2\/product_cat?post=70"},{"taxonomy":"product_tag","embeddable":true,"href":"https:\/\/multi-mam.com\/de\/wp-json\/wp\/v2\/product_tag?post=70"}],"curies":[{"name":"wp","href":"https:\/\/api.w.org\/{rel}","templated":true}]}}