{"id":209,"date":"2022-06-20T15:51:50","date_gmt":"2022-06-20T13:51:50","guid":{"rendered":"https:\/\/multi-mam.com\/ch\/product\/multi-mam-balsam-protect\/"},"modified":"2025-11-26T09:56:04","modified_gmt":"2025-11-26T08:56:04","slug":"multi-mam-balsam-protect","status":"publish","type":"product","link":"https:\/\/multi-mam.com\/ch\/fr\/produit\/multi-mam-balsam-protect\/","title":{"rendered":"Multi-Mam\u00ae Balsam Protect"},"content":{"rendered":"\n<div class=\"wp-block-karopharma-accordions is-style-secondary\"><div class=\"container\">\n<details class=\"wp-block-karopharma-accordion\"><summary><h2 class=\"accordion-title\">Dois-je retirer le Multi-Mam Balsam Protect avant l\u2019allaitement&nbsp;?<\/h2><\/summary><div class=\"accordion-content\">\n<p>Non, le Multi Mam Balsam Protect est inoffensif en cas d\u2019ingestion et a un go\u00fbt et une odeur neutres. Il est particuli\u00e8rement recommand\u00e9 d\u2019appliquer le baume imm\u00e9diatement apr\u00e8s l\u2019allaitement. S\u2019il est appliqu\u00e9 juste avant l\u2019allaitement, il peut rendre la prise du sein difficile pour votre b\u00e9b\u00e9.<\/p>\n<\/div><\/details>\n\n\n\n<details class=\"wp-block-karopharma-accordion\"><summary><h2 class=\"accordion-title\">\u00c0 quelle fr\u00e9quence devrais-je utiliser le Multi-Mam Balsam Protect&nbsp;?<\/h2><\/summary><div class=\"accordion-content\">\n<p>Aussi souvent que vous le souhaitez. Nous recommandons d\u2019appliquer le baume imm\u00e9diatement apr\u00e8s l\u2019allaitement.<\/p>\n<\/div><\/details>\n<\/div><\/div>\n","protected":false},"excerpt":{"rendered":"<p>Apaise les mamelons<\/p>\n","protected":false},"featured_media":273,"comment_status":"closed","ping_status":"closed","template":"","meta":{"_acf_changed":false,"footnotes":""},"product_brand":[],"product_cat":[28],"product_tag":[],"class_list":{"0":"post-209","1":"product","2":"type-product","3":"status-publish","4":"has-post-thumbnail","6":"product_cat-stillen-fr","8":"first","9":"instock","10":"shipping-taxable","11":"product-type-simple"},"acf":[],"yoast_head":"<!-- This site is optimized with the Yoast SEO plugin v26.6 - https:\/\/yoast.com\/wordpress\/plugins\/seo\/ -->\n<title>Multi-Mam\u00ae Balsam Protect - Multi-Mam<\/title>\n<meta name=\"description\" content=\"Multi-Mam Balsam Protect est un baume pour mamelons v\u00e9g\u00e9talien \u00e0 base principalement d&#039;huiles et de graisses v\u00e9g\u00e9tales qui prot\u00e8ge les mamelons du dess\u00e8chement et des craquelures pendant l&#039;allaitement.\" \/>\n<meta name=\"robots\" content=\"index, follow, max-snippet:-1, max-image-preview:large, max-video-preview:-1\" \/>\n<link rel=\"canonical\" href=\"https:\/\/multi-mam.com\/ch\/fr\/produit\/multi-mam-balsam-protect\/\" \/>\n<meta property=\"og:locale\" content=\"fr_FR\" \/>\n<meta property=\"og:type\" content=\"article\" \/>\n<meta property=\"og:title\" content=\"Multi-Mam\u00ae Balsam Protect - Multi-Mam\" \/>\n<meta property=\"og:description\" content=\"Multi-Mam Balsam Protect est un baume pour mamelons v\u00e9g\u00e9talien \u00e0 base principalement d&#039;huiles et de graisses v\u00e9g\u00e9tales qui prot\u00e8ge les mamelons du dess\u00e8chement et des craquelures pendant l&#039;allaitement.\" \/>\n<meta property=\"og:url\" content=\"https:\/\/multi-mam.com\/ch\/fr\/produit\/multi-mam-balsam-protect\/\" \/>\n<meta property=\"og:site_name\" content=\"Multi-Mam\" \/>\n<meta property=\"article:modified_time\" content=\"2025-11-26T08:56:04+00:00\" \/>\n<meta property=\"og:image\" content=\"https:\/\/multi-mam.com\/app\/uploads\/sites\/11\/2022\/06\/MultiMam_BalsamProtect-kl_edit.png\" \/>\n\t<meta property=\"og:image:width\" content=\"700\" \/>\n\t<meta property=\"og:image:height\" content=\"700\" \/>\n\t<meta property=\"og:image:type\" content=\"image\/png\" \/>\n<meta name=\"twitter:card\" content=\"summary_large_image\" \/>\n<meta name=\"twitter:label1\" content=\"Est. reading time\" \/>\n\t<meta name=\"twitter:data1\" content=\"1 minute\" \/>\n<script type=\"application\/ld+json\" class=\"yoast-schema-graph\">{\"@context\":\"https:\/\/schema.org\",\"@graph\":[{\"@type\":\"WebPage\",\"@id\":\"https:\/\/multi-mam.com\/ch\/fr\/produit\/multi-mam-balsam-protect\/\",\"url\":\"https:\/\/multi-mam.com\/ch\/fr\/produit\/multi-mam-balsam-protect\/\",\"name\":\"Multi-Mam\u00ae Balsam Protect - Multi-Mam\",\"isPartOf\":{\"@id\":\"https:\/\/multi-mam.com\/ch\/fr\/#website\"},\"primaryImageOfPage\":{\"@id\":\"https:\/\/multi-mam.com\/ch\/fr\/produit\/multi-mam-balsam-protect\/#primaryimage\"},\"image\":{\"@id\":\"https:\/\/multi-mam.com\/ch\/fr\/produit\/multi-mam-balsam-protect\/#primaryimage\"},\"thumbnailUrl\":\"https:\/\/multi-mam.com\/app\/uploads\/sites\/11\/2022\/06\/MultiMam_BalsamProtect-kl_edit.png\",\"datePublished\":\"2022-06-20T13:51:50+00:00\",\"dateModified\":\"2025-11-26T08:56:04+00:00\",\"description\":\"Multi-Mam Balsam Protect est un baume pour mamelons v\u00e9g\u00e9talien \u00e0 base principalement d'huiles et de graisses v\u00e9g\u00e9tales qui prot\u00e8ge les mamelons du dess\u00e8chement et des craquelures pendant l'allaitement.\",\"breadcrumb\":{\"@id\":\"https:\/\/multi-mam.com\/ch\/fr\/produit\/multi-mam-balsam-protect\/#breadcrumb\"},\"inLanguage\":\"fr-CH\",\"potentialAction\":[{\"@type\":\"ReadAction\",\"target\":[\"https:\/\/multi-mam.com\/ch\/fr\/produit\/multi-mam-balsam-protect\/\"]}]},{\"@type\":\"ImageObject\",\"inLanguage\":\"fr-CH\",\"@id\":\"https:\/\/multi-mam.com\/ch\/fr\/produit\/multi-mam-balsam-protect\/#primaryimage\",\"url\":\"https:\/\/multi-mam.com\/app\/uploads\/sites\/11\/2022\/06\/MultiMam_BalsamProtect-kl_edit.png\",\"contentUrl\":\"https:\/\/multi-mam.com\/app\/uploads\/sites\/11\/2022\/06\/MultiMam_BalsamProtect-kl_edit.png\",\"width\":700,\"height\":700,\"caption\":\"MultiMam_BalsamProtect\"},{\"@type\":\"BreadcrumbList\",\"@id\":\"https:\/\/multi-mam.com\/ch\/fr\/produit\/multi-mam-balsam-protect\/#breadcrumb\",\"itemListElement\":[{\"@type\":\"ListItem\",\"position\":1,\"name\":\"Home\",\"item\":\"https:\/\/multi-mam.com\/ch\/fr\/\"},{\"@type\":\"ListItem\",\"position\":2,\"name\":\"Produits\",\"item\":\"https:\/\/multi-mam.com\/ch\/de\/produkte\/\"},{\"@type\":\"ListItem\",\"position\":3,\"name\":\"Multi-Mam\u00ae Balsam Protect\"}]},{\"@type\":\"WebSite\",\"@id\":\"https:\/\/multi-mam.com\/ch\/fr\/#website\",\"url\":\"https:\/\/multi-mam.com\/ch\/fr\/\",\"name\":\"Multi-Mam\",\"description\":\"\",\"publisher\":{\"@id\":\"https:\/\/multi-mam.com\/ch\/fr\/#organization\"},\"potentialAction\":[{\"@type\":\"SearchAction\",\"target\":{\"@type\":\"EntryPoint\",\"urlTemplate\":\"https:\/\/multi-mam.com\/ch\/fr\/?s={search_term_string}\"},\"query-input\":{\"@type\":\"PropertyValueSpecification\",\"valueRequired\":true,\"valueName\":\"search_term_string\"}}],\"inLanguage\":\"fr-CH\"},{\"@type\":\"Organization\",\"@id\":\"https:\/\/multi-mam.com\/ch\/fr\/#organization\",\"name\":\"Multi-Mam\",\"url\":\"https:\/\/multi-mam.com\/ch\/fr\/\",\"logo\":{\"@type\":\"ImageObject\",\"inLanguage\":\"fr-CH\",\"@id\":\"https:\/\/multi-mam.com\/ch\/fr\/#\/schema\/logo\/image\/\",\"url\":\"https:\/\/multi-mam.com\/app\/uploads\/sites\/11\/2022\/06\/multi-mam-logotype.png\",\"contentUrl\":\"https:\/\/multi-mam.com\/app\/uploads\/sites\/11\/2022\/06\/multi-mam-logotype.png\",\"width\":70,\"height\":96,\"caption\":\"Multi-Mam\"},\"image\":{\"@id\":\"https:\/\/multi-mam.com\/ch\/fr\/#\/schema\/logo\/image\/\"}}]}<\/script>\n<!-- \/ Yoast SEO plugin. -->","yoast_head_json":{"title":"Multi-Mam\u00ae Balsam Protect - Multi-Mam","description":"Multi-Mam Balsam Protect est un baume pour mamelons v\u00e9g\u00e9talien \u00e0 base principalement d'huiles et de graisses v\u00e9g\u00e9tales qui prot\u00e8ge les mamelons du dess\u00e8chement et des craquelures pendant l'allaitement.","robots":{"index":"index","follow":"follow","max-snippet":"max-snippet:-1","max-image-preview":"max-image-preview:large","max-video-preview":"max-video-preview:-1"},"canonical":"https:\/\/multi-mam.com\/ch\/fr\/produit\/multi-mam-balsam-protect\/","og_locale":"fr_FR","og_type":"article","og_title":"Multi-Mam\u00ae Balsam Protect - Multi-Mam","og_description":"Multi-Mam Balsam Protect est un baume pour mamelons v\u00e9g\u00e9talien \u00e0 base principalement d'huiles et de graisses v\u00e9g\u00e9tales qui prot\u00e8ge les mamelons du dess\u00e8chement et des craquelures pendant l'allaitement.","og_url":"https:\/\/multi-mam.com\/ch\/fr\/produit\/multi-mam-balsam-protect\/","og_site_name":"Multi-Mam","article_modified_time":"2025-11-26T08:56:04+00:00","og_image":[{"width":700,"height":700,"url":"https:\/\/multi-mam.com\/app\/uploads\/sites\/11\/2022\/06\/MultiMam_BalsamProtect-kl_edit.png","type":"image\/png"}],"twitter_card":"summary_large_image","twitter_misc":{"Est. reading time":"1 minute"},"schema":{"@context":"https:\/\/schema.org","@graph":[{"@type":"WebPage","@id":"https:\/\/multi-mam.com\/ch\/fr\/produit\/multi-mam-balsam-protect\/","url":"https:\/\/multi-mam.com\/ch\/fr\/produit\/multi-mam-balsam-protect\/","name":"Multi-Mam\u00ae Balsam Protect - Multi-Mam","isPartOf":{"@id":"https:\/\/multi-mam.com\/ch\/fr\/#website"},"primaryImageOfPage":{"@id":"https:\/\/multi-mam.com\/ch\/fr\/produit\/multi-mam-balsam-protect\/#primaryimage"},"image":{"@id":"https:\/\/multi-mam.com\/ch\/fr\/produit\/multi-mam-balsam-protect\/#primaryimage"},"thumbnailUrl":"https:\/\/multi-mam.com\/app\/uploads\/sites\/11\/2022\/06\/MultiMam_BalsamProtect-kl_edit.png","datePublished":"2022-06-20T13:51:50+00:00","dateModified":"2025-11-26T08:56:04+00:00","description":"Multi-Mam Balsam Protect est un baume pour mamelons v\u00e9g\u00e9talien \u00e0 base principalement d'huiles et de graisses v\u00e9g\u00e9tales qui prot\u00e8ge les mamelons du dess\u00e8chement et des craquelures pendant l'allaitement.","breadcrumb":{"@id":"https:\/\/multi-mam.com\/ch\/fr\/produit\/multi-mam-balsam-protect\/#breadcrumb"},"inLanguage":"fr-CH","potentialAction":[{"@type":"ReadAction","target":["https:\/\/multi-mam.com\/ch\/fr\/produit\/multi-mam-balsam-protect\/"]}]},{"@type":"ImageObject","inLanguage":"fr-CH","@id":"https:\/\/multi-mam.com\/ch\/fr\/produit\/multi-mam-balsam-protect\/#primaryimage","url":"https:\/\/multi-mam.com\/app\/uploads\/sites\/11\/2022\/06\/MultiMam_BalsamProtect-kl_edit.png","contentUrl":"https:\/\/multi-mam.com\/app\/uploads\/sites\/11\/2022\/06\/MultiMam_BalsamProtect-kl_edit.png","width":700,"height":700,"caption":"MultiMam_BalsamProtect"},{"@type":"BreadcrumbList","@id":"https:\/\/multi-mam.com\/ch\/fr\/produit\/multi-mam-balsam-protect\/#breadcrumb","itemListElement":[{"@type":"ListItem","position":1,"name":"Home","item":"https:\/\/multi-mam.com\/ch\/fr\/"},{"@type":"ListItem","position":2,"name":"Produits","item":"https:\/\/multi-mam.com\/ch\/de\/produkte\/"},{"@type":"ListItem","position":3,"name":"Multi-Mam\u00ae Balsam Protect"}]},{"@type":"WebSite","@id":"https:\/\/multi-mam.com\/ch\/fr\/#website","url":"https:\/\/multi-mam.com\/ch\/fr\/","name":"Multi-Mam","description":"","publisher":{"@id":"https:\/\/multi-mam.com\/ch\/fr\/#organization"},"potentialAction":[{"@type":"SearchAction","target":{"@type":"EntryPoint","urlTemplate":"https:\/\/multi-mam.com\/ch\/fr\/?s={search_term_string}"},"query-input":{"@type":"PropertyValueSpecification","valueRequired":true,"valueName":"search_term_string"}}],"inLanguage":"fr-CH"},{"@type":"Organization","@id":"https:\/\/multi-mam.com\/ch\/fr\/#organization","name":"Multi-Mam","url":"https:\/\/multi-mam.com\/ch\/fr\/","logo":{"@type":"ImageObject","inLanguage":"fr-CH","@id":"https:\/\/multi-mam.com\/ch\/fr\/#\/schema\/logo\/image\/","url":"https:\/\/multi-mam.com\/app\/uploads\/sites\/11\/2022\/06\/multi-mam-logotype.png","contentUrl":"https:\/\/multi-mam.com\/app\/uploads\/sites\/11\/2022\/06\/multi-mam-logotype.png","width":70,"height":96,"caption":"Multi-Mam"},"image":{"@id":"https:\/\/multi-mam.com\/ch\/fr\/#\/schema\/logo\/image\/"}}]}},"_links":{"self":[{"href":"https:\/\/multi-mam.com\/ch\/fr\/wp-json\/wp\/v2\/product\/209","targetHints":{"allow":["GET"]}}],"collection":[{"href":"https:\/\/multi-mam.com\/ch\/fr\/wp-json\/wp\/v2\/product"}],"about":[{"href":"https:\/\/multi-mam.com\/ch\/fr\/wp-json\/wp\/v2\/types\/product"}],"replies":[{"embeddable":true,"href":"https:\/\/multi-mam.com\/ch\/fr\/wp-json\/wp\/v2\/comments?post=209"}],"version-history":[{"count":10,"href":"https:\/\/multi-mam.com\/ch\/fr\/wp-json\/wp\/v2\/product\/209\/revisions"}],"predecessor-version":[{"id":453,"href":"https:\/\/multi-mam.com\/ch\/fr\/wp-json\/wp\/v2\/product\/209\/revisions\/453"}],"wp:featuredmedia":[{"embeddable":true,"href":"https:\/\/multi-mam.com\/ch\/fr\/wp-json\/wp\/v2\/media\/273"}],"wp:attachment":[{"href":"https:\/\/multi-mam.com\/ch\/fr\/wp-json\/wp\/v2\/media?parent=209"}],"wp:term":[{"taxonomy":"product_brand","embeddable":true,"href":"https:\/\/multi-mam.com\/ch\/fr\/wp-json\/wp\/v2\/product_brand?post=209"},{"taxonomy":"product_cat","embeddable":true,"href":"https:\/\/multi-mam.com\/ch\/fr\/wp-json\/wp\/v2\/product_cat?post=209"},{"taxonomy":"product_tag","embeddable":true,"href":"https:\/\/multi-mam.com\/ch\/fr\/wp-json\/wp\/v2\/product_tag?post=209"}],"curies":[{"name":"wp","href":"https:\/\/api.w.org\/{rel}","templated":true}]}}