{"id":205,"date":"2022-06-20T16:06:02","date_gmt":"2022-06-20T14:06:02","guid":{"rendered":"https:\/\/multi-mam.com\/ch\/product\/multi-mam-kompressen\/"},"modified":"2025-11-26T09:39:10","modified_gmt":"2025-11-26T08:39:10","slug":"multi-mam-comprime","status":"publish","type":"product","link":"https:\/\/multi-mam.com\/ch\/fr\/produit\/multi-mam-comprime\/","title":{"rendered":"Multi-Mam\u00ae Compresses"},"content":{"rendered":"\n<div class=\"wp-block-karopharma-free-text undefined bg-center bg-contain bg-no-repeat  pt-large pb-small is-style-secondary\" style=\"background-image:url()\"><div class=\"free-text-wrapper container max-w-medium text-left\">\n<div class=\"wp-block-karopharma-video\"><div class=\"video-wrapper\"><iframe loading=\"lazy\" frameborder=\"0\" allowfullscreen allow=\"accelerometer; encrypted-media; gyroscope; picture-in-picture\" data-src=\"https:\/\/www.youtube.com\/embed\/1Nj2blM7EBU?autoplay=1\"><\/iframe><picture><source media=\"(max-width: 550px)\" srcset=\"https:\/\/img.youtube.com\/vi\/1Nj2blM7EBU\/mqdefault.jpg\"\/><source media=\"(max-width: 800px)\" srcset=\"https:\/\/img.youtube.com\/vi\/1Nj2blM7EBU\/hqdefault.jpg\"\/><img decoding=\"async\" width=\"1280\" height=\"720\" loading=\"lazy\" src=\"https:\/\/img.youtube.com\/vi\/1Nj2blM7EBU\/maxresdefault.jpg\" alt=\"Embedded YouTube video player thumbnail\"\/><\/picture><div class=\"video-trigger group\"><div class=\"video-trigger__circle group-hover:opacity-[85%]\"><svg width=\"14\" height=\"16\" viewbox=\"0 0 14 16\" fill=\"none\" xmlns=\"http:\/\/www.w3.org\/2000\/svg\"><path d=\"M13.2625 6.70935L2.2625 0.206225C1.36875 -0.3219 0 0.1906 0 1.49685V14.5C0 15.6719 1.27188 16.3781 2.2625 15.7906L13.2625 9.2906C14.2437 8.71248 14.2469 7.28748 13.2625 6.70935V6.70935Z\" fill=\"white\"><\/path><\/svg><\/div><\/div><\/div><\/div>\n<\/div><\/div>\n\n\n\n<div class=\"wp-block-karopharma-accordions is-style-secondary\"><div class=\"container\">\n<details class=\"wp-block-karopharma-accordion\"><summary><h2 class=\"accordion-title\">\u00c0 quel moment utiliser la compresse Multi-Mam, avant ou apr\u00e8s l\u2019allaitement&nbsp;?<\/h2><\/summary><div class=\"accordion-content\">\n<p>Nous vous recommandons d\u2019utiliser la compresse Multi-Mam juste apr\u00e8s l\u2019allaitement&nbsp;: si elle est utilis\u00e9e juste avant celui-ci, l\u2019hydratation peut rendre la prise du sein plus difficile pour votre b\u00e9b\u00e9.<\/p>\n<\/div><\/details>\n\n\n\n<details class=\"wp-block-karopharma-accordion\"><summary><h2 class=\"accordion-title\">Combien de temps dois-je garder la compresse Multi-Mam sur ma poitrine&nbsp;?<\/h2><\/summary><div class=\"accordion-content\">\n<p>Id\u00e9alement pendant 30&nbsp;minutes&nbsp;; mais au minimum 10&nbsp;minutes et au maximum une heure.<\/p>\n<\/div><\/details>\n\n\n\n<details class=\"wp-block-karopharma-accordion\"><summary><h2 class=\"accordion-title\">Combien de fois puis-je utiliser une compresse Multi-Mam&nbsp;?<\/h2><\/summary><div class=\"accordion-content\">\n<p>Chaque compresse est \u00e0 usage unique. Elle doit \u00eatre jet\u00e9e apr\u00e8s usage pour des raisons d\u2019hygi\u00e8ne.<\/p>\n<\/div><\/details>\n\n\n\n<details class=\"wp-block-karopharma-accordion\"><summary><h2 class=\"accordion-title\">Si mon b\u00e9b\u00e9 avale une partie du gel des compresses Multi-Mam, cela peut-il \u00eatre dangereux&nbsp;?<\/h2><\/summary><div class=\"accordion-content\">\n<p>Non, le gel est sans danger pour votre b\u00e9b\u00e9. Il n\u2019est pas n\u00e9cessaire d\u2019enlever l\u2019exc\u00e9dent de gel avant l\u2019allaitement<\/p>\n<\/div><\/details>\n<\/div><\/div>\n","protected":false},"excerpt":{"rendered":"<p>Soin doux pour un allaitement confortable<\/p>\n","protected":false},"featured_media":367,"comment_status":"closed","ping_status":"closed","template":"","meta":{"_acf_changed":false,"footnotes":""},"product_brand":[],"product_cat":[28],"product_tag":[],"class_list":{"0":"post-205","1":"product","2":"type-product","3":"status-publish","4":"has-post-thumbnail","6":"product_cat-stillen-fr","8":"first","9":"instock","10":"shipping-taxable","11":"product-type-simple"},"acf":[],"yoast_head":"<!-- This site is optimized with the Yoast SEO plugin v26.6 - https:\/\/yoast.com\/wordpress\/plugins\/seo\/ -->\n<title>Multi-Mam\u00ae Compresses - Multi-Mam<\/title>\n<meta name=\"description\" content=\"Les compresses Multi-Mam sont sp\u00e9cialement con\u00e7ues pour aider les m\u00e8res qui allaitent en procurant un soulagement instantan\u00e9 et un confort apaisant \u00e0 la peau sensible\" \/>\n<meta name=\"robots\" content=\"index, follow, max-snippet:-1, max-image-preview:large, max-video-preview:-1\" \/>\n<link rel=\"canonical\" href=\"https:\/\/multi-mam.com\/ch\/fr\/produit\/multi-mam-comprime\/\" \/>\n<meta property=\"og:locale\" content=\"fr_FR\" \/>\n<meta property=\"og:type\" content=\"article\" \/>\n<meta property=\"og:title\" content=\"Multi-Mam\u00ae Compresses - Multi-Mam\" \/>\n<meta property=\"og:description\" content=\"Les compresses Multi-Mam sont sp\u00e9cialement con\u00e7ues pour aider les m\u00e8res qui allaitent en procurant un soulagement instantan\u00e9 et un confort apaisant \u00e0 la peau sensible\" \/>\n<meta property=\"og:url\" content=\"https:\/\/multi-mam.com\/ch\/fr\/produit\/multi-mam-comprime\/\" \/>\n<meta property=\"og:site_name\" content=\"Multi-Mam\" \/>\n<meta property=\"article:modified_time\" content=\"2025-11-26T08:39:10+00:00\" \/>\n<meta property=\"og:image\" content=\"https:\/\/multi-mam.com\/app\/uploads\/sites\/11\/2022\/06\/Multi-Mam-Kompressen.png\" \/>\n\t<meta property=\"og:image:width\" content=\"1200\" \/>\n\t<meta property=\"og:image:height\" content=\"1200\" \/>\n\t<meta property=\"og:image:type\" content=\"image\/png\" \/>\n<meta name=\"twitter:card\" content=\"summary_large_image\" \/>\n<meta name=\"twitter:label1\" content=\"Est. reading time\" \/>\n\t<meta name=\"twitter:data1\" content=\"1 minute\" \/>\n<script type=\"application\/ld+json\" class=\"yoast-schema-graph\">{\"@context\":\"https:\/\/schema.org\",\"@graph\":[{\"@type\":\"WebPage\",\"@id\":\"https:\/\/multi-mam.com\/ch\/fr\/produit\/multi-mam-comprime\/\",\"url\":\"https:\/\/multi-mam.com\/ch\/fr\/produit\/multi-mam-comprime\/\",\"name\":\"Multi-Mam\u00ae Compresses - Multi-Mam\",\"isPartOf\":{\"@id\":\"https:\/\/multi-mam.com\/ch\/fr\/#website\"},\"primaryImageOfPage\":{\"@id\":\"https:\/\/multi-mam.com\/ch\/fr\/produit\/multi-mam-comprime\/#primaryimage\"},\"image\":{\"@id\":\"https:\/\/multi-mam.com\/ch\/fr\/produit\/multi-mam-comprime\/#primaryimage\"},\"thumbnailUrl\":\"https:\/\/multi-mam.com\/app\/uploads\/sites\/11\/2022\/06\/Multi-Mam-Kompressen.png\",\"datePublished\":\"2022-06-20T14:06:02+00:00\",\"dateModified\":\"2025-11-26T08:39:10+00:00\",\"description\":\"Les compresses Multi-Mam sont sp\u00e9cialement con\u00e7ues pour aider les m\u00e8res qui allaitent en procurant un soulagement instantan\u00e9 et un confort apaisant \u00e0 la peau sensible\",\"breadcrumb\":{\"@id\":\"https:\/\/multi-mam.com\/ch\/fr\/produit\/multi-mam-comprime\/#breadcrumb\"},\"inLanguage\":\"fr-CH\",\"potentialAction\":[{\"@type\":\"ReadAction\",\"target\":[\"https:\/\/multi-mam.com\/ch\/fr\/produit\/multi-mam-comprime\/\"]}]},{\"@type\":\"ImageObject\",\"inLanguage\":\"fr-CH\",\"@id\":\"https:\/\/multi-mam.com\/ch\/fr\/produit\/multi-mam-comprime\/#primaryimage\",\"url\":\"https:\/\/multi-mam.com\/app\/uploads\/sites\/11\/2022\/06\/Multi-Mam-Kompressen.png\",\"contentUrl\":\"https:\/\/multi-mam.com\/app\/uploads\/sites\/11\/2022\/06\/Multi-Mam-Kompressen.png\",\"width\":1200,\"height\":1200,\"caption\":\"Multi-Mam Kompressen\"},{\"@type\":\"BreadcrumbList\",\"@id\":\"https:\/\/multi-mam.com\/ch\/fr\/produit\/multi-mam-comprime\/#breadcrumb\",\"itemListElement\":[{\"@type\":\"ListItem\",\"position\":1,\"name\":\"Home\",\"item\":\"https:\/\/multi-mam.com\/ch\/fr\/\"},{\"@type\":\"ListItem\",\"position\":2,\"name\":\"Produits\",\"item\":\"https:\/\/multi-mam.com\/ch\/de\/produkte\/\"},{\"@type\":\"ListItem\",\"position\":3,\"name\":\"Multi-Mam\u00ae Compresses\"}]},{\"@type\":\"WebSite\",\"@id\":\"https:\/\/multi-mam.com\/ch\/fr\/#website\",\"url\":\"https:\/\/multi-mam.com\/ch\/fr\/\",\"name\":\"Multi-Mam\",\"description\":\"\",\"publisher\":{\"@id\":\"https:\/\/multi-mam.com\/ch\/fr\/#organization\"},\"potentialAction\":[{\"@type\":\"SearchAction\",\"target\":{\"@type\":\"EntryPoint\",\"urlTemplate\":\"https:\/\/multi-mam.com\/ch\/fr\/?s={search_term_string}\"},\"query-input\":{\"@type\":\"PropertyValueSpecification\",\"valueRequired\":true,\"valueName\":\"search_term_string\"}}],\"inLanguage\":\"fr-CH\"},{\"@type\":\"Organization\",\"@id\":\"https:\/\/multi-mam.com\/ch\/fr\/#organization\",\"name\":\"Multi-Mam\",\"url\":\"https:\/\/multi-mam.com\/ch\/fr\/\",\"logo\":{\"@type\":\"ImageObject\",\"inLanguage\":\"fr-CH\",\"@id\":\"https:\/\/multi-mam.com\/ch\/fr\/#\/schema\/logo\/image\/\",\"url\":\"https:\/\/multi-mam.com\/app\/uploads\/sites\/11\/2022\/06\/multi-mam-logotype.png\",\"contentUrl\":\"https:\/\/multi-mam.com\/app\/uploads\/sites\/11\/2022\/06\/multi-mam-logotype.png\",\"width\":70,\"height\":96,\"caption\":\"Multi-Mam\"},\"image\":{\"@id\":\"https:\/\/multi-mam.com\/ch\/fr\/#\/schema\/logo\/image\/\"}}]}<\/script>\n<!-- \/ Yoast SEO plugin. -->","yoast_head_json":{"title":"Multi-Mam\u00ae Compresses - Multi-Mam","description":"Les compresses Multi-Mam sont sp\u00e9cialement con\u00e7ues pour aider les m\u00e8res qui allaitent en procurant un soulagement instantan\u00e9 et un confort apaisant \u00e0 la peau sensible","robots":{"index":"index","follow":"follow","max-snippet":"max-snippet:-1","max-image-preview":"max-image-preview:large","max-video-preview":"max-video-preview:-1"},"canonical":"https:\/\/multi-mam.com\/ch\/fr\/produit\/multi-mam-comprime\/","og_locale":"fr_FR","og_type":"article","og_title":"Multi-Mam\u00ae Compresses - Multi-Mam","og_description":"Les compresses Multi-Mam sont sp\u00e9cialement con\u00e7ues pour aider les m\u00e8res qui allaitent en procurant un soulagement instantan\u00e9 et un confort apaisant \u00e0 la peau sensible","og_url":"https:\/\/multi-mam.com\/ch\/fr\/produit\/multi-mam-comprime\/","og_site_name":"Multi-Mam","article_modified_time":"2025-11-26T08:39:10+00:00","og_image":[{"width":1200,"height":1200,"url":"https:\/\/multi-mam.com\/app\/uploads\/sites\/11\/2022\/06\/Multi-Mam-Kompressen.png","type":"image\/png"}],"twitter_card":"summary_large_image","twitter_misc":{"Est. reading time":"1 minute"},"schema":{"@context":"https:\/\/schema.org","@graph":[{"@type":"WebPage","@id":"https:\/\/multi-mam.com\/ch\/fr\/produit\/multi-mam-comprime\/","url":"https:\/\/multi-mam.com\/ch\/fr\/produit\/multi-mam-comprime\/","name":"Multi-Mam\u00ae Compresses - Multi-Mam","isPartOf":{"@id":"https:\/\/multi-mam.com\/ch\/fr\/#website"},"primaryImageOfPage":{"@id":"https:\/\/multi-mam.com\/ch\/fr\/produit\/multi-mam-comprime\/#primaryimage"},"image":{"@id":"https:\/\/multi-mam.com\/ch\/fr\/produit\/multi-mam-comprime\/#primaryimage"},"thumbnailUrl":"https:\/\/multi-mam.com\/app\/uploads\/sites\/11\/2022\/06\/Multi-Mam-Kompressen.png","datePublished":"2022-06-20T14:06:02+00:00","dateModified":"2025-11-26T08:39:10+00:00","description":"Les compresses Multi-Mam sont sp\u00e9cialement con\u00e7ues pour aider les m\u00e8res qui allaitent en procurant un soulagement instantan\u00e9 et un confort apaisant \u00e0 la peau sensible","breadcrumb":{"@id":"https:\/\/multi-mam.com\/ch\/fr\/produit\/multi-mam-comprime\/#breadcrumb"},"inLanguage":"fr-CH","potentialAction":[{"@type":"ReadAction","target":["https:\/\/multi-mam.com\/ch\/fr\/produit\/multi-mam-comprime\/"]}]},{"@type":"ImageObject","inLanguage":"fr-CH","@id":"https:\/\/multi-mam.com\/ch\/fr\/produit\/multi-mam-comprime\/#primaryimage","url":"https:\/\/multi-mam.com\/app\/uploads\/sites\/11\/2022\/06\/Multi-Mam-Kompressen.png","contentUrl":"https:\/\/multi-mam.com\/app\/uploads\/sites\/11\/2022\/06\/Multi-Mam-Kompressen.png","width":1200,"height":1200,"caption":"Multi-Mam Kompressen"},{"@type":"BreadcrumbList","@id":"https:\/\/multi-mam.com\/ch\/fr\/produit\/multi-mam-comprime\/#breadcrumb","itemListElement":[{"@type":"ListItem","position":1,"name":"Home","item":"https:\/\/multi-mam.com\/ch\/fr\/"},{"@type":"ListItem","position":2,"name":"Produits","item":"https:\/\/multi-mam.com\/ch\/de\/produkte\/"},{"@type":"ListItem","position":3,"name":"Multi-Mam\u00ae Compresses"}]},{"@type":"WebSite","@id":"https:\/\/multi-mam.com\/ch\/fr\/#website","url":"https:\/\/multi-mam.com\/ch\/fr\/","name":"Multi-Mam","description":"","publisher":{"@id":"https:\/\/multi-mam.com\/ch\/fr\/#organization"},"potentialAction":[{"@type":"SearchAction","target":{"@type":"EntryPoint","urlTemplate":"https:\/\/multi-mam.com\/ch\/fr\/?s={search_term_string}"},"query-input":{"@type":"PropertyValueSpecification","valueRequired":true,"valueName":"search_term_string"}}],"inLanguage":"fr-CH"},{"@type":"Organization","@id":"https:\/\/multi-mam.com\/ch\/fr\/#organization","name":"Multi-Mam","url":"https:\/\/multi-mam.com\/ch\/fr\/","logo":{"@type":"ImageObject","inLanguage":"fr-CH","@id":"https:\/\/multi-mam.com\/ch\/fr\/#\/schema\/logo\/image\/","url":"https:\/\/multi-mam.com\/app\/uploads\/sites\/11\/2022\/06\/multi-mam-logotype.png","contentUrl":"https:\/\/multi-mam.com\/app\/uploads\/sites\/11\/2022\/06\/multi-mam-logotype.png","width":70,"height":96,"caption":"Multi-Mam"},"image":{"@id":"https:\/\/multi-mam.com\/ch\/fr\/#\/schema\/logo\/image\/"}}]}},"_links":{"self":[{"href":"https:\/\/multi-mam.com\/ch\/fr\/wp-json\/wp\/v2\/product\/205","targetHints":{"allow":["GET"]}}],"collection":[{"href":"https:\/\/multi-mam.com\/ch\/fr\/wp-json\/wp\/v2\/product"}],"about":[{"href":"https:\/\/multi-mam.com\/ch\/fr\/wp-json\/wp\/v2\/types\/product"}],"replies":[{"embeddable":true,"href":"https:\/\/multi-mam.com\/ch\/fr\/wp-json\/wp\/v2\/comments?post=205"}],"version-history":[{"count":10,"href":"https:\/\/multi-mam.com\/ch\/fr\/wp-json\/wp\/v2\/product\/205\/revisions"}],"predecessor-version":[{"id":436,"href":"https:\/\/multi-mam.com\/ch\/fr\/wp-json\/wp\/v2\/product\/205\/revisions\/436"}],"wp:featuredmedia":[{"embeddable":true,"href":"https:\/\/multi-mam.com\/ch\/fr\/wp-json\/wp\/v2\/media\/367"}],"wp:attachment":[{"href":"https:\/\/multi-mam.com\/ch\/fr\/wp-json\/wp\/v2\/media?parent=205"}],"wp:term":[{"taxonomy":"product_brand","embeddable":true,"href":"https:\/\/multi-mam.com\/ch\/fr\/wp-json\/wp\/v2\/product_brand?post=205"},{"taxonomy":"product_cat","embeddable":true,"href":"https:\/\/multi-mam.com\/ch\/fr\/wp-json\/wp\/v2\/product_cat?post=205"},{"taxonomy":"product_tag","embeddable":true,"href":"https:\/\/multi-mam.com\/ch\/fr\/wp-json\/wp\/v2\/product_tag?post=205"}],"curies":[{"name":"wp","href":"https:\/\/api.w.org\/{rel}","templated":true}]}}