{"id":172,"date":"2022-06-20T07:44:44","date_gmt":"2022-06-20T05:44:44","guid":{"rendered":"https:\/\/multi-mam.com\/ch\/multi-mam\/"},"modified":"2025-11-26T10:35:05","modified_gmt":"2025-11-26T09:35:05","slug":"multi-mam","status":"publish","type":"page","link":"https:\/\/multi-mam.com\/ch\/fr\/","title":{"rendered":"Page d\u2019accueil"},"content":{"rendered":"\n<div class=\"wp-block-karopharma-free-text pt-large pb-large bg-center bg-cover bg-no-repeat bg-box undefined\" style=\"background-image:url(https:\/\/multi-mam.com\/cdn-cgi\/image\/format=auto\/app\/uploads\/sites\/11\/2022\/06\/multi-mam.jpeg)\"><div class=\"free-text-wrapper container max-w-medium text-center\">\n<figure class=\"wp-block-image aligncenter size-full\"><img loading=\"lazy\" decoding=\"async\" width=\"803\" height=\"300\" src=\"https:\/\/multi-mam.com\/app\/uploads\/sites\/11\/2025\/11\/multi-mam-produkte-2025-11.jpg\" alt=\"multi-mam-produkte\" class=\"wp-image-460\" srcset=\"https:\/\/multi-mam.com\/app\/uploads\/sites\/11\/2025\/11\/multi-mam-produkte-2025-11.jpg 803w, https:\/\/multi-mam.com\/app\/uploads\/sites\/11\/2025\/11\/multi-mam-produkte-2025-11-320x120.jpg 320w, https:\/\/multi-mam.com\/app\/uploads\/sites\/11\/2025\/11\/multi-mam-produkte-2025-11-768x287.jpg 768w, https:\/\/multi-mam.com\/app\/uploads\/sites\/11\/2025\/11\/multi-mam-produkte-2025-11-600x224.jpg 600w\" sizes=\"auto, (max-width: 803px) 100vw, 803px\" \/><\/figure>\n\n\n\n<h1 class=\"wp-block-heading is-style-heading-huge has-primary-color has-text-color\" id=\"love-is-all-you-need\">Rien ne vaut l\u2019amour d\u2019une m\u00e8re<\/h1>\n\n\n\n<h2 class=\"wp-block-heading is-style-heading-h2 has-primary-color has-text-color\" id=\"und-multi-mam-fur-mutter-und-kind\">\u2026\u2026Multi-Mam\u00ae vous aide \u00e0 le transmettre \u00e0 votre enfant.<\/h2>\n\n\n\n<div class=\"wp-block-buttons is-layout-flex wp-block-buttons-is-layout-flex\">\n<div class=\"wp-block-button is-style-secondary-button\"><a class=\"wp-block-button__link wp-element-button\" href=\"https:\/\/multi-mam.com\/ch\/fr\/produits\/\">Plus d\u00b4informations<\/a><\/div>\n<\/div>\n<\/div><\/div>\n\n\n<div class=\"product-list wp-block-karopharma-product-list\" data-testid=\"product-list\">\n      <div class=\"swiper-container\">\n      <div class=\"swiper\">\n        <div class=\"swiper-wrapper\">\n                      <div class=\"swiper-slide\">\n              <div class=\"product-card\" data-testid=\"product-card\">\n  <a\n    href=https:\/\/multi-mam.com\/ch\/fr\/produit\/multi-mam-balsam-protect\/\n    class=\"product-card-link\"\n    title=\"Multi-Mam\u00ae Balsam Protect\"\n  >\n  <figure class=\"product-card-image\" data-testid=\"product-image\">\n                          <img decoding=\"async\" src=\"https:\/\/multi-mam.com\/cdn-cgi\/image\/width=700,format=auto\/app\/uploads\/sites\/11\/2022\/06\/MultiMam_BalsamProtect-kl_edit.png\"\n        srcset=\"https:\/\/multi-mam.com\/cdn-cgi\/image\/width=250,format=auto\/app\/uploads\/sites\/11\/2022\/06\/MultiMam_BalsamProtect-kl_edit.png 250w,\n                https:\/\/multi-mam.com\/cdn-cgi\/image\/width=500,format=auto\/app\/uploads\/sites\/11\/2022\/06\/MultiMam_BalsamProtect-kl_edit.png 500w,\n                https:\/\/multi-mam.com\/cdn-cgi\/image\/width=700,format=auto\/app\/uploads\/sites\/11\/2022\/06\/MultiMam_BalsamProtect-kl_edit.png 700w\"\n        sizes=\"(max-width: 400px) 250px, (max-width: 800px) 500px, 700px\"\n        alt=\"MultiMam_BalsamProtect\"\n        class=\"img\">\n            <\/figure>\n    <div class=\"product-card-content\">\n      <div class=\"heading-wrapper\">\n        <h2 class=\"heading\">Multi-Mam\u00ae Balsam Protect<\/h2>\n      <\/div>\n      <div class=\"product-card-description\">Apaise les mamelons<\/div>\n                      <\/div>\n  <\/a>\n          <div class=\"button-wrapper buy-now \" data-testid=\"buy-now\">\n      <div class=\"buy-now-container dropdown-container\">\n      <div class=\"theme-button button-primary-color dropdown-link\" aria-label=\"Acheter maintenant\">\n          Acheter maintenant <i class=\"dropdown\"><\/i>\n      <\/div>\n      <ul class=\"reseller-list submenu\">\n                    <li>\n              <a\n                href=\"https:\/\/kanela.ch\/fr\/multy-mam-baume-protect-30ml\" onclick=\"dataLayer.push({'event':'ga_event', 'eventCategory':'Click on Reseller', 'eventAction':'Kanela', 'eventLabel':'Multi-Mam\u00ae Balsam Protect', 'eventValue': undefined})\" rel=\"noopener\" target=\"_blank\" title=\"Kanela\"\n                data-testid=\"buy-now-reseller\">\n                <i class=\"fa-solid fa-arrow-right\"><\/i> Kanela\n              <\/a>\n          <\/li>\n                    <li>\n              <a\n                href=\"https:\/\/www.mcdrogerie.ch\/multi-mam-balsam-protect-30-ml\" onclick=\"dataLayer.push({'event':'ga_event', 'eventCategory':'Click on Reseller', 'eventAction':'McDrogerie', 'eventLabel':'Multi-Mam\u00ae Balsam Protect', 'eventValue': undefined})\" rel=\"noopener\" target=\"_blank\" title=\"McDrogerie\"\n                data-testid=\"buy-now-reseller\">\n                <i class=\"fa-solid fa-arrow-right\"><\/i> McDrogerie\n              <\/a>\n          <\/li>\n                    <li>\n              <a\n                href=\"https:\/\/www.online-apotheke.ch\/Multi-Mam-Balsam-Protect-30ml-SW11063\" onclick=\"dataLayer.push({'event':'ga_event', 'eventCategory':'Click on Reseller', 'eventAction':'Online-Apotheke', 'eventLabel':'Multi-Mam\u00ae Balsam Protect', 'eventValue': undefined})\" rel=\"noopener\" target=\"_blank\" title=\"Online-Apotheke\"\n                data-testid=\"buy-now-reseller\">\n                <i class=\"fa-solid fa-arrow-right\"><\/i> Online-Apotheke\n              <\/a>\n          <\/li>\n                    <li>\n              <a\n                href=\"https:\/\/www.puravita.ch\/fr_ch\/multi-mam-baume-protect-30-g\" onclick=\"dataLayer.push({'event':'ga_event', 'eventCategory':'Click on Reseller', 'eventAction':'Puravita', 'eventLabel':'Multi-Mam\u00ae Balsam Protect', 'eventValue': undefined})\" rel=\"noopener\" target=\"_blank\" title=\"Puravita\"\n                data-testid=\"buy-now-reseller\">\n                <i class=\"fa-solid fa-arrow-right\"><\/i> Puravita\n              <\/a>\n          <\/li>\n                    <li>\n              <a\n                href=\"https:\/\/www.vitaminplus.ch\/marken\/multi-mam\/16118\/multi-mam-balsam-protect-tube-30-ml\" onclick=\"dataLayer.push({'event':'ga_event', 'eventCategory':'Click on Reseller', 'eventAction':'Vitaminplus', 'eventLabel':'Multi-Mam\u00ae Balsam Protect', 'eventValue': undefined})\" rel=\"noopener\" target=\"_blank\" title=\"Vitaminplus\"\n                data-testid=\"buy-now-reseller\">\n                <i class=\"fa-solid fa-arrow-right\"><\/i> Vitaminplus\n              <\/a>\n          <\/li>\n                    <li>\n              <a\n                href=\"https:\/\/www.vitaserv.ch\/pi\/SPITEX-GESUNDHEITS-ARZT-Bedarf\/Wellness-Inkontinez-1-Hilfe-Krankenpflege\/Medizinalbedarf-Krankenpflege-Inkontinenz\/Brustpflege\/Brustpflegesets-Brustwarzenpflege\/MULTI-MAM-Balsam-Protect-Tb-30-ml1.html\" onclick=\"dataLayer.push({'event':'ga_event', 'eventCategory':'Click on Reseller', 'eventAction':'Vitaserv', 'eventLabel':'Multi-Mam\u00ae Balsam Protect', 'eventValue': undefined})\" rel=\"noopener\" target=\"_blank\" title=\"Vitaserv\"\n                data-testid=\"buy-now-reseller\">\n                <i class=\"fa-solid fa-arrow-right\"><\/i> Vitaserv\n              <\/a>\n          <\/li>\n                <\/ul>\n    <\/div>\n  <\/div>\n  <\/div>\n            <\/div>\n                      <div class=\"swiper-slide\">\n              <div class=\"product-card\" data-testid=\"product-card\">\n  <a\n    href=https:\/\/multi-mam.com\/ch\/fr\/produit\/multi-mam-wochenbett-pads\/\n    class=\"product-card-link\"\n    title=\"Multi-Mam\u00ae Pads Postnataux\"\n  >\n  <figure class=\"product-card-image\" data-testid=\"product-image\">\n                          <img decoding=\"async\" src=\"https:\/\/multi-mam.com\/cdn-cgi\/image\/width=700,format=auto\/app\/uploads\/sites\/11\/2022\/06\/Multi-Mam-Wochenbett-Pads-2.png\"\n        srcset=\"https:\/\/multi-mam.com\/cdn-cgi\/image\/width=250,format=auto\/app\/uploads\/sites\/11\/2022\/06\/Multi-Mam-Wochenbett-Pads-2.png 250w,\n                https:\/\/multi-mam.com\/cdn-cgi\/image\/width=500,format=auto\/app\/uploads\/sites\/11\/2022\/06\/Multi-Mam-Wochenbett-Pads-2.png 500w,\n                https:\/\/multi-mam.com\/cdn-cgi\/image\/width=700,format=auto\/app\/uploads\/sites\/11\/2022\/06\/Multi-Mam-Wochenbett-Pads-2.png 700w\"\n        sizes=\"(max-width: 400px) 250px, (max-width: 800px) 500px, 700px\"\n        alt=\"Multi-Mam Wochenbett Pads\"\n        class=\"img\">\n            <\/figure>\n    <div class=\"product-card-content\">\n      <div class=\"heading-wrapper\">\n        <h2 class=\"heading\">Multi-Mam\u00ae Pads Postnataux<\/h2>\n      <\/div>\n      <div class=\"product-card-description\">Soin des tissus apr\u00e8s l&#8217;accouchement<\/div>\n                      <\/div>\n  <\/a>\n          <div class=\"button-wrapper buy-now \" data-testid=\"buy-now\">\n      <div class=\"buy-now-container dropdown-container\">\n      <div class=\"theme-button button-primary-color dropdown-link\" aria-label=\"Acheter maintenant\">\n          Acheter maintenant <i class=\"dropdown\"><\/i>\n      <\/div>\n      <ul class=\"reseller-list submenu\">\n                    <li>\n              <a\n                href=\"https:\/\/kanela.ch\/fr\/multi-mam-coussinets-post-partum-14-pcs\" onclick=\"dataLayer.push({'event':'ga_event', 'eventCategory':'Click on Reseller', 'eventAction':'Kanela', 'eventLabel':'Multi-Mam\u00ae Pads Postnataux', 'eventValue': undefined})\" rel=\"noopener\" target=\"_blank\" title=\"Kanela\"\n                data-testid=\"buy-now-reseller\">\n                <i class=\"fa-solid fa-arrow-right\"><\/i> Kanela\n              <\/a>\n          <\/li>\n                    <li>\n              <a\n                href=\"https:\/\/www.mcdrogerie.ch\/multi-mam-wochenbett-pads-14-stuck\" onclick=\"dataLayer.push({'event':'ga_event', 'eventCategory':'Click on Reseller', 'eventAction':'McDrogerie', 'eventLabel':'Multi-Mam\u00ae Pads Postnataux', 'eventValue': undefined})\" rel=\"noopener\" target=\"_blank\" title=\"McDrogerie\"\n                data-testid=\"buy-now-reseller\">\n                <i class=\"fa-solid fa-arrow-right\"><\/i> McDrogerie\n              <\/a>\n          <\/li>\n                    <li>\n              <a\n                href=\"https:\/\/www.online-apotheke.ch\/Multi-Mam-Wochenbett-Pads-14-Stueck-SW11753\" onclick=\"dataLayer.push({'event':'ga_event', 'eventCategory':'Click on Reseller', 'eventAction':'Online-Apotheke', 'eventLabel':'Multi-Mam\u00ae Pads Postnataux', 'eventValue': undefined})\" rel=\"noopener\" target=\"_blank\" title=\"Online-Apotheke\"\n                data-testid=\"buy-now-reseller\">\n                <i class=\"fa-solid fa-arrow-right\"><\/i> Online-Apotheke\n              <\/a>\n          <\/li>\n                    <li>\n              <a\n                href=\"https:\/\/www.puravita.ch\/fr_ch\/multi-mam-pads-postnataux-14-pieces\" onclick=\"dataLayer.push({'event':'ga_event', 'eventCategory':'Click on Reseller', 'eventAction':'Puravita', 'eventLabel':'Multi-Mam\u00ae Pads Postnataux', 'eventValue': undefined})\" rel=\"noopener\" target=\"_blank\" title=\"Puravita\"\n                data-testid=\"buy-now-reseller\">\n                <i class=\"fa-solid fa-arrow-right\"><\/i> Puravita\n              <\/a>\n          <\/li>\n                    <li>\n              <a\n                href=\"https:\/\/www.vitaminplus.ch\/marken\/multi-mam\/15108\/multi-mam-wochenbett-pads-beutel-14-stueck\" onclick=\"dataLayer.push({'event':'ga_event', 'eventCategory':'Click on Reseller', 'eventAction':'Vitaminplus', 'eventLabel':'Multi-Mam\u00ae Pads Postnataux', 'eventValue': undefined})\" rel=\"noopener\" target=\"_blank\" title=\"Vitaminplus\"\n                data-testid=\"buy-now-reseller\">\n                <i class=\"fa-solid fa-arrow-right\"><\/i> Vitaminplus\n              <\/a>\n          <\/li>\n                    <li>\n              <a\n                href=\"https:\/\/www.vitaserv.ch\/pi\/SPITEX-GESUNDHEITS-ARZT-Bedarf\/Wellness-Inkontinez-1-Hilfe-Krankenpflege\/Medizinalbedarf-Krankenpflege-Inkontinenz\/Brustpflege\/Brustpflegesets-Brustwarzenpflege\/MULTI-MAM-Balsam-Protect-Tb-30-ml1.html\" onclick=\"dataLayer.push({'event':'ga_event', 'eventCategory':'Click on Reseller', 'eventAction':'Vitaserv', 'eventLabel':'Multi-Mam\u00ae Pads Postnataux', 'eventValue': undefined})\" rel=\"noopener\" target=\"_blank\" title=\"Vitaserv\"\n                data-testid=\"buy-now-reseller\">\n                <i class=\"fa-solid fa-arrow-right\"><\/i> Vitaserv\n              <\/a>\n          <\/li>\n                <\/ul>\n    <\/div>\n  <\/div>\n  <\/div>\n            <\/div>\n                      <div class=\"swiper-slide\">\n              <div class=\"product-card\" data-testid=\"product-card\">\n  <a\n    href=https:\/\/multi-mam.com\/ch\/fr\/produit\/multi-mam-comprime\/\n    class=\"product-card-link\"\n    title=\"Multi-Mam\u00ae Compresses\"\n  >\n  <figure class=\"product-card-image\" data-testid=\"product-image\">\n                          <img decoding=\"async\" src=\"https:\/\/multi-mam.com\/cdn-cgi\/image\/width=700,format=auto\/app\/uploads\/sites\/11\/2022\/06\/Multi-Mam-Kompressen.png\"\n        srcset=\"https:\/\/multi-mam.com\/cdn-cgi\/image\/width=250,format=auto\/app\/uploads\/sites\/11\/2022\/06\/Multi-Mam-Kompressen.png 250w,\n                https:\/\/multi-mam.com\/cdn-cgi\/image\/width=500,format=auto\/app\/uploads\/sites\/11\/2022\/06\/Multi-Mam-Kompressen.png 500w,\n                https:\/\/multi-mam.com\/cdn-cgi\/image\/width=700,format=auto\/app\/uploads\/sites\/11\/2022\/06\/Multi-Mam-Kompressen.png 700w\"\n        sizes=\"(max-width: 400px) 250px, (max-width: 800px) 500px, 700px\"\n        alt=\"Multi-Mam Kompressen\"\n        class=\"img\">\n            <\/figure>\n    <div class=\"product-card-content\">\n      <div class=\"heading-wrapper\">\n        <h2 class=\"heading\">Multi-Mam\u00ae Compresses<\/h2>\n      <\/div>\n      <div class=\"product-card-description\">Soin doux pour un allaitement confortable<\/div>\n                      <\/div>\n  <\/a>\n          <div class=\"button-wrapper buy-now \" data-testid=\"buy-now\">\n      <div class=\"buy-now-container dropdown-container\">\n      <div class=\"theme-button button-primary-color dropdown-link\" aria-label=\"Acheter maintenant\">\n          Acheter maintenant <i class=\"dropdown\"><\/i>\n      <\/div>\n      <ul class=\"reseller-list submenu\">\n                    <li>\n              <a\n                href=\"https:\/\/www.mcdrogerie.ch\/multi-mam-kompressen-12-stuck\" onclick=\"dataLayer.push({'event':'ga_event', 'eventCategory':'Click on Reseller', 'eventAction':'McDrogerie', 'eventLabel':'Multi-Mam\u00ae Compresses', 'eventValue': undefined})\" rel=\"noopener\" target=\"_blank\" title=\"McDrogerie\"\n                data-testid=\"buy-now-reseller\">\n                <i class=\"fa-solid fa-arrow-right\"><\/i> McDrogerie\n              <\/a>\n          <\/li>\n                    <li>\n              <a\n                href=\"https:\/\/www.online-apotheke.ch\/Multi-Mam-Kompressen-12-Stueck-SW11763\" onclick=\"dataLayer.push({'event':'ga_event', 'eventCategory':'Click on Reseller', 'eventAction':'Online-Apotheke', 'eventLabel':'Multi-Mam\u00ae Compresses', 'eventValue': undefined})\" rel=\"noopener\" target=\"_blank\" title=\"Online-Apotheke\"\n                data-testid=\"buy-now-reseller\">\n                <i class=\"fa-solid fa-arrow-right\"><\/i> Online-Apotheke\n              <\/a>\n          <\/li>\n                    <li>\n              <a\n                href=\"https:\/\/www.vitaminplus.ch\/marken\/multi-mam\/14175\/multi-mam-kompressen-12-stueck\" onclick=\"dataLayer.push({'event':'ga_event', 'eventCategory':'Click on Reseller', 'eventAction':'Vitaminplus', 'eventLabel':'Multi-Mam\u00ae Compresses', 'eventValue': undefined})\" rel=\"noopener\" target=\"_blank\" title=\"Vitaminplus\"\n                data-testid=\"buy-now-reseller\">\n                <i class=\"fa-solid fa-arrow-right\"><\/i> Vitaminplus\n              <\/a>\n          <\/li>\n                <\/ul>\n    <\/div>\n  <\/div>\n  <\/div>\n            <\/div>\n                  <\/div>\n        <div class=\"swiper-scrollbar\"><\/div>\n      <\/div>\n    <\/div>\n  <\/div>\n\n\n\n<section class=\"wp-block-karopharma-image-with-text image-with-text image-with-text__full-width is-style-primary\"><div class=\"image-with-text-container \"><div class=\"image-with-text-container-image-container\"><img decoding=\"async\" loading=\"lazy\" src=\"https:\/\/multi-mam.com\/cdn-cgi\/image\/format=auto\/app\/uploads\/sites\/11\/2022\/06\/start-multimam.jpeg\" alt=\"Genie\u00dfe euer Kennenlernen\"\/><\/div><div class=\"image-with-text-container-content\" style=\"text-align:left\" data-test=\"content\"><div class=\"content\"><h2>Prendre plaisir \u00e0 se conna\u00eetre<\/h2><p class=\"body\" data-test=\"body\">Devenir m\u00e8re est un sentiment \u00e0 la fois intime et sp\u00e9cial, qui peut par moments \u00eatre bouleversant. Pendant ces instants si pr\u00e9cieux, il est facile d\u2019oublier que prendre soin de soi est tout aussi important que prendre soin de son b\u00e9b\u00e9. Les probl\u00e8mes tels que les mamelons douloureux, la fatigue et les g\u00eanes dues aux pouss\u00e9es dentaires sont courants chez les jeunes m\u00e8res, et vous pouvez avoir besoin d\u2019une aide suppl\u00e9mentaire. Multi-Mam est l\u00e0 pour vous aider \u00e0 prendre un bon d\u00e9part. Votre \u00e9panouissement en tant que m\u00e8re est aussi b\u00e9n\u00e9fique pour vous que pour votre b\u00e9b\u00e9.<\/p>\n<div class=\"wp-block-buttons is-content-justification-left is-layout-flex wp-container-core-buttons-is-layout-fdcfc74e wp-block-buttons-is-layout-flex\">\n<div class=\"wp-block-button\"><a class=\"wp-block-button__link wp-element-button\" href=\"https:\/\/multi-mam.com\/ch\/fr\/produits\/\">D\u00e9couvrez les produits<\/a><\/div>\n<\/div>\n<\/div><\/div><\/div><\/section>\n","protected":false},"excerpt":{"rendered":"","protected":false},"author":2,"featured_media":0,"parent":0,"menu_order":0,"comment_status":"closed","ping_status":"closed","template":"","meta":{"_acf_changed":false,"footnotes":""},"from-article-database":[],"class_list":["post-172","page","type-page","status-publish","hentry"],"acf":[],"yoast_head":"<!-- This site is optimized with the Yoast SEO plugin v26.6 - https:\/\/yoast.com\/wordpress\/plugins\/seo\/ -->\n<title>Page d\u2019accueil - Multi-Mam<\/title>\n<meta name=\"description\" content=\"Multi-Mam\u00ae Love is all you need ...et Multi-Mam\u00ae pour vous et votre b\u00e9b\u00e9\" \/>\n<meta name=\"robots\" content=\"index, follow, max-snippet:-1, max-image-preview:large, max-video-preview:-1\" \/>\n<link rel=\"canonical\" href=\"https:\/\/multi-mam.com\/ch\/fr\/\" \/>\n<meta property=\"og:locale\" content=\"fr_FR\" \/>\n<meta property=\"og:type\" content=\"article\" \/>\n<meta property=\"og:title\" content=\"Page d\u2019accueil - Multi-Mam\" \/>\n<meta property=\"og:description\" content=\"Multi-Mam\u00ae Love is all you need ...et Multi-Mam\u00ae pour vous et votre b\u00e9b\u00e9\" \/>\n<meta property=\"og:url\" content=\"https:\/\/multi-mam.com\/ch\/fr\/\" \/>\n<meta property=\"og:site_name\" content=\"Multi-Mam\" \/>\n<meta property=\"article:modified_time\" content=\"2025-11-26T09:35:05+00:00\" \/>\n<meta property=\"og:image\" content=\"https:\/\/multi-mam.com\/app\/uploads\/sites\/11\/2025\/11\/multi-mam-produkte-2025-11.jpg\" \/>\n\t<meta property=\"og:image:width\" content=\"803\" \/>\n\t<meta property=\"og:image:height\" content=\"300\" \/>\n\t<meta property=\"og:image:type\" content=\"image\/jpeg\" \/>\n<meta name=\"twitter:card\" content=\"summary_large_image\" \/>\n<meta name=\"twitter:label1\" content=\"Est. reading time\" \/>\n\t<meta name=\"twitter:data1\" content=\"1 minute\" \/>\n<script type=\"application\/ld+json\" class=\"yoast-schema-graph\">{\"@context\":\"https:\/\/schema.org\",\"@graph\":[{\"@type\":\"WebPage\",\"@id\":\"https:\/\/multi-mam.com\/ch\/fr\/\",\"url\":\"https:\/\/multi-mam.com\/ch\/fr\/\",\"name\":\"Page d\u2019accueil - Multi-Mam\",\"isPartOf\":{\"@id\":\"https:\/\/multi-mam.com\/ch\/fr\/#website\"},\"primaryImageOfPage\":{\"@id\":\"https:\/\/multi-mam.com\/ch\/fr\/#primaryimage\"},\"image\":{\"@id\":\"https:\/\/multi-mam.com\/ch\/fr\/#primaryimage\"},\"thumbnailUrl\":\"https:\/\/multi-mam.com\/app\/uploads\/sites\/11\/2025\/11\/multi-mam-produkte-2025-11.jpg\",\"datePublished\":\"2022-06-20T05:44:44+00:00\",\"dateModified\":\"2025-11-26T09:35:05+00:00\",\"description\":\"Multi-Mam\u00ae Love is all you need ...et Multi-Mam\u00ae pour vous et votre b\u00e9b\u00e9\",\"breadcrumb\":{\"@id\":\"https:\/\/multi-mam.com\/ch\/fr\/#breadcrumb\"},\"inLanguage\":\"fr-CH\",\"potentialAction\":[{\"@type\":\"ReadAction\",\"target\":[\"https:\/\/multi-mam.com\/ch\/fr\/\"]}]},{\"@type\":\"ImageObject\",\"inLanguage\":\"fr-CH\",\"@id\":\"https:\/\/multi-mam.com\/ch\/fr\/#primaryimage\",\"url\":\"https:\/\/multi-mam.com\/app\/uploads\/sites\/11\/2025\/11\/multi-mam-produkte-2025-11.jpg\",\"contentUrl\":\"https:\/\/multi-mam.com\/app\/uploads\/sites\/11\/2025\/11\/multi-mam-produkte-2025-11.jpg\"},{\"@type\":\"BreadcrumbList\",\"@id\":\"https:\/\/multi-mam.com\/ch\/fr\/#breadcrumb\",\"itemListElement\":[{\"@type\":\"ListItem\",\"position\":1,\"name\":\"Home\",\"item\":\"https:\/\/multi-mam.com\/ch\/fr\/\"},{\"@type\":\"ListItem\",\"position\":2,\"name\":\"Page d\u2019accueil\"}]},{\"@type\":\"WebSite\",\"@id\":\"https:\/\/multi-mam.com\/ch\/fr\/#website\",\"url\":\"https:\/\/multi-mam.com\/ch\/fr\/\",\"name\":\"Multi-Mam\",\"description\":\"\",\"publisher\":{\"@id\":\"https:\/\/multi-mam.com\/ch\/fr\/#organization\"},\"potentialAction\":[{\"@type\":\"SearchAction\",\"target\":{\"@type\":\"EntryPoint\",\"urlTemplate\":\"https:\/\/multi-mam.com\/ch\/fr\/?s={search_term_string}\"},\"query-input\":{\"@type\":\"PropertyValueSpecification\",\"valueRequired\":true,\"valueName\":\"search_term_string\"}}],\"inLanguage\":\"fr-CH\"},{\"@type\":\"Organization\",\"@id\":\"https:\/\/multi-mam.com\/ch\/fr\/#organization\",\"name\":\"Multi-Mam\",\"url\":\"https:\/\/multi-mam.com\/ch\/fr\/\",\"logo\":{\"@type\":\"ImageObject\",\"inLanguage\":\"fr-CH\",\"@id\":\"https:\/\/multi-mam.com\/ch\/fr\/#\/schema\/logo\/image\/\",\"url\":\"https:\/\/multi-mam.com\/app\/uploads\/sites\/11\/2022\/06\/multi-mam-logotype.png\",\"contentUrl\":\"https:\/\/multi-mam.com\/app\/uploads\/sites\/11\/2022\/06\/multi-mam-logotype.png\",\"width\":70,\"height\":96,\"caption\":\"Multi-Mam\"},\"image\":{\"@id\":\"https:\/\/multi-mam.com\/ch\/fr\/#\/schema\/logo\/image\/\"}}]}<\/script>\n<!-- \/ Yoast SEO plugin. -->","yoast_head_json":{"title":"Page d\u2019accueil - Multi-Mam","description":"Multi-Mam\u00ae Love is all you need ...et Multi-Mam\u00ae pour vous et votre b\u00e9b\u00e9","robots":{"index":"index","follow":"follow","max-snippet":"max-snippet:-1","max-image-preview":"max-image-preview:large","max-video-preview":"max-video-preview:-1"},"canonical":"https:\/\/multi-mam.com\/ch\/fr\/","og_locale":"fr_FR","og_type":"article","og_title":"Page d\u2019accueil - Multi-Mam","og_description":"Multi-Mam\u00ae Love is all you need ...et Multi-Mam\u00ae pour vous et votre b\u00e9b\u00e9","og_url":"https:\/\/multi-mam.com\/ch\/fr\/","og_site_name":"Multi-Mam","article_modified_time":"2025-11-26T09:35:05+00:00","og_image":[{"width":803,"height":300,"url":"https:\/\/multi-mam.com\/app\/uploads\/sites\/11\/2025\/11\/multi-mam-produkte-2025-11.jpg","type":"image\/jpeg"}],"twitter_card":"summary_large_image","twitter_misc":{"Est. reading time":"1 minute"},"schema":{"@context":"https:\/\/schema.org","@graph":[{"@type":"WebPage","@id":"https:\/\/multi-mam.com\/ch\/fr\/","url":"https:\/\/multi-mam.com\/ch\/fr\/","name":"Page d\u2019accueil - Multi-Mam","isPartOf":{"@id":"https:\/\/multi-mam.com\/ch\/fr\/#website"},"primaryImageOfPage":{"@id":"https:\/\/multi-mam.com\/ch\/fr\/#primaryimage"},"image":{"@id":"https:\/\/multi-mam.com\/ch\/fr\/#primaryimage"},"thumbnailUrl":"https:\/\/multi-mam.com\/app\/uploads\/sites\/11\/2025\/11\/multi-mam-produkte-2025-11.jpg","datePublished":"2022-06-20T05:44:44+00:00","dateModified":"2025-11-26T09:35:05+00:00","description":"Multi-Mam\u00ae Love is all you need ...et Multi-Mam\u00ae pour vous et votre b\u00e9b\u00e9","breadcrumb":{"@id":"https:\/\/multi-mam.com\/ch\/fr\/#breadcrumb"},"inLanguage":"fr-CH","potentialAction":[{"@type":"ReadAction","target":["https:\/\/multi-mam.com\/ch\/fr\/"]}]},{"@type":"ImageObject","inLanguage":"fr-CH","@id":"https:\/\/multi-mam.com\/ch\/fr\/#primaryimage","url":"https:\/\/multi-mam.com\/app\/uploads\/sites\/11\/2025\/11\/multi-mam-produkte-2025-11.jpg","contentUrl":"https:\/\/multi-mam.com\/app\/uploads\/sites\/11\/2025\/11\/multi-mam-produkte-2025-11.jpg"},{"@type":"BreadcrumbList","@id":"https:\/\/multi-mam.com\/ch\/fr\/#breadcrumb","itemListElement":[{"@type":"ListItem","position":1,"name":"Home","item":"https:\/\/multi-mam.com\/ch\/fr\/"},{"@type":"ListItem","position":2,"name":"Page d\u2019accueil"}]},{"@type":"WebSite","@id":"https:\/\/multi-mam.com\/ch\/fr\/#website","url":"https:\/\/multi-mam.com\/ch\/fr\/","name":"Multi-Mam","description":"","publisher":{"@id":"https:\/\/multi-mam.com\/ch\/fr\/#organization"},"potentialAction":[{"@type":"SearchAction","target":{"@type":"EntryPoint","urlTemplate":"https:\/\/multi-mam.com\/ch\/fr\/?s={search_term_string}"},"query-input":{"@type":"PropertyValueSpecification","valueRequired":true,"valueName":"search_term_string"}}],"inLanguage":"fr-CH"},{"@type":"Organization","@id":"https:\/\/multi-mam.com\/ch\/fr\/#organization","name":"Multi-Mam","url":"https:\/\/multi-mam.com\/ch\/fr\/","logo":{"@type":"ImageObject","inLanguage":"fr-CH","@id":"https:\/\/multi-mam.com\/ch\/fr\/#\/schema\/logo\/image\/","url":"https:\/\/multi-mam.com\/app\/uploads\/sites\/11\/2022\/06\/multi-mam-logotype.png","contentUrl":"https:\/\/multi-mam.com\/app\/uploads\/sites\/11\/2022\/06\/multi-mam-logotype.png","width":70,"height":96,"caption":"Multi-Mam"},"image":{"@id":"https:\/\/multi-mam.com\/ch\/fr\/#\/schema\/logo\/image\/"}}]}},"_links":{"self":[{"href":"https:\/\/multi-mam.com\/ch\/fr\/wp-json\/wp\/v2\/pages\/172","targetHints":{"allow":["GET"]}}],"collection":[{"href":"https:\/\/multi-mam.com\/ch\/fr\/wp-json\/wp\/v2\/pages"}],"about":[{"href":"https:\/\/multi-mam.com\/ch\/fr\/wp-json\/wp\/v2\/types\/page"}],"author":[{"embeddable":true,"href":"https:\/\/multi-mam.com\/ch\/fr\/wp-json\/wp\/v2\/users\/2"}],"replies":[{"embeddable":true,"href":"https:\/\/multi-mam.com\/ch\/fr\/wp-json\/wp\/v2\/comments?post=172"}],"version-history":[{"count":7,"href":"https:\/\/multi-mam.com\/ch\/fr\/wp-json\/wp\/v2\/pages\/172\/revisions"}],"predecessor-version":[{"id":465,"href":"https:\/\/multi-mam.com\/ch\/fr\/wp-json\/wp\/v2\/pages\/172\/revisions\/465"}],"wp:attachment":[{"href":"https:\/\/multi-mam.com\/ch\/fr\/wp-json\/wp\/v2\/media?parent=172"}],"wp:term":[{"taxonomy":"from-article-database","embeddable":true,"href":"https:\/\/multi-mam.com\/ch\/fr\/wp-json\/wp\/v2\/from-article-database?post=172"}],"curies":[{"name":"wp","href":"https:\/\/api.w.org\/{rel}","templated":true}]}}