{"id":55,"date":"2022-06-20T15:51:50","date_gmt":"2022-06-20T13:51:50","guid":{"rendered":"https:\/\/multi-mam.com\/ch\/?post_type=product&#038;p=55"},"modified":"2025-11-26T09:57:02","modified_gmt":"2025-11-26T08:57:02","slug":"multi-mam-balsam-protect","status":"publish","type":"product","link":"https:\/\/multi-mam.com\/ch\/de\/produkt\/multi-mam-balsam-protect\/","title":{"rendered":"Multi-Mam\u00ae Balsam Protect"},"content":{"rendered":"\n<div class=\"wp-block-karopharma-accordions is-style-secondary\"><div class=\"container\">\n<details class=\"wp-block-karopharma-accordion\"><summary><h2 class=\"accordion-title\">Muss ich Multi-Mam Balsam Protect vor dem Stillen entfernen?<\/h2><\/summary><div class=\"accordion-content\">\n<p>Nein, der Multi Mam Balsam Protect ist beim Verschlucken unbedenklich und hat einen neutralen Geschmack und Geruch. Es wird insbesondere empfohlen, den Balsam direkt nach dem Stillen aufzutragen. Wenn er kurz vor dem Stillen aufgetragen wird, kann er das Anlegen f\u00fcr Ihr Baby erschweren.<\/p>\n<\/div><\/details>\n\n\n\n<details class=\"wp-block-karopharma-accordion\"><summary><h2 class=\"accordion-title\">Wie oft sollte ich Multi-Mam Balsam Protect anwenden?<\/h2><\/summary><div class=\"accordion-content\">\n<p>So oft du m\u00f6chtest. Wir empfohlen, den Balsam direkt nach dem Stillen aufzutragen.<\/p>\n<\/div><\/details>\n<\/div><\/div>\n","protected":false},"excerpt":{"rendered":"<p>Beruhigt die Brustwarzen<\/p>\n","protected":false},"featured_media":274,"comment_status":"closed","ping_status":"closed","template":"","meta":{"_acf_changed":false,"footnotes":""},"product_brand":[],"product_cat":[18],"product_tag":[],"class_list":{"0":"post-55","1":"product","2":"type-product","3":"status-publish","4":"has-post-thumbnail","6":"product_cat-stillen","8":"first","9":"instock","10":"shipping-taxable","11":"product-type-simple"},"acf":[],"yoast_head":"<!-- This site is optimized with the Yoast SEO plugin v26.6 - https:\/\/yoast.com\/wordpress\/plugins\/seo\/ -->\n<title>Multi-Mam\u00ae Balsam Protect - Multi-Mam<\/title>\n<meta name=\"description\" content=\"Multi-Mam Balsam Protect ist ein veganer Brustwarzen-Balsam, der haupts\u00e4chlich auf pflanzlichen \u00d6len und Fetten basiert und die Brustwarzen w\u00e4hrend des Stillens vor Trockenheit und Rissen sch\u00fctzt.\" \/>\n<meta name=\"robots\" content=\"index, follow, max-snippet:-1, max-image-preview:large, max-video-preview:-1\" \/>\n<link rel=\"canonical\" href=\"https:\/\/multi-mam.com\/ch\/de\/produkt\/multi-mam-balsam-protect\/\" \/>\n<meta property=\"og:locale\" content=\"de_DE\" \/>\n<meta property=\"og:type\" content=\"article\" \/>\n<meta property=\"og:title\" content=\"Multi-Mam\u00ae Balsam Protect - Multi-Mam\" \/>\n<meta property=\"og:description\" content=\"Multi-Mam Balsam Protect ist ein veganer Brustwarzen-Balsam, der haupts\u00e4chlich auf pflanzlichen \u00d6len und Fetten basiert und die Brustwarzen w\u00e4hrend des Stillens vor Trockenheit und Rissen sch\u00fctzt.\" \/>\n<meta property=\"og:url\" content=\"https:\/\/multi-mam.com\/ch\/de\/produkt\/multi-mam-balsam-protect\/\" \/>\n<meta property=\"og:site_name\" content=\"Multi-Mam\" \/>\n<meta property=\"article:modified_time\" content=\"2025-11-26T08:57:02+00:00\" \/>\n<meta property=\"og:image\" content=\"https:\/\/multi-mam.com\/app\/uploads\/sites\/11\/2022\/06\/MultiMam_BalsamProtect-kl_edit.png\" \/>\n\t<meta property=\"og:image:width\" content=\"700\" \/>\n\t<meta property=\"og:image:height\" content=\"700\" \/>\n\t<meta property=\"og:image:type\" content=\"image\/png\" \/>\n<meta name=\"twitter:card\" content=\"summary_large_image\" \/>\n<meta name=\"twitter:label1\" content=\"Gesch\u00e4tzte Lesezeit\" \/>\n\t<meta name=\"twitter:data1\" content=\"1\u00a0Minute\" \/>\n<script type=\"application\/ld+json\" class=\"yoast-schema-graph\">{\"@context\":\"https:\/\/schema.org\",\"@graph\":[{\"@type\":\"WebPage\",\"@id\":\"https:\/\/multi-mam.com\/ch\/de\/produkt\/multi-mam-balsam-protect\/\",\"url\":\"https:\/\/multi-mam.com\/ch\/de\/produkt\/multi-mam-balsam-protect\/\",\"name\":\"Multi-Mam\u00ae Balsam Protect - Multi-Mam\",\"isPartOf\":{\"@id\":\"https:\/\/multi-mam.com\/ch\/de\/#website\"},\"primaryImageOfPage\":{\"@id\":\"https:\/\/multi-mam.com\/ch\/de\/produkt\/multi-mam-balsam-protect\/#primaryimage\"},\"image\":{\"@id\":\"https:\/\/multi-mam.com\/ch\/de\/produkt\/multi-mam-balsam-protect\/#primaryimage\"},\"thumbnailUrl\":\"https:\/\/multi-mam.com\/app\/uploads\/sites\/11\/2022\/06\/MultiMam_BalsamProtect-kl_edit.png\",\"datePublished\":\"2022-06-20T13:51:50+00:00\",\"dateModified\":\"2025-11-26T08:57:02+00:00\",\"description\":\"Multi-Mam Balsam Protect ist ein veganer Brustwarzen-Balsam, der haupts\u00e4chlich auf pflanzlichen \u00d6len und Fetten basiert und die Brustwarzen w\u00e4hrend des Stillens vor Trockenheit und Rissen sch\u00fctzt.\",\"breadcrumb\":{\"@id\":\"https:\/\/multi-mam.com\/ch\/de\/produkt\/multi-mam-balsam-protect\/#breadcrumb\"},\"inLanguage\":\"de-CH\",\"potentialAction\":[{\"@type\":\"ReadAction\",\"target\":[\"https:\/\/multi-mam.com\/ch\/de\/produkt\/multi-mam-balsam-protect\/\"]}]},{\"@type\":\"ImageObject\",\"inLanguage\":\"de-CH\",\"@id\":\"https:\/\/multi-mam.com\/ch\/de\/produkt\/multi-mam-balsam-protect\/#primaryimage\",\"url\":\"https:\/\/multi-mam.com\/app\/uploads\/sites\/11\/2022\/06\/MultiMam_BalsamProtect-kl_edit.png\",\"contentUrl\":\"https:\/\/multi-mam.com\/app\/uploads\/sites\/11\/2022\/06\/MultiMam_BalsamProtect-kl_edit.png\",\"width\":700,\"height\":700,\"caption\":\"Multi-Mam Balsam Protect_a02\"},{\"@type\":\"BreadcrumbList\",\"@id\":\"https:\/\/multi-mam.com\/ch\/de\/produkt\/multi-mam-balsam-protect\/#breadcrumb\",\"itemListElement\":[{\"@type\":\"ListItem\",\"position\":1,\"name\":\"Home\",\"item\":\"https:\/\/multi-mam.com\/ch\/de\/\"},{\"@type\":\"ListItem\",\"position\":2,\"name\":\"Produkte\",\"item\":\"https:\/\/multi-mam.com\/ch\/de\/produkte\/\"},{\"@type\":\"ListItem\",\"position\":3,\"name\":\"Multi-Mam\u00ae Balsam Protect\"}]},{\"@type\":\"WebSite\",\"@id\":\"https:\/\/multi-mam.com\/ch\/de\/#website\",\"url\":\"https:\/\/multi-mam.com\/ch\/de\/\",\"name\":\"Multi-Mam\",\"description\":\"\",\"publisher\":{\"@id\":\"https:\/\/multi-mam.com\/ch\/de\/#organization\"},\"potentialAction\":[{\"@type\":\"SearchAction\",\"target\":{\"@type\":\"EntryPoint\",\"urlTemplate\":\"https:\/\/multi-mam.com\/ch\/de\/?s={search_term_string}\"},\"query-input\":{\"@type\":\"PropertyValueSpecification\",\"valueRequired\":true,\"valueName\":\"search_term_string\"}}],\"inLanguage\":\"de-CH\"},{\"@type\":\"Organization\",\"@id\":\"https:\/\/multi-mam.com\/ch\/de\/#organization\",\"name\":\"Multi-Mam\",\"url\":\"https:\/\/multi-mam.com\/ch\/de\/\",\"logo\":{\"@type\":\"ImageObject\",\"inLanguage\":\"de-CH\",\"@id\":\"https:\/\/multi-mam.com\/ch\/de\/#\/schema\/logo\/image\/\",\"url\":\"https:\/\/multi-mam.com\/app\/uploads\/sites\/11\/2022\/06\/multi-mam-logotype.png\",\"contentUrl\":\"https:\/\/multi-mam.com\/app\/uploads\/sites\/11\/2022\/06\/multi-mam-logotype.png\",\"width\":70,\"height\":96,\"caption\":\"Multi-Mam\"},\"image\":{\"@id\":\"https:\/\/multi-mam.com\/ch\/de\/#\/schema\/logo\/image\/\"}}]}<\/script>\n<!-- \/ Yoast SEO plugin. -->","yoast_head_json":{"title":"Multi-Mam\u00ae Balsam Protect - Multi-Mam","description":"Multi-Mam Balsam Protect ist ein veganer Brustwarzen-Balsam, der haupts\u00e4chlich auf pflanzlichen \u00d6len und Fetten basiert und die Brustwarzen w\u00e4hrend des Stillens vor Trockenheit und Rissen sch\u00fctzt.","robots":{"index":"index","follow":"follow","max-snippet":"max-snippet:-1","max-image-preview":"max-image-preview:large","max-video-preview":"max-video-preview:-1"},"canonical":"https:\/\/multi-mam.com\/ch\/de\/produkt\/multi-mam-balsam-protect\/","og_locale":"de_DE","og_type":"article","og_title":"Multi-Mam\u00ae Balsam Protect - Multi-Mam","og_description":"Multi-Mam Balsam Protect ist ein veganer Brustwarzen-Balsam, der haupts\u00e4chlich auf pflanzlichen \u00d6len und Fetten basiert und die Brustwarzen w\u00e4hrend des Stillens vor Trockenheit und Rissen sch\u00fctzt.","og_url":"https:\/\/multi-mam.com\/ch\/de\/produkt\/multi-mam-balsam-protect\/","og_site_name":"Multi-Mam","article_modified_time":"2025-11-26T08:57:02+00:00","og_image":[{"width":700,"height":700,"url":"https:\/\/multi-mam.com\/app\/uploads\/sites\/11\/2022\/06\/MultiMam_BalsamProtect-kl_edit.png","type":"image\/png"}],"twitter_card":"summary_large_image","twitter_misc":{"Gesch\u00e4tzte Lesezeit":"1\u00a0Minute"},"schema":{"@context":"https:\/\/schema.org","@graph":[{"@type":"WebPage","@id":"https:\/\/multi-mam.com\/ch\/de\/produkt\/multi-mam-balsam-protect\/","url":"https:\/\/multi-mam.com\/ch\/de\/produkt\/multi-mam-balsam-protect\/","name":"Multi-Mam\u00ae Balsam Protect - Multi-Mam","isPartOf":{"@id":"https:\/\/multi-mam.com\/ch\/de\/#website"},"primaryImageOfPage":{"@id":"https:\/\/multi-mam.com\/ch\/de\/produkt\/multi-mam-balsam-protect\/#primaryimage"},"image":{"@id":"https:\/\/multi-mam.com\/ch\/de\/produkt\/multi-mam-balsam-protect\/#primaryimage"},"thumbnailUrl":"https:\/\/multi-mam.com\/app\/uploads\/sites\/11\/2022\/06\/MultiMam_BalsamProtect-kl_edit.png","datePublished":"2022-06-20T13:51:50+00:00","dateModified":"2025-11-26T08:57:02+00:00","description":"Multi-Mam Balsam Protect ist ein veganer Brustwarzen-Balsam, der haupts\u00e4chlich auf pflanzlichen \u00d6len und Fetten basiert und die Brustwarzen w\u00e4hrend des Stillens vor Trockenheit und Rissen sch\u00fctzt.","breadcrumb":{"@id":"https:\/\/multi-mam.com\/ch\/de\/produkt\/multi-mam-balsam-protect\/#breadcrumb"},"inLanguage":"de-CH","potentialAction":[{"@type":"ReadAction","target":["https:\/\/multi-mam.com\/ch\/de\/produkt\/multi-mam-balsam-protect\/"]}]},{"@type":"ImageObject","inLanguage":"de-CH","@id":"https:\/\/multi-mam.com\/ch\/de\/produkt\/multi-mam-balsam-protect\/#primaryimage","url":"https:\/\/multi-mam.com\/app\/uploads\/sites\/11\/2022\/06\/MultiMam_BalsamProtect-kl_edit.png","contentUrl":"https:\/\/multi-mam.com\/app\/uploads\/sites\/11\/2022\/06\/MultiMam_BalsamProtect-kl_edit.png","width":700,"height":700,"caption":"Multi-Mam Balsam Protect_a02"},{"@type":"BreadcrumbList","@id":"https:\/\/multi-mam.com\/ch\/de\/produkt\/multi-mam-balsam-protect\/#breadcrumb","itemListElement":[{"@type":"ListItem","position":1,"name":"Home","item":"https:\/\/multi-mam.com\/ch\/de\/"},{"@type":"ListItem","position":2,"name":"Produkte","item":"https:\/\/multi-mam.com\/ch\/de\/produkte\/"},{"@type":"ListItem","position":3,"name":"Multi-Mam\u00ae Balsam Protect"}]},{"@type":"WebSite","@id":"https:\/\/multi-mam.com\/ch\/de\/#website","url":"https:\/\/multi-mam.com\/ch\/de\/","name":"Multi-Mam","description":"","publisher":{"@id":"https:\/\/multi-mam.com\/ch\/de\/#organization"},"potentialAction":[{"@type":"SearchAction","target":{"@type":"EntryPoint","urlTemplate":"https:\/\/multi-mam.com\/ch\/de\/?s={search_term_string}"},"query-input":{"@type":"PropertyValueSpecification","valueRequired":true,"valueName":"search_term_string"}}],"inLanguage":"de-CH"},{"@type":"Organization","@id":"https:\/\/multi-mam.com\/ch\/de\/#organization","name":"Multi-Mam","url":"https:\/\/multi-mam.com\/ch\/de\/","logo":{"@type":"ImageObject","inLanguage":"de-CH","@id":"https:\/\/multi-mam.com\/ch\/de\/#\/schema\/logo\/image\/","url":"https:\/\/multi-mam.com\/app\/uploads\/sites\/11\/2022\/06\/multi-mam-logotype.png","contentUrl":"https:\/\/multi-mam.com\/app\/uploads\/sites\/11\/2022\/06\/multi-mam-logotype.png","width":70,"height":96,"caption":"Multi-Mam"},"image":{"@id":"https:\/\/multi-mam.com\/ch\/de\/#\/schema\/logo\/image\/"}}]}},"_links":{"self":[{"href":"https:\/\/multi-mam.com\/ch\/de\/wp-json\/wp\/v2\/product\/55","targetHints":{"allow":["GET"]}}],"collection":[{"href":"https:\/\/multi-mam.com\/ch\/de\/wp-json\/wp\/v2\/product"}],"about":[{"href":"https:\/\/multi-mam.com\/ch\/de\/wp-json\/wp\/v2\/types\/product"}],"replies":[{"embeddable":true,"href":"https:\/\/multi-mam.com\/ch\/de\/wp-json\/wp\/v2\/comments?post=55"}],"version-history":[{"count":5,"href":"https:\/\/multi-mam.com\/ch\/de\/wp-json\/wp\/v2\/product\/55\/revisions"}],"predecessor-version":[{"id":454,"href":"https:\/\/multi-mam.com\/ch\/de\/wp-json\/wp\/v2\/product\/55\/revisions\/454"}],"wp:featuredmedia":[{"embeddable":true,"href":"https:\/\/multi-mam.com\/ch\/de\/wp-json\/wp\/v2\/media\/274"}],"wp:attachment":[{"href":"https:\/\/multi-mam.com\/ch\/de\/wp-json\/wp\/v2\/media?parent=55"}],"wp:term":[{"taxonomy":"product_brand","embeddable":true,"href":"https:\/\/multi-mam.com\/ch\/de\/wp-json\/wp\/v2\/product_brand?post=55"},{"taxonomy":"product_cat","embeddable":true,"href":"https:\/\/multi-mam.com\/ch\/de\/wp-json\/wp\/v2\/product_cat?post=55"},{"taxonomy":"product_tag","embeddable":true,"href":"https:\/\/multi-mam.com\/ch\/de\/wp-json\/wp\/v2\/product_tag?post=55"}],"curies":[{"name":"wp","href":"https:\/\/api.w.org\/{rel}","templated":true}]}}