{"id":6,"date":"2022-06-20T07:44:44","date_gmt":"2022-06-20T07:44:44","guid":{"rendered":"https:\/\/multi-mam.com\/ch\/?page_id=6"},"modified":"2025-11-26T10:36:12","modified_gmt":"2025-11-26T09:36:12","slug":"multi-mam","status":"publish","type":"page","link":"https:\/\/multi-mam.com\/ch\/de\/","title":{"rendered":"Multi-Mam"},"content":{"rendered":"\n<div class=\"wp-block-karopharma-free-text pt-large pb-large bg-center bg-cover bg-no-repeat bg-box undefined\" style=\"background-image:url(https:\/\/multi-mam.com\/cdn-cgi\/image\/format=auto\/app\/uploads\/sites\/11\/2022\/06\/multi-mam.jpeg)\"><div class=\"free-text-wrapper container max-w-medium text-center\">\n<figure class=\"wp-block-image aligncenter size-full\"><img loading=\"lazy\" decoding=\"async\" width=\"803\" height=\"300\" src=\"https:\/\/multi-mam.com\/app\/uploads\/sites\/11\/2025\/11\/multi-mam-produkte-2025-11.jpg\" alt=\"multi-mam-produkte\" class=\"wp-image-460\" srcset=\"https:\/\/multi-mam.com\/app\/uploads\/sites\/11\/2025\/11\/multi-mam-produkte-2025-11.jpg 803w, https:\/\/multi-mam.com\/app\/uploads\/sites\/11\/2025\/11\/multi-mam-produkte-2025-11-320x120.jpg 320w, https:\/\/multi-mam.com\/app\/uploads\/sites\/11\/2025\/11\/multi-mam-produkte-2025-11-768x287.jpg 768w, https:\/\/multi-mam.com\/app\/uploads\/sites\/11\/2025\/11\/multi-mam-produkte-2025-11-600x224.jpg 600w\" sizes=\"auto, (max-width: 803px) 100vw, 803px\" \/><\/figure>\n\n\n\n<h1 class=\"wp-block-heading is-style-heading-huge has-primary-color has-text-color\" id=\"love-is-all-you-need\">Love is all you need<\/h1>\n\n\n\n<h2 class=\"wp-block-heading is-style-heading-h2 has-primary-color has-text-color\" id=\"und-multi-mam-fur-mutter-und-kind\">\u2026und Multi-Mam<sup>\u00ae<\/sup> f\u00fcr dich und dein Baby.<\/h2>\n\n\n\n<div class=\"wp-block-buttons is-layout-flex wp-block-buttons-is-layout-flex\">\n<div class=\"wp-block-button is-style-secondary-button\"><a class=\"wp-block-button__link wp-element-button\" href=\"https:\/\/multi-mam.com\/ch\/de\/produkte\/\">Jetzt mehr erfahren<\/a><\/div>\n<\/div>\n<\/div><\/div>\n\n\n<div class=\"product-list wp-block-karopharma-product-list\" data-testid=\"product-list\">\n      <div class=\"swiper-container\">\n      <div class=\"swiper\">\n        <div class=\"swiper-wrapper\">\n                      <div class=\"swiper-slide\">\n              <div class=\"product-card\" data-testid=\"product-card\">\n  <a\n    href=https:\/\/multi-mam.com\/ch\/de\/produkt\/multi-mam-balsam-protect\/\n    class=\"product-card-link\"\n    title=\"Multi-Mam\u00ae Balsam Protect\"\n  >\n  <figure class=\"product-card-image\" data-testid=\"product-image\">\n                          <img decoding=\"async\" src=\"https:\/\/multi-mam.com\/cdn-cgi\/image\/width=700,format=auto\/app\/uploads\/sites\/11\/2022\/06\/MultiMam_BalsamProtect-kl_edit.png\"\n        srcset=\"https:\/\/multi-mam.com\/cdn-cgi\/image\/width=250,format=auto\/app\/uploads\/sites\/11\/2022\/06\/MultiMam_BalsamProtect-kl_edit.png 250w,\n                https:\/\/multi-mam.com\/cdn-cgi\/image\/width=500,format=auto\/app\/uploads\/sites\/11\/2022\/06\/MultiMam_BalsamProtect-kl_edit.png 500w,\n                https:\/\/multi-mam.com\/cdn-cgi\/image\/width=700,format=auto\/app\/uploads\/sites\/11\/2022\/06\/MultiMam_BalsamProtect-kl_edit.png 700w\"\n        sizes=\"(max-width: 400px) 250px, (max-width: 800px) 500px, 700px\"\n        alt=\"Multi-Mam Balsam Protect_a02\"\n        class=\"img\">\n            <\/figure>\n    <div class=\"product-card-content\">\n      <div class=\"heading-wrapper\">\n        <h2 class=\"heading\">Multi-Mam\u00ae Balsam Protect<\/h2>\n      <\/div>\n      <div class=\"product-card-description\">Beruhigt die Brustwarzen<\/div>\n                      <\/div>\n  <\/a>\n          <div class=\"button-wrapper buy-now \" data-testid=\"buy-now\">\n      <div class=\"buy-now-container dropdown-container\">\n      <div class=\"theme-button button-primary-color dropdown-link\" aria-label=\"Jetzt kaufen\">\n          Jetzt kaufen <i class=\"dropdown\"><\/i>\n      <\/div>\n      <ul class=\"reseller-list submenu\">\n                    <li>\n              <a\n                href=\"https:\/\/kanela.ch\/de\/multy-mam-balsam-protect-30ml\" onclick=\"dataLayer.push({'event':'ga_event', 'eventCategory':'Click on Reseller', 'eventAction':'Kanela', 'eventLabel':'Multi-Mam\u00ae Balsam Protect', 'eventValue': undefined})\" rel=\"noopener\" target=\"_blank\" title=\"Kanela\"\n                data-testid=\"buy-now-reseller\">\n                <i class=\"fa-solid fa-arrow-right\"><\/i> Kanela\n              <\/a>\n          <\/li>\n                    <li>\n              <a\n                href=\"https:\/\/www.mcdrogerie.ch\/multi-mam-balsam-protect-30-ml\" onclick=\"dataLayer.push({'event':'ga_event', 'eventCategory':'Click on Reseller', 'eventAction':'McDrogerie', 'eventLabel':'Multi-Mam\u00ae Balsam Protect', 'eventValue': undefined})\" rel=\"noopener\" target=\"_blank\" title=\"McDrogerie\"\n                data-testid=\"buy-now-reseller\">\n                <i class=\"fa-solid fa-arrow-right\"><\/i> McDrogerie\n              <\/a>\n          <\/li>\n                    <li>\n              <a\n                href=\"https:\/\/www.online-apotheke.ch\/Multi-Mam-Balsam-Protect-30ml-SW11063\" onclick=\"dataLayer.push({'event':'ga_event', 'eventCategory':'Click on Reseller', 'eventAction':'Online-Apotheke', 'eventLabel':'Multi-Mam\u00ae Balsam Protect', 'eventValue': undefined})\" rel=\"noopener\" target=\"_blank\" title=\"Online-Apotheke\"\n                data-testid=\"buy-now-reseller\">\n                <i class=\"fa-solid fa-arrow-right\"><\/i> Online-Apotheke\n              <\/a>\n          <\/li>\n                    <li>\n              <a\n                href=\"https:\/\/www.puravita.ch\/de_ch\/multi-mam-balsam-protect-30-g\" onclick=\"dataLayer.push({'event':'ga_event', 'eventCategory':'Click on Reseller', 'eventAction':'PuraVita', 'eventLabel':'Multi-Mam\u00ae Balsam Protect', 'eventValue': undefined})\" rel=\"noopener\" target=\"_blank\" title=\"PuraVita\"\n                data-testid=\"buy-now-reseller\">\n                <i class=\"fa-solid fa-arrow-right\"><\/i> PuraVita\n              <\/a>\n          <\/li>\n                    <li>\n              <a\n                href=\"https:\/\/www.vitaminplus.ch\/marken\/multi-mam\/16118\/multi-mam-balsam-protect-tube-30-ml\" onclick=\"dataLayer.push({'event':'ga_event', 'eventCategory':'Click on Reseller', 'eventAction':'Vitaminplus', 'eventLabel':'Multi-Mam\u00ae Balsam Protect', 'eventValue': undefined})\" rel=\"noopener\" target=\"_blank\" title=\"Vitaminplus\"\n                data-testid=\"buy-now-reseller\">\n                <i class=\"fa-solid fa-arrow-right\"><\/i> Vitaminplus\n              <\/a>\n          <\/li>\n                    <li>\n              <a\n                href=\"https:\/\/www.vitaserv.ch\/pi\/SPITEX-GESUNDHEITS-ARZT-Bedarf\/Wellness-Inkontinez-1-Hilfe-Krankenpflege\/Medizinalbedarf-Krankenpflege-Inkontinenz\/Brustpflege\/Brustpflegesets-Brustwarzenpflege\/MULTI-MAM-Balsam-Protect-Tb-30-ml1.html\" onclick=\"dataLayer.push({'event':'ga_event', 'eventCategory':'Click on Reseller', 'eventAction':'VitaServ', 'eventLabel':'Multi-Mam\u00ae Balsam Protect', 'eventValue': undefined})\" rel=\"noopener\" target=\"_blank\" title=\"VitaServ\"\n                data-testid=\"buy-now-reseller\">\n                <i class=\"fa-solid fa-arrow-right\"><\/i> VitaServ\n              <\/a>\n          <\/li>\n                <\/ul>\n    <\/div>\n  <\/div>\n  <\/div>\n            <\/div>\n                      <div class=\"swiper-slide\">\n              <div class=\"product-card\" data-testid=\"product-card\">\n  <a\n    href=https:\/\/multi-mam.com\/ch\/de\/produkt\/multi-mam-wochenbett-pads\/\n    class=\"product-card-link\"\n    title=\"Multi-Mam\u00ae Wochenbett Pads\"\n  >\n  <figure class=\"product-card-image\" data-testid=\"product-image\">\n                          <img decoding=\"async\" src=\"https:\/\/multi-mam.com\/cdn-cgi\/image\/width=700,format=auto\/app\/uploads\/sites\/11\/2022\/06\/Multi-Mam-Wochenbett-Pads-2.png\"\n        srcset=\"https:\/\/multi-mam.com\/cdn-cgi\/image\/width=250,format=auto\/app\/uploads\/sites\/11\/2022\/06\/Multi-Mam-Wochenbett-Pads-2.png 250w,\n                https:\/\/multi-mam.com\/cdn-cgi\/image\/width=500,format=auto\/app\/uploads\/sites\/11\/2022\/06\/Multi-Mam-Wochenbett-Pads-2.png 500w,\n                https:\/\/multi-mam.com\/cdn-cgi\/image\/width=700,format=auto\/app\/uploads\/sites\/11\/2022\/06\/Multi-Mam-Wochenbett-Pads-2.png 700w\"\n        sizes=\"(max-width: 400px) 250px, (max-width: 800px) 500px, 700px\"\n        alt=\"Multi-Mam Wochenbett Pads\"\n        class=\"img\">\n            <\/figure>\n    <div class=\"product-card-content\">\n      <div class=\"heading-wrapper\">\n        <h2 class=\"heading\">Multi-Mam\u00ae Wochenbett Pads<\/h2>\n      <\/div>\n      <div class=\"product-card-description\">Gewebepflege nach der Geburt<\/div>\n                      <\/div>\n  <\/a>\n          <div class=\"button-wrapper buy-now \" data-testid=\"buy-now\">\n      <div class=\"buy-now-container dropdown-container\">\n      <div class=\"theme-button button-primary-color dropdown-link\" aria-label=\"Jetzt kaufen\">\n          Jetzt kaufen <i class=\"dropdown\"><\/i>\n      <\/div>\n      <ul class=\"reseller-list submenu\">\n                    <li>\n              <a\n                href=\"https:\/\/kanela.ch\/de\/multi-mam-wochenbett-pads-14-stk\" onclick=\"dataLayer.push({'event':'ga_event', 'eventCategory':'Click on Reseller', 'eventAction':'Kanela', 'eventLabel':'Multi-Mam\u00ae Wochenbett Pads', 'eventValue': undefined})\" rel=\"noopener\" target=\"_blank\" title=\"Kanela\"\n                data-testid=\"buy-now-reseller\">\n                <i class=\"fa-solid fa-arrow-right\"><\/i> Kanela\n              <\/a>\n          <\/li>\n                    <li>\n              <a\n                href=\"https:\/\/www.mcdrogerie.ch\/multi-mam-wochenbett-pads-14-stuck\" onclick=\"dataLayer.push({'event':'ga_event', 'eventCategory':'Click on Reseller', 'eventAction':'McDrogerie', 'eventLabel':'Multi-Mam\u00ae Wochenbett Pads', 'eventValue': undefined})\" rel=\"noopener\" target=\"_blank\" title=\"McDrogerie\"\n                data-testid=\"buy-now-reseller\">\n                <i class=\"fa-solid fa-arrow-right\"><\/i> McDrogerie\n              <\/a>\n          <\/li>\n                    <li>\n              <a\n                href=\"https:\/\/www.online-apotheke.ch\/Multi-Mam-Wochenbett-Pads-14-Stueck-SW11753\" onclick=\"dataLayer.push({'event':'ga_event', 'eventCategory':'Click on Reseller', 'eventAction':'Online-Apotheke', 'eventLabel':'Multi-Mam\u00ae Wochenbett Pads', 'eventValue': undefined})\" rel=\"noopener\" target=\"_blank\" title=\"Online-Apotheke\"\n                data-testid=\"buy-now-reseller\">\n                <i class=\"fa-solid fa-arrow-right\"><\/i> Online-Apotheke\n              <\/a>\n          <\/li>\n                    <li>\n              <a\n                href=\"https:\/\/www.puravita.ch\/de_ch\/multi-mam-wochenbett-pads-14-stueck\" onclick=\"dataLayer.push({'event':'ga_event', 'eventCategory':'Click on Reseller', 'eventAction':'PuraVita', 'eventLabel':'Multi-Mam\u00ae Wochenbett Pads', 'eventValue': undefined})\" rel=\"noopener\" target=\"_blank\" title=\"PuraVita\"\n                data-testid=\"buy-now-reseller\">\n                <i class=\"fa-solid fa-arrow-right\"><\/i> PuraVita\n              <\/a>\n          <\/li>\n                    <li>\n              <a\n                href=\"https:\/\/www.vitaminplus.ch\/marken\/multi-mam\/15108\/multi-mam-wochenbett-pads-beutel-14-stueck\" onclick=\"dataLayer.push({'event':'ga_event', 'eventCategory':'Click on Reseller', 'eventAction':'Vitaminplus', 'eventLabel':'Multi-Mam\u00ae Wochenbett Pads', 'eventValue': undefined})\" rel=\"noopener\" target=\"_blank\" title=\"Vitaminplus\"\n                data-testid=\"buy-now-reseller\">\n                <i class=\"fa-solid fa-arrow-right\"><\/i> Vitaminplus\n              <\/a>\n          <\/li>\n                    <li>\n              <a\n                href=\"https:\/\/www.vitaserv.ch\/pi\/SPITEX-GESUNDHEITS-ARZT-Bedarf\/Wellness-Inkontinez-1-Hilfe-Krankenpflege\/Medizinalbedarf-Krankenpflege-Inkontinenz\/Brustpflege\/Brustpflegesets-Brustwarzenpflege\/MULTI-MAM-Balsam-Protect-Tb-30-ml1.html\" onclick=\"dataLayer.push({'event':'ga_event', 'eventCategory':'Click on Reseller', 'eventAction':'VitaServ', 'eventLabel':'Multi-Mam\u00ae Wochenbett Pads', 'eventValue': undefined})\" rel=\"noopener\" target=\"_blank\" title=\"VitaServ\"\n                data-testid=\"buy-now-reseller\">\n                <i class=\"fa-solid fa-arrow-right\"><\/i> VitaServ\n              <\/a>\n          <\/li>\n                <\/ul>\n    <\/div>\n  <\/div>\n  <\/div>\n            <\/div>\n                      <div class=\"swiper-slide\">\n              <div class=\"product-card\" data-testid=\"product-card\">\n  <a\n    href=https:\/\/multi-mam.com\/ch\/de\/produkt\/multi-mam-kompressen\/\n    class=\"product-card-link\"\n    title=\"Multi-Mam\u00ae Kompressen\"\n  >\n  <figure class=\"product-card-image\" data-testid=\"product-image\">\n                          <img decoding=\"async\" src=\"https:\/\/multi-mam.com\/cdn-cgi\/image\/width=700,format=auto\/app\/uploads\/sites\/11\/2022\/06\/Multi-Mam-Kompressen.png\"\n        srcset=\"https:\/\/multi-mam.com\/cdn-cgi\/image\/width=250,format=auto\/app\/uploads\/sites\/11\/2022\/06\/Multi-Mam-Kompressen.png 250w,\n                https:\/\/multi-mam.com\/cdn-cgi\/image\/width=500,format=auto\/app\/uploads\/sites\/11\/2022\/06\/Multi-Mam-Kompressen.png 500w,\n                https:\/\/multi-mam.com\/cdn-cgi\/image\/width=700,format=auto\/app\/uploads\/sites\/11\/2022\/06\/Multi-Mam-Kompressen.png 700w\"\n        sizes=\"(max-width: 400px) 250px, (max-width: 800px) 500px, 700px\"\n        alt=\"Multi-Mam Kompressen\"\n        class=\"img\">\n            <\/figure>\n    <div class=\"product-card-content\">\n      <div class=\"heading-wrapper\">\n        <h2 class=\"heading\">Multi-Mam\u00ae Kompressen<\/h2>\n      <\/div>\n      <div class=\"product-card-description\">Sanfte Pflege f\u00fcr angenehmes Stillen<\/div>\n                      <\/div>\n  <\/a>\n          <div class=\"button-wrapper buy-now \" data-testid=\"buy-now\">\n      <div class=\"buy-now-container dropdown-container\">\n      <div class=\"theme-button button-primary-color dropdown-link\" aria-label=\"Jetzt kaufen\">\n          Jetzt kaufen <i class=\"dropdown\"><\/i>\n      <\/div>\n      <ul class=\"reseller-list submenu\">\n                    <li>\n              <a\n                href=\"https:\/\/www.mcdrogerie.ch\/multi-mam-kompressen-12-stuck\" onclick=\"dataLayer.push({'event':'ga_event', 'eventCategory':'Click on Reseller', 'eventAction':'McDrogerie', 'eventLabel':'Multi-Mam\u00ae Kompressen', 'eventValue': undefined})\" rel=\"noopener\" target=\"_blank\" title=\"McDrogerie\"\n                data-testid=\"buy-now-reseller\">\n                <i class=\"fa-solid fa-arrow-right\"><\/i> McDrogerie\n              <\/a>\n          <\/li>\n                    <li>\n              <a\n                href=\"https:\/\/www.online-apotheke.ch\/Multi-Mam-Kompressen-12-Stueck-SW11763\" onclick=\"dataLayer.push({'event':'ga_event', 'eventCategory':'Click on Reseller', 'eventAction':'Online-Apotheke', 'eventLabel':'Multi-Mam\u00ae Kompressen', 'eventValue': undefined})\" rel=\"noopener\" target=\"_blank\" title=\"Online-Apotheke\"\n                data-testid=\"buy-now-reseller\">\n                <i class=\"fa-solid fa-arrow-right\"><\/i> Online-Apotheke\n              <\/a>\n          <\/li>\n                    <li>\n              <a\n                href=\"https:\/\/www.vitaminplus.ch\/marken\/multi-mam\/14175\/multi-mam-kompressen-12-stueck\" onclick=\"dataLayer.push({'event':'ga_event', 'eventCategory':'Click on Reseller', 'eventAction':'Vitaminplus', 'eventLabel':'Multi-Mam\u00ae Kompressen', 'eventValue': undefined})\" rel=\"noopener\" target=\"_blank\" title=\"Vitaminplus\"\n                data-testid=\"buy-now-reseller\">\n                <i class=\"fa-solid fa-arrow-right\"><\/i> Vitaminplus\n              <\/a>\n          <\/li>\n                <\/ul>\n    <\/div>\n  <\/div>\n  <\/div>\n            <\/div>\n                  <\/div>\n        <div class=\"swiper-scrollbar\"><\/div>\n      <\/div>\n    <\/div>\n  <\/div>\n\n\n\n<section class=\"wp-block-karopharma-image-with-text image-with-text image-with-text__full-width is-style-primary\"><div class=\"image-with-text-container \"><div class=\"image-with-text-container-image-container\"><img decoding=\"async\" loading=\"lazy\" src=\"https:\/\/multi-mam.com\/cdn-cgi\/image\/format=auto\/app\/uploads\/sites\/11\/2022\/06\/start-multimam.jpeg\" alt=\"Genie\u00dfe euer Kennenlernen\"\/><\/div><div class=\"image-with-text-container-content\" style=\"text-align:left\" data-test=\"content\"><div class=\"content\"><h2>Genie\u00dfe euer Kennenlernen<\/h2><p class=\"body\" data-test=\"body\">Die ersten Monate mit Deinem Baby sind eine ganz besondere Zeit. Sie sind erf\u00fcllt von Gl\u00fcck und Liebe. Schnell vergisst man neben der F\u00fcrsorge f\u00fcr das Neugeborene auch auf sich selbst zu achten. Viele M\u00fctter leiden unter Beschwerden wie einem strapazierten Intimbereich, wunde Brustwarzen und unter M\u00fcdigkeit, w\u00e4hrend die Kleinen mit dem Zahnen zu k\u00e4mpfen haben. Da ist Hilfe sehr willkommen. Multi-Mam hilft da, wo es notwendig ist, sodass Du sich ganz auf Dein Babygl\u00fcck konzentrieren kannst. Wenn sich die Mutter wohlf\u00fchlt, \u00fcbertr\u00e4gt sich das auch auf das Baby.<\/p>\n<div class=\"wp-block-buttons is-content-justification-left is-layout-flex wp-container-core-buttons-is-layout-fdcfc74e wp-block-buttons-is-layout-flex\">\n<div class=\"wp-block-button\"><a class=\"wp-block-button__link wp-element-button\" href=\"https:\/\/multi-mam.com\/ch\/de\/produkte\/\">Zu den Produkten<\/a><\/div>\n<\/div>\n<\/div><\/div><\/div><\/section>\n","protected":false},"excerpt":{"rendered":"","protected":false},"author":2,"featured_media":0,"parent":0,"menu_order":0,"comment_status":"closed","ping_status":"closed","template":"","meta":{"_acf_changed":false,"footnotes":""},"from-article-database":[],"class_list":["post-6","page","type-page","status-publish","hentry"],"acf":[],"yoast_head":"<!-- This site is optimized with the Yoast SEO plugin v26.6 - https:\/\/yoast.com\/wordpress\/plugins\/seo\/ -->\n<title>Multi-Mam - Multi-Mam<\/title>\n<meta name=\"description\" content=\"Love is all you need\u2026und Multi-Mam\u00ae f\u00fcr Mutter und Kind. Die ersten Monate mit Deinem Baby sind eine ganz besondere Zeit. Sie sind erf\u00fcllt von Gl\u00fcck und Liebe.\" \/>\n<meta name=\"robots\" content=\"index, follow, max-snippet:-1, max-image-preview:large, max-video-preview:-1\" \/>\n<link rel=\"canonical\" href=\"https:\/\/multi-mam.com\/ch\/de\/\" \/>\n<meta property=\"og:locale\" content=\"de_DE\" \/>\n<meta property=\"og:type\" content=\"article\" \/>\n<meta property=\"og:title\" content=\"Multi-Mam - Multi-Mam\" \/>\n<meta property=\"og:description\" content=\"Love is all you need\u2026und Multi-Mam\u00ae f\u00fcr Mutter und Kind. Die ersten Monate mit Deinem Baby sind eine ganz besondere Zeit. Sie sind erf\u00fcllt von Gl\u00fcck und Liebe.\" \/>\n<meta property=\"og:url\" content=\"https:\/\/multi-mam.com\/ch\/de\/\" \/>\n<meta property=\"og:site_name\" content=\"Multi-Mam\" \/>\n<meta property=\"article:modified_time\" content=\"2025-11-26T09:36:12+00:00\" \/>\n<meta property=\"og:image\" content=\"https:\/\/multi-mam.com\/app\/uploads\/sites\/11\/2025\/11\/multi-mam-produkte-2025-11.jpg\" \/>\n\t<meta property=\"og:image:width\" content=\"803\" \/>\n\t<meta property=\"og:image:height\" content=\"300\" \/>\n\t<meta property=\"og:image:type\" content=\"image\/jpeg\" \/>\n<meta name=\"twitter:card\" content=\"summary_large_image\" \/>\n<meta name=\"twitter:label1\" content=\"Gesch\u00e4tzte Lesezeit\" \/>\n\t<meta name=\"twitter:data1\" content=\"1\u00a0Minute\" \/>\n<script type=\"application\/ld+json\" class=\"yoast-schema-graph\">{\"@context\":\"https:\/\/schema.org\",\"@graph\":[{\"@type\":\"WebPage\",\"@id\":\"https:\/\/multi-mam.com\/ch\/de\/\",\"url\":\"https:\/\/multi-mam.com\/ch\/de\/\",\"name\":\"Multi-Mam - Multi-Mam\",\"isPartOf\":{\"@id\":\"https:\/\/multi-mam.com\/ch\/de\/#website\"},\"primaryImageOfPage\":{\"@id\":\"https:\/\/multi-mam.com\/ch\/de\/#primaryimage\"},\"image\":{\"@id\":\"https:\/\/multi-mam.com\/ch\/de\/#primaryimage\"},\"thumbnailUrl\":\"https:\/\/multi-mam.com\/app\/uploads\/sites\/11\/2025\/11\/multi-mam-produkte-2025-11.jpg\",\"datePublished\":\"2022-06-20T07:44:44+00:00\",\"dateModified\":\"2025-11-26T09:36:12+00:00\",\"description\":\"Love is all you need\u2026und Multi-Mam\u00ae f\u00fcr Mutter und Kind. Die ersten Monate mit Deinem Baby sind eine ganz besondere Zeit. Sie sind erf\u00fcllt von Gl\u00fcck und Liebe.\",\"breadcrumb\":{\"@id\":\"https:\/\/multi-mam.com\/ch\/de\/#breadcrumb\"},\"inLanguage\":\"de-CH\",\"potentialAction\":[{\"@type\":\"ReadAction\",\"target\":[\"https:\/\/multi-mam.com\/ch\/de\/\"]}]},{\"@type\":\"ImageObject\",\"inLanguage\":\"de-CH\",\"@id\":\"https:\/\/multi-mam.com\/ch\/de\/#primaryimage\",\"url\":\"https:\/\/multi-mam.com\/app\/uploads\/sites\/11\/2025\/11\/multi-mam-produkte-2025-11.jpg\",\"contentUrl\":\"https:\/\/multi-mam.com\/app\/uploads\/sites\/11\/2025\/11\/multi-mam-produkte-2025-11.jpg\"},{\"@type\":\"BreadcrumbList\",\"@id\":\"https:\/\/multi-mam.com\/ch\/de\/#breadcrumb\",\"itemListElement\":[{\"@type\":\"ListItem\",\"position\":1,\"name\":\"Home\",\"item\":\"https:\/\/multi-mam.com\/ch\/de\/\"},{\"@type\":\"ListItem\",\"position\":2,\"name\":\"Multi-Mam\"}]},{\"@type\":\"WebSite\",\"@id\":\"https:\/\/multi-mam.com\/ch\/de\/#website\",\"url\":\"https:\/\/multi-mam.com\/ch\/de\/\",\"name\":\"Multi-Mam\",\"description\":\"\",\"publisher\":{\"@id\":\"https:\/\/multi-mam.com\/ch\/de\/#organization\"},\"potentialAction\":[{\"@type\":\"SearchAction\",\"target\":{\"@type\":\"EntryPoint\",\"urlTemplate\":\"https:\/\/multi-mam.com\/ch\/de\/?s={search_term_string}\"},\"query-input\":{\"@type\":\"PropertyValueSpecification\",\"valueRequired\":true,\"valueName\":\"search_term_string\"}}],\"inLanguage\":\"de-CH\"},{\"@type\":\"Organization\",\"@id\":\"https:\/\/multi-mam.com\/ch\/de\/#organization\",\"name\":\"Multi-Mam\",\"url\":\"https:\/\/multi-mam.com\/ch\/de\/\",\"logo\":{\"@type\":\"ImageObject\",\"inLanguage\":\"de-CH\",\"@id\":\"https:\/\/multi-mam.com\/ch\/de\/#\/schema\/logo\/image\/\",\"url\":\"https:\/\/multi-mam.com\/app\/uploads\/sites\/11\/2022\/06\/multi-mam-logotype.png\",\"contentUrl\":\"https:\/\/multi-mam.com\/app\/uploads\/sites\/11\/2022\/06\/multi-mam-logotype.png\",\"width\":70,\"height\":96,\"caption\":\"Multi-Mam\"},\"image\":{\"@id\":\"https:\/\/multi-mam.com\/ch\/de\/#\/schema\/logo\/image\/\"}}]}<\/script>\n<!-- \/ Yoast SEO plugin. -->","yoast_head_json":{"title":"Multi-Mam - Multi-Mam","description":"Love is all you need\u2026und Multi-Mam\u00ae f\u00fcr Mutter und Kind. Die ersten Monate mit Deinem Baby sind eine ganz besondere Zeit. Sie sind erf\u00fcllt von Gl\u00fcck und Liebe.","robots":{"index":"index","follow":"follow","max-snippet":"max-snippet:-1","max-image-preview":"max-image-preview:large","max-video-preview":"max-video-preview:-1"},"canonical":"https:\/\/multi-mam.com\/ch\/de\/","og_locale":"de_DE","og_type":"article","og_title":"Multi-Mam - Multi-Mam","og_description":"Love is all you need\u2026und Multi-Mam\u00ae f\u00fcr Mutter und Kind. Die ersten Monate mit Deinem Baby sind eine ganz besondere Zeit. Sie sind erf\u00fcllt von Gl\u00fcck und Liebe.","og_url":"https:\/\/multi-mam.com\/ch\/de\/","og_site_name":"Multi-Mam","article_modified_time":"2025-11-26T09:36:12+00:00","og_image":[{"width":803,"height":300,"url":"https:\/\/multi-mam.com\/app\/uploads\/sites\/11\/2025\/11\/multi-mam-produkte-2025-11.jpg","type":"image\/jpeg"}],"twitter_card":"summary_large_image","twitter_misc":{"Gesch\u00e4tzte Lesezeit":"1\u00a0Minute"},"schema":{"@context":"https:\/\/schema.org","@graph":[{"@type":"WebPage","@id":"https:\/\/multi-mam.com\/ch\/de\/","url":"https:\/\/multi-mam.com\/ch\/de\/","name":"Multi-Mam - Multi-Mam","isPartOf":{"@id":"https:\/\/multi-mam.com\/ch\/de\/#website"},"primaryImageOfPage":{"@id":"https:\/\/multi-mam.com\/ch\/de\/#primaryimage"},"image":{"@id":"https:\/\/multi-mam.com\/ch\/de\/#primaryimage"},"thumbnailUrl":"https:\/\/multi-mam.com\/app\/uploads\/sites\/11\/2025\/11\/multi-mam-produkte-2025-11.jpg","datePublished":"2022-06-20T07:44:44+00:00","dateModified":"2025-11-26T09:36:12+00:00","description":"Love is all you need\u2026und Multi-Mam\u00ae f\u00fcr Mutter und Kind. Die ersten Monate mit Deinem Baby sind eine ganz besondere Zeit. Sie sind erf\u00fcllt von Gl\u00fcck und Liebe.","breadcrumb":{"@id":"https:\/\/multi-mam.com\/ch\/de\/#breadcrumb"},"inLanguage":"de-CH","potentialAction":[{"@type":"ReadAction","target":["https:\/\/multi-mam.com\/ch\/de\/"]}]},{"@type":"ImageObject","inLanguage":"de-CH","@id":"https:\/\/multi-mam.com\/ch\/de\/#primaryimage","url":"https:\/\/multi-mam.com\/app\/uploads\/sites\/11\/2025\/11\/multi-mam-produkte-2025-11.jpg","contentUrl":"https:\/\/multi-mam.com\/app\/uploads\/sites\/11\/2025\/11\/multi-mam-produkte-2025-11.jpg"},{"@type":"BreadcrumbList","@id":"https:\/\/multi-mam.com\/ch\/de\/#breadcrumb","itemListElement":[{"@type":"ListItem","position":1,"name":"Home","item":"https:\/\/multi-mam.com\/ch\/de\/"},{"@type":"ListItem","position":2,"name":"Multi-Mam"}]},{"@type":"WebSite","@id":"https:\/\/multi-mam.com\/ch\/de\/#website","url":"https:\/\/multi-mam.com\/ch\/de\/","name":"Multi-Mam","description":"","publisher":{"@id":"https:\/\/multi-mam.com\/ch\/de\/#organization"},"potentialAction":[{"@type":"SearchAction","target":{"@type":"EntryPoint","urlTemplate":"https:\/\/multi-mam.com\/ch\/de\/?s={search_term_string}"},"query-input":{"@type":"PropertyValueSpecification","valueRequired":true,"valueName":"search_term_string"}}],"inLanguage":"de-CH"},{"@type":"Organization","@id":"https:\/\/multi-mam.com\/ch\/de\/#organization","name":"Multi-Mam","url":"https:\/\/multi-mam.com\/ch\/de\/","logo":{"@type":"ImageObject","inLanguage":"de-CH","@id":"https:\/\/multi-mam.com\/ch\/de\/#\/schema\/logo\/image\/","url":"https:\/\/multi-mam.com\/app\/uploads\/sites\/11\/2022\/06\/multi-mam-logotype.png","contentUrl":"https:\/\/multi-mam.com\/app\/uploads\/sites\/11\/2022\/06\/multi-mam-logotype.png","width":70,"height":96,"caption":"Multi-Mam"},"image":{"@id":"https:\/\/multi-mam.com\/ch\/de\/#\/schema\/logo\/image\/"}}]}},"_links":{"self":[{"href":"https:\/\/multi-mam.com\/ch\/de\/wp-json\/wp\/v2\/pages\/6","targetHints":{"allow":["GET"]}}],"collection":[{"href":"https:\/\/multi-mam.com\/ch\/de\/wp-json\/wp\/v2\/pages"}],"about":[{"href":"https:\/\/multi-mam.com\/ch\/de\/wp-json\/wp\/v2\/types\/page"}],"author":[{"embeddable":true,"href":"https:\/\/multi-mam.com\/ch\/de\/wp-json\/wp\/v2\/users\/2"}],"replies":[{"embeddable":true,"href":"https:\/\/multi-mam.com\/ch\/de\/wp-json\/wp\/v2\/comments?post=6"}],"version-history":[{"count":5,"href":"https:\/\/multi-mam.com\/ch\/de\/wp-json\/wp\/v2\/pages\/6\/revisions"}],"predecessor-version":[{"id":466,"href":"https:\/\/multi-mam.com\/ch\/de\/wp-json\/wp\/v2\/pages\/6\/revisions\/466"}],"wp:attachment":[{"href":"https:\/\/multi-mam.com\/ch\/de\/wp-json\/wp\/v2\/media?parent=6"}],"wp:term":[{"taxonomy":"from-article-database","embeddable":true,"href":"https:\/\/multi-mam.com\/ch\/de\/wp-json\/wp\/v2\/from-article-database?post=6"}],"curies":[{"name":"wp","href":"https:\/\/api.w.org\/{rel}","templated":true}]}}