{"id":83,"date":"2022-06-21T12:29:43","date_gmt":"2022-06-21T10:29:43","guid":{"rendered":"https:\/\/multi-mam.com\/at\/?post_type=product&#038;p=83"},"modified":"2026-04-17T14:27:19","modified_gmt":"2026-04-17T12:27:19","slug":"multi-mam-babydent","status":"publish","type":"product","link":"https:\/\/multi-mam.com\/at\/produkt\/multi-mam-babydent\/","title":{"rendered":"Multi-Mam\u00ae BabyDent"},"content":{"rendered":"\n<div class=\"wp-block-karopharma-accordions is-style-secondary\"><div class=\"container\">\n<details class=\"wp-block-karopharma-accordion\"><summary><h2 class=\"accordion-title\">Wie oft kann ich das Gel bei meinem Baby anwenden?<\/h2><\/summary><div class=\"accordion-content\">\n<p>So oft du m\u00f6chtest \u2013 wann immer die beruhigende Wirkung ben\u00f6tigt wird.<\/p>\n<\/div><\/details>\n\n\n\n<details class=\"wp-block-karopharma-accordion\"><summary><h2 class=\"accordion-title\">Mein Baby hat ziemlich viel von dem Gel verschluckt. Ist das sch\u00e4dlich?<\/h2><\/summary><div class=\"accordion-content\">\n<p>Nein, es ist kein Problem, wenn dein Baby das Gel verschluckt.<\/p>\n<\/div><\/details>\n\n\n\n<details class=\"wp-block-karopharma-accordion\"><summary><h2 class=\"accordion-title\">Das Gel rutscht von meinem Finger ab. Wie soll ich es auf das Zahnfleisch meines Babys auftragen?<\/h2><\/summary><div class=\"accordion-content\">\n<p>Gebe etwas Gel dirket auf einen Schnuller oder Bei\u00dfring &#8211; an den Stellen, an denen sie mit dem Zahnfleisch in Ber\u00fchrung kommen. Du kannst auch etwas Gel auf eine Baby-Zahnb\u00fcrste das Zahnfleisch leicht massieren.<\/p>\n<\/div><\/details>\n<\/div><\/div>\n","protected":false},"excerpt":{"rendered":"<p>Linderndes Gel f\u00fcr zahnende Babys<\/p>\n","protected":false},"featured_media":84,"comment_status":"closed","ping_status":"closed","template":"","meta":{"_acf_changed":false,"footnotes":""},"product_brand":[],"product_cat":[20],"product_tag":[],"class_list":{"0":"post-83","1":"product","2":"type-product","3":"status-publish","4":"has-post-thumbnail","6":"product_cat-zahnung","8":"first","9":"instock","10":"shipping-taxable","11":"product-type-simple"},"acf":[],"yoast_head":"<!-- This site is optimized with the Yoast SEO plugin v26.6 - https:\/\/yoast.com\/wordpress\/plugins\/seo\/ -->\n<title>Multi-Mam\u00ae BabyDent - Multi-Mam<\/title>\n<meta name=\"description\" content=\"Das Gel sch\u00fctzt die Schleimhaut, lindert dadurch Zahnungsbeschwerden und reduziert Reizungen, die durch das Zahnen hervorgerufen werden.\" \/>\n<meta name=\"robots\" content=\"index, follow, max-snippet:-1, max-image-preview:large, max-video-preview:-1\" \/>\n<link rel=\"canonical\" href=\"https:\/\/multi-mam.com\/at\/produkt\/multi-mam-babydent\/\" \/>\n<meta property=\"og:locale\" content=\"de_DE\" \/>\n<meta property=\"og:type\" content=\"article\" \/>\n<meta property=\"og:title\" content=\"Multi-Mam\u00ae BabyDent - Multi-Mam\" \/>\n<meta property=\"og:description\" content=\"Das Gel sch\u00fctzt die Schleimhaut, lindert dadurch Zahnungsbeschwerden und reduziert Reizungen, die durch das Zahnen hervorgerufen werden.\" \/>\n<meta property=\"og:url\" content=\"https:\/\/multi-mam.com\/at\/produkt\/multi-mam-babydent\/\" \/>\n<meta property=\"og:site_name\" content=\"Multi-Mam\" \/>\n<meta property=\"article:modified_time\" content=\"2026-04-17T12:27:19+00:00\" \/>\n<meta property=\"og:image\" content=\"https:\/\/multi-mam.com\/app\/uploads\/sites\/5\/2022\/06\/MultiMamBabyDent.png\" \/>\n\t<meta property=\"og:image:width\" content=\"2000\" \/>\n\t<meta property=\"og:image:height\" content=\"2000\" \/>\n\t<meta property=\"og:image:type\" content=\"image\/png\" \/>\n<meta name=\"twitter:card\" content=\"summary_large_image\" \/>\n<meta name=\"twitter:label1\" content=\"Gesch\u00e4tzte Lesezeit\" \/>\n\t<meta name=\"twitter:data1\" content=\"1 Minute\" \/>\n<script type=\"application\/ld+json\" class=\"yoast-schema-graph\">{\"@context\":\"https:\/\/schema.org\",\"@graph\":[{\"@type\":\"WebPage\",\"@id\":\"https:\/\/multi-mam.com\/at\/produkt\/multi-mam-babydent\/\",\"url\":\"https:\/\/multi-mam.com\/at\/produkt\/multi-mam-babydent\/\",\"name\":\"Multi-Mam\u00ae BabyDent - Multi-Mam\",\"isPartOf\":{\"@id\":\"https:\/\/multi-mam.com\/at\/#website\"},\"primaryImageOfPage\":{\"@id\":\"https:\/\/multi-mam.com\/at\/produkt\/multi-mam-babydent\/#primaryimage\"},\"image\":{\"@id\":\"https:\/\/multi-mam.com\/at\/produkt\/multi-mam-babydent\/#primaryimage\"},\"thumbnailUrl\":\"https:\/\/multi-mam.com\/app\/uploads\/sites\/5\/2022\/06\/MultiMamBabyDent.png\",\"datePublished\":\"2022-06-21T10:29:43+00:00\",\"dateModified\":\"2026-04-17T12:27:19+00:00\",\"description\":\"Das Gel sch\u00fctzt die Schleimhaut, lindert dadurch Zahnungsbeschwerden und reduziert Reizungen, die durch das Zahnen hervorgerufen werden.\",\"breadcrumb\":{\"@id\":\"https:\/\/multi-mam.com\/at\/produkt\/multi-mam-babydent\/#breadcrumb\"},\"inLanguage\":\"de-AT\",\"potentialAction\":[{\"@type\":\"ReadAction\",\"target\":[\"https:\/\/multi-mam.com\/at\/produkt\/multi-mam-babydent\/\"]}]},{\"@type\":\"ImageObject\",\"inLanguage\":\"de-AT\",\"@id\":\"https:\/\/multi-mam.com\/at\/produkt\/multi-mam-babydent\/#primaryimage\",\"url\":\"https:\/\/multi-mam.com\/app\/uploads\/sites\/5\/2022\/06\/MultiMamBabyDent.png\",\"contentUrl\":\"https:\/\/multi-mam.com\/app\/uploads\/sites\/5\/2022\/06\/MultiMamBabyDent.png\",\"width\":2000,\"height\":2000,\"caption\":\"Multi-Mam BabyDent\"},{\"@type\":\"BreadcrumbList\",\"@id\":\"https:\/\/multi-mam.com\/at\/produkt\/multi-mam-babydent\/#breadcrumb\",\"itemListElement\":[{\"@type\":\"ListItem\",\"position\":1,\"name\":\"Home\",\"item\":\"https:\/\/multi-mam.com\/at\/\"},{\"@type\":\"ListItem\",\"position\":2,\"name\":\"Produkte\",\"item\":\"https:\/\/multi-mam.com\/at\/produkte\/\"},{\"@type\":\"ListItem\",\"position\":3,\"name\":\"Multi-Mam\u00ae BabyDent\"}]},{\"@type\":\"WebSite\",\"@id\":\"https:\/\/multi-mam.com\/at\/#website\",\"url\":\"https:\/\/multi-mam.com\/at\/\",\"name\":\"Multi-Mam\",\"description\":\"\",\"publisher\":{\"@id\":\"https:\/\/multi-mam.com\/at\/#organization\"},\"potentialAction\":[{\"@type\":\"SearchAction\",\"target\":{\"@type\":\"EntryPoint\",\"urlTemplate\":\"https:\/\/multi-mam.com\/at\/?s={search_term_string}\"},\"query-input\":{\"@type\":\"PropertyValueSpecification\",\"valueRequired\":true,\"valueName\":\"search_term_string\"}}],\"inLanguage\":\"de-AT\"},{\"@type\":\"Organization\",\"@id\":\"https:\/\/multi-mam.com\/at\/#organization\",\"name\":\"Multi-Mam\",\"url\":\"https:\/\/multi-mam.com\/at\/\",\"logo\":{\"@type\":\"ImageObject\",\"inLanguage\":\"de-AT\",\"@id\":\"https:\/\/multi-mam.com\/at\/#\/schema\/logo\/image\/\",\"url\":\"https:\/\/multi-mam.com\/app\/uploads\/sites\/5\/2022\/06\/multi-mam-logotype.png\",\"contentUrl\":\"https:\/\/multi-mam.com\/app\/uploads\/sites\/5\/2022\/06\/multi-mam-logotype.png\",\"width\":70,\"height\":96,\"caption\":\"Multi-Mam\"},\"image\":{\"@id\":\"https:\/\/multi-mam.com\/at\/#\/schema\/logo\/image\/\"}}]}<\/script>\n<!-- \/ Yoast SEO plugin. -->","yoast_head_json":{"title":"Multi-Mam\u00ae BabyDent - Multi-Mam","description":"Das Gel sch\u00fctzt die Schleimhaut, lindert dadurch Zahnungsbeschwerden und reduziert Reizungen, die durch das Zahnen hervorgerufen werden.","robots":{"index":"index","follow":"follow","max-snippet":"max-snippet:-1","max-image-preview":"max-image-preview:large","max-video-preview":"max-video-preview:-1"},"canonical":"https:\/\/multi-mam.com\/at\/produkt\/multi-mam-babydent\/","og_locale":"de_DE","og_type":"article","og_title":"Multi-Mam\u00ae BabyDent - Multi-Mam","og_description":"Das Gel sch\u00fctzt die Schleimhaut, lindert dadurch Zahnungsbeschwerden und reduziert Reizungen, die durch das Zahnen hervorgerufen werden.","og_url":"https:\/\/multi-mam.com\/at\/produkt\/multi-mam-babydent\/","og_site_name":"Multi-Mam","article_modified_time":"2026-04-17T12:27:19+00:00","og_image":[{"width":2000,"height":2000,"url":"https:\/\/multi-mam.com\/app\/uploads\/sites\/5\/2022\/06\/MultiMamBabyDent.png","type":"image\/png"}],"twitter_card":"summary_large_image","twitter_misc":{"Gesch\u00e4tzte Lesezeit":"1 Minute"},"schema":{"@context":"https:\/\/schema.org","@graph":[{"@type":"WebPage","@id":"https:\/\/multi-mam.com\/at\/produkt\/multi-mam-babydent\/","url":"https:\/\/multi-mam.com\/at\/produkt\/multi-mam-babydent\/","name":"Multi-Mam\u00ae BabyDent - Multi-Mam","isPartOf":{"@id":"https:\/\/multi-mam.com\/at\/#website"},"primaryImageOfPage":{"@id":"https:\/\/multi-mam.com\/at\/produkt\/multi-mam-babydent\/#primaryimage"},"image":{"@id":"https:\/\/multi-mam.com\/at\/produkt\/multi-mam-babydent\/#primaryimage"},"thumbnailUrl":"https:\/\/multi-mam.com\/app\/uploads\/sites\/5\/2022\/06\/MultiMamBabyDent.png","datePublished":"2022-06-21T10:29:43+00:00","dateModified":"2026-04-17T12:27:19+00:00","description":"Das Gel sch\u00fctzt die Schleimhaut, lindert dadurch Zahnungsbeschwerden und reduziert Reizungen, die durch das Zahnen hervorgerufen werden.","breadcrumb":{"@id":"https:\/\/multi-mam.com\/at\/produkt\/multi-mam-babydent\/#breadcrumb"},"inLanguage":"de-AT","potentialAction":[{"@type":"ReadAction","target":["https:\/\/multi-mam.com\/at\/produkt\/multi-mam-babydent\/"]}]},{"@type":"ImageObject","inLanguage":"de-AT","@id":"https:\/\/multi-mam.com\/at\/produkt\/multi-mam-babydent\/#primaryimage","url":"https:\/\/multi-mam.com\/app\/uploads\/sites\/5\/2022\/06\/MultiMamBabyDent.png","contentUrl":"https:\/\/multi-mam.com\/app\/uploads\/sites\/5\/2022\/06\/MultiMamBabyDent.png","width":2000,"height":2000,"caption":"Multi-Mam BabyDent"},{"@type":"BreadcrumbList","@id":"https:\/\/multi-mam.com\/at\/produkt\/multi-mam-babydent\/#breadcrumb","itemListElement":[{"@type":"ListItem","position":1,"name":"Home","item":"https:\/\/multi-mam.com\/at\/"},{"@type":"ListItem","position":2,"name":"Produkte","item":"https:\/\/multi-mam.com\/at\/produkte\/"},{"@type":"ListItem","position":3,"name":"Multi-Mam\u00ae BabyDent"}]},{"@type":"WebSite","@id":"https:\/\/multi-mam.com\/at\/#website","url":"https:\/\/multi-mam.com\/at\/","name":"Multi-Mam","description":"","publisher":{"@id":"https:\/\/multi-mam.com\/at\/#organization"},"potentialAction":[{"@type":"SearchAction","target":{"@type":"EntryPoint","urlTemplate":"https:\/\/multi-mam.com\/at\/?s={search_term_string}"},"query-input":{"@type":"PropertyValueSpecification","valueRequired":true,"valueName":"search_term_string"}}],"inLanguage":"de-AT"},{"@type":"Organization","@id":"https:\/\/multi-mam.com\/at\/#organization","name":"Multi-Mam","url":"https:\/\/multi-mam.com\/at\/","logo":{"@type":"ImageObject","inLanguage":"de-AT","@id":"https:\/\/multi-mam.com\/at\/#\/schema\/logo\/image\/","url":"https:\/\/multi-mam.com\/app\/uploads\/sites\/5\/2022\/06\/multi-mam-logotype.png","contentUrl":"https:\/\/multi-mam.com\/app\/uploads\/sites\/5\/2022\/06\/multi-mam-logotype.png","width":70,"height":96,"caption":"Multi-Mam"},"image":{"@id":"https:\/\/multi-mam.com\/at\/#\/schema\/logo\/image\/"}}]}},"_links":{"self":[{"href":"https:\/\/multi-mam.com\/at\/wp-json\/wp\/v2\/product\/83","targetHints":{"allow":["GET"]}}],"collection":[{"href":"https:\/\/multi-mam.com\/at\/wp-json\/wp\/v2\/product"}],"about":[{"href":"https:\/\/multi-mam.com\/at\/wp-json\/wp\/v2\/types\/product"}],"replies":[{"embeddable":true,"href":"https:\/\/multi-mam.com\/at\/wp-json\/wp\/v2\/comments?post=83"}],"version-history":[{"count":8,"href":"https:\/\/multi-mam.com\/at\/wp-json\/wp\/v2\/product\/83\/revisions"}],"predecessor-version":[{"id":214,"href":"https:\/\/multi-mam.com\/at\/wp-json\/wp\/v2\/product\/83\/revisions\/214"}],"wp:featuredmedia":[{"embeddable":true,"href":"https:\/\/multi-mam.com\/at\/wp-json\/wp\/v2\/media\/84"}],"wp:attachment":[{"href":"https:\/\/multi-mam.com\/at\/wp-json\/wp\/v2\/media?parent=83"}],"wp:term":[{"taxonomy":"product_brand","embeddable":true,"href":"https:\/\/multi-mam.com\/at\/wp-json\/wp\/v2\/product_brand?post=83"},{"taxonomy":"product_cat","embeddable":true,"href":"https:\/\/multi-mam.com\/at\/wp-json\/wp\/v2\/product_cat?post=83"},{"taxonomy":"product_tag","embeddable":true,"href":"https:\/\/multi-mam.com\/at\/wp-json\/wp\/v2\/product_tag?post=83"}],"curies":[{"name":"wp","href":"https:\/\/api.w.org\/{rel}","templated":true}]}}