{"id":78,"date":"2022-06-21T12:27:00","date_gmt":"2022-06-21T10:27:00","guid":{"rendered":"https:\/\/multi-mam.com\/at\/?post_type=product&#038;p=78"},"modified":"2026-04-17T14:27:10","modified_gmt":"2026-04-17T12:27:10","slug":"multi-mam-lanolin","status":"publish","type":"product","link":"https:\/\/multi-mam.com\/at\/produkt\/multi-mam-lanolin\/","title":{"rendered":"Multi-Mam\u00ae Lanolin"},"content":{"rendered":"\n<div class=\"wp-block-karopharma-accordions is-style-secondary\"><div class=\"container\">\n<details class=\"wp-block-karopharma-accordion\"><summary><h2 class=\"accordion-title\">Muss ich Multi-Mam Lanolin vor dem Stillen entfernen?<\/h2><\/summary><div class=\"accordion-content\">\n<p>Nein, es ist beim Verschlucken unbedenklich und hat einen neutralen Geschmack und Geruch. Es wird insbesondere empfohlen, Lanolin direkt nach dem Stillen aufzutragen. Beim Auftragen kurz vor dem Stillen, kann es das Anlegen f\u00fcr dein Baby erschweren.<\/p>\n<\/div><\/details>\n\n\n\n<details class=\"wp-block-karopharma-accordion\"><summary><h2 class=\"accordion-title\">Wie oft muss ich Multi-Mam Lanolin anwenden?<\/h2><\/summary><div class=\"accordion-content\">\n<p>So oft Du m\u00f6chtest. F\u00fcr einen optimalen Schutz solltest Du Multi-Mam Lanolin mindestens zweimal t\u00e4glich anwenden.<\/p>\n<\/div><\/details>\n\n\n\n<details class=\"wp-block-karopharma-accordion\"><summary><h2 class=\"accordion-title\">Wie tr\u00e4gt man Multi-Mam Lanolin am besten auf?<\/h2><\/summary><div class=\"accordion-content\">\n<p>Eine kleine Menge Lanolin zwischen den Fingerspitzen erw\u00e4rem und auf dem gesamten Brustwarzenbereich auftragen.<\/p>\n<\/div><\/details>\n\n\n\n<details class=\"wp-block-karopharma-accordion\"><summary><h2 class=\"accordion-title\">Was ist der Unterschied zwischen Multi-Mam Lanolin und Multi-Mam Balsam?<\/h2><\/summary><div class=\"accordion-content\">\n<p>Lanolin basiert auf reinstem nat\u00fcrlichem Wollfett. Multi-Mam Balsam ist eine pflanzliche Alternative zu Lanolin, basierend auf einer Auswahl von Pflanzen\u00f6len.<\/p>\n<\/div><\/details>\n\n\n\n<details class=\"wp-block-karopharma-accordion\"><summary><h2 class=\"accordion-title\">Ich leide st\u00e4ndig unter rissigen Brustwarzen, was sehr schmerzhaft ist. Was kann ich dagegen tun?<\/h2><\/summary><div class=\"accordion-content\">\n<p>Die meisten Probleme mit Brustwarzen resultieren aus Meistens liegt es an nicht korrektem Anliegen des Babys beim Stillen. Achte deshalb darauf, dass Du dein Baby richtig anlegst. Multi-Mam Lanolin st\u00e4rkt und pflegt das Hautgewebe zugleich. Es ist nat\u00fcrlich, geschmacksneutral und unbedenklich beim verschlucken &#8211; so kann es Dein Hautgewebe w\u00e4hrend des Stillens und \u00fcber den ganzen Tag gesund und kr\u00e4ftig halten.<\/p>\n<\/div><\/details>\n\n\n\n<details class=\"wp-block-karopharma-accordion\"><summary><h2 class=\"accordion-title\">Was sind die Ursachen von Brustwarzenproblemen?<\/h2><\/summary><div class=\"accordion-content\">\n<p>Die meisten Brustwarzenverletzungen entstehen, wenn der S\u00e4ugling beim Stillen nicht richtig angelegt wird. Es ist wichtig, dass der empfindlichste Teil des Brustwarzengewebes tief in den Mund Ihres Babys gezogen wird. Die Verwendung von Produkten, die den nat\u00fcrlichen Schutz der Haut vermindern, wie z. B. Seifen und Shampoos, kann ebenfalls zu rissigen Brustwarzen f\u00fchren. Und schlie\u00dflich sind auch Hefepilzinfektionen, Ekzeme oder eine Neigung zu trockener Haut m\u00f6gliche Ursachen f\u00fcr Brustwarzenprobleme.<\/p>\n<\/div><\/details>\n<\/div><\/div>\n","protected":false},"excerpt":{"rendered":"<p>Brustwarzenpflege<\/p>\n","protected":false},"featured_media":79,"comment_status":"closed","ping_status":"closed","template":"","meta":{"_acf_changed":false,"footnotes":""},"product_brand":[],"product_cat":[18],"product_tag":[],"class_list":{"0":"post-78","1":"product","2":"type-product","3":"status-publish","4":"has-post-thumbnail","6":"product_cat-stillen","8":"first","9":"instock","10":"shipping-taxable","11":"product-type-simple"},"acf":[],"yoast_head":"<!-- This site is optimized with the Yoast SEO plugin v26.6 - https:\/\/yoast.com\/wordpress\/plugins\/seo\/ -->\n<title>Multi-Mam\u00ae Lanolin - Multi-Mam<\/title>\n<meta name=\"description\" content=\"Trockene und empfindliche Brustwarzen sind verbreitete Beschwerden beim Stillen. Multi-Mam Lanolin ersetzt und erg\u00e4nzt das nat\u00fcrliche Fett der Haut, das beim Stillen entzogen wird.\" \/>\n<meta name=\"robots\" content=\"index, follow, max-snippet:-1, max-image-preview:large, max-video-preview:-1\" \/>\n<link rel=\"canonical\" href=\"https:\/\/multi-mam.com\/at\/produkt\/multi-mam-lanolin\/\" \/>\n<meta property=\"og:locale\" content=\"de_DE\" \/>\n<meta property=\"og:type\" content=\"article\" \/>\n<meta property=\"og:title\" content=\"Multi-Mam\u00ae Lanolin - Multi-Mam\" \/>\n<meta property=\"og:description\" content=\"Trockene und empfindliche Brustwarzen sind verbreitete Beschwerden beim Stillen. Multi-Mam Lanolin ersetzt und erg\u00e4nzt das nat\u00fcrliche Fett der Haut, das beim Stillen entzogen wird.\" \/>\n<meta property=\"og:url\" content=\"https:\/\/multi-mam.com\/at\/produkt\/multi-mam-lanolin\/\" \/>\n<meta property=\"og:site_name\" content=\"Multi-Mam\" \/>\n<meta property=\"article:modified_time\" content=\"2026-04-17T12:27:10+00:00\" \/>\n<meta property=\"og:image\" content=\"https:\/\/multi-mam.com\/app\/uploads\/sites\/5\/2022\/06\/MultiMamLanolin.png\" \/>\n\t<meta property=\"og:image:width\" content=\"1400\" \/>\n\t<meta property=\"og:image:height\" content=\"1400\" \/>\n\t<meta property=\"og:image:type\" content=\"image\/png\" \/>\n<meta name=\"twitter:card\" content=\"summary_large_image\" \/>\n<meta name=\"twitter:label1\" content=\"Gesch\u00e4tzte Lesezeit\" \/>\n\t<meta name=\"twitter:data1\" content=\"2 Minuten\" \/>\n<script type=\"application\/ld+json\" class=\"yoast-schema-graph\">{\"@context\":\"https:\/\/schema.org\",\"@graph\":[{\"@type\":\"WebPage\",\"@id\":\"https:\/\/multi-mam.com\/at\/produkt\/multi-mam-lanolin\/\",\"url\":\"https:\/\/multi-mam.com\/at\/produkt\/multi-mam-lanolin\/\",\"name\":\"Multi-Mam\u00ae Lanolin - Multi-Mam\",\"isPartOf\":{\"@id\":\"https:\/\/multi-mam.com\/at\/#website\"},\"primaryImageOfPage\":{\"@id\":\"https:\/\/multi-mam.com\/at\/produkt\/multi-mam-lanolin\/#primaryimage\"},\"image\":{\"@id\":\"https:\/\/multi-mam.com\/at\/produkt\/multi-mam-lanolin\/#primaryimage\"},\"thumbnailUrl\":\"https:\/\/multi-mam.com\/app\/uploads\/sites\/5\/2022\/06\/MultiMamLanolin.png\",\"datePublished\":\"2022-06-21T10:27:00+00:00\",\"dateModified\":\"2026-04-17T12:27:10+00:00\",\"description\":\"Trockene und empfindliche Brustwarzen sind verbreitete Beschwerden beim Stillen. Multi-Mam Lanolin ersetzt und erg\u00e4nzt das nat\u00fcrliche Fett der Haut, das beim Stillen entzogen wird.\",\"breadcrumb\":{\"@id\":\"https:\/\/multi-mam.com\/at\/produkt\/multi-mam-lanolin\/#breadcrumb\"},\"inLanguage\":\"de-AT\",\"potentialAction\":[{\"@type\":\"ReadAction\",\"target\":[\"https:\/\/multi-mam.com\/at\/produkt\/multi-mam-lanolin\/\"]}]},{\"@type\":\"ImageObject\",\"inLanguage\":\"de-AT\",\"@id\":\"https:\/\/multi-mam.com\/at\/produkt\/multi-mam-lanolin\/#primaryimage\",\"url\":\"https:\/\/multi-mam.com\/app\/uploads\/sites\/5\/2022\/06\/MultiMamLanolin.png\",\"contentUrl\":\"https:\/\/multi-mam.com\/app\/uploads\/sites\/5\/2022\/06\/MultiMamLanolin.png\",\"width\":1400,\"height\":1400,\"caption\":\"Multi-Mam Lanolin\"},{\"@type\":\"BreadcrumbList\",\"@id\":\"https:\/\/multi-mam.com\/at\/produkt\/multi-mam-lanolin\/#breadcrumb\",\"itemListElement\":[{\"@type\":\"ListItem\",\"position\":1,\"name\":\"Home\",\"item\":\"https:\/\/multi-mam.com\/at\/\"},{\"@type\":\"ListItem\",\"position\":2,\"name\":\"Produkte\",\"item\":\"https:\/\/multi-mam.com\/at\/produkte\/\"},{\"@type\":\"ListItem\",\"position\":3,\"name\":\"Multi-Mam\u00ae Lanolin\"}]},{\"@type\":\"WebSite\",\"@id\":\"https:\/\/multi-mam.com\/at\/#website\",\"url\":\"https:\/\/multi-mam.com\/at\/\",\"name\":\"Multi-Mam\",\"description\":\"\",\"publisher\":{\"@id\":\"https:\/\/multi-mam.com\/at\/#organization\"},\"potentialAction\":[{\"@type\":\"SearchAction\",\"target\":{\"@type\":\"EntryPoint\",\"urlTemplate\":\"https:\/\/multi-mam.com\/at\/?s={search_term_string}\"},\"query-input\":{\"@type\":\"PropertyValueSpecification\",\"valueRequired\":true,\"valueName\":\"search_term_string\"}}],\"inLanguage\":\"de-AT\"},{\"@type\":\"Organization\",\"@id\":\"https:\/\/multi-mam.com\/at\/#organization\",\"name\":\"Multi-Mam\",\"url\":\"https:\/\/multi-mam.com\/at\/\",\"logo\":{\"@type\":\"ImageObject\",\"inLanguage\":\"de-AT\",\"@id\":\"https:\/\/multi-mam.com\/at\/#\/schema\/logo\/image\/\",\"url\":\"https:\/\/multi-mam.com\/app\/uploads\/sites\/5\/2022\/06\/multi-mam-logotype.png\",\"contentUrl\":\"https:\/\/multi-mam.com\/app\/uploads\/sites\/5\/2022\/06\/multi-mam-logotype.png\",\"width\":70,\"height\":96,\"caption\":\"Multi-Mam\"},\"image\":{\"@id\":\"https:\/\/multi-mam.com\/at\/#\/schema\/logo\/image\/\"}}]}<\/script>\n<!-- \/ Yoast SEO plugin. -->","yoast_head_json":{"title":"Multi-Mam\u00ae Lanolin - Multi-Mam","description":"Trockene und empfindliche Brustwarzen sind verbreitete Beschwerden beim Stillen. Multi-Mam Lanolin ersetzt und erg\u00e4nzt das nat\u00fcrliche Fett der Haut, das beim Stillen entzogen wird.","robots":{"index":"index","follow":"follow","max-snippet":"max-snippet:-1","max-image-preview":"max-image-preview:large","max-video-preview":"max-video-preview:-1"},"canonical":"https:\/\/multi-mam.com\/at\/produkt\/multi-mam-lanolin\/","og_locale":"de_DE","og_type":"article","og_title":"Multi-Mam\u00ae Lanolin - Multi-Mam","og_description":"Trockene und empfindliche Brustwarzen sind verbreitete Beschwerden beim Stillen. Multi-Mam Lanolin ersetzt und erg\u00e4nzt das nat\u00fcrliche Fett der Haut, das beim Stillen entzogen wird.","og_url":"https:\/\/multi-mam.com\/at\/produkt\/multi-mam-lanolin\/","og_site_name":"Multi-Mam","article_modified_time":"2026-04-17T12:27:10+00:00","og_image":[{"width":1400,"height":1400,"url":"https:\/\/multi-mam.com\/app\/uploads\/sites\/5\/2022\/06\/MultiMamLanolin.png","type":"image\/png"}],"twitter_card":"summary_large_image","twitter_misc":{"Gesch\u00e4tzte Lesezeit":"2 Minuten"},"schema":{"@context":"https:\/\/schema.org","@graph":[{"@type":"WebPage","@id":"https:\/\/multi-mam.com\/at\/produkt\/multi-mam-lanolin\/","url":"https:\/\/multi-mam.com\/at\/produkt\/multi-mam-lanolin\/","name":"Multi-Mam\u00ae Lanolin - Multi-Mam","isPartOf":{"@id":"https:\/\/multi-mam.com\/at\/#website"},"primaryImageOfPage":{"@id":"https:\/\/multi-mam.com\/at\/produkt\/multi-mam-lanolin\/#primaryimage"},"image":{"@id":"https:\/\/multi-mam.com\/at\/produkt\/multi-mam-lanolin\/#primaryimage"},"thumbnailUrl":"https:\/\/multi-mam.com\/app\/uploads\/sites\/5\/2022\/06\/MultiMamLanolin.png","datePublished":"2022-06-21T10:27:00+00:00","dateModified":"2026-04-17T12:27:10+00:00","description":"Trockene und empfindliche Brustwarzen sind verbreitete Beschwerden beim Stillen. Multi-Mam Lanolin ersetzt und erg\u00e4nzt das nat\u00fcrliche Fett der Haut, das beim Stillen entzogen wird.","breadcrumb":{"@id":"https:\/\/multi-mam.com\/at\/produkt\/multi-mam-lanolin\/#breadcrumb"},"inLanguage":"de-AT","potentialAction":[{"@type":"ReadAction","target":["https:\/\/multi-mam.com\/at\/produkt\/multi-mam-lanolin\/"]}]},{"@type":"ImageObject","inLanguage":"de-AT","@id":"https:\/\/multi-mam.com\/at\/produkt\/multi-mam-lanolin\/#primaryimage","url":"https:\/\/multi-mam.com\/app\/uploads\/sites\/5\/2022\/06\/MultiMamLanolin.png","contentUrl":"https:\/\/multi-mam.com\/app\/uploads\/sites\/5\/2022\/06\/MultiMamLanolin.png","width":1400,"height":1400,"caption":"Multi-Mam Lanolin"},{"@type":"BreadcrumbList","@id":"https:\/\/multi-mam.com\/at\/produkt\/multi-mam-lanolin\/#breadcrumb","itemListElement":[{"@type":"ListItem","position":1,"name":"Home","item":"https:\/\/multi-mam.com\/at\/"},{"@type":"ListItem","position":2,"name":"Produkte","item":"https:\/\/multi-mam.com\/at\/produkte\/"},{"@type":"ListItem","position":3,"name":"Multi-Mam\u00ae Lanolin"}]},{"@type":"WebSite","@id":"https:\/\/multi-mam.com\/at\/#website","url":"https:\/\/multi-mam.com\/at\/","name":"Multi-Mam","description":"","publisher":{"@id":"https:\/\/multi-mam.com\/at\/#organization"},"potentialAction":[{"@type":"SearchAction","target":{"@type":"EntryPoint","urlTemplate":"https:\/\/multi-mam.com\/at\/?s={search_term_string}"},"query-input":{"@type":"PropertyValueSpecification","valueRequired":true,"valueName":"search_term_string"}}],"inLanguage":"de-AT"},{"@type":"Organization","@id":"https:\/\/multi-mam.com\/at\/#organization","name":"Multi-Mam","url":"https:\/\/multi-mam.com\/at\/","logo":{"@type":"ImageObject","inLanguage":"de-AT","@id":"https:\/\/multi-mam.com\/at\/#\/schema\/logo\/image\/","url":"https:\/\/multi-mam.com\/app\/uploads\/sites\/5\/2022\/06\/multi-mam-logotype.png","contentUrl":"https:\/\/multi-mam.com\/app\/uploads\/sites\/5\/2022\/06\/multi-mam-logotype.png","width":70,"height":96,"caption":"Multi-Mam"},"image":{"@id":"https:\/\/multi-mam.com\/at\/#\/schema\/logo\/image\/"}}]}},"_links":{"self":[{"href":"https:\/\/multi-mam.com\/at\/wp-json\/wp\/v2\/product\/78","targetHints":{"allow":["GET"]}}],"collection":[{"href":"https:\/\/multi-mam.com\/at\/wp-json\/wp\/v2\/product"}],"about":[{"href":"https:\/\/multi-mam.com\/at\/wp-json\/wp\/v2\/types\/product"}],"replies":[{"embeddable":true,"href":"https:\/\/multi-mam.com\/at\/wp-json\/wp\/v2\/comments?post=78"}],"version-history":[{"count":8,"href":"https:\/\/multi-mam.com\/at\/wp-json\/wp\/v2\/product\/78\/revisions"}],"predecessor-version":[{"id":213,"href":"https:\/\/multi-mam.com\/at\/wp-json\/wp\/v2\/product\/78\/revisions\/213"}],"wp:featuredmedia":[{"embeddable":true,"href":"https:\/\/multi-mam.com\/at\/wp-json\/wp\/v2\/media\/79"}],"wp:attachment":[{"href":"https:\/\/multi-mam.com\/at\/wp-json\/wp\/v2\/media?parent=78"}],"wp:term":[{"taxonomy":"product_brand","embeddable":true,"href":"https:\/\/multi-mam.com\/at\/wp-json\/wp\/v2\/product_brand?post=78"},{"taxonomy":"product_cat","embeddable":true,"href":"https:\/\/multi-mam.com\/at\/wp-json\/wp\/v2\/product_cat?post=78"},{"taxonomy":"product_tag","embeddable":true,"href":"https:\/\/multi-mam.com\/at\/wp-json\/wp\/v2\/product_tag?post=78"}],"curies":[{"name":"wp","href":"https:\/\/api.w.org\/{rel}","templated":true}]}}