{"id":68,"date":"2022-06-21T12:02:29","date_gmt":"2022-06-21T10:02:29","guid":{"rendered":"https:\/\/multi-mam.com\/at\/?post_type=product&#038;p=68"},"modified":"2026-04-17T14:27:02","modified_gmt":"2026-04-17T12:27:02","slug":"multi-mam-kompressen","status":"publish","type":"product","link":"https:\/\/multi-mam.com\/at\/produkt\/multi-mam-kompressen\/","title":{"rendered":"Multi-Mam\u00ae Kompressen"},"content":{"rendered":"\n<div class=\"wp-block-karopharma-free-text undefined bg-center bg-contain bg-no-repeat  pt-large pb-small is-style-secondary\" style=\"background-image:url()\"><div class=\"free-text-wrapper container max-w-medium text-left\">\n<div class=\"wp-block-karopharma-video\"><div class=\"video-wrapper\"><iframe loading=\"lazy\" frameborder=\"0\" allowfullscreen allow=\"accelerometer; encrypted-media; gyroscope; picture-in-picture\" data-src=\"https:\/\/www.youtube.com\/embed\/1Nj2blM7EBU?autoplay=1\"><\/iframe><picture><source media=\"(max-width: 550px)\" srcset=\"https:\/\/img.youtube.com\/vi\/1Nj2blM7EBU\/mqdefault.jpg\"\/><source media=\"(max-width: 800px)\" srcset=\"https:\/\/img.youtube.com\/vi\/1Nj2blM7EBU\/hqdefault.jpg\"\/><img decoding=\"async\" width=\"1280\" height=\"720\" loading=\"lazy\" src=\"https:\/\/img.youtube.com\/vi\/1Nj2blM7EBU\/maxresdefault.jpg\" alt=\"Embedded YouTube video player thumbnail\"\/><\/picture><div class=\"video-trigger group\"><div class=\"video-trigger__circle group-hover:opacity-[85%]\"><svg width=\"14\" height=\"16\" viewbox=\"0 0 14 16\" fill=\"none\" xmlns=\"http:\/\/www.w3.org\/2000\/svg\"><path d=\"M13.2625 6.70935L2.2625 0.206225C1.36875 -0.3219 0 0.1906 0 1.49685V14.5C0 15.6719 1.27188 16.3781 2.2625 15.7906L13.2625 9.2906C14.2437 8.71248 14.2469 7.28748 13.2625 6.70935V6.70935Z\" fill=\"white\"><\/path><\/svg><\/div><\/div><\/div><\/div>\n<\/div><\/div>\n\n\n\n<div class=\"wp-block-karopharma-accordions is-style-secondary\"><div class=\"container\">\n<details class=\"wp-block-karopharma-accordion\"><summary><h2 class=\"accordion-title\">Wann sollte ich die Multi-Mam Kompressen verwenden, vor oder nach dem Stillen?<\/h2><\/summary><div class=\"accordion-content\">\n<p>Wir empfehlen dir, direkt nach dem Stillen eine Multi-Mam Kompresse zu verwenden. Wenn du sie kurz vor dem Stillen verwendest, kann die Feuchtigkeit des verbleibenden Gels das Anlegen deines Babys erschwerden, da das Baby die Brustwarze nich optimal zu fassen bekommt.<\/p>\n<\/div><\/details>\n\n\n\n<details class=\"wp-block-karopharma-accordion\"><summary><h2 class=\"accordion-title\">Wie lange sollte ich eine Multi-Mam Kompresse auf der Brust lassen?<\/h2><\/summary><div class=\"accordion-content\">\n<p>Idealerweise f\u00fcr 30 Minuten, mindestens jedoch f\u00fcr 10 Minuten und maximal f\u00fcr eine Stunde.<\/p>\n<\/div><\/details>\n\n\n\n<details class=\"wp-block-karopharma-accordion\"><summary><h2 class=\"accordion-title\">Wie oft kann ich eine Kompresse anwenden?<\/h2><\/summary><div class=\"accordion-content\">\n<p>Jede Multi-Mam Kompresse ist nur zum einmaligen Gebrauch bestimmt. Sie sollte nach dem Gebrauch aus hygienischen Gr\u00fcnden entsorgt werden.<\/p>\n<\/div><\/details>\n\n\n\n<details class=\"wp-block-karopharma-accordion\"><summary><h2 class=\"accordion-title\">Ist es sch\u00e4dlich, wenn mein Baby etwas von dem Gel der Multi-Mam Kompressen verschluckt?<\/h2><\/summary><div class=\"accordion-content\">\n<p>Das feuchtigkeistspendende Gel basiert auf nat\u00fcrlichen Inhaltsstoffen der Aloe Barbadensis. Es ist unbedenklich und muss vor dem Stillen nicht abgewaschen werden.<\/p>\n<\/div><\/details>\n<\/div><\/div>\n","protected":false},"excerpt":{"rendered":"<p>Sanfte Pflege f\u00fcr angenehmes Stillen<\/p>\n","protected":false},"featured_media":145,"comment_status":"closed","ping_status":"closed","template":"","meta":{"_acf_changed":false,"footnotes":""},"product_brand":[],"product_cat":[18],"product_tag":[],"class_list":{"0":"post-68","1":"product","2":"type-product","3":"status-publish","4":"has-post-thumbnail","6":"product_cat-stillen","8":"first","9":"instock","10":"shipping-taxable","11":"product-type-simple"},"acf":[],"yoast_head":"<!-- This site is optimized with the Yoast SEO plugin v26.6 - https:\/\/yoast.com\/wordpress\/plugins\/seo\/ -->\n<title>Multi-Mam\u00ae Kompressen - Multi-Mam<\/title>\n<meta name=\"description\" content=\"Multi-Mam Kompressen wurden speziell entwickelt, um stillende M\u00fctter zu unterst\u00fctzen, indem sie empfindlicher Haut sofortige K\u00fchlung und wohltuenden Komfort bieten.\" \/>\n<meta name=\"robots\" content=\"index, follow, max-snippet:-1, max-image-preview:large, max-video-preview:-1\" \/>\n<link rel=\"canonical\" href=\"https:\/\/multi-mam.com\/at\/produkt\/multi-mam-kompressen\/\" \/>\n<meta property=\"og:locale\" content=\"de_DE\" \/>\n<meta property=\"og:type\" content=\"article\" \/>\n<meta property=\"og:title\" content=\"Multi-Mam\u00ae Kompressen - Multi-Mam\" \/>\n<meta property=\"og:description\" content=\"Multi-Mam Kompressen wurden speziell entwickelt, um stillende M\u00fctter zu unterst\u00fctzen, indem sie empfindlicher Haut sofortige K\u00fchlung und wohltuenden Komfort bieten.\" \/>\n<meta property=\"og:url\" content=\"https:\/\/multi-mam.com\/at\/produkt\/multi-mam-kompressen\/\" \/>\n<meta property=\"og:site_name\" content=\"Multi-Mam\" \/>\n<meta property=\"article:modified_time\" content=\"2026-04-17T12:27:02+00:00\" \/>\n<meta property=\"og:image\" content=\"https:\/\/multi-mam.com\/app\/uploads\/sites\/5\/2022\/06\/Multi-Mam-Kompressen.png\" \/>\n\t<meta property=\"og:image:width\" content=\"1200\" \/>\n\t<meta property=\"og:image:height\" content=\"1200\" \/>\n\t<meta property=\"og:image:type\" content=\"image\/png\" \/>\n<meta name=\"twitter:card\" content=\"summary_large_image\" \/>\n<meta name=\"twitter:label1\" content=\"Gesch\u00e4tzte Lesezeit\" \/>\n\t<meta name=\"twitter:data1\" content=\"2 Minuten\" \/>\n<script type=\"application\/ld+json\" class=\"yoast-schema-graph\">{\"@context\":\"https:\/\/schema.org\",\"@graph\":[{\"@type\":\"WebPage\",\"@id\":\"https:\/\/multi-mam.com\/at\/produkt\/multi-mam-kompressen\/\",\"url\":\"https:\/\/multi-mam.com\/at\/produkt\/multi-mam-kompressen\/\",\"name\":\"Multi-Mam\u00ae Kompressen - Multi-Mam\",\"isPartOf\":{\"@id\":\"https:\/\/multi-mam.com\/at\/#website\"},\"primaryImageOfPage\":{\"@id\":\"https:\/\/multi-mam.com\/at\/produkt\/multi-mam-kompressen\/#primaryimage\"},\"image\":{\"@id\":\"https:\/\/multi-mam.com\/at\/produkt\/multi-mam-kompressen\/#primaryimage\"},\"thumbnailUrl\":\"https:\/\/multi-mam.com\/app\/uploads\/sites\/5\/2022\/06\/Multi-Mam-Kompressen.png\",\"datePublished\":\"2022-06-21T10:02:29+00:00\",\"dateModified\":\"2026-04-17T12:27:02+00:00\",\"description\":\"Multi-Mam Kompressen wurden speziell entwickelt, um stillende M\u00fctter zu unterst\u00fctzen, indem sie empfindlicher Haut sofortige K\u00fchlung und wohltuenden Komfort bieten.\",\"breadcrumb\":{\"@id\":\"https:\/\/multi-mam.com\/at\/produkt\/multi-mam-kompressen\/#breadcrumb\"},\"inLanguage\":\"de-AT\",\"potentialAction\":[{\"@type\":\"ReadAction\",\"target\":[\"https:\/\/multi-mam.com\/at\/produkt\/multi-mam-kompressen\/\"]}]},{\"@type\":\"ImageObject\",\"inLanguage\":\"de-AT\",\"@id\":\"https:\/\/multi-mam.com\/at\/produkt\/multi-mam-kompressen\/#primaryimage\",\"url\":\"https:\/\/multi-mam.com\/app\/uploads\/sites\/5\/2022\/06\/Multi-Mam-Kompressen.png\",\"contentUrl\":\"https:\/\/multi-mam.com\/app\/uploads\/sites\/5\/2022\/06\/Multi-Mam-Kompressen.png\",\"width\":1200,\"height\":1200,\"caption\":\"Multi-Mam Kompressen\"},{\"@type\":\"BreadcrumbList\",\"@id\":\"https:\/\/multi-mam.com\/at\/produkt\/multi-mam-kompressen\/#breadcrumb\",\"itemListElement\":[{\"@type\":\"ListItem\",\"position\":1,\"name\":\"Home\",\"item\":\"https:\/\/multi-mam.com\/at\/\"},{\"@type\":\"ListItem\",\"position\":2,\"name\":\"Produkte\",\"item\":\"https:\/\/multi-mam.com\/at\/produkte\/\"},{\"@type\":\"ListItem\",\"position\":3,\"name\":\"Multi-Mam\u00ae Kompressen\"}]},{\"@type\":\"WebSite\",\"@id\":\"https:\/\/multi-mam.com\/at\/#website\",\"url\":\"https:\/\/multi-mam.com\/at\/\",\"name\":\"Multi-Mam\",\"description\":\"\",\"publisher\":{\"@id\":\"https:\/\/multi-mam.com\/at\/#organization\"},\"potentialAction\":[{\"@type\":\"SearchAction\",\"target\":{\"@type\":\"EntryPoint\",\"urlTemplate\":\"https:\/\/multi-mam.com\/at\/?s={search_term_string}\"},\"query-input\":{\"@type\":\"PropertyValueSpecification\",\"valueRequired\":true,\"valueName\":\"search_term_string\"}}],\"inLanguage\":\"de-AT\"},{\"@type\":\"Organization\",\"@id\":\"https:\/\/multi-mam.com\/at\/#organization\",\"name\":\"Multi-Mam\",\"url\":\"https:\/\/multi-mam.com\/at\/\",\"logo\":{\"@type\":\"ImageObject\",\"inLanguage\":\"de-AT\",\"@id\":\"https:\/\/multi-mam.com\/at\/#\/schema\/logo\/image\/\",\"url\":\"https:\/\/multi-mam.com\/app\/uploads\/sites\/5\/2022\/06\/multi-mam-logotype.png\",\"contentUrl\":\"https:\/\/multi-mam.com\/app\/uploads\/sites\/5\/2022\/06\/multi-mam-logotype.png\",\"width\":70,\"height\":96,\"caption\":\"Multi-Mam\"},\"image\":{\"@id\":\"https:\/\/multi-mam.com\/at\/#\/schema\/logo\/image\/\"}}]}<\/script>\n<!-- \/ Yoast SEO plugin. -->","yoast_head_json":{"title":"Multi-Mam\u00ae Kompressen - Multi-Mam","description":"Multi-Mam Kompressen wurden speziell entwickelt, um stillende M\u00fctter zu unterst\u00fctzen, indem sie empfindlicher Haut sofortige K\u00fchlung und wohltuenden Komfort bieten.","robots":{"index":"index","follow":"follow","max-snippet":"max-snippet:-1","max-image-preview":"max-image-preview:large","max-video-preview":"max-video-preview:-1"},"canonical":"https:\/\/multi-mam.com\/at\/produkt\/multi-mam-kompressen\/","og_locale":"de_DE","og_type":"article","og_title":"Multi-Mam\u00ae Kompressen - Multi-Mam","og_description":"Multi-Mam Kompressen wurden speziell entwickelt, um stillende M\u00fctter zu unterst\u00fctzen, indem sie empfindlicher Haut sofortige K\u00fchlung und wohltuenden Komfort bieten.","og_url":"https:\/\/multi-mam.com\/at\/produkt\/multi-mam-kompressen\/","og_site_name":"Multi-Mam","article_modified_time":"2026-04-17T12:27:02+00:00","og_image":[{"width":1200,"height":1200,"url":"https:\/\/multi-mam.com\/app\/uploads\/sites\/5\/2022\/06\/Multi-Mam-Kompressen.png","type":"image\/png"}],"twitter_card":"summary_large_image","twitter_misc":{"Gesch\u00e4tzte Lesezeit":"2 Minuten"},"schema":{"@context":"https:\/\/schema.org","@graph":[{"@type":"WebPage","@id":"https:\/\/multi-mam.com\/at\/produkt\/multi-mam-kompressen\/","url":"https:\/\/multi-mam.com\/at\/produkt\/multi-mam-kompressen\/","name":"Multi-Mam\u00ae Kompressen - Multi-Mam","isPartOf":{"@id":"https:\/\/multi-mam.com\/at\/#website"},"primaryImageOfPage":{"@id":"https:\/\/multi-mam.com\/at\/produkt\/multi-mam-kompressen\/#primaryimage"},"image":{"@id":"https:\/\/multi-mam.com\/at\/produkt\/multi-mam-kompressen\/#primaryimage"},"thumbnailUrl":"https:\/\/multi-mam.com\/app\/uploads\/sites\/5\/2022\/06\/Multi-Mam-Kompressen.png","datePublished":"2022-06-21T10:02:29+00:00","dateModified":"2026-04-17T12:27:02+00:00","description":"Multi-Mam Kompressen wurden speziell entwickelt, um stillende M\u00fctter zu unterst\u00fctzen, indem sie empfindlicher Haut sofortige K\u00fchlung und wohltuenden Komfort bieten.","breadcrumb":{"@id":"https:\/\/multi-mam.com\/at\/produkt\/multi-mam-kompressen\/#breadcrumb"},"inLanguage":"de-AT","potentialAction":[{"@type":"ReadAction","target":["https:\/\/multi-mam.com\/at\/produkt\/multi-mam-kompressen\/"]}]},{"@type":"ImageObject","inLanguage":"de-AT","@id":"https:\/\/multi-mam.com\/at\/produkt\/multi-mam-kompressen\/#primaryimage","url":"https:\/\/multi-mam.com\/app\/uploads\/sites\/5\/2022\/06\/Multi-Mam-Kompressen.png","contentUrl":"https:\/\/multi-mam.com\/app\/uploads\/sites\/5\/2022\/06\/Multi-Mam-Kompressen.png","width":1200,"height":1200,"caption":"Multi-Mam Kompressen"},{"@type":"BreadcrumbList","@id":"https:\/\/multi-mam.com\/at\/produkt\/multi-mam-kompressen\/#breadcrumb","itemListElement":[{"@type":"ListItem","position":1,"name":"Home","item":"https:\/\/multi-mam.com\/at\/"},{"@type":"ListItem","position":2,"name":"Produkte","item":"https:\/\/multi-mam.com\/at\/produkte\/"},{"@type":"ListItem","position":3,"name":"Multi-Mam\u00ae Kompressen"}]},{"@type":"WebSite","@id":"https:\/\/multi-mam.com\/at\/#website","url":"https:\/\/multi-mam.com\/at\/","name":"Multi-Mam","description":"","publisher":{"@id":"https:\/\/multi-mam.com\/at\/#organization"},"potentialAction":[{"@type":"SearchAction","target":{"@type":"EntryPoint","urlTemplate":"https:\/\/multi-mam.com\/at\/?s={search_term_string}"},"query-input":{"@type":"PropertyValueSpecification","valueRequired":true,"valueName":"search_term_string"}}],"inLanguage":"de-AT"},{"@type":"Organization","@id":"https:\/\/multi-mam.com\/at\/#organization","name":"Multi-Mam","url":"https:\/\/multi-mam.com\/at\/","logo":{"@type":"ImageObject","inLanguage":"de-AT","@id":"https:\/\/multi-mam.com\/at\/#\/schema\/logo\/image\/","url":"https:\/\/multi-mam.com\/app\/uploads\/sites\/5\/2022\/06\/multi-mam-logotype.png","contentUrl":"https:\/\/multi-mam.com\/app\/uploads\/sites\/5\/2022\/06\/multi-mam-logotype.png","width":70,"height":96,"caption":"Multi-Mam"},"image":{"@id":"https:\/\/multi-mam.com\/at\/#\/schema\/logo\/image\/"}}]}},"_links":{"self":[{"href":"https:\/\/multi-mam.com\/at\/wp-json\/wp\/v2\/product\/68","targetHints":{"allow":["GET"]}}],"collection":[{"href":"https:\/\/multi-mam.com\/at\/wp-json\/wp\/v2\/product"}],"about":[{"href":"https:\/\/multi-mam.com\/at\/wp-json\/wp\/v2\/types\/product"}],"replies":[{"embeddable":true,"href":"https:\/\/multi-mam.com\/at\/wp-json\/wp\/v2\/comments?post=68"}],"version-history":[{"count":10,"href":"https:\/\/multi-mam.com\/at\/wp-json\/wp\/v2\/product\/68\/revisions"}],"predecessor-version":[{"id":212,"href":"https:\/\/multi-mam.com\/at\/wp-json\/wp\/v2\/product\/68\/revisions\/212"}],"wp:featuredmedia":[{"embeddable":true,"href":"https:\/\/multi-mam.com\/at\/wp-json\/wp\/v2\/media\/145"}],"wp:attachment":[{"href":"https:\/\/multi-mam.com\/at\/wp-json\/wp\/v2\/media?parent=68"}],"wp:term":[{"taxonomy":"product_brand","embeddable":true,"href":"https:\/\/multi-mam.com\/at\/wp-json\/wp\/v2\/product_brand?post=68"},{"taxonomy":"product_cat","embeddable":true,"href":"https:\/\/multi-mam.com\/at\/wp-json\/wp\/v2\/product_cat?post=68"},{"taxonomy":"product_tag","embeddable":true,"href":"https:\/\/multi-mam.com\/at\/wp-json\/wp\/v2\/product_tag?post=68"}],"curies":[{"name":"wp","href":"https:\/\/api.w.org\/{rel}","templated":true}]}}