{"id":139,"date":"2023-11-09T10:37:07","date_gmt":"2023-11-09T09:37:07","guid":{"rendered":"https:\/\/multi-mam.com\/at\/?post_type=product&#038;p=139"},"modified":"2025-09-25T15:06:26","modified_gmt":"2025-09-25T13:06:26","slug":"multi-mam-after-birth-spray","status":"publish","type":"product","link":"https:\/\/multi-mam.com\/at\/produkt\/multi-mam-after-birth-spray\/","title":{"rendered":"Multi-Mam\u00ae After-Birth Spray"},"content":{"rendered":"\n<div class=\"wp-block-karopharma-accordions is-style-secondary\"><div class=\"container\">\n<details class=\"wp-block-karopharma-accordion\"><summary><h2 class=\"accordion-title\">Wie kann ich das Multi-Mam After Birth Spray verwenden?<\/h2><\/summary><div class=\"accordion-content\">\n<p>Vor Gebrauch gut sch\u00fctteln. Spr\u00fchen Sie es direkt auf den Intimbereich, wenn Sie eine Linderung w\u00fcnschen. Kann auf N\u00e4hten und direkt nach der Geburt verwendet werden*.<br><br><sup>*Nur zur \u00e4u\u00dferlichen Anwendung. Nicht auf offene Wunden auftragen.<\/sup><\/p>\n<\/div><\/details>\n\n\n\n<details class=\"wp-block-karopharma-accordion\"><summary><h2 class=\"accordion-title\">Wie oft muss ich das Multi-Mam After Birth Spray anwenden?<\/h2><\/summary><div class=\"accordion-content\">\n<p>Das h\u00e4ngt von der Schwere Ihrer Beschwerden ab. Sie k\u00f6nnen das Multi-Mam Afterbirth Spray anwenden, wann immer Linderung gew\u00fcnscht ist. Sie k\u00f6nnen es bei jedem Toilettengang aufspr\u00fchen, um die Haut im Intimbereich zu sch\u00fctzen.<\/p>\n<\/div><\/details>\n\n\n\n<details class=\"wp-block-karopharma-accordion\"><summary><h2 class=\"accordion-title\">Kann ich Multi-Mam After Birth Spray auch auf einem Wochenbett Pad verwenden?<\/h2><\/summary><div class=\"accordion-content\">\n<p>Ja, Sie k\u00f6nnen das Multi-Mam Afterbirth Spray auf eine Einlage oder ein Taschentuch spr\u00fchen oder direkt auf die Haut spr\u00fchen, je nach pers\u00f6nlicher Vorliebe.<\/p>\n<\/div><\/details>\n<\/div><\/div>\n","protected":false},"excerpt":{"rendered":"<p>Beruhigende und wohltuende Sofortwirkung<\/p>\n","protected":false},"featured_media":140,"comment_status":"closed","ping_status":"closed","template":"","meta":{"_acf_changed":false,"footnotes":""},"product_brand":[],"product_cat":[],"product_tag":[],"class_list":{"0":"post-139","1":"product","2":"type-product","3":"status-publish","4":"has-post-thumbnail","7":"first","8":"instock","9":"shipping-taxable","10":"product-type-simple"},"acf":[],"yoast_head":"<!-- This site is optimized with the Yoast SEO plugin v26.6 - https:\/\/yoast.com\/wordpress\/plugins\/seo\/ -->\n<title>Multi-Mam\u00ae After-Birth Spray - Multi-Mam<\/title>\n<meta name=\"description\" content=\"Multi-Mam After Birth Spray unterst\u00fctzt die Regeneration des strapazierten Intimbereichs nach der Geburt. Nie liegen Schmerz und Gl\u00fcckseligsein so nah beinander wie bei der Geburt.\" \/>\n<meta name=\"robots\" content=\"index, follow, max-snippet:-1, max-image-preview:large, max-video-preview:-1\" \/>\n<link rel=\"canonical\" href=\"https:\/\/multi-mam.com\/at\/produkt\/multi-mam-after-birth-spray\/\" \/>\n<meta property=\"og:locale\" content=\"de_DE\" \/>\n<meta property=\"og:type\" content=\"article\" \/>\n<meta property=\"og:title\" content=\"Multi-Mam\u00ae After-Birth Spray - Multi-Mam\" \/>\n<meta property=\"og:description\" content=\"Multi-Mam After Birth Spray unterst\u00fctzt die Regeneration des strapazierten Intimbereichs nach der Geburt. Nie liegen Schmerz und Gl\u00fcckseligsein so nah beinander wie bei der Geburt.\" \/>\n<meta property=\"og:url\" content=\"https:\/\/multi-mam.com\/at\/produkt\/multi-mam-after-birth-spray\/\" \/>\n<meta property=\"og:site_name\" content=\"Multi-Mam\" \/>\n<meta property=\"article:modified_time\" content=\"2025-09-25T13:06:26+00:00\" \/>\n<meta property=\"og:image\" content=\"https:\/\/multi-mam.com\/app\/uploads\/sites\/5\/2023\/11\/MultiMam_AfterBirthSpray_Unpackaged_DEATCH_A01.png\" \/>\n\t<meta property=\"og:image:width\" content=\"1200\" \/>\n\t<meta property=\"og:image:height\" content=\"1200\" \/>\n\t<meta property=\"og:image:type\" content=\"image\/png\" \/>\n<meta name=\"twitter:card\" content=\"summary_large_image\" \/>\n<meta name=\"twitter:label1\" content=\"Gesch\u00e4tzte Lesezeit\" \/>\n\t<meta name=\"twitter:data1\" content=\"1 Minute\" \/>\n<script type=\"application\/ld+json\" class=\"yoast-schema-graph\">{\"@context\":\"https:\/\/schema.org\",\"@graph\":[{\"@type\":\"WebPage\",\"@id\":\"https:\/\/multi-mam.com\/at\/produkt\/multi-mam-after-birth-spray\/\",\"url\":\"https:\/\/multi-mam.com\/at\/produkt\/multi-mam-after-birth-spray\/\",\"name\":\"Multi-Mam\u00ae After-Birth Spray - Multi-Mam\",\"isPartOf\":{\"@id\":\"https:\/\/multi-mam.com\/at\/#website\"},\"primaryImageOfPage\":{\"@id\":\"https:\/\/multi-mam.com\/at\/produkt\/multi-mam-after-birth-spray\/#primaryimage\"},\"image\":{\"@id\":\"https:\/\/multi-mam.com\/at\/produkt\/multi-mam-after-birth-spray\/#primaryimage\"},\"thumbnailUrl\":\"https:\/\/multi-mam.com\/app\/uploads\/sites\/5\/2023\/11\/MultiMam_AfterBirthSpray_Unpackaged_DEATCH_A01.png\",\"datePublished\":\"2023-11-09T09:37:07+00:00\",\"dateModified\":\"2025-09-25T13:06:26+00:00\",\"description\":\"Multi-Mam After Birth Spray unterst\u00fctzt die Regeneration des strapazierten Intimbereichs nach der Geburt. Nie liegen Schmerz und Gl\u00fcckseligsein so nah beinander wie bei der Geburt.\",\"breadcrumb\":{\"@id\":\"https:\/\/multi-mam.com\/at\/produkt\/multi-mam-after-birth-spray\/#breadcrumb\"},\"inLanguage\":\"de-AT\",\"potentialAction\":[{\"@type\":\"ReadAction\",\"target\":[\"https:\/\/multi-mam.com\/at\/produkt\/multi-mam-after-birth-spray\/\"]}]},{\"@type\":\"ImageObject\",\"inLanguage\":\"de-AT\",\"@id\":\"https:\/\/multi-mam.com\/at\/produkt\/multi-mam-after-birth-spray\/#primaryimage\",\"url\":\"https:\/\/multi-mam.com\/app\/uploads\/sites\/5\/2023\/11\/MultiMam_AfterBirthSpray_Unpackaged_DEATCH_A01.png\",\"contentUrl\":\"https:\/\/multi-mam.com\/app\/uploads\/sites\/5\/2023\/11\/MultiMam_AfterBirthSpray_Unpackaged_DEATCH_A01.png\",\"width\":1200,\"height\":1200,\"caption\":\"Multi-Mam\u00ae After-Birth Spray\"},{\"@type\":\"BreadcrumbList\",\"@id\":\"https:\/\/multi-mam.com\/at\/produkt\/multi-mam-after-birth-spray\/#breadcrumb\",\"itemListElement\":[{\"@type\":\"ListItem\",\"position\":1,\"name\":\"Home\",\"item\":\"https:\/\/multi-mam.com\/at\/\"},{\"@type\":\"ListItem\",\"position\":2,\"name\":\"Produkte\",\"item\":\"https:\/\/multi-mam.com\/at\/produkte\/\"},{\"@type\":\"ListItem\",\"position\":3,\"name\":\"Multi-Mam\u00ae After-Birth Spray\"}]},{\"@type\":\"WebSite\",\"@id\":\"https:\/\/multi-mam.com\/at\/#website\",\"url\":\"https:\/\/multi-mam.com\/at\/\",\"name\":\"Multi-Mam\",\"description\":\"\",\"publisher\":{\"@id\":\"https:\/\/multi-mam.com\/at\/#organization\"},\"potentialAction\":[{\"@type\":\"SearchAction\",\"target\":{\"@type\":\"EntryPoint\",\"urlTemplate\":\"https:\/\/multi-mam.com\/at\/?s={search_term_string}\"},\"query-input\":{\"@type\":\"PropertyValueSpecification\",\"valueRequired\":true,\"valueName\":\"search_term_string\"}}],\"inLanguage\":\"de-AT\"},{\"@type\":\"Organization\",\"@id\":\"https:\/\/multi-mam.com\/at\/#organization\",\"name\":\"Multi-Mam\",\"url\":\"https:\/\/multi-mam.com\/at\/\",\"logo\":{\"@type\":\"ImageObject\",\"inLanguage\":\"de-AT\",\"@id\":\"https:\/\/multi-mam.com\/at\/#\/schema\/logo\/image\/\",\"url\":\"https:\/\/multi-mam.com\/app\/uploads\/sites\/5\/2022\/06\/multi-mam-logotype.png\",\"contentUrl\":\"https:\/\/multi-mam.com\/app\/uploads\/sites\/5\/2022\/06\/multi-mam-logotype.png\",\"width\":70,\"height\":96,\"caption\":\"Multi-Mam\"},\"image\":{\"@id\":\"https:\/\/multi-mam.com\/at\/#\/schema\/logo\/image\/\"}}]}<\/script>\n<!-- \/ Yoast SEO plugin. -->","yoast_head_json":{"title":"Multi-Mam\u00ae After-Birth Spray - Multi-Mam","description":"Multi-Mam After Birth Spray unterst\u00fctzt die Regeneration des strapazierten Intimbereichs nach der Geburt. Nie liegen Schmerz und Gl\u00fcckseligsein so nah beinander wie bei der Geburt.","robots":{"index":"index","follow":"follow","max-snippet":"max-snippet:-1","max-image-preview":"max-image-preview:large","max-video-preview":"max-video-preview:-1"},"canonical":"https:\/\/multi-mam.com\/at\/produkt\/multi-mam-after-birth-spray\/","og_locale":"de_DE","og_type":"article","og_title":"Multi-Mam\u00ae After-Birth Spray - Multi-Mam","og_description":"Multi-Mam After Birth Spray unterst\u00fctzt die Regeneration des strapazierten Intimbereichs nach der Geburt. Nie liegen Schmerz und Gl\u00fcckseligsein so nah beinander wie bei der Geburt.","og_url":"https:\/\/multi-mam.com\/at\/produkt\/multi-mam-after-birth-spray\/","og_site_name":"Multi-Mam","article_modified_time":"2025-09-25T13:06:26+00:00","og_image":[{"width":1200,"height":1200,"url":"https:\/\/multi-mam.com\/app\/uploads\/sites\/5\/2023\/11\/MultiMam_AfterBirthSpray_Unpackaged_DEATCH_A01.png","type":"image\/png"}],"twitter_card":"summary_large_image","twitter_misc":{"Gesch\u00e4tzte Lesezeit":"1 Minute"},"schema":{"@context":"https:\/\/schema.org","@graph":[{"@type":"WebPage","@id":"https:\/\/multi-mam.com\/at\/produkt\/multi-mam-after-birth-spray\/","url":"https:\/\/multi-mam.com\/at\/produkt\/multi-mam-after-birth-spray\/","name":"Multi-Mam\u00ae After-Birth Spray - Multi-Mam","isPartOf":{"@id":"https:\/\/multi-mam.com\/at\/#website"},"primaryImageOfPage":{"@id":"https:\/\/multi-mam.com\/at\/produkt\/multi-mam-after-birth-spray\/#primaryimage"},"image":{"@id":"https:\/\/multi-mam.com\/at\/produkt\/multi-mam-after-birth-spray\/#primaryimage"},"thumbnailUrl":"https:\/\/multi-mam.com\/app\/uploads\/sites\/5\/2023\/11\/MultiMam_AfterBirthSpray_Unpackaged_DEATCH_A01.png","datePublished":"2023-11-09T09:37:07+00:00","dateModified":"2025-09-25T13:06:26+00:00","description":"Multi-Mam After Birth Spray unterst\u00fctzt die Regeneration des strapazierten Intimbereichs nach der Geburt. Nie liegen Schmerz und Gl\u00fcckseligsein so nah beinander wie bei der Geburt.","breadcrumb":{"@id":"https:\/\/multi-mam.com\/at\/produkt\/multi-mam-after-birth-spray\/#breadcrumb"},"inLanguage":"de-AT","potentialAction":[{"@type":"ReadAction","target":["https:\/\/multi-mam.com\/at\/produkt\/multi-mam-after-birth-spray\/"]}]},{"@type":"ImageObject","inLanguage":"de-AT","@id":"https:\/\/multi-mam.com\/at\/produkt\/multi-mam-after-birth-spray\/#primaryimage","url":"https:\/\/multi-mam.com\/app\/uploads\/sites\/5\/2023\/11\/MultiMam_AfterBirthSpray_Unpackaged_DEATCH_A01.png","contentUrl":"https:\/\/multi-mam.com\/app\/uploads\/sites\/5\/2023\/11\/MultiMam_AfterBirthSpray_Unpackaged_DEATCH_A01.png","width":1200,"height":1200,"caption":"Multi-Mam\u00ae After-Birth Spray"},{"@type":"BreadcrumbList","@id":"https:\/\/multi-mam.com\/at\/produkt\/multi-mam-after-birth-spray\/#breadcrumb","itemListElement":[{"@type":"ListItem","position":1,"name":"Home","item":"https:\/\/multi-mam.com\/at\/"},{"@type":"ListItem","position":2,"name":"Produkte","item":"https:\/\/multi-mam.com\/at\/produkte\/"},{"@type":"ListItem","position":3,"name":"Multi-Mam\u00ae After-Birth Spray"}]},{"@type":"WebSite","@id":"https:\/\/multi-mam.com\/at\/#website","url":"https:\/\/multi-mam.com\/at\/","name":"Multi-Mam","description":"","publisher":{"@id":"https:\/\/multi-mam.com\/at\/#organization"},"potentialAction":[{"@type":"SearchAction","target":{"@type":"EntryPoint","urlTemplate":"https:\/\/multi-mam.com\/at\/?s={search_term_string}"},"query-input":{"@type":"PropertyValueSpecification","valueRequired":true,"valueName":"search_term_string"}}],"inLanguage":"de-AT"},{"@type":"Organization","@id":"https:\/\/multi-mam.com\/at\/#organization","name":"Multi-Mam","url":"https:\/\/multi-mam.com\/at\/","logo":{"@type":"ImageObject","inLanguage":"de-AT","@id":"https:\/\/multi-mam.com\/at\/#\/schema\/logo\/image\/","url":"https:\/\/multi-mam.com\/app\/uploads\/sites\/5\/2022\/06\/multi-mam-logotype.png","contentUrl":"https:\/\/multi-mam.com\/app\/uploads\/sites\/5\/2022\/06\/multi-mam-logotype.png","width":70,"height":96,"caption":"Multi-Mam"},"image":{"@id":"https:\/\/multi-mam.com\/at\/#\/schema\/logo\/image\/"}}]}},"_links":{"self":[{"href":"https:\/\/multi-mam.com\/at\/wp-json\/wp\/v2\/product\/139","targetHints":{"allow":["GET"]}}],"collection":[{"href":"https:\/\/multi-mam.com\/at\/wp-json\/wp\/v2\/product"}],"about":[{"href":"https:\/\/multi-mam.com\/at\/wp-json\/wp\/v2\/types\/product"}],"replies":[{"embeddable":true,"href":"https:\/\/multi-mam.com\/at\/wp-json\/wp\/v2\/comments?post=139"}],"version-history":[{"count":4,"href":"https:\/\/multi-mam.com\/at\/wp-json\/wp\/v2\/product\/139\/revisions"}],"predecessor-version":[{"id":151,"href":"https:\/\/multi-mam.com\/at\/wp-json\/wp\/v2\/product\/139\/revisions\/151"}],"wp:featuredmedia":[{"embeddable":true,"href":"https:\/\/multi-mam.com\/at\/wp-json\/wp\/v2\/media\/140"}],"wp:attachment":[{"href":"https:\/\/multi-mam.com\/at\/wp-json\/wp\/v2\/media?parent=139"}],"wp:term":[{"taxonomy":"product_brand","embeddable":true,"href":"https:\/\/multi-mam.com\/at\/wp-json\/wp\/v2\/product_brand?post=139"},{"taxonomy":"product_cat","embeddable":true,"href":"https:\/\/multi-mam.com\/at\/wp-json\/wp\/v2\/product_cat?post=139"},{"taxonomy":"product_tag","embeddable":true,"href":"https:\/\/multi-mam.com\/at\/wp-json\/wp\/v2\/product_tag?post=139"}],"curies":[{"name":"wp","href":"https:\/\/api.w.org\/{rel}","templated":true}]}}