{"id":35,"date":"2022-06-21T11:17:52","date_gmt":"2022-06-21T09:17:52","guid":{"rendered":"https:\/\/multi-mam.com\/at\/?page_id=35"},"modified":"2025-09-25T15:06:56","modified_gmt":"2025-09-25T13:06:56","slug":"faq","status":"publish","type":"page","link":"https:\/\/multi-mam.com\/at\/faq\/","title":{"rendered":"FAQ"},"content":{"rendered":"\n<div class=\"wp-block-karopharma-background-image-with-text-v2 background-image-with-text-v2 undefined content-position-center fixed-height-layout\" datatest=\"root\"><div class=\"background-image-with-text-wrapper\"><picture class=\"background-image-with-text-image\"><source media=\"(max-width: 560px)\" srcset=\"https:\/\/multi-mam.com\/cdn-cgi\/image\/format=auto,width=560\/app\/uploads\/sites\/5\/2022\/06\/faq.jpeg\"\/><source media=\"(max-width: 800px)\" srcset=\"https:\/\/multi-mam.com\/cdn-cgi\/image\/format=auto,width=800\/app\/uploads\/sites\/5\/2022\/06\/faq.jpeg\"\/><source media=\"(max-width: 1920px)\" srcset=\"https:\/\/multi-mam.com\/cdn-cgi\/image\/format=auto,width=1920\/app\/uploads\/sites\/5\/2022\/06\/faq.jpeg\"\/><img decoding=\"async\" width=\"1400\" height=\"933\" datatest=\"background-image\" loading=\"lazy\" class=\"object-center object-cover\" src=\"https:\/\/multi-mam.com\/cdn-cgi\/image\/format=auto\/app\/uploads\/sites\/5\/2022\/06\/faq.jpeg\" alt=\"faq\"\/><\/picture><div datatest=\"content-wrapper\" class=\"background-image-with-text-content-wrapper container max-w-medium text-alignment-center  pt-large pb-large\"><div class=\"content\"><h1 datatest=\"heading\" class=\"\">FAQ<\/h1>\n<div class=\"wp-block-buttons is-layout-flex wp-block-buttons-is-layout-flex\"><\/div>\n<\/div><\/div><\/div><\/div>\n\n\n\n<div class=\"wp-block-karopharma-accordions\"><div class=\"container\">\n<details class=\"wp-block-karopharma-accordion\"><summary><h2 class=\"accordion-title\">Warum ist Stillen so wichtig f\u00fcr mein Baby?<\/h2><\/summary><div class=\"accordion-content\">\n<p>Es gibt viele Vorteile des Stillens. Im Gro\u00dfen und Ganzen ist das Stillen sicher und leicht verf\u00fcgbar. Muttermilch hat immer die richtige Temperatur und \u00fcberschreitet nie das Verfallsdatum. Dar\u00fcber hinaus st\u00e4rkt es die Bindung zwischen Mutter und Kind. Es gibt sowohl f\u00fcr die Mutter als auch f\u00fcr das Kind viele gesundheitliche Vorteile.<\/p>\n<\/div><\/details>\n\n\n\n<details class=\"wp-block-karopharma-accordion\"><summary><h2 class=\"accordion-title\">Was sind die Vorteile des Stillens f\u00fcr mein Baby?<\/h2><\/summary><div class=\"accordion-content\">\n<p>Muttermilch ist die beste Babynahrung, die es gibt; ihre Zusammensetzung ist genau auf die Bed\u00fcrfnisse des Babys abgestimmt. Kinder, die gestillt wurden, leiden seltener an allergischen Erkrankungen. Dies gilt insbesondere f\u00fcr Kinder, die in den ersten sechs Monaten gestillt wurden. Kinder, die gestillt wurden, leiden seltener an chronischen Krankheiten wie Diabetes und Krebs im Jugendalter sowie an Autoimmunerkrankungen (wie Multiple Sklerose und Morbus Crohn). Das Glycerin in der Muttermilch spielt eine wichtige Rolle bei der Reifung und Entwicklung des Gehirns des Babys. Es gibt Hinweise darauf, dass Stillen auch das Risiko von SIDS (pl\u00f6tzlicher Kindstod) reduziert.<\/p>\n<\/div><\/details>\n\n\n\n<details class=\"wp-block-karopharma-accordion\"><summary><h2 class=\"accordion-title\">Was sind die Vorteile des Stillens f\u00fcr die Mutter?<\/h2><\/summary><div class=\"accordion-content\">\n<p>Der K\u00f6rper der Mutter erholt sich durch das Stillen schnell; die Geb\u00e4rmutter zieht sich durch das Saugen an der Brust schnell zusammen. Stillen verringert das Risiko von Krankheiten wie Brustkrebs, Eierstockkrebs und Osteoporose sowie die Entwicklung eines Diabetes Typ 2.<\/p>\n<\/div><\/details>\n\n\n\n<details class=\"wp-block-karopharma-accordion\"><summary><h2 class=\"accordion-title\">Was ist Kolostrum? Wie profitiert mein Baby davon?<\/h2><\/summary><div class=\"accordion-content\">\n<p>Ihre Br\u00fcste produzieren w\u00e4hrend der Schwangerschaft und bis zu den ersten Tagen des Stillens Kolostrum. Diese spezielle Milch kann eine gelbe bis orange Farbe haben und ist dick und klebrig. Sie ist fettarm und enth\u00e4lt viele Kohlenhydrate, Proteine und Antik\u00f6rper, die Ihrem Baby helfen, gesund zu bleiben und ein besseres Immunsystem aufzubauen. Kolostrum ist leicht verdaulich und daher die perfekte erste Nahrung f\u00fcr Ihr Baby. Es liegt nur in geringer Menge vor (eher in Teel\u00f6ffeln als in Unzen messbar), weist aber einen hohen Gehalt an konzentrierten N\u00e4hrstoffen f\u00fcr das Neugeborene auf. Kolostrum hat eine abf\u00fchrende Wirkung auf das Baby und hilft ihm so beim anf\u00e4nglichen Stuhlgang.<\/p>\n<\/div><\/details>\n\n\n\n<details class=\"wp-block-karopharma-accordion\"><summary><h2 class=\"accordion-title\">Das Stillen meines Babys ist aufgrund von Schmerzen in den Brustwarzen sehr schwierig. Ich kann das Stillen nicht genie\u00dfen. Was kann ich tun, um das Problem zu l\u00f6sen?<\/h2><\/summary><div class=\"accordion-content\">\n<p>Richtiges Anlegen des Babys vor dem Stillen kann viele Schmerzen verhindern. Wenn das Baby nicht richtig angelegt wird, saugt es nur an der Brustwarze. Infolgedessen reibt die Brustwarze am vorderen Gaumen des Babys, was zu Verletzungen und Schmerzen f\u00fchrt. Beim richtigen Anlegen wird neben der Brustwarze ein Gro\u00dfteil des Brustwarzenvorhofs erfasst. Ein Wechsel der Stillposition kann ggf. die gereizte Brustwarze entlasten.<\/p>\n\n\n\n<p>Neben dem richtigen Anlegen des Babys ist es wichtig, den nat\u00fcrliche Feuchtigkeitsgehalt Ihrer Haut zu bewahren. Multi-Mam Balsam und Lanolin halten die Brustwarzen weich, geschmeidig und gesund und helfen, das nat\u00fcrliche Hautfett zu ersetzen und zu erg\u00e4nzen, das beim Stillen entzogen wurde. Bei wunden und rissigen Brustwarzen bieten Multi-Mam Kompressen eine L\u00f6sung, da sie eine weiche, sch\u00fctzende H\u00fclle f\u00fcr die Brustwarze bilden und so f\u00fcr ein ideales Klima zur Unterst\u00fctzung des Heilungsprozesses schaffen.<\/p>\n<\/div><\/details>\n\n\n\n<details class=\"wp-block-karopharma-accordion\"><summary><h2 class=\"accordion-title\">Ich leide st\u00e4ndig an rissigen Brustwarzen, was sehr schmerzhaft ist. Was kann ich dagegen tun?<\/h2><\/summary><div class=\"accordion-content\">\n<p>Die beste L\u00f6sung ist die Verwendung einer Salbe oder Creme, die das Hautgewebe weicher macht und hilft das nat\u00fcrliche Hautfett zu ersetzen oder zu erg\u00e4nzen, das beim Stillen entzogen wird. Mutli-Mam Lanolin besteht aus 100 % hochreinem Wollwachs. Lanolin bew\u00e4hrt sich seit vielen Jahren in der Brustwarzenpflege stillender M\u00fctter. Eine Alternative ist Multi-Mam Balsam \u2013 ein Balsam, die das Hautgewebe st\u00e4rkt und es in Schuss h\u00e4lt. Der Balsam basiert auf pflanzlichen Inhaltsstoffen. Beide Produkte sind v\u00f6llig unbedenklich und ist daher nicht notwendig, diese vor dem Stillen zu entfernen. So ist auch w\u00e4hrend des Stillens ein optimaler Schutz gew\u00e4hrleistet. Multi-Mam Balsam und Multi-Mam Lanolin halten das Hautgewebe gesund und stark.<\/p>\n<\/div><\/details>\n\n\n\n<details class=\"wp-block-karopharma-accordion\"><summary><h2 class=\"accordion-title\">Meine Brustwarzen sind durch das Stillen stark gesch\u00e4digt. Ich denke dar\u00fcber nach, mit dem Stillen aufzuh\u00f6ren. Haben Sie eine L\u00f6sung, die es mir erm\u00f6glicht, weiter zu stillen?<\/h2><\/summary><div class=\"accordion-content\">\n<p>Multi-Mam Kompressen wurden speziell f\u00fcr die intensive Pflege und Behandlung der Brustwarzen stillender M\u00fctter entwickelt. Multi-Mam Kompressen haben eine schnell k\u00fchlende und beruhigende Wirkung auf schmerzende Brustwarzen, verbessern den Gewebezustand der Brustwarzenhaut und reduzieren Schwellungen. Jede Kompresse ist mit einem patentierten Gel getr\u00e4nkt, das auf dem nat\u00fcrlichen 2QR-Komplex basiert. Diese nat\u00fcrliche, aus dem Blattextrakt der Aloe Barbadensis Miller gewonnene Substanz hat die Eigenschaft, den Kontakt sch\u00e4dlicher Bakterien mit dem Gewebe zu verhindern, indem es sich als Schutz \u00fcber die Haut legt. Die Multi-Mam Kompressen bilden dabei einen weichen und angenehmen Schutz der Brustwarze und schaffen ein optimales Klima zur Unterst\u00fctzung des nat\u00fcrlichen Heilungsprozesses. Die Kompressen sind einfach in der Anwendung und leicht zu tragen. Das Gel hinterl\u00e4sst einen neutralen Geschmack und Duft an der Brustwarze. Dar\u00fcber hinaus enth\u00e4lt das Gel keine, Hormone, Parf\u00fcm, Duftstoffe oder tierische Bestandteile. Das Gel ist bei Verschlucken unbedenklich und muss daher vor dem Stillen nicht entfernt werden. Bei den Multi-Mam Kompressen handelt es sich um ein freiverk\u00e4ufliches Medizinprodukt erh\u00e4ltlich in Apotheken und gut sortierten Drogeriem\u00e4rkten.<\/p>\n<\/div><\/details>\n\n\n\n<details class=\"wp-block-karopharma-accordion\"><summary><h2 class=\"accordion-title\">Was sind die Ursachen von Brustwarzenproblemen?<\/h2><\/summary><div class=\"accordion-content\">\n<p>Nicht richtiges Anlegen des Babys und falsches erfassen der Brustwarze k\u00f6nnen Brustwarzenprobleme verursachen. Die Verwendung von Produkten, die den nat\u00fcrlichen Schutz der Haut vermindern (z. B. Seife und Shampoo), tragen ebenfalls zur Entstehung von rissigen Brustwarzen und Spalten bei, da sie die Haut trocken und anf\u00e4llig werden lassen. Und schlie\u00dflich sind auch Hefepilzinfektionen, Ekzeme oder eine Neigung zu trockener Haut m\u00f6gliche Ursachen f\u00fcr Brustwarzenprobleme.<\/p>\n<\/div><\/details>\n\n\n\n<details class=\"wp-block-karopharma-accordion\"><summary><h2 class=\"accordion-title\">Warum ist es f\u00fcr stillende M\u00fctter ratsam, ihre Br\u00fcste nicht mit Seife zu waschen?<\/h2><\/summary><div class=\"accordion-content\">\n<p>Seife entfernt das nat\u00fcrliche Hautfett, was zu einem Ungleichgewicht im nat\u00fcrlichen Feuchtigkeitsgehalt der Brustwarzenhaut f\u00fchrt. Dies f\u00fchrt zu einer trockenen Haut, die anf\u00e4llig f\u00fcr die Entstehung von rissigen Brustwarzen und Rhagaden ist. Au\u00dferdem beeinflusst es den S\u00e4uregehalt der Haut und schafft so einen N\u00e4hrboden f\u00fcr Krankheitserreger. Daher ist es ratsam, dass M\u00fctter ihre Br\u00fcste mit klarem Wasser waschen oder mit einem seifenfreien Mikroschaum, wie z. B. Multi-Gyn FemiWash.<\/p>\n<\/div><\/details>\n\n\n\n<details class=\"wp-block-karopharma-accordion\"><summary><h2 class=\"accordion-title\">Ist es ratsam, die Brustwarze nach dem Stillen zu f\u00f6hnen?<\/h2><\/summary><div class=\"accordion-content\">\n<p>Der Rat, die Brustwarzen unmittelbar nach dem Stillen zu f\u00f6hnen, ist falsch; trockene Haut wird leichter rissig. Au\u00dferdem ist es nicht gut, wenn verletzte Brustwarzen (warmer) Luft ausgesetzt werden. Dies f\u00fchrt zu Austrocknung und Krustenbildung und es verlangsamt den Heilungsprozess. Besser ist es nach jedem Stillen die Brustwarzen mit einer speziellen Brustwarzenpflege zu versorgen, wie z. B. Multi-Mam Balsam oder Multi-Mam Lanolin. Beide Produkte k\u00f6nnen nach Bedarf angewendet werden. Sie sind unbedenklich f\u00fcr das Baby und m\u00fcssen vor dem Stillen nicht entfernt werden.<\/p>\n<\/div><\/details>\n<\/div><\/div>\n","protected":false},"excerpt":{"rendered":"","protected":false},"author":2,"featured_media":0,"parent":0,"menu_order":0,"comment_status":"closed","ping_status":"closed","template":"","meta":{"_acf_changed":false,"footnotes":""},"from-article-database":[],"class_list":["post-35","page","type-page","status-publish","hentry"],"acf":[],"yoast_head":"<!-- This site is optimized with the Yoast SEO plugin v26.6 - https:\/\/yoast.com\/wordpress\/plugins\/seo\/ -->\n<title>FAQ - Multi-Mam<\/title>\n<meta name=\"description\" content=\"Warum ist Stillen so wichtig f\u00fcr mein Baby? Was sind die Vorteile des Stillens f\u00fcr mein Baby? Was sind die Vorteile des Stillens f\u00fcr die Mutter?\" \/>\n<meta name=\"robots\" content=\"index, follow, max-snippet:-1, max-image-preview:large, max-video-preview:-1\" \/>\n<link rel=\"canonical\" href=\"https:\/\/multi-mam.com\/at\/faq\/\" \/>\n<meta property=\"og:locale\" content=\"de_DE\" \/>\n<meta property=\"og:type\" content=\"article\" \/>\n<meta property=\"og:title\" content=\"FAQ - Multi-Mam\" \/>\n<meta property=\"og:description\" content=\"Warum ist Stillen so wichtig f\u00fcr mein Baby? Was sind die Vorteile des Stillens f\u00fcr mein Baby? Was sind die Vorteile des Stillens f\u00fcr die Mutter?\" \/>\n<meta property=\"og:url\" content=\"https:\/\/multi-mam.com\/at\/faq\/\" \/>\n<meta property=\"og:site_name\" content=\"Multi-Mam\" \/>\n<meta property=\"article:modified_time\" content=\"2025-09-25T13:06:56+00:00\" \/>\n<meta property=\"og:image\" content=\"https:\/\/multi-mam.com\/cdn-cgi\/image\/format=auto\/app\/uploads\/sites\/5\/2022\/06\/faq.jpeg\" \/>\n<meta name=\"twitter:card\" content=\"summary_large_image\" \/>\n<meta name=\"twitter:label1\" content=\"Gesch\u00e4tzte Lesezeit\" \/>\n\t<meta name=\"twitter:data1\" content=\"7 Minuten\" \/>\n<script type=\"application\/ld+json\" class=\"yoast-schema-graph\">{\"@context\":\"https:\/\/schema.org\",\"@graph\":[{\"@type\":\"WebPage\",\"@id\":\"https:\/\/multi-mam.com\/at\/faq\/\",\"url\":\"https:\/\/multi-mam.com\/at\/faq\/\",\"name\":\"FAQ - Multi-Mam\",\"isPartOf\":{\"@id\":\"https:\/\/multi-mam.com\/at\/#website\"},\"primaryImageOfPage\":{\"@id\":\"https:\/\/multi-mam.com\/at\/faq\/#primaryimage\"},\"image\":{\"@id\":\"https:\/\/multi-mam.com\/at\/faq\/#primaryimage\"},\"thumbnailUrl\":\"https:\/\/multi-mam.com\/cdn-cgi\/image\/format=auto\/app\/uploads\/sites\/5\/2022\/06\/faq.jpeg\",\"datePublished\":\"2022-06-21T09:17:52+00:00\",\"dateModified\":\"2025-09-25T13:06:56+00:00\",\"description\":\"Warum ist Stillen so wichtig f\u00fcr mein Baby? Was sind die Vorteile des Stillens f\u00fcr mein Baby? Was sind die Vorteile des Stillens f\u00fcr die Mutter?\",\"breadcrumb\":{\"@id\":\"https:\/\/multi-mam.com\/at\/faq\/#breadcrumb\"},\"inLanguage\":\"de-AT\",\"potentialAction\":[{\"@type\":\"ReadAction\",\"target\":[\"https:\/\/multi-mam.com\/at\/faq\/\"]}]},{\"@type\":\"ImageObject\",\"inLanguage\":\"de-AT\",\"@id\":\"https:\/\/multi-mam.com\/at\/faq\/#primaryimage\",\"url\":\"https:\/\/multi-mam.com\/cdn-cgi\/image\/format=auto\/app\/uploads\/sites\/5\/2022\/06\/faq.jpeg\",\"contentUrl\":\"https:\/\/multi-mam.com\/cdn-cgi\/image\/format=auto\/app\/uploads\/sites\/5\/2022\/06\/faq.jpeg\"},{\"@type\":\"BreadcrumbList\",\"@id\":\"https:\/\/multi-mam.com\/at\/faq\/#breadcrumb\",\"itemListElement\":[{\"@type\":\"ListItem\",\"position\":1,\"name\":\"Home\",\"item\":\"https:\/\/multi-mam.com\/at\/\"},{\"@type\":\"ListItem\",\"position\":2,\"name\":\"FAQ\"}]},{\"@type\":\"WebSite\",\"@id\":\"https:\/\/multi-mam.com\/at\/#website\",\"url\":\"https:\/\/multi-mam.com\/at\/\",\"name\":\"Multi-Mam\",\"description\":\"\",\"publisher\":{\"@id\":\"https:\/\/multi-mam.com\/at\/#organization\"},\"potentialAction\":[{\"@type\":\"SearchAction\",\"target\":{\"@type\":\"EntryPoint\",\"urlTemplate\":\"https:\/\/multi-mam.com\/at\/?s={search_term_string}\"},\"query-input\":{\"@type\":\"PropertyValueSpecification\",\"valueRequired\":true,\"valueName\":\"search_term_string\"}}],\"inLanguage\":\"de-AT\"},{\"@type\":\"Organization\",\"@id\":\"https:\/\/multi-mam.com\/at\/#organization\",\"name\":\"Multi-Mam\",\"url\":\"https:\/\/multi-mam.com\/at\/\",\"logo\":{\"@type\":\"ImageObject\",\"inLanguage\":\"de-AT\",\"@id\":\"https:\/\/multi-mam.com\/at\/#\/schema\/logo\/image\/\",\"url\":\"https:\/\/multi-mam.com\/app\/uploads\/sites\/5\/2022\/06\/multi-mam-logotype.png\",\"contentUrl\":\"https:\/\/multi-mam.com\/app\/uploads\/sites\/5\/2022\/06\/multi-mam-logotype.png\",\"width\":70,\"height\":96,\"caption\":\"Multi-Mam\"},\"image\":{\"@id\":\"https:\/\/multi-mam.com\/at\/#\/schema\/logo\/image\/\"}}]}<\/script>\n<!-- \/ Yoast SEO plugin. -->","yoast_head_json":{"title":"FAQ - Multi-Mam","description":"Warum ist Stillen so wichtig f\u00fcr mein Baby? Was sind die Vorteile des Stillens f\u00fcr mein Baby? Was sind die Vorteile des Stillens f\u00fcr die Mutter?","robots":{"index":"index","follow":"follow","max-snippet":"max-snippet:-1","max-image-preview":"max-image-preview:large","max-video-preview":"max-video-preview:-1"},"canonical":"https:\/\/multi-mam.com\/at\/faq\/","og_locale":"de_DE","og_type":"article","og_title":"FAQ - Multi-Mam","og_description":"Warum ist Stillen so wichtig f\u00fcr mein Baby? Was sind die Vorteile des Stillens f\u00fcr mein Baby? Was sind die Vorteile des Stillens f\u00fcr die Mutter?","og_url":"https:\/\/multi-mam.com\/at\/faq\/","og_site_name":"Multi-Mam","article_modified_time":"2025-09-25T13:06:56+00:00","og_image":[{"url":"https:\/\/multi-mam.com\/cdn-cgi\/image\/format=auto\/app\/uploads\/sites\/5\/2022\/06\/faq.jpeg","type":"","width":"","height":""}],"twitter_card":"summary_large_image","twitter_misc":{"Gesch\u00e4tzte Lesezeit":"7 Minuten"},"schema":{"@context":"https:\/\/schema.org","@graph":[{"@type":"WebPage","@id":"https:\/\/multi-mam.com\/at\/faq\/","url":"https:\/\/multi-mam.com\/at\/faq\/","name":"FAQ - Multi-Mam","isPartOf":{"@id":"https:\/\/multi-mam.com\/at\/#website"},"primaryImageOfPage":{"@id":"https:\/\/multi-mam.com\/at\/faq\/#primaryimage"},"image":{"@id":"https:\/\/multi-mam.com\/at\/faq\/#primaryimage"},"thumbnailUrl":"https:\/\/multi-mam.com\/cdn-cgi\/image\/format=auto\/app\/uploads\/sites\/5\/2022\/06\/faq.jpeg","datePublished":"2022-06-21T09:17:52+00:00","dateModified":"2025-09-25T13:06:56+00:00","description":"Warum ist Stillen so wichtig f\u00fcr mein Baby? Was sind die Vorteile des Stillens f\u00fcr mein Baby? Was sind die Vorteile des Stillens f\u00fcr die Mutter?","breadcrumb":{"@id":"https:\/\/multi-mam.com\/at\/faq\/#breadcrumb"},"inLanguage":"de-AT","potentialAction":[{"@type":"ReadAction","target":["https:\/\/multi-mam.com\/at\/faq\/"]}]},{"@type":"ImageObject","inLanguage":"de-AT","@id":"https:\/\/multi-mam.com\/at\/faq\/#primaryimage","url":"https:\/\/multi-mam.com\/cdn-cgi\/image\/format=auto\/app\/uploads\/sites\/5\/2022\/06\/faq.jpeg","contentUrl":"https:\/\/multi-mam.com\/cdn-cgi\/image\/format=auto\/app\/uploads\/sites\/5\/2022\/06\/faq.jpeg"},{"@type":"BreadcrumbList","@id":"https:\/\/multi-mam.com\/at\/faq\/#breadcrumb","itemListElement":[{"@type":"ListItem","position":1,"name":"Home","item":"https:\/\/multi-mam.com\/at\/"},{"@type":"ListItem","position":2,"name":"FAQ"}]},{"@type":"WebSite","@id":"https:\/\/multi-mam.com\/at\/#website","url":"https:\/\/multi-mam.com\/at\/","name":"Multi-Mam","description":"","publisher":{"@id":"https:\/\/multi-mam.com\/at\/#organization"},"potentialAction":[{"@type":"SearchAction","target":{"@type":"EntryPoint","urlTemplate":"https:\/\/multi-mam.com\/at\/?s={search_term_string}"},"query-input":{"@type":"PropertyValueSpecification","valueRequired":true,"valueName":"search_term_string"}}],"inLanguage":"de-AT"},{"@type":"Organization","@id":"https:\/\/multi-mam.com\/at\/#organization","name":"Multi-Mam","url":"https:\/\/multi-mam.com\/at\/","logo":{"@type":"ImageObject","inLanguage":"de-AT","@id":"https:\/\/multi-mam.com\/at\/#\/schema\/logo\/image\/","url":"https:\/\/multi-mam.com\/app\/uploads\/sites\/5\/2022\/06\/multi-mam-logotype.png","contentUrl":"https:\/\/multi-mam.com\/app\/uploads\/sites\/5\/2022\/06\/multi-mam-logotype.png","width":70,"height":96,"caption":"Multi-Mam"},"image":{"@id":"https:\/\/multi-mam.com\/at\/#\/schema\/logo\/image\/"}}]}},"_links":{"self":[{"href":"https:\/\/multi-mam.com\/at\/wp-json\/wp\/v2\/pages\/35","targetHints":{"allow":["GET"]}}],"collection":[{"href":"https:\/\/multi-mam.com\/at\/wp-json\/wp\/v2\/pages"}],"about":[{"href":"https:\/\/multi-mam.com\/at\/wp-json\/wp\/v2\/types\/page"}],"author":[{"embeddable":true,"href":"https:\/\/multi-mam.com\/at\/wp-json\/wp\/v2\/users\/2"}],"replies":[{"embeddable":true,"href":"https:\/\/multi-mam.com\/at\/wp-json\/wp\/v2\/comments?post=35"}],"version-history":[{"count":2,"href":"https:\/\/multi-mam.com\/at\/wp-json\/wp\/v2\/pages\/35\/revisions"}],"predecessor-version":[{"id":50,"href":"https:\/\/multi-mam.com\/at\/wp-json\/wp\/v2\/pages\/35\/revisions\/50"}],"wp:attachment":[{"href":"https:\/\/multi-mam.com\/at\/wp-json\/wp\/v2\/media?parent=35"}],"wp:term":[{"taxonomy":"from-article-database","embeddable":true,"href":"https:\/\/multi-mam.com\/at\/wp-json\/wp\/v2\/from-article-database?post=35"}],"curies":[{"name":"wp","href":"https:\/\/api.w.org\/{rel}","templated":true}]}}